{"id":2440,"date":"2019-09-25T10:37:15","date_gmt":"2019-09-25T08:37:15","guid":{"rendered":"https:\/\/www.faymasa.com\/information-sur-la-protection-des-donnees\/"},"modified":"2019-09-25T10:37:16","modified_gmt":"2019-09-25T08:37:16","slug":"information-sur-la-protection-des-donnees","status":"publish","type":"page","link":"https:\/\/www.faymasa.com\/fr\/information-sur-la-protection-des-donnees\/","title":{"rendered":"Information sur la protection des donn\u00e9es"},"content":{"rendered":"<div class=\"fusion-fullwidth fullwidth-box fusion-builder-row-1 nonhundred-percent-fullwidth non-hundred-percent-height-scrolling\" style=\"--awb-border-radius-top-left:0px;--awb-border-radius-top-right:0px;--awb-border-radius-bottom-right:0px;--awb-border-radius-bottom-left:0px;--awb-flex-wrap:wrap;\" ><div class=\"fusion-builder-row fusion-row\"><div class=\"fusion-layout-column fusion_builder_column fusion-builder-column-0 fusion_builder_column_1_1 1_1 fusion-one-full fusion-column-first fusion-column-last\" style=\"--awb-bg-size:cover;\"><div class=\"fusion-column-wrapper fusion-flex-column-wrapper-legacy\"><div class=\"fusion-text fusion-text-1\"><p>Les donn\u00e9es \u00e0 caract\u00e8re personnel recueillis dans un Curr\u00edculum Vitae que vous nous envoyez, ou, le cas \u00e9ch\u00e9ant, obtenus lors d\u2019un processus de s\u00e9lection auquel vous seriez convoqu\u00e9 seront trait\u00e9es dans les termes suivants:<\/p>\n<ol style=\"text-align: justify;\">\n<li><strong>Identification et donn\u00e9es de contact du Responsable du Traitement.<\/strong><\/li>\n<\/ol>\n<p>Le Responsable du Traitement de telles donn\u00e9es est\u00a0:<\/p>\n<p><em><strong>Identit\u00e9 :<\/strong><\/em><em> FABRICACI\u00d3N Y MANTENIMIENTO, S.A.U. (FAYMASA)<\/em><\/p>\n<p><em><strong>Num\u00e9ro de SIRET :<\/strong><\/em> <em>A34101212<\/em><\/p>\n<p><em><strong>Adresse Postale\u00a0:<\/strong><\/em> <em>C\/ Francia, n\u00ba 2, P 68 \u2013 69, P.I. Villalob\u00f3n \u2013 34004 Palencia<\/em><\/p>\n<p><em><strong>T\u00e9l\u00e9phone :<\/strong><\/em><em> (+34) 979 711 714<\/em><\/p>\n<p><em><strong>Courriel: <\/strong><\/em><a href=\"mailto:info@faymasa.com\"><em>info@faymasa.com<\/em><\/a><\/p>\n<p><em><strong>Contact DPD : <\/strong><\/em><a href=\"mailto:datos@faymasa.com\"><em>datos@faymasa.com<\/em><\/a><\/p>\n<ol style=\"text-align: justify;\" start=\"2\">\n<li><strong>Finalit\u00e9s du traitement.<\/strong><\/li>\n<\/ol>\n<p><strong>Nous traiterons vos donn\u00e9es dans le but de g\u00e9rer les processus de <\/strong>s\u00e9lection du personnel de FAYMASA et des entreprises du<a href=\"https:\/\/www.faymasa.com\/fr\/liens\/\"> Groupe MECAMEPAL<\/a>, auquel appartient FAYMASA, d\u00e9di\u00e9es aux secteurs de la sid\u00e9rurgie, \u00e0 la prestation de services de formation et administratifs, dont les noms et adresses figurent dans l\u2019url: <a href=\"https:\/\/www.faymasa.com\/fr\/nous-connaitre\/\"><strong>www.faymasa.com\/conocenos<\/strong><\/a>\u00a0et\u00a0<a href=\"https:\/\/www.faymasa.com\/fr\/liens\/\"><strong>www.faymasa.com\/enlaces<\/strong><\/a>, en fonction des pr\u00e9f\u00e9rences que vous avez indiqu\u00e9es ou des offres de postes de travail qui s\u2019adaptent \u00e0 votre profil.<\/p>\n<p style=\"text-align: justify;\">Pour remplir cette finalit\u00e9, il est possible que nous traitions vos donn\u00e9es de sant\u00e9, tels les degr\u00e9s de handicap, n\u00e9cessaires pour vous offrir des postes de travail adapt\u00e9s.<\/p>\n<ol style=\"text-align: justify;\" start=\"3\">\n<li><strong>Base l\u00e9gale l\u00e9gitimant le traitement.<\/strong><\/li>\n<\/ol>\n<p>La base l\u00e9gale qui justifie le traitement de vos donn\u00e9es est le consentement que vous pr\u00eatez lors de l\u2019envoi de votre Curriculum Vitae.<\/p>\n<ol style=\"text-align: justify;\" start=\"4\">\n<li><strong>D\u00e9lai de conservation.<\/strong><\/li>\n<\/ol>\n<p>Les donn\u00e9es se conserveront durant le d\u00e9lai d\u2019un (1 an) \u00e0 compter du moment de l\u2019envoi de votre Curriculum Vitae.<\/p>\n<ol style=\"text-align: justify;\" start=\"5\">\n<li><strong>Destinataires<\/strong><strong>.<\/strong><\/li>\n<\/ol>\n<p>Les donn\u00e9es pourront \u00eatre communiqu\u00e9es au reste des entreprises du <a href=\"https:\/\/www.faymasa.com\/fr\/liens\/\">Groupe MECAMEPAL<\/a>, qui offriraient des postes de travail s\u2019ajustant \u00e0 votre profil et aux pr\u00e9f\u00e9rences indiqu\u00e9es. La base l\u00e9gale qui justifie la cession est le consentement que vous pr\u00eatez lors de l\u2019envoi de votre Curriculum. Les entreprises du <a href=\"https:\/\/www.faymasa.com\/fr\/liens\/\">GROUPE MECAMEPAL<\/a> utiliseront vos donn\u00e9es selon les finalit\u00e9s auparavant mentionn\u00e9es, en vous reconnaissant la possibilit\u00e9 d\u2019exercer vos droits figurant dans le paragraphe (6) dans les m\u00eames termes que ceux d\u00e9crits en son sein.<\/p>\n<p>De la m\u00eame mani\u00e8re, nous vous informons de la possibilit\u00e9 que des entreprises tierces, sous contrat pour le maintien du hardware ou logiciel dans lequel nous h\u00e9bergeons vos donn\u00e9es, puissent avoir acc\u00e8s \u00e0 eux. Avec toutes ces entreprises, nous avons souscrit les contrats correspondants aux garanties exig\u00e9es par la RGPD. Si vous souhaitez obtenir plus d\u2019information \u00e0 ce sujet, vous pouvez vous diriger \u00e0: <a href=\"mailto:datos@faymasa.com\"><strong>datos@faymasa.com<\/strong><\/a>.<\/p>\n<ol style=\"text-align: justify;\" start=\"6\">\n<li><strong>Droits.<\/strong><\/li>\n<\/ol>\n<p>Vous avez le droit d\u2019obtenir confirmation sur le traitement ou le non traitement de vos donn\u00e9es personnelles par FAYMASA.<\/p>\n<p>Vous avez aussi le droit d\u2019acc\u00e9der \u00e0 vos donn\u00e9es personnelles ainsi qu\u2019\u00e0 solliciter la rectification des donn\u00e9es inexactes ou, le cas \u00e9ch\u00e9ant, \u00e0 solliciter leur suppression quand, entre autres motifs, vos donn\u00e9es ne seraient plus n\u00e9cessaires pour les fins auxquelles elles auraient \u00e9t\u00e9 recueillies. Vous aurez aussi le droit, le cas \u00e9ch\u00e9ant et sous des circonstances d\u00e9finies de vous opposer \u00e0 leur traitement, ou de solliciter une limitation, ainsi que votre droit \u00e0 la portabilit\u00e9. Pour exercer de tels droits, vous devez envoyer un \u00e9crit, \u00e0 l\u2019adresse postale ou au courrier \u00e9lectronique du DPD qui figure dans le paragraphe 1 pr\u00e9c\u00e9dent.<\/p>\n<p>Dans tous les cas, vous aurez le droit de porter plainte devant l\u2019Agence Espagnole de Protection des Donn\u00e9es (<a href=\"http:\/\/www.aepd.es\/\">www.aepd.es<\/a>).<\/p>\n<ol style=\"text-align: justify;\" start=\"7\">\n<li><strong>Donn\u00e9es de tiers.<\/strong><\/li>\n<\/ol>\n<p>Dans le contexte des traitements d\u00e9crits dans ce document, il est possible que vous fournissiez \u00e0 FAYMASA, des donn\u00e9es de caract\u00e8re personnel relatives \u00e0 des tiers (par exemple, des r\u00e9f\u00e9rences dans d\u2019autres entreprises dans lesquelles vous auriez travaill\u00e9). Dans un tel cas, il est de votre responsabilit\u00e9 d\u2019informer de cette circonstance et des termes recueillis dans ce document les tiers dont vous nous auriez facilit\u00e9 les donn\u00e9es ainsi que, si n\u00e9cessaire, d\u2019obtenir leur consentement pour cela.<\/p>\n<\/div><div class=\"fusion-clearfix\"><\/div><\/div><\/div><\/div><\/div>\n","protected":false},"excerpt":{"rendered":"","protected":false},"author":1,"featured_media":0,"parent":0,"menu_order":0,"comment_status":"closed","ping_status":"closed","template":"","meta":{"_monsterinsights_skip_tracking":false,"_monsterinsights_sitenote_active":false,"_monsterinsights_sitenote_note":"","_monsterinsights_sitenote_category":0,"footnotes":""},"class_list":["post-2440","page","type-page","status-publish","hentry"],"yoast_head":"<!-- This site is optimized with the Yoast SEO plugin v25.5 - https:\/\/yoast.com\/wordpress\/plugins\/seo\/ -->\n<title>Information sur la protection des donn\u00e9es - Faymasa - Ingenier\u00eda y mecanizados de precisi\u00f3n<\/title>\n<meta name=\"robots\" content=\"noindex, follow\" \/>\n<meta property=\"og:locale\" content=\"fr_FR\" \/>\n<meta property=\"og:type\" content=\"article\" \/>\n<meta property=\"og:title\" content=\"Information sur la protection des donn\u00e9es - Faymasa - Ingenier\u00eda y mecanizados de precisi\u00f3n\" \/>\n<meta property=\"og:url\" content=\"https:\/\/www.faymasa.com\/fr\/information-sur-la-protection-des-donnees\/\" \/>\n<meta property=\"og:site_name\" content=\"Faymasa - Ingenier\u00eda y mecanizados de precisi\u00f3n\" \/>\n<meta property=\"article:publisher\" content=\"https:\/\/www.facebook.com\/faymasa\/\" \/>\n<meta property=\"article:modified_time\" content=\"2019-09-25T08:37:16+00:00\" \/>\n<meta name=\"twitter:card\" content=\"summary_large_image\" \/>\n<meta name=\"twitter:site\" content=\"@FAYMASA1\" \/>\n<meta name=\"twitter:label1\" content=\"Dur\u00e9e de lecture estim\u00e9e\" \/>\n\t<meta name=\"twitter:data1\" content=\"4 minutes\" \/>\n<script type=\"application\/ld+json\" class=\"yoast-schema-graph\">{\"@context\":\"https:\/\/schema.org\",\"@graph\":[{\"@type\":\"WebPage\",\"@id\":\"https:\/\/www.faymasa.com\/fr\/information-sur-la-protection-des-donnees\/\",\"url\":\"https:\/\/www.faymasa.com\/fr\/information-sur-la-protection-des-donnees\/\",\"name\":\"Information sur la protection des donn\u00e9es - Faymasa - Ingenier\u00eda y mecanizados de precisi\u00f3n\",\"isPartOf\":{\"@id\":\"https:\/\/www.faymasa.com\/fr\/#website\"},\"datePublished\":\"2019-09-25T08:37:15+00:00\",\"dateModified\":\"2019-09-25T08:37:16+00:00\",\"breadcrumb\":{\"@id\":\"https:\/\/www.faymasa.com\/fr\/information-sur-la-protection-des-donnees\/#breadcrumb\"},\"inLanguage\":\"fr-FR\",\"potentialAction\":[{\"@type\":\"ReadAction\",\"target\":[\"https:\/\/www.faymasa.com\/fr\/information-sur-la-protection-des-donnees\/\"]}]},{\"@type\":\"BreadcrumbList\",\"@id\":\"https:\/\/www.faymasa.com\/fr\/information-sur-la-protection-des-donnees\/#breadcrumb\",\"itemListElement\":[{\"@type\":\"ListItem\",\"position\":1,\"name\":\"Home\",\"item\":\"https:\/\/www.faymasa.com\/fr\/\"},{\"@type\":\"ListItem\",\"position\":2,\"name\":\"Information sur la protection des donn\u00e9es\"}]},{\"@type\":\"WebSite\",\"@id\":\"https:\/\/www.faymasa.com\/fr\/#website\",\"url\":\"https:\/\/www.faymasa.com\/fr\/\",\"name\":\"Faymasa - Ingenier\u00eda y mecanizados de precisi\u00f3n\",\"description\":\"Empresa ubicada en Palencia que ofrece servicios profesionales de ingenier\u00eda y mecanizados de precisi\u00f3n\",\"publisher\":{\"@id\":\"https:\/\/www.faymasa.com\/fr\/#organization\"},\"potentialAction\":[{\"@type\":\"SearchAction\",\"target\":{\"@type\":\"EntryPoint\",\"urlTemplate\":\"https:\/\/www.faymasa.com\/fr\/?s={search_term_string}\"},\"query-input\":{\"@type\":\"PropertyValueSpecification\",\"valueRequired\":true,\"valueName\":\"search_term_string\"}}],\"inLanguage\":\"fr-FR\"},{\"@type\":\"Organization\",\"@id\":\"https:\/\/www.faymasa.com\/fr\/#organization\",\"name\":\"Faymasa - Ingenier\u00eda y mecanizados de precisi\u00f3n\",\"url\":\"https:\/\/www.faymasa.com\/fr\/\",\"logo\":{\"@type\":\"ImageObject\",\"inLanguage\":\"fr-FR\",\"@id\":\"https:\/\/www.faymasa.com\/fr\/#\/schema\/logo\/image\/\",\"url\":\"https:\/\/www.faymasa.com\/wp-content\/uploads\/2019\/03\/faymasa-logo-130-1.png\",\"contentUrl\":\"https:\/\/www.faymasa.com\/wp-content\/uploads\/2019\/03\/faymasa-logo-130-1.png\",\"width\":389,\"height\":130,\"caption\":\"Faymasa - Ingenier\u00eda y mecanizados de precisi\u00f3n\"},\"image\":{\"@id\":\"https:\/\/www.faymasa.com\/fr\/#\/schema\/logo\/image\/\"},\"sameAs\":[\"https:\/\/www.facebook.com\/faymasa\/\",\"https:\/\/x.com\/FAYMASA1\",\"https:\/\/www.instagram.com\/faymasa_palencia\/\",\"https:\/\/www.youtube.com\/user\/FAYMASAPAL\/feed\"]}]}<\/script>\n<!-- \/ Yoast SEO plugin. -->","yoast_head_json":{"title":"Information sur la protection des donn\u00e9es - Faymasa - Ingenier\u00eda y mecanizados de precisi\u00f3n","robots":{"index":"noindex","follow":"follow"},"og_locale":"fr_FR","og_type":"article","og_title":"Information sur la protection des donn\u00e9es - Faymasa - Ingenier\u00eda y mecanizados de precisi\u00f3n","og_url":"https:\/\/www.faymasa.com\/fr\/information-sur-la-protection-des-donnees\/","og_site_name":"Faymasa - Ingenier\u00eda y mecanizados de precisi\u00f3n","article_publisher":"https:\/\/www.facebook.com\/faymasa\/","article_modified_time":"2019-09-25T08:37:16+00:00","twitter_card":"summary_large_image","twitter_site":"@FAYMASA1","twitter_misc":{"Dur\u00e9e de lecture estim\u00e9e":"4 minutes"},"schema":{"@context":"https:\/\/schema.org","@graph":[{"@type":"WebPage","@id":"https:\/\/www.faymasa.com\/fr\/information-sur-la-protection-des-donnees\/","url":"https:\/\/www.faymasa.com\/fr\/information-sur-la-protection-des-donnees\/","name":"Information sur la protection des donn\u00e9es - Faymasa - Ingenier\u00eda y mecanizados de precisi\u00f3n","isPartOf":{"@id":"https:\/\/www.faymasa.com\/fr\/#website"},"datePublished":"2019-09-25T08:37:15+00:00","dateModified":"2019-09-25T08:37:16+00:00","breadcrumb":{"@id":"https:\/\/www.faymasa.com\/fr\/information-sur-la-protection-des-donnees\/#breadcrumb"},"inLanguage":"fr-FR","potentialAction":[{"@type":"ReadAction","target":["https:\/\/www.faymasa.com\/fr\/information-sur-la-protection-des-donnees\/"]}]},{"@type":"BreadcrumbList","@id":"https:\/\/www.faymasa.com\/fr\/information-sur-la-protection-des-donnees\/#breadcrumb","itemListElement":[{"@type":"ListItem","position":1,"name":"Home","item":"https:\/\/www.faymasa.com\/fr\/"},{"@type":"ListItem","position":2,"name":"Information sur la protection des donn\u00e9es"}]},{"@type":"WebSite","@id":"https:\/\/www.faymasa.com\/fr\/#website","url":"https:\/\/www.faymasa.com\/fr\/","name":"Faymasa - Ingenier\u00eda y mecanizados de precisi\u00f3n","description":"Empresa ubicada en Palencia que ofrece servicios profesionales de ingenier\u00eda y mecanizados de precisi\u00f3n","publisher":{"@id":"https:\/\/www.faymasa.com\/fr\/#organization"},"potentialAction":[{"@type":"SearchAction","target":{"@type":"EntryPoint","urlTemplate":"https:\/\/www.faymasa.com\/fr\/?s={search_term_string}"},"query-input":{"@type":"PropertyValueSpecification","valueRequired":true,"valueName":"search_term_string"}}],"inLanguage":"fr-FR"},{"@type":"Organization","@id":"https:\/\/www.faymasa.com\/fr\/#organization","name":"Faymasa - Ingenier\u00eda y mecanizados de precisi\u00f3n","url":"https:\/\/www.faymasa.com\/fr\/","logo":{"@type":"ImageObject","inLanguage":"fr-FR","@id":"https:\/\/www.faymasa.com\/fr\/#\/schema\/logo\/image\/","url":"https:\/\/www.faymasa.com\/wp-content\/uploads\/2019\/03\/faymasa-logo-130-1.png","contentUrl":"https:\/\/www.faymasa.com\/wp-content\/uploads\/2019\/03\/faymasa-logo-130-1.png","width":389,"height":130,"caption":"Faymasa - Ingenier\u00eda y mecanizados de precisi\u00f3n"},"image":{"@id":"https:\/\/www.faymasa.com\/fr\/#\/schema\/logo\/image\/"},"sameAs":["https:\/\/www.facebook.com\/faymasa\/","https:\/\/x.com\/FAYMASA1","https:\/\/www.instagram.com\/faymasa_palencia\/","https:\/\/www.youtube.com\/user\/FAYMASAPAL\/feed"]}]}},"_links":{"self":[{"href":"https:\/\/www.faymasa.com\/fr\/wp-json\/wp\/v2\/pages\/2440","targetHints":{"allow":["GET"]}}],"collection":[{"href":"https:\/\/www.faymasa.com\/fr\/wp-json\/wp\/v2\/pages"}],"about":[{"href":"https:\/\/www.faymasa.com\/fr\/wp-json\/wp\/v2\/types\/page"}],"author":[{"embeddable":true,"href":"https:\/\/www.faymasa.com\/fr\/wp-json\/wp\/v2\/users\/1"}],"replies":[{"embeddable":true,"href":"https:\/\/www.faymasa.com\/fr\/wp-json\/wp\/v2\/comments?post=2440"}],"version-history":[{"count":1,"href":"https:\/\/www.faymasa.com\/fr\/wp-json\/wp\/v2\/pages\/2440\/revisions"}],"predecessor-version":[{"id":2441,"href":"https:\/\/www.faymasa.com\/fr\/wp-json\/wp\/v2\/pages\/2440\/revisions\/2441"}],"wp:attachment":[{"href":"https:\/\/www.faymasa.com\/fr\/wp-json\/wp\/v2\/media?parent=2440"}],"curies":[{"name":"wp","href":"https:\/\/api.w.org\/{rel}","templated":true}]}}