{"id":2436,"date":"2019-09-25T10:29:41","date_gmt":"2019-09-25T08:29:41","guid":{"rendered":"https:\/\/www.faymasa.com\/politique-de-cookies\/"},"modified":"2019-09-25T10:29:43","modified_gmt":"2019-09-25T08:29:43","slug":"politique-de-cookies","status":"publish","type":"page","link":"https:\/\/www.faymasa.com\/fr\/politique-de-cookies\/","title":{"rendered":"Politique de cookies"},"content":{"rendered":"<div class=\"fusion-fullwidth fullwidth-box fusion-builder-row-1 nonhundred-percent-fullwidth non-hundred-percent-height-scrolling\" style=\"--awb-border-radius-top-left:0px;--awb-border-radius-top-right:0px;--awb-border-radius-bottom-right:0px;--awb-border-radius-bottom-left:0px;--awb-flex-wrap:wrap;\" ><div class=\"fusion-builder-row fusion-row\"><div class=\"fusion-layout-column fusion_builder_column fusion-builder-column-0 fusion_builder_column_1_1 1_1 fusion-one-full fusion-column-first fusion-column-last\" style=\"--awb-bg-size:cover;\"><div class=\"fusion-column-wrapper fusion-flex-column-wrapper-legacy\"><div class=\"fusion-text fusion-text-1\"><p><strong>Politique de Cookies.<\/strong><\/p>\n<p>FABRICACI\u00d3N Y MANTENIMIENTO, S.A.U. (FAYMASA) pourra utiliser des cookies durant la navigation de l\u2019usager. Les cookies sont une proc\u00e9dure automatique de recueil de l\u2019information relative aux pr\u00e9f\u00e9rences d\u00e9termin\u00e9es par un usager durant sa visite \u00e0 un site internet d\u00e9termin\u00e9. Cette information est enregistr\u00e9e sur de petits fichiers gard\u00e9s par les \u00e9quipes informatiques de l\u2019usager correspondant de mani\u00e8re imperceptible. Chaque fois que l\u2019usager revient sur le site internet en question, ces fichiers s\u2019activent automatiquement de telle mani\u00e8re que le site internet se configure selon les pr\u00e9f\u00e9rences signal\u00e9es lors des pr\u00e9c\u00e9dentes visites. Par cons\u00e9quent, les cookies sont des fichiers physiques d\u2019informations personnelles log\u00e9s dans le propre terminal de l\u2019usager et clairement associ\u00e9s \u00e0 ce terminal. Les cookies ne peuvent pas lire les fichiers cookies cr\u00e9\u00e9s par d\u2019autres fournisseurs. Par norme, la finalit\u00e9 des fichiers cookies du portail sont de faciliter la navigation de l\u2019usager.<\/p>\n<p>FAYMASA utilise les types de cookies suivants\u00a0:<\/p>\n<ol>\n<li>Cookies d\u2019authentification.- Son objectif est de maintenir la connexion de l\u2019usager pour qu\u2019il puisse naviguer sur le site internet toujours identifi\u00e9 (Identifiant du compte). La vie du cookie s\u2019\u00e9tend jusqu\u2019\u00e0 ce que l\u2019utilisateur se d\u00e9connecte ou que sa connexion se termine.<\/li>\n<li>Cookies analytiques:<\/li>\n<\/ol>\n<p>\u2013 UTMA : ce cookie g\u00e9n\u00e8re un num\u00e9ro d\u2019identifiant unique utilis\u00e9 pour faire le d\u00e9compte du nombre de visites du site internet de l\u2019usager. Il enregistre aussi le moment de la premi\u00e8re et de la derni\u00e8re visite. Ce cookie est persistant car il met environ 2 ans \u00e0 expirer.<\/p>\n<p>\u2013 UTMB y UTMC\u00a0: ils s\u2019utilisent pour calculer quand se termine une session. Le UTMB enregistre l\u2019heure d\u2019arriv\u00e9e \u00e0 la page tandis que le UTMC confirme si la session doit se maintenir ouverte ou s\u2019il faut en cr\u00e9er une nouvelle. Le UTMB expire pass\u00e9es 30 minutes depuis le dernier enregistrement de page visit\u00e9e tandis que le UTMC est une variable de session, c\u2019est pourquoi il est automatiquement \u00e9limin\u00e9 lors du changement de site ou de la fermeture du navigateur. Quand la page se charge, si le UTMC n\u2019existe pas, il est consid\u00e9r\u00e9 qu\u2019il s\u2019agit d\u2019une nouvelle session. S\u2019il existe toujours, la session se maintient ouverte. Il est possible de calculer le temps pass\u00e9 sur la page jusqu\u2019\u00e0 l\u2019avant-derni\u00e8re page visit\u00e9e, puisque pour calculer le temps pass\u00e9, on fait la diff\u00e9rence entre la valeur de l\u2019UTMB de page actuelle et la valeur de l\u2019UTMB de la page pr\u00e9c\u00e9dente.<\/p>\n<p>\u2013 UTMZ\u00a0: ce cookie est charg\u00e9 d\u2019enregistrer la provenance de l\u2019usager ainsi que les keywords. Il expire en 6 mois bien qu\u2019il se renouvelle lors de chaque visite du site internet s\u2019il ne s\u2019agit pas d\u2019une connexion directe.<\/p>\n<p>\u2013 UTMV : Ce cookie est optionnel car il s\u2019emploie uniquement lors de l\u2019utilisation de variables personnalis\u00e9es par exemple pour segmenter des donn\u00e9es d\u00e9mographiques comme le sexe ou l\u2019\u00e2ge du visiteur obtenus \u00e0 partir des donn\u00e9es d\u2019enregistrement. C\u2019est un cookie persistant.<\/p>\n<p>\u2013 UTMX : s\u2019utilise en conjonction avec <a href=\"http:\/\/www.google.com\/websiteoptimizer\/\">Google Website Optimizer<\/a>.<\/p>\n<p>Tous ces cookies sont install\u00e9s gr\u00e2ce \u00e0 l\u2019utilisation de Google Analytics, service analytique pr\u00eat\u00e9 par Google, LLC, dont le si\u00e8ge est situ\u00e9 au 1600 Amphitheatre Parkway, Mountain View (Californie), CA 94043, \u00c9tats Unis (\u201cGoogle\u201d). L\u2019information g\u00e9n\u00e9r\u00e9e par le cookie quant \u00e0 l\u2019utilisation du site internet (incluant son adresse IP) sera directement transmise et archiv\u00e9e par Google dans ses serveurs des \u00c9tats-Unis. Google utilisera cette information pour le compte de FAYMASA dans le but de r\u00e9aliser un suivi de l\u2019utilisation du site internet, en r\u00e9alisant des bilans de l\u2019activit\u00e9 du site internet et en fournissant d\u2019autres services en lien avec l\u2019activit\u00e9 de celui-ci et l\u2019usage d\u2019internet. Google pourra transmettre ladite information \u00e0 des tiers si la l\u00e9gislation le requi\u00e8re, ou si lesdits tiers traitent l\u2019information pour le compte de Google. Google n\u2019associera votre direction IP \u00e0 aucune autre donn\u00e9e \u00e0 sa disposition. Ce transfert de donn\u00e9es se r\u00e9alise sur la base de l\u2019adh\u00e9sion de Google \u00e0 l\u2019Accord Privacy Shield et la souscription \u00e0 celle-ci aux clauses types offrant des garanties adapt\u00e9es.<\/p>\n<p>L\u2019usager \u00e0 travers l\u2019acc\u00e8s et la navigation sur le pr\u00e9sent site internet, consent express\u00e9ment \u00e0 l\u2019installation et l\u2019utilisation des cookies pr\u00e9c\u00e9demment d\u00e9crits, ainsi qu\u2019\u00e0 leur stockage dans des serveurs aux \u00c9tats-Unis, dans leur dispositif.<\/p>\n<p>L\u2019usager a la possibilit\u00e9 d\u2019\u00e9liminer les cookies install\u00e9s au moyen des options de son navigateur, au travers duquel, il pourra aussi emp\u00eacher la cr\u00e9ation de fichiers cookies ou, que leur installation lui soit notifi\u00e9e au moment o\u00f9 ceci se produit. Pour davantage d\u2019information au sujet de la manipulation des cookies par le biais des navigateurs, FAYMASA met \u00e0 votre disposition les liens suivants\u00a0:<\/p>\n<p>\u2013 Internet Explorer (<a href=\"http:\/\/windows.microsoft.com\/es-ES\/windows7\/How-to-manage-cookies-in-Internet-Explorer-9\">http:\/\/windows.microsoft.com\/es-ES\/windows7\/How-to-manage-cookies-in-Internet-Explorer-9<\/a>)<\/p>\n<p>\u2013 Mozilla Firefox (<a href=\"http:\/\/support.mozilla.org\/es\/kb\/habilitar-y-deshabilitar-cookies-que-los-sitios-we\">http:\/\/support.mozilla.org\/es\/kb\/habilitar-y-deshabilitar-cookies-que-los-sitios-we<\/a>)<\/p>\n<p>\u2013 Google Chrome (<a href=\"http:\/\/support.google.com\/chrome\/bin\/answer.py?hl=es&amp;answer=95647\">http:\/\/support.google.com\/chrome\/bin\/answer.py?hl=es&amp;answer=95647<\/a>)<\/p>\n<p>\u2013 Safari (<a href=\"http:\/\/support.apple.com\/kb\/HT1677?viewlocale=es_ES&amp;locale=es_ES\">http:\/\/support.apple.com\/kb\/HT1677?viewlocale=es_ES&amp;locale=es_ES<\/a>)<\/p>\n<p>Le site internet est accessible sans que soient n\u00e9cessairement activ\u00e9es les options r\u00e9f\u00e9rant aux fichiers cookie, bien que cela puisse emp\u00eacher le fonctionnement correct de m\u00e9canismes d\u00e9termin\u00e9s de s\u00e9curit\u00e9.<\/p>\n<p>Vous avez le droit d\u2019obtenir confirmation sur le traitement ou non traitement de vos donn\u00e9es personnelles par nous.<\/p>\n<p>L\u2019usager qui le souhaite ainsi peut exercer ses droits d\u2019acc\u00e8s, rectification, suppression, opposition et limitation au traitement ainsi que le droit \u00e0 la portabilit\u00e9 sur l\u2019information associ\u00e9e aux cookies, en envoyant un \u00e9crit \u00e0 FABRICACI\u00d3N Y MANTENIMIENTO, S.A.U. \u00a0C\/ Francia, n\u00ba 2, P. 68 \u2013 69, P.I. Villalob\u00f3n \u2013 34004, Palencia o a <a href=\"mailto:datos@faymasa.com\">datos@faymasa.com<\/a>.<\/p>\n<p>Dans tous les cas, vous aurez le droit de pr\u00e9senter une r\u00e9clamation devant l\u2019Agence Espagnole de Protection des Donn\u00e9es (<a href=\"http:\/\/www.aepd.es\/\">www.aepd.es<\/a>).<\/p>\n<\/div><div class=\"fusion-clearfix\"><\/div><\/div><\/div><\/div><\/div>\n","protected":false},"excerpt":{"rendered":"","protected":false},"author":1,"featured_media":0,"parent":0,"menu_order":0,"comment_status":"closed","ping_status":"closed","template":"","meta":{"_monsterinsights_skip_tracking":false,"_monsterinsights_sitenote_active":false,"_monsterinsights_sitenote_note":"","_monsterinsights_sitenote_category":0,"footnotes":""},"class_list":["post-2436","page","type-page","status-publish","hentry"],"yoast_head":"<!-- This site is optimized with the Yoast SEO plugin v25.5 - https:\/\/yoast.com\/wordpress\/plugins\/seo\/ -->\n<title>Politique de cookies - Faymasa - Ingenier\u00eda y mecanizados de precisi\u00f3n<\/title>\n<meta name=\"robots\" content=\"noindex, follow\" \/>\n<meta property=\"og:locale\" content=\"fr_FR\" \/>\n<meta property=\"og:type\" content=\"article\" \/>\n<meta property=\"og:title\" content=\"Politique de cookies - Faymasa - Ingenier\u00eda y mecanizados de precisi\u00f3n\" \/>\n<meta property=\"og:url\" content=\"https:\/\/www.faymasa.com\/fr\/politique-de-cookies\/\" \/>\n<meta property=\"og:site_name\" content=\"Faymasa - Ingenier\u00eda y mecanizados de precisi\u00f3n\" \/>\n<meta property=\"article:publisher\" content=\"https:\/\/www.facebook.com\/faymasa\/\" \/>\n<meta property=\"article:modified_time\" content=\"2019-09-25T08:29:43+00:00\" \/>\n<meta name=\"twitter:card\" content=\"summary_large_image\" \/>\n<meta name=\"twitter:site\" content=\"@FAYMASA1\" \/>\n<meta name=\"twitter:label1\" content=\"Dur\u00e9e de lecture estim\u00e9e\" \/>\n\t<meta name=\"twitter:data1\" content=\"6 minutes\" \/>\n<script type=\"application\/ld+json\" class=\"yoast-schema-graph\">{\"@context\":\"https:\/\/schema.org\",\"@graph\":[{\"@type\":\"WebPage\",\"@id\":\"https:\/\/www.faymasa.com\/fr\/politique-de-cookies\/\",\"url\":\"https:\/\/www.faymasa.com\/fr\/politique-de-cookies\/\",\"name\":\"Politique de cookies - Faymasa - Ingenier\u00eda y mecanizados de precisi\u00f3n\",\"isPartOf\":{\"@id\":\"https:\/\/www.faymasa.com\/fr\/#website\"},\"datePublished\":\"2019-09-25T08:29:41+00:00\",\"dateModified\":\"2019-09-25T08:29:43+00:00\",\"breadcrumb\":{\"@id\":\"https:\/\/www.faymasa.com\/fr\/politique-de-cookies\/#breadcrumb\"},\"inLanguage\":\"fr-FR\",\"potentialAction\":[{\"@type\":\"ReadAction\",\"target\":[\"https:\/\/www.faymasa.com\/fr\/politique-de-cookies\/\"]}]},{\"@type\":\"BreadcrumbList\",\"@id\":\"https:\/\/www.faymasa.com\/fr\/politique-de-cookies\/#breadcrumb\",\"itemListElement\":[{\"@type\":\"ListItem\",\"position\":1,\"name\":\"Home\",\"item\":\"https:\/\/www.faymasa.com\/fr\/\"},{\"@type\":\"ListItem\",\"position\":2,\"name\":\"Politique de cookies\"}]},{\"@type\":\"WebSite\",\"@id\":\"https:\/\/www.faymasa.com\/fr\/#website\",\"url\":\"https:\/\/www.faymasa.com\/fr\/\",\"name\":\"Faymasa - Ingenier\u00eda y mecanizados de precisi\u00f3n\",\"description\":\"Empresa ubicada en Palencia que ofrece servicios profesionales de ingenier\u00eda y mecanizados de precisi\u00f3n\",\"publisher\":{\"@id\":\"https:\/\/www.faymasa.com\/fr\/#organization\"},\"potentialAction\":[{\"@type\":\"SearchAction\",\"target\":{\"@type\":\"EntryPoint\",\"urlTemplate\":\"https:\/\/www.faymasa.com\/fr\/?s={search_term_string}\"},\"query-input\":{\"@type\":\"PropertyValueSpecification\",\"valueRequired\":true,\"valueName\":\"search_term_string\"}}],\"inLanguage\":\"fr-FR\"},{\"@type\":\"Organization\",\"@id\":\"https:\/\/www.faymasa.com\/fr\/#organization\",\"name\":\"Faymasa - Ingenier\u00eda y mecanizados de precisi\u00f3n\",\"url\":\"https:\/\/www.faymasa.com\/fr\/\",\"logo\":{\"@type\":\"ImageObject\",\"inLanguage\":\"fr-FR\",\"@id\":\"https:\/\/www.faymasa.com\/fr\/#\/schema\/logo\/image\/\",\"url\":\"https:\/\/www.faymasa.com\/wp-content\/uploads\/2019\/03\/faymasa-logo-130-1.png\",\"contentUrl\":\"https:\/\/www.faymasa.com\/wp-content\/uploads\/2019\/03\/faymasa-logo-130-1.png\",\"width\":389,\"height\":130,\"caption\":\"Faymasa - Ingenier\u00eda y mecanizados de precisi\u00f3n\"},\"image\":{\"@id\":\"https:\/\/www.faymasa.com\/fr\/#\/schema\/logo\/image\/\"},\"sameAs\":[\"https:\/\/www.facebook.com\/faymasa\/\",\"https:\/\/x.com\/FAYMASA1\",\"https:\/\/www.instagram.com\/faymasa_palencia\/\",\"https:\/\/www.youtube.com\/user\/FAYMASAPAL\/feed\"]}]}<\/script>\n<!-- \/ Yoast SEO plugin. -->","yoast_head_json":{"title":"Politique de cookies - Faymasa - Ingenier\u00eda y mecanizados de precisi\u00f3n","robots":{"index":"noindex","follow":"follow"},"og_locale":"fr_FR","og_type":"article","og_title":"Politique de cookies - Faymasa - Ingenier\u00eda y mecanizados de precisi\u00f3n","og_url":"https:\/\/www.faymasa.com\/fr\/politique-de-cookies\/","og_site_name":"Faymasa - Ingenier\u00eda y mecanizados de precisi\u00f3n","article_publisher":"https:\/\/www.facebook.com\/faymasa\/","article_modified_time":"2019-09-25T08:29:43+00:00","twitter_card":"summary_large_image","twitter_site":"@FAYMASA1","twitter_misc":{"Dur\u00e9e de lecture estim\u00e9e":"6 minutes"},"schema":{"@context":"https:\/\/schema.org","@graph":[{"@type":"WebPage","@id":"https:\/\/www.faymasa.com\/fr\/politique-de-cookies\/","url":"https:\/\/www.faymasa.com\/fr\/politique-de-cookies\/","name":"Politique de cookies - Faymasa - Ingenier\u00eda y mecanizados de precisi\u00f3n","isPartOf":{"@id":"https:\/\/www.faymasa.com\/fr\/#website"},"datePublished":"2019-09-25T08:29:41+00:00","dateModified":"2019-09-25T08:29:43+00:00","breadcrumb":{"@id":"https:\/\/www.faymasa.com\/fr\/politique-de-cookies\/#breadcrumb"},"inLanguage":"fr-FR","potentialAction":[{"@type":"ReadAction","target":["https:\/\/www.faymasa.com\/fr\/politique-de-cookies\/"]}]},{"@type":"BreadcrumbList","@id":"https:\/\/www.faymasa.com\/fr\/politique-de-cookies\/#breadcrumb","itemListElement":[{"@type":"ListItem","position":1,"name":"Home","item":"https:\/\/www.faymasa.com\/fr\/"},{"@type":"ListItem","position":2,"name":"Politique de cookies"}]},{"@type":"WebSite","@id":"https:\/\/www.faymasa.com\/fr\/#website","url":"https:\/\/www.faymasa.com\/fr\/","name":"Faymasa - Ingenier\u00eda y mecanizados de precisi\u00f3n","description":"Empresa ubicada en Palencia que ofrece servicios profesionales de ingenier\u00eda y mecanizados de precisi\u00f3n","publisher":{"@id":"https:\/\/www.faymasa.com\/fr\/#organization"},"potentialAction":[{"@type":"SearchAction","target":{"@type":"EntryPoint","urlTemplate":"https:\/\/www.faymasa.com\/fr\/?s={search_term_string}"},"query-input":{"@type":"PropertyValueSpecification","valueRequired":true,"valueName":"search_term_string"}}],"inLanguage":"fr-FR"},{"@type":"Organization","@id":"https:\/\/www.faymasa.com\/fr\/#organization","name":"Faymasa - Ingenier\u00eda y mecanizados de precisi\u00f3n","url":"https:\/\/www.faymasa.com\/fr\/","logo":{"@type":"ImageObject","inLanguage":"fr-FR","@id":"https:\/\/www.faymasa.com\/fr\/#\/schema\/logo\/image\/","url":"https:\/\/www.faymasa.com\/wp-content\/uploads\/2019\/03\/faymasa-logo-130-1.png","contentUrl":"https:\/\/www.faymasa.com\/wp-content\/uploads\/2019\/03\/faymasa-logo-130-1.png","width":389,"height":130,"caption":"Faymasa - Ingenier\u00eda y mecanizados de precisi\u00f3n"},"image":{"@id":"https:\/\/www.faymasa.com\/fr\/#\/schema\/logo\/image\/"},"sameAs":["https:\/\/www.facebook.com\/faymasa\/","https:\/\/x.com\/FAYMASA1","https:\/\/www.instagram.com\/faymasa_palencia\/","https:\/\/www.youtube.com\/user\/FAYMASAPAL\/feed"]}]}},"_links":{"self":[{"href":"https:\/\/www.faymasa.com\/fr\/wp-json\/wp\/v2\/pages\/2436","targetHints":{"allow":["GET"]}}],"collection":[{"href":"https:\/\/www.faymasa.com\/fr\/wp-json\/wp\/v2\/pages"}],"about":[{"href":"https:\/\/www.faymasa.com\/fr\/wp-json\/wp\/v2\/types\/page"}],"author":[{"embeddable":true,"href":"https:\/\/www.faymasa.com\/fr\/wp-json\/wp\/v2\/users\/1"}],"replies":[{"embeddable":true,"href":"https:\/\/www.faymasa.com\/fr\/wp-json\/wp\/v2\/comments?post=2436"}],"version-history":[{"count":1,"href":"https:\/\/www.faymasa.com\/fr\/wp-json\/wp\/v2\/pages\/2436\/revisions"}],"predecessor-version":[{"id":2437,"href":"https:\/\/www.faymasa.com\/fr\/wp-json\/wp\/v2\/pages\/2436\/revisions\/2437"}],"wp:attachment":[{"href":"https:\/\/www.faymasa.com\/fr\/wp-json\/wp\/v2\/media?parent=2436"}],"curies":[{"name":"wp","href":"https:\/\/api.w.org\/{rel}","templated":true}]}}