{"id":2435,"date":"2019-09-25T10:27:22","date_gmt":"2019-09-25T08:27:22","guid":{"rendered":"https:\/\/www.faymasa.com\/avis-legal\/"},"modified":"2019-09-25T10:27:22","modified_gmt":"2019-09-25T08:27:22","slug":"avis-legal","status":"publish","type":"page","link":"https:\/\/www.faymasa.com\/fr\/avis-legal\/","title":{"rendered":"Avis l\u00e9gal"},"content":{"rendered":"<p><strong>RESPONSABLE<\/strong><strong>.<\/strong><\/p>\n<p>En respect au droit d\u2019information contempl\u00e9 dans l\u2019article 10 de la loi en vigueur 34\/2002 du 11 juillet, relative aux Services de la Soci\u00e9t\u00e9\u00a0 de l\u2019information et du Commerce \u00e9lectronique, nous vous communiquons que le responsable du site internet o\u00f9 vous pourrez t\u00e9l\u00e9charger diff\u00e9rentes applications et\/ou informations est FABRICACI\u00d3N Y MANTENIMIENTO, S.A. (\u00ab\u00a0le responsable\u00a0\u00bb), domicili\u00e9e \u00e0 Palencia, Calle Francia parcela 68-69, dot\u00e9e du num\u00e9ro SIRET A-34101212, dont les URL de sites internet\u00a0 sont <a href=\"http:\/\/www.faymasa.com\/\">http:\/\/www.faymasa.com\/<\/a>\u00a0<a href=\"http:\/\/www.faymasa.es\/\">http:\/\/www.faymasa.es\/<\/a> <a href=\"http:\/\/www.fabricacionymantenimiento.com\/\">http:\/\/www.fabricacionymantenimiento.com\/<\/a>\u00a0et l\u2019adresse mail\u00a0: <a href=\"mailto:info@faymasa.com\">info@faymasa.com<\/a> ; inscrite au Registre des Soci\u00e9t\u00e9s de Palencia, tome 128, folio 147, feuillet n\u00ba P-500, prestataire de services et offres que ladite soci\u00e9t\u00e9 offre \u00e0 travers son site internet, inscrit au r\u00e9gime correspondant\u00a0; et que ces conditions r\u00e9gulent, en r\u00e9pondant aux \u00e9crits des usagers et\/ou int\u00e9ress\u00e9s dans l\u2019espace habilit\u00e9 sur le site internet comme rubrique de contact.<\/p>\n<p><strong>CONCEPT D\u2019USAGER.<\/strong><\/p>\n<p>L\u2019utilisation du site internet attribue la condition d\u2019usager et implique la pleine acceptation sans r\u00e9serve de toute et chacune des dispositions incluses dans cet Avis L\u00e9gal, dans la version publi\u00e9e par le responsable, au moment m\u00eame de l\u2019acc\u00e8s de l\u2019usager au site internet. Par cons\u00e9quent, l\u2019usager doit lire attentivement le pr\u00e9sent Avis L\u00e9gal, chaque fois qu\u2019il souhaite utiliser le site internet, car celui-ci peut souffrir des modifications.<\/p>\n<p><strong>INFORMATION SUR LES LIENS.<\/strong><\/p>\n<p>Le responsable n\u2019est pas rendu responsable des sites internet qui ne sont pas les siens auxquels il est possible d\u2019acc\u00e9der par le biais de \u00ab\u00a0links\u00a0\u00bb ou de tout autre contenu mis \u00e0 disposition par des tiers.<\/p>\n<p>Tout usage d\u2019un lien ou acc\u00e8s \u00e0 un site internet qui n\u2019est pas le sien est r\u00e9alis\u00e9 par volont\u00e9 propre et au risque exclusif de l\u2019usager et le responsable ne recommande pas ni ne se porte garant d\u2019informations obtenues \u00e0 travers un lien externe au site internet du responsable, ni ne se responsabilise d\u2019aucune perte, plainte, pr\u00e9judice d\u00e9riv\u00e9s de l\u2019usage ou mal usage d\u2019un lien, ou de l\u2019information obtenue \u00e0 travers celui-ci,\u00a0 y compris d\u2019autres liens ou sites internet, ni de l\u2019interruption du service ou de l\u2019acc\u00e8s au site ou bien de la tentative d\u2019utiliser ou mal utiliser un lien, aussi bien lors de l\u2019acc\u00e8s au site internet du responsable qu\u2019\u00e0 l\u2019information pr\u00e9sente sur d\u2019autres sites internet, depuis le site du responsable.<\/p>\n<p><strong>PROTECTION DES DONN\u00c9ES PERSONNELLES.<\/strong><\/p>\n<p>Le responsable est aussi responsable du traitement des donn\u00e9es personnelles facilit\u00e9es par les usagers \u00e0 travers les diff\u00e9rents formulaires existants sur le site internet ou obtenus en naviguant sur le site. En accord avec ce qui est stipul\u00e9 dans la r\u00e8glementation en vigueur en mati\u00e8re de protection des donn\u00e9es personnelles, le responsable s\u2019engage \u00e0 les traiter dans les termes \u00e9tablis dans <a href=\"http:\/\/www.faymasa.com\/politica-de-privacidad\/\"><strong>la Politique de Confidentialit\u00e9<\/strong><\/a> et la <a href=\"https:\/\/www.faymasa.com\/politica-de-cookies\/\"><strong>Politique de Cookies<\/strong><\/a> de ce site internet. \u00c0 cet effet, celui-ci adoptera les mesures n\u00e9cessaires pour \u00e9viter leur alt\u00e9ration, perte, traitement ou acc\u00e8s non autoris\u00e9.<\/p>\n<p><strong>ABANDON ET LIMITATION DE LA RESPONSABILIT\u00c9.<\/strong><\/p>\n<p>Les informations et les services inclus ou disponibles \u00e0 travers les pages du site internet peuvent inclure des incorrections ou erreurs typographiques. De mani\u00e8re p\u00e9riodique, des changements sont incorpor\u00e9s aux informations contenues. Le responsable peut introduire \u00e0 tout moment des am\u00e9liorations et\/ou des changements dans les services ou les contenus.<\/p>\n<p>Le responsable a obtenu les informations et ressources incluses sur le site de sources consid\u00e9r\u00e9es fiables, mais, bien que les mesures correspondantes soient prises pour assurer que l\u2019information contenue soit correcte, son exactitude et sa mise \u00e0 jour ne sont pas garanties.<\/p>\n<p>Nous vous informons \u00e9galement que les contenus de ce site internet ont une finalit\u00e9 informative quant \u00e0 la qualit\u00e9, \u00e0 l\u2019emplacement, aux services et tarifs.<\/p>\n<p><strong>INFORMATION SUR L\u2019EXCLUSION DE TOUTE RESPONSABILIT\u00c9 D\u00c9RIV\u00c9E D\u2019UN PROBL\u00c8ME TECHNIQUE ET DE CONTENU.<\/strong><\/p>\n<p>Le responsable d\u00e9cline toute responsabilit\u00e9 en cas d\u2019existence d\u2019interruptions ou d\u2019un mauvais fonctionnement des services ou contenus offerts sur internet, quelle qu\u2019en soit la cause. Ainsi, le responsable n\u2019est pas rendu responsable des pannes de r\u00e9seau, des pertes commerciales suite auxdites pannes, des suspensions temporaires du courant \u00e9lectrique ou de toute autre chose. Le responsable ne d\u00e9clare ni ne garantit que les services ou contenus ne soient interrompus ou soient libres d\u2019erreurs, que les d\u00e9fauts soient corrig\u00e9s, ou que le service ou le serveur \u00e0 disposition soient exempts de virus ou autres composants nocifs, sans pr\u00e9judice sur le fait que le responsable fait de son mieux pour \u00e9viter ce type d\u2019incidents. Dans le cas o\u00f9 l\u2019usager prendrait certaines d\u00e9cisions ou r\u00e9aliserait des actions sur la base d\u2019informations vues sur quelque autre site internet, nous recommandons la v\u00e9rification des informations re\u00e7ues avec d\u2019autres sources.<\/p>\n<p><strong>PROPRI\u00c9T\u00c9 INDUSTRIELLE ET INTELLECTUELLE.<\/strong><\/p>\n<p>Les contenus fournis par le responsable ainsi que les contenus apport\u00e9s par le r\u00e9seau internet \u00e0 travers ses pages web, constituent une \u0153uvre dans le sens de la l\u00e9gislation sur la propri\u00e9t\u00e9 intellectuelle, c\u2019est pourquoi ils se trouvent prot\u00e9g\u00e9s par les lois et accords internationaux applicables en la mati\u00e8re.<\/p>\n<p>Toute forme de reproduction, distribution, communication publique, transformation, mise \u00e0 disposition et, en g\u00e9n\u00e9ral, tout autre acte d\u2019exploitation publique se r\u00e9f\u00e9rant aussi bien aux pages du site internet qu\u2019\u00e0 leurs contenus et \u00e0 leurs informations, est interdite sans le consentement expresse, pr\u00e9alable et \u00e9crit du responsable.<\/p>\n<p>Par cons\u00e9quent, tous les contenus montr\u00e9s sur les diff\u00e9rents sites internet et en particulier, conceptions graphiques, textes, graphiques, logos, ic\u00f4nes, boutons, logiciel, noms commerciaux, marques, dessins industriels ou tout autre signe susceptible d\u2019application industrielle ou d\u2019exploitation commerciale est soumis aux droits de propri\u00e9t\u00e9 intellectuelle et industrielle du responsable ou autres tiers titulaires de ces contenus, ayant autoris\u00e9 leur insertion sur les diff\u00e9rents sites internet.<\/p>\n<p>Les contenus, images, formes, opinions, indices et autres expressions formelles faisant partie des pages des sites internet, ainsi que le logiciel n\u00e9cessaire au fonctionnement et \u00e0 la visualisation de celles-ci, constituent \u00e9galement une \u0153uvre dans le sens du Droit d\u2019Auteur et restent, par cons\u00e9quent, prot\u00e9g\u00e9s par les conventions internationales et l\u00e9gislations nationales en mati\u00e8re de propri\u00e9t\u00e9 intellectuelle qui r\u00e9sultent applicables. Le non-respect de ce qui a \u00e9t\u00e9 mentionn\u00e9, implique la perp\u00e9tration d\u2019actes ill\u00e9gaux graves et leur sanction par la l\u00e9gislation civile et p\u00e9nale.<\/p>\n<p>Tout acte en raison duquel les Usagers des services ou contenus pourraient exploiter ou utiliser \u00e0 des fins commerciales, directement ou indirectement, dans leur totalit\u00e9 ou partiellement, tout contenu, image, forme, annuaires de contacts, et toute autre expression formelle qui ferait partie des pages du site internet sans accord pr\u00e9alable et \u00e9crit du responsable est interdit. Concr\u00e8tement et de mani\u00e8re non exhaustive, les actes de reproduction, distribution, exposition, transmission, retransmission, \u00e9mission sous toutes leurs formes, stockage sur des supports physiques ou logiciels (par exemple, sur des disquettes ou disque dur d\u2019ordinateur), digitalisation ou mise \u00e0 disposition depuis des bases de donn\u00e9es distinctes de celles appartenant \u00e0 celles autoris\u00e9es par le responsable, ainsi que leur traduction, adaptation, arrangement ou toute autre transformation desdites opinions, images, formes, annuaires de contacts et autres expressions formelles qui serait mises \u00e0 la disposition des Usagers \u00e0 travers les services ou contenus, tant que de tels actes seront soumis \u00e0 la l\u00e9gislation applicable en mati\u00e8re de Propri\u00e9t\u00e9 intellectuelle, industrielle, ou de protection \u00e0 l\u2019image, sont interdits.<\/p>\n<p>Le responsable est libre de limiter l\u2019acc\u00e8s \u00e0 ces pages du site, et aux produits et\/ou services qui y sont offerts, ainsi que de limiter la publication cons\u00e9cutive des opinions, observations, images ou commentaires que les Usagers pourraient lui faire arriver par courrier \u00e9lectronique.<\/p>\n<p>\u00c0 cet \u00e9gard, le responsable pourra \u00e9tablir, s\u2019il le consid\u00e8re opportun, sans pr\u00e9judice de la seule et unique responsabilit\u00e9 des Usagers, les filtres n\u00e9cessaires afin d\u2019\u00e9viter qu\u2019\u00e0 travers ses pages web puissent \u00eatre d\u00e9vers\u00e9s des contenus et propos consid\u00e9r\u00e9s racistes, x\u00e9nophobes, discriminatoires, pornographiques, diffamatoires, ou qui, de quelque mani\u00e8re, fomentent la violence ou la diss\u00e9mination de contenus clairement illicites ou nocifs.<\/p>\n<p>Pour les usagers qui enverraient sur les pages web du responsable, au d\u00e9partement de suggestions, des observations, opinions ou commentaires par courrier \u00e9lectronique, \u00e0 moins qu\u2019ils expriment d\u2019une mani\u00e8re claire et sans ambig\u00fcit\u00e9 le contraire, dans le cas o\u00f9 par la nature m\u00eame des services ou contenus cela soit possible, nous entendons qu\u2019ils autorisent le responsable \u00e0 reproduire, distribuer, exposer, transmettre retransmettre, \u00e9mettre dans tout type de format, stocker sur des supports physiques ou logiciels (par exemple, disquettes ou disque dur d\u2019ordinateurs), digitalisation, mettre \u00e0 disposition des bases de\u00a0 donn\u00e9es appartenant au responsable, traduire, adapter, arranger ou transformer d\u2019une autre mani\u00e8re de telles observations, opinions ou commentaires, durant le temps de protection du droit d\u2019auteur pr\u00e9vu par la loi<\/p>\n<p>De la m\u00eame mani\u00e8re, il est compris que cette autorisation se fait \u00e0 titre gratuit et que par le seul fait d\u2019envoyer par courrier \u00e9lectronique de telles observations, opinions ou commentaires, les Usagers d\u00e9clinent tout type de pr\u00e9tention r\u00e9mun\u00e9ratrice de la part du responsable.<\/p>\n<p>En accord avec les mentions du paragraphe pr\u00e9c\u00e9dent, le responsable est aussi autoris\u00e9 \u00e0 proc\u00e9der \u00e0 la modification ou \u00e0 l\u2019alt\u00e9ration de telles observations, opinions ou commentaires, afin de les adapter aux besoins de format \u00e9ditorial des pages web, sans que cela ne soit consid\u00e9r\u00e9 comme un type de pr\u00e9judice aux facult\u00e9s morales du droit d&rsquo;auteur que les utilisateurs pourraient afficher.<\/p>\n<p>Tout type de recours techniques, logiciels, ou technologiques par vertu desquels un tiers pourraient b\u00e9n\u00e9ficier directement ou indirectement, avec ou sans r\u00e9mun\u00e9ration, de tous et chacun des contenus, formes, annuaires de contacts et autres expressions formelles qui font partie des pages internet, ou de l\u2019effort men\u00e9 par le responsable pour son fonctionnement, est interdit.<\/p>\n<p>De mani\u00e8re concr\u00e8te, tout lien, lien hypertexte, framing ou lien similaire qui pourrait \u00eatre \u00e9tabli comme pointant vers les pages internet du responsable sans le consentement pr\u00e9alable, expresse du responsable, est interdit. Toute transgression \u00e0 ce qui est \u00e9tabli dans ce point sera consid\u00e9r\u00e9e comme un pr\u00e9judice aux droits l\u00e9gitimes de la Propri\u00e9t\u00e9 Intellectuelle du responsable sur les pages web et tous les contenus qui y sont inscrits.<\/p>\n<p>Le responsable n\u2019assumera aucune responsabilit\u00e9 face aux cons\u00e9quences d\u00e9riv\u00e9es des conduites et actions pr\u00e9alablement cit\u00e9es, de la m\u00eame mani\u00e8re qu\u2019il n\u2019assumera aucune responsabilit\u00e9 pour les contenus, services, produits, etc. de tiers auxquels il pourrait acc\u00e9der directement ou \u00e0 travers les banners, liens, links, liens hypertextes, framing ou liens similaires depuis les sites internet du responsable.<\/p>\n","protected":false},"excerpt":{"rendered":"<p>RESPONSABLE. En respect au droit d\u2019information contempl\u00e9 dans l\u2019article 10 de la loi en vigueur 34\/2002 du 11 juillet, relative aux Services de la Soci\u00e9t\u00e9\u00a0 de l\u2019information et du Commerce \u00e9lectronique, nous vous communiquons que le responsable du site internet o\u00f9 vous pourrez t\u00e9l\u00e9charger diff\u00e9rentes applications et\/ou informations est FABRICACI\u00d3N [&hellip;]<\/p>\n","protected":false},"author":1,"featured_media":0,"parent":0,"menu_order":0,"comment_status":"closed","ping_status":"open","template":"","meta":{"_monsterinsights_skip_tracking":false,"_monsterinsights_sitenote_active":false,"_monsterinsights_sitenote_note":"","_monsterinsights_sitenote_category":0,"footnotes":""},"class_list":["post-2435","page","type-page","status-publish","hentry"],"yoast_head":"<!-- This site is optimized with the Yoast SEO plugin v25.5 - https:\/\/yoast.com\/wordpress\/plugins\/seo\/ -->\n<title>Avis l\u00e9gal - Faymasa - Ingenier\u00eda y mecanizados de precisi\u00f3n<\/title>\n<meta name=\"robots\" content=\"noindex, follow\" \/>\n<meta property=\"og:locale\" content=\"fr_FR\" \/>\n<meta property=\"og:type\" content=\"article\" \/>\n<meta property=\"og:title\" content=\"Avis l\u00e9gal - Faymasa - Ingenier\u00eda y mecanizados de precisi\u00f3n\" \/>\n<meta property=\"og:description\" content=\"RESPONSABLE. En respect au droit d\u2019information contempl\u00e9 dans l\u2019article 10 de la loi en vigueur 34\/2002 du 11 juillet, relative aux Services de la Soci\u00e9t\u00e9\u00a0 de l\u2019information et du Commerce \u00e9lectronique, nous vous communiquons que le responsable du site internet o\u00f9 vous pourrez t\u00e9l\u00e9charger diff\u00e9rentes applications et\/ou informations est FABRICACI\u00d3N [&hellip;]\" \/>\n<meta property=\"og:url\" content=\"https:\/\/www.faymasa.com\/fr\/avis-legal\/\" \/>\n<meta property=\"og:site_name\" content=\"Faymasa - Ingenier\u00eda y mecanizados de precisi\u00f3n\" \/>\n<meta property=\"article:publisher\" content=\"https:\/\/www.facebook.com\/faymasa\/\" \/>\n<meta name=\"twitter:card\" content=\"summary_large_image\" \/>\n<meta name=\"twitter:site\" content=\"@FAYMASA1\" \/>\n<meta name=\"twitter:label1\" content=\"Dur\u00e9e de lecture estim\u00e9e\" \/>\n\t<meta name=\"twitter:data1\" content=\"9 minutes\" \/>\n<script type=\"application\/ld+json\" class=\"yoast-schema-graph\">{\"@context\":\"https:\/\/schema.org\",\"@graph\":[{\"@type\":\"WebPage\",\"@id\":\"https:\/\/www.faymasa.com\/fr\/avis-legal\/\",\"url\":\"https:\/\/www.faymasa.com\/fr\/avis-legal\/\",\"name\":\"Avis l\u00e9gal - Faymasa - Ingenier\u00eda y mecanizados de precisi\u00f3n\",\"isPartOf\":{\"@id\":\"https:\/\/www.faymasa.com\/fr\/#website\"},\"datePublished\":\"2019-09-25T08:27:22+00:00\",\"breadcrumb\":{\"@id\":\"https:\/\/www.faymasa.com\/fr\/avis-legal\/#breadcrumb\"},\"inLanguage\":\"fr-FR\",\"potentialAction\":[{\"@type\":\"ReadAction\",\"target\":[\"https:\/\/www.faymasa.com\/fr\/avis-legal\/\"]}]},{\"@type\":\"BreadcrumbList\",\"@id\":\"https:\/\/www.faymasa.com\/fr\/avis-legal\/#breadcrumb\",\"itemListElement\":[{\"@type\":\"ListItem\",\"position\":1,\"name\":\"Home\",\"item\":\"https:\/\/www.faymasa.com\/fr\/\"},{\"@type\":\"ListItem\",\"position\":2,\"name\":\"Avis l\u00e9gal\"}]},{\"@type\":\"WebSite\",\"@id\":\"https:\/\/www.faymasa.com\/fr\/#website\",\"url\":\"https:\/\/www.faymasa.com\/fr\/\",\"name\":\"Faymasa - Ingenier\u00eda y mecanizados de precisi\u00f3n\",\"description\":\"Empresa ubicada en Palencia que ofrece servicios profesionales de ingenier\u00eda y mecanizados de precisi\u00f3n\",\"publisher\":{\"@id\":\"https:\/\/www.faymasa.com\/fr\/#organization\"},\"potentialAction\":[{\"@type\":\"SearchAction\",\"target\":{\"@type\":\"EntryPoint\",\"urlTemplate\":\"https:\/\/www.faymasa.com\/fr\/?s={search_term_string}\"},\"query-input\":{\"@type\":\"PropertyValueSpecification\",\"valueRequired\":true,\"valueName\":\"search_term_string\"}}],\"inLanguage\":\"fr-FR\"},{\"@type\":\"Organization\",\"@id\":\"https:\/\/www.faymasa.com\/fr\/#organization\",\"name\":\"Faymasa - Ingenier\u00eda y mecanizados de precisi\u00f3n\",\"url\":\"https:\/\/www.faymasa.com\/fr\/\",\"logo\":{\"@type\":\"ImageObject\",\"inLanguage\":\"fr-FR\",\"@id\":\"https:\/\/www.faymasa.com\/fr\/#\/schema\/logo\/image\/\",\"url\":\"https:\/\/www.faymasa.com\/wp-content\/uploads\/2019\/03\/faymasa-logo-130-1.png\",\"contentUrl\":\"https:\/\/www.faymasa.com\/wp-content\/uploads\/2019\/03\/faymasa-logo-130-1.png\",\"width\":389,\"height\":130,\"caption\":\"Faymasa - Ingenier\u00eda y mecanizados de precisi\u00f3n\"},\"image\":{\"@id\":\"https:\/\/www.faymasa.com\/fr\/#\/schema\/logo\/image\/\"},\"sameAs\":[\"https:\/\/www.facebook.com\/faymasa\/\",\"https:\/\/x.com\/FAYMASA1\",\"https:\/\/www.instagram.com\/faymasa_palencia\/\",\"https:\/\/www.youtube.com\/user\/FAYMASAPAL\/feed\"]}]}<\/script>\n<!-- \/ Yoast SEO plugin. -->","yoast_head_json":{"title":"Avis l\u00e9gal - Faymasa - Ingenier\u00eda y mecanizados de precisi\u00f3n","robots":{"index":"noindex","follow":"follow"},"og_locale":"fr_FR","og_type":"article","og_title":"Avis l\u00e9gal - Faymasa - Ingenier\u00eda y mecanizados de precisi\u00f3n","og_description":"RESPONSABLE. En respect au droit d\u2019information contempl\u00e9 dans l\u2019article 10 de la loi en vigueur 34\/2002 du 11 juillet, relative aux Services de la Soci\u00e9t\u00e9\u00a0 de l\u2019information et du Commerce \u00e9lectronique, nous vous communiquons que le responsable du site internet o\u00f9 vous pourrez t\u00e9l\u00e9charger diff\u00e9rentes applications et\/ou informations est FABRICACI\u00d3N [&hellip;]","og_url":"https:\/\/www.faymasa.com\/fr\/avis-legal\/","og_site_name":"Faymasa - Ingenier\u00eda y mecanizados de precisi\u00f3n","article_publisher":"https:\/\/www.facebook.com\/faymasa\/","twitter_card":"summary_large_image","twitter_site":"@FAYMASA1","twitter_misc":{"Dur\u00e9e de lecture estim\u00e9e":"9 minutes"},"schema":{"@context":"https:\/\/schema.org","@graph":[{"@type":"WebPage","@id":"https:\/\/www.faymasa.com\/fr\/avis-legal\/","url":"https:\/\/www.faymasa.com\/fr\/avis-legal\/","name":"Avis l\u00e9gal - Faymasa - Ingenier\u00eda y mecanizados de precisi\u00f3n","isPartOf":{"@id":"https:\/\/www.faymasa.com\/fr\/#website"},"datePublished":"2019-09-25T08:27:22+00:00","breadcrumb":{"@id":"https:\/\/www.faymasa.com\/fr\/avis-legal\/#breadcrumb"},"inLanguage":"fr-FR","potentialAction":[{"@type":"ReadAction","target":["https:\/\/www.faymasa.com\/fr\/avis-legal\/"]}]},{"@type":"BreadcrumbList","@id":"https:\/\/www.faymasa.com\/fr\/avis-legal\/#breadcrumb","itemListElement":[{"@type":"ListItem","position":1,"name":"Home","item":"https:\/\/www.faymasa.com\/fr\/"},{"@type":"ListItem","position":2,"name":"Avis l\u00e9gal"}]},{"@type":"WebSite","@id":"https:\/\/www.faymasa.com\/fr\/#website","url":"https:\/\/www.faymasa.com\/fr\/","name":"Faymasa - Ingenier\u00eda y mecanizados de precisi\u00f3n","description":"Empresa ubicada en Palencia que ofrece servicios profesionales de ingenier\u00eda y mecanizados de precisi\u00f3n","publisher":{"@id":"https:\/\/www.faymasa.com\/fr\/#organization"},"potentialAction":[{"@type":"SearchAction","target":{"@type":"EntryPoint","urlTemplate":"https:\/\/www.faymasa.com\/fr\/?s={search_term_string}"},"query-input":{"@type":"PropertyValueSpecification","valueRequired":true,"valueName":"search_term_string"}}],"inLanguage":"fr-FR"},{"@type":"Organization","@id":"https:\/\/www.faymasa.com\/fr\/#organization","name":"Faymasa - Ingenier\u00eda y mecanizados de precisi\u00f3n","url":"https:\/\/www.faymasa.com\/fr\/","logo":{"@type":"ImageObject","inLanguage":"fr-FR","@id":"https:\/\/www.faymasa.com\/fr\/#\/schema\/logo\/image\/","url":"https:\/\/www.faymasa.com\/wp-content\/uploads\/2019\/03\/faymasa-logo-130-1.png","contentUrl":"https:\/\/www.faymasa.com\/wp-content\/uploads\/2019\/03\/faymasa-logo-130-1.png","width":389,"height":130,"caption":"Faymasa - Ingenier\u00eda y mecanizados de precisi\u00f3n"},"image":{"@id":"https:\/\/www.faymasa.com\/fr\/#\/schema\/logo\/image\/"},"sameAs":["https:\/\/www.facebook.com\/faymasa\/","https:\/\/x.com\/FAYMASA1","https:\/\/www.instagram.com\/faymasa_palencia\/","https:\/\/www.youtube.com\/user\/FAYMASAPAL\/feed"]}]}},"_links":{"self":[{"href":"https:\/\/www.faymasa.com\/fr\/wp-json\/wp\/v2\/pages\/2435","targetHints":{"allow":["GET"]}}],"collection":[{"href":"https:\/\/www.faymasa.com\/fr\/wp-json\/wp\/v2\/pages"}],"about":[{"href":"https:\/\/www.faymasa.com\/fr\/wp-json\/wp\/v2\/types\/page"}],"author":[{"embeddable":true,"href":"https:\/\/www.faymasa.com\/fr\/wp-json\/wp\/v2\/users\/1"}],"replies":[{"embeddable":true,"href":"https:\/\/www.faymasa.com\/fr\/wp-json\/wp\/v2\/comments?post=2435"}],"version-history":[{"count":0,"href":"https:\/\/www.faymasa.com\/fr\/wp-json\/wp\/v2\/pages\/2435\/revisions"}],"wp:attachment":[{"href":"https:\/\/www.faymasa.com\/fr\/wp-json\/wp\/v2\/media?parent=2435"}],"curies":[{"name":"wp","href":"https:\/\/api.w.org\/{rel}","templated":true}]}}