{"id":2434,"date":"2019-09-25T10:21:35","date_gmt":"2019-09-25T08:21:35","guid":{"rendered":"https:\/\/www.faymasa.com\/politique-de-confidentialite\/"},"modified":"2019-09-25T10:21:35","modified_gmt":"2019-09-25T08:21:35","slug":"politique-de-confidentialite","status":"publish","type":"page","link":"https:\/\/www.faymasa.com\/fr\/politique-de-confidentialite\/","title":{"rendered":"Politique de confidentialit\u00e9"},"content":{"rendered":"<ol style=\"text-align: justify;\">\n<li><strong>Objet.<\/strong><\/li>\n<\/ol>\n<p>La pr\u00e9sente politique de confidentialit\u00e9 a pour objet de faciliter \u00e0 l\u2019utilisateur du site internet <a href=\"http:\/\/www.faymasa.com\/\">www.faymasa.com<\/a> (le <strong>\u00ab\u00a0Site Internet\u00a0\u00bb) <\/strong>l\u2019information sur l\u2019usage que r\u00e9alisera FABRICACI\u00d3N Y MANTENIMIENTO, S.A.U (ci-apr\u00e8s, <strong>\u00ab\u00a0FAYMASA\u00a0\u00bb) <\/strong>des donn\u00e9es personnelles obtenues \u00e0 travers celui-ci ainsi que des droits qui lui sont conf\u00e9r\u00e9s en vertu du R\u00e8glement G\u00e9n\u00e9ral de Protection des Donn\u00e9es <strong>(\u00ab\u00a0RGPD\u00a0\u00bb) <\/strong>et de la r\u00e8glementation compl\u00e9mentaire.<\/p>\n<p>Dans le cas de donn\u00e9es recueillies \u00e0 travers les formulaires en ligne, ce qui est stipul\u00e9 dans cette Politique, sera compl\u00e9t\u00e9 par les clauses informatives correspondantes qui les accompagnent. Dans le cas d\u2019une contradiction existante entre lesdites clauses et cette politique, ces premi\u00e8res pr\u00e9vaudront sur celle-ci.<\/p>\n<p>En cas de doute relatif au traitement de vos donn\u00e9es personnelles, vous pouvez contacter le D\u00e9l\u00e9gu\u00e9 \u00e0 la Protection des Donn\u00e9es ou DPD de FAYMASA \u00e0 l\u2019adresse suivante\u00a0: <a href=\"mailto:datos@faymasa.com\">datos@faymasa.com<\/a><\/p>\n<ol style=\"text-align: justify;\" start=\"2\">\n<li><strong>Identification et donn\u00e9es de contact du responsable<\/strong><\/li>\n<\/ol>\n<p>Le responsable du traitement des donn\u00e9es personnelles recueillies \u00e0 travers le site internet de FAYMASA, dont les donn\u00e9es de contact sont les suivantes\u00a0:<\/p>\n<p><em><strong>Identit\u00e9 :<\/strong><\/em><em> FABRICACI\u00d3N Y MANTENIMIENTO, S.A.U. (FAYMASA)<\/em><\/p>\n<p><em><strong>Num\u00e9ro de SIRET : <\/strong><\/em><em>A34101212<\/em><\/p>\n<p><em><strong>Adresse Postale\u00a0: <\/strong><\/em><em>C\/ Francia, n\u00ba 2, P 68 \u2013 69, P.I. Villalob\u00f3n \u2013 34004 Palencia<\/em><\/p>\n<p><em><strong>T\u00e9l\u00e9phone :<\/strong><\/em><em> (+34) 979 711 714<\/em><\/p>\n<p><em><strong>Courriel g\u00e9n\u00e9ral\u00a0: <\/strong><\/em><a href=\"mailto:info@faymasa.com\"><em>info@faymasa.com<\/em><\/a><\/p>\n<p><em><strong>Contact DPD : <\/strong><\/em><a href=\"mailto:datos@faymasa.com\"><em>datos@faymasa.com<\/em><\/a><\/p>\n<ol style=\"text-align: justify;\" start=\"3\">\n<li><strong>Recueil de donn\u00e9es personnelles : obligation pour l\u2019usager de fournir des informations v\u00e9ridiques.<\/strong><\/li>\n<\/ol>\n<p>Tous les champs apparaissant signal\u00e9s d\u2019un ast\u00e9risque \u00a0(*) sur les formulaires du site internet devront \u00eatre compl\u00e9t\u00e9s, de telle sorte que l\u2019omission de l\u2019un d\u2019eux pourrait impliquer l\u2019impossibilit\u00e9 de d\u00e9livrer \u00e0 l\u2019usager les services ou l\u2019information sollicit\u00e9s.<\/p>\n<p>L\u2019usager devra fournir des informations v\u00e9ridiques. De plus, pour que les informations donn\u00e9es soient toujours actualis\u00e9es et ne comprennent pas d\u2019erreurs, l\u2019usager devra communiquer \u00e0 FAYMASA dans les plus brefs d\u00e9lais possible, toute modification et rectification de ses donn\u00e9es \u00e0 caract\u00e8re personnel par le biais d\u2019un courrier \u00e9lectronique \u00e0 l\u2019adresse\u00a0: <a href=\"mailto:datos@faymasa.com\">datos@faymasa.com<\/a>.<\/p>\n<p>Ainsi, en cliquant sur le bouton \u00ab\u00a0J\u2019accepte\u00a0\u00bb les clauses informatives correspondantes qui accompagnent les formulaires cit\u00e9s, l\u2019usager d\u00e9clare que l\u2019information et les donn\u00e9es fournies sont exactes et v\u00e9ridiques.<\/p>\n<ol style=\"text-align: justify;\" start=\"4\">\n<li><strong>Information g\u00e9n\u00e9rale sur les traitements de donn\u00e9es personnelles r\u00e9alis\u00e9s par FAYMASA.<\/strong><\/li>\n<\/ol>\n<p>Dans le paragraphe suivant de cette Politique de Confidentialit\u00e9, est incluse une table dans laquelle sont identifi\u00e9es, de mani\u00e8re g\u00e9n\u00e9rale, et pour chacun des diff\u00e9rents traitements de donn\u00e9es des usagers du site internet r\u00e9alis\u00e9s par FAYMASA, les informations suivantes:<\/p>\n<ol style=\"text-align: justify;\" type=\"a\">\n<li>Les finalit\u00e9s du traitement de vos donn\u00e9es personnelles, ceci est la raison pour laquelle FAYMASA traite vos donn\u00e9es personnelles.<\/li>\n<li>Les bases l\u00e9gales qui permettent le traitement de vos donn\u00e9es par FAYMASA pour chacune des finalit\u00e9s indiqu\u00e9es.<\/li>\n<li>La possible communication des donn\u00e9es de l\u2019usager \u00e0 des tiers, ainsi que la raison de ladite communication. \u00c0 cet effet, nous informons l\u2019usager que nous ne c\u00e9dons pas ses donn\u00e9es personnelles \u00e0 moins que cette communication ne soit li\u00e9e \u00e0 une obligation l\u00e9gale ou contractuelle, que nous ayons un int\u00e9r\u00eat l\u00e9gitime ou que nous comptions sur son consentement. D\u2019autre part, les responsables du traitement des donn\u00e9es de FAYMASA, c\u2019est-\u00e0-dire les prestataires de service qui auraient \u00e0 acc\u00e9der \u00e0 vos donn\u00e9es personnelles pour r\u00e9aliser ce que nous leur avons confi\u00e9, pourront avoir acc\u00e8s aux donn\u00e9es personnelles de l\u2019usager. Les prestataires de services qui acc\u00e8deraient aux donn\u00e9es personnelles de l\u2019usager, \u00e0 caract\u00e8re g\u00e9n\u00e9ral, travaillent dans les secteurs des syst\u00e8mes d\u2019information et de technologie, et sont situ\u00e9s dans l\u2019UE. Si l\u2019usager souhaite obtenir davantage d\u2019information quant aux destinataires de ses donn\u00e9es, il peut envoyer un courrier \u00e9lectronique \u00e0 l\u2019adresse\u00a0: <a href=\"mailto:datos@faymasa.com\">datos@faymasa.com<\/a>, en indiquant le traitement sp\u00e9cifique, pour lequel il souhaite des informations des destinataires. En d\u00e9pit de ce qui pr\u00e9c\u00e8de, FAYMASA utilise des cookies de GOOGLE, c\u2019est pourquoi il est possible que GOOGLE, LLC. (Californie, USA), puisse acc\u00e9der aux donn\u00e9es de l\u2019usager. Les conditions g\u00e9n\u00e9rales de GOOGLE qui r\u00e9gulent ce service, sous le couvert de l\u2019accord EU-US Privacy Shield, sont disponibles sur <a href=\"https:\/\/www.privacyshield.gov\/participant?id=a2zt000000001L5AAI\">cette page<\/a>.<\/li>\n<li>Le d\u00e9lai de conservation des donn\u00e9es facilit\u00e9es. Ainsi, nous vous informons que vos donn\u00e9es resteront bloqu\u00e9es pour le traitement des demandes en justice, plaintes administratives ou fiscales, durant les d\u00e9lais qui d\u00e9coulent de la l\u00e9gislation en vigueur.<\/li>\n<\/ol>\n<ol style=\"text-align: justify;\" start=\"5\">\n<li><strong>Information d\u00e9taill\u00e9e des traitements de donn\u00e9es personnelles r\u00e9alis\u00e9s par FAYMASA.<\/strong><\/li>\n<\/ol>\n<table cellspacing=\"0\" cellpadding=\"10\">\n<tbody>\n<tr bgcolor=\"#dbdbdb\">\n<td><strong>Traitement<\/strong><\/td>\n<td><strong>Finalit\u00e9<\/strong><\/td>\n<td><strong>Base juridique<\/strong><\/td>\n<td><strong>Destinataires<\/strong><\/td>\n<td><strong>Conservation<\/strong><\/td>\n<\/tr>\n<tr>\n<td>Contact<\/td>\n<td>(1)Traitement de plaintes ou de demandes, r\u00e9alis\u00e9es par les usagers<\/p>\n<p style=\"text-align: left;\">(2) Envoi de communications commerciales par voie postale ou courrier \u00e9lectronique<\/p>\n<\/td>\n<td style=\"text-align: left;\">(1) Int\u00e9r\u00eat l\u00e9gitime (art. 6.1 f) RGPD)<\/p>\n<p>(2) Consentement pour l\u2019envoi de communications commerciales par courrier \u00e9lectronique obtenu \u00e0 travers la case habilit\u00e9e \u00e0 cet effet (art. 6.1 a) RGPD)<\/td>\n<td style=\"text-align: left;\">Les donn\u00e9es seront c\u00e9d\u00e9es aux entreprises du groupe MECAMEPAL (MECAMEPAL, S.L et RECTIFICADOS TAMARRAF, S.L.U) auquel appartient FAYMASA.<\/p>\n<p>Les prestataires de services mentionn\u00e9s dans la rubrique 4.c) acc\u00e8deront \u00e0 ces donn\u00e9es.<\/td>\n<td style=\"text-align: left;\">Les donn\u00e9es seront conserv\u00e9es en accord avec la finalit\u00e9 et pour d\u00e9terminer les responsabilit\u00e9s.<\/td>\n<\/tr>\n<tr bgcolor=\"#dbdbdb\">\n<td>Formulaires Offres d\u2019emploi<\/td>\n<td>Gestion des processus de s\u00e9lection de personnel des entreprises du Groupe MECAMEPAL<\/td>\n<td>Consentement autoris\u00e9 lors de l\u2019envoi du Curriculum Vitae (art. 6.1 a) RGPD)<\/td>\n<td>Les donn\u00e9es seront c\u00e9d\u00e9es aux entreprises du groupe MECAMEPAL (MECAMEPAL, S.L et RECTIFICADOS TAMARRAF, S.L.U) auquel appartient FAYMASA.<\/p>\n<p>Les prestataires de services mentionn\u00e9s dans la rubrique 4.c) acc\u00e8deront \u00e0 ces donn\u00e9es.<\/td>\n<td>Les donn\u00e9es seront conserv\u00e9es durant un an \u00e0 partir de l\u2019envoi de votre Curriculum Vitae.<\/td>\n<\/tr>\n<tr>\n<td>Cookies<\/td>\n<td>Identification et analyse d\u2019activit\u00e9<\/td>\n<td>Consentement obtenu par le biais de l\u2019acceptation des conditions ou lors de votre navigation sur le site internet.<\/td>\n<td>Les donn\u00e9es ne seront pas c\u00e9d\u00e9es \u00e0 des tiers sauf obligation l\u00e9gale.<\/p>\n<p>Les prestataires de services mentionn\u00e9s dans la rubrique 4.c) acc\u00e8deront \u00e0 ces donn\u00e9es.<\/td>\n<td>Les donn\u00e9es seront conserv\u00e9es en accord avec la finalit\u00e9 et pour d\u00e9terminer les responsabilit\u00e9s.<\/td>\n<\/tr>\n<\/tbody>\n<\/table>\n<ol style=\"text-align: justify;\" start=\"6\">\n<li><strong>Traitement des donn\u00e9es personnelles des mineurs.<\/strong><\/li>\n<\/ol>\n<p>Les mineurs ne pourront pas utiliser les services disponibles sur le site internet sans l\u2019autorisation pr\u00e9alable de leurs parents, tuteurs ou repr\u00e9sentants l\u00e9gaux, qui seront seuls responsables de tous les actes r\u00e9alis\u00e9s par les mineurs \u00e0 leur charge sur le site internet, y compris le renseignement des formulaires de donn\u00e9es personnelles desdits mineurs et le marquage, selon le cas, des cases qui les accompagnent.<\/p>\n<ol style=\"text-align: justify;\" start=\"7\">\n<li><strong>Traitement des donn\u00e9es de tiers.<\/strong><\/li>\n<\/ol>\n<p>Il est possible que, dans certains cas, les usagers nous fournissent les donn\u00e9es de tierces personnes. Dans un tel cas, il est de votre responsabilit\u00e9 d\u2019en informer ces personnes ainsi que des termes dans lesquels FAYMASA va traiter leurs donn\u00e9es, et, si n\u00e9cessaire, d\u2019obtenir leur consentement ou celui de leurs repr\u00e9sentants l\u00e9gaux avant de nous livrer ladite information.<\/p>\n<ol style=\"text-align: justify;\" start=\"8\">\n<li><strong>Exercice de vos droits.<\/strong><\/li>\n<\/ol>\n<p>FAYMASA informe l\u2019usager qu\u2019il pourra exercer les droits suivants:<\/p>\n<ul>\n<li>Droit d\u2019acc\u00e8s \u00e0 ses donn\u00e9es personnelles pour savoir lesquels font l\u2019objet de traitement et les op\u00e9rations de traitement men\u00e9es \u00e0 terme avec eux;<\/li>\n<li>Droit de rectification de toute donn\u00e9e personnelle inexacte;<\/li>\n<li>Droit de suppression de vos donn\u00e9es personnelles, quand cela est possible;<\/li>\n<li>Droit \u00e0 solliciter la limitation du traitement de vos donn\u00e9es personnelles quand l\u2019exactitude, la l\u00e9galit\u00e9 ou la n\u00e9cessit\u00e9 de traitement des donn\u00e9es s\u2019av\u00e8re douteuse ; dans un tel cas, nous pourrons les conserver pour l\u2019exercice ou la d\u00e9fense de r\u00e9clamations;<\/li>\n<li>Droit \u00e0 la portabilit\u00e9 de vos donn\u00e9es personnelles, quand la base l\u00e9gale qui nous habilite \u00e0 les traiter selon les effets indiqu\u00e9s dans le tableau ci-dessus, est li\u00e9e \u00e0 une relation contractuelle ou un consentement;<\/li>\n<li>Droit d\u2019opposition au traitement de vos donn\u00e9es personnelles quand la base l\u00e9gale qui nous habilite \u00e0 les traiter selon les effets indiqu\u00e9s dans le tableau ci-dessus, est l\u2019int\u00e9r\u00eat l\u00e9gitime. A ces effets, nous cesserons de traiter vos donn\u00e9es sauf si nous avons un int\u00e9r\u00eat l\u00e9gitime imp\u00e9rieux ou pour la formulation, l\u2019exercice ou la d\u00e9fense de r\u00e9clamations.<\/li>\n<li>Droit \u00e0 r\u00e9voquer votre consentement \u00e0 tout moment.<\/li>\n<\/ul>\n<p>Vous pourrez exercer vos droits \u00e0 tout moment et gratuitement en envoyant un email, accompagn\u00e9 de la photocopie de votre carte d\u2019identit\u00e9 ou passeport \u00e0 <a href=\"mailto:datos@faymasa.com\">datos@faymasa.com<\/a> en indiquant le droit que vous souhaitez exercer et vos informations personnelles.<\/p>\n<p>Si vous consid\u00e9rez que nous n\u2019avons pas trait\u00e9 vos donn\u00e9es personnelles de mani\u00e8re ad\u00e9quate, vous pourrez \u00e0 nouveau contacter avec le DPD \u00e0 l\u2019adresse <a href=\"mailto:datos@faymasa.com\">datos@faymasa.com<\/a>. Toutefois, nous vous informons que vous avez le droit de porter plainte aupr\u00e8s de l\u2019Agence Espagnole de Protection des Donn\u00e9es (<a href=\"http:\/\/www.aepd.es)\">www.aepd.es)<\/a> si vous consid\u00e9rez que nous avons commis une infraction envers la loi en mati\u00e8re de protection des donn\u00e9es quant au traitement de vos donn\u00e9es personnelles.<\/p>\n<ol style=\"text-align: justify;\" start=\"9\">\n<li><strong> Cookies.<\/strong><\/li>\n<\/ol>\n<p>FAYMASA n\u2019utilisera des dispositifs de stockage et de r\u00e9cup\u00e9ration des donn\u00e9es (\u00ab\u00a0<strong>Cookies<\/strong>\u00a0\u00bb) que lorsque l\u2019usager aura donn\u00e9 son consentement pr\u00e9alable en accord avec les mentions indiqu\u00e9es dans la fen\u00eatre \u00e9mergente du navigateur de l\u2019usager lors de son premier acc\u00e8s au site internet et selon les autres termes et conditions indiqu\u00e9s dans la <a href=\"https:\/\/www.faymasa.com\/fr\/politica-de-cookies\/\"><strong><u>Politique de Cookies<\/u><\/strong><\/a> que tout usager doit conna\u00eetre.<\/p>\n<ol style=\"text-align: justify;\" start=\"10\">\n<li><strong>Mesures de s\u00e9curit\u00e9.<\/strong><\/li>\n<\/ol>\n<p>FAYMASA a implant\u00e9 les mesures de s\u00e9curit\u00e9 requises par le RGPD et la r\u00e9glementation compl\u00e9mentaire en accord avec la nature des donn\u00e9es qui font l\u2019objet d\u2019un traitement \u00e0 tout moment. Nonobstant ce qui pr\u00e9c\u00e8de, la s\u00e9curit\u00e9 technique pour un m\u00e9dia comme internet n\u2019est pas inexpugnable et les fautes intentionnelles de tiers peuvent exister, bien que FAYMASA mette tous les moyens en son pouvoir pour \u00e9viter de telles fautes.<\/p>\n","protected":false},"excerpt":{"rendered":"<p>Objet. La pr\u00e9sente politique de confidentialit\u00e9 a pour objet de faciliter \u00e0 l\u2019utilisateur du site internet www.faymasa.com (le \u00ab\u00a0Site Internet\u00a0\u00bb) l\u2019information sur l\u2019usage que r\u00e9alisera FABRICACI\u00d3N Y MANTENIMIENTO, S.A.U (ci-apr\u00e8s, \u00ab\u00a0FAYMASA\u00a0\u00bb) des donn\u00e9es personnelles obtenues \u00e0 travers celui-ci ainsi que des droits qui lui sont conf\u00e9r\u00e9s en vertu du R\u00e8glement [&hellip;]<\/p>\n","protected":false},"author":1,"featured_media":0,"parent":0,"menu_order":0,"comment_status":"closed","ping_status":"open","template":"","meta":{"_monsterinsights_skip_tracking":false,"_monsterinsights_sitenote_active":false,"_monsterinsights_sitenote_note":"","_monsterinsights_sitenote_category":0,"footnotes":""},"class_list":["post-2434","page","type-page","status-publish","hentry"],"yoast_head":"<!-- This site is optimized with the Yoast SEO plugin v25.5 - https:\/\/yoast.com\/wordpress\/plugins\/seo\/ -->\n<title>Politique de confidentialit\u00e9 - Faymasa - Ingenier\u00eda y mecanizados de precisi\u00f3n<\/title>\n<meta name=\"robots\" content=\"noindex, follow\" \/>\n<meta property=\"og:locale\" content=\"fr_FR\" \/>\n<meta property=\"og:type\" content=\"article\" \/>\n<meta property=\"og:title\" content=\"Politique de confidentialit\u00e9 - Faymasa - Ingenier\u00eda y mecanizados de precisi\u00f3n\" \/>\n<meta property=\"og:description\" content=\"Objet. La pr\u00e9sente politique de confidentialit\u00e9 a pour objet de faciliter \u00e0 l\u2019utilisateur du site internet www.faymasa.com (le \u00ab\u00a0Site Internet\u00a0\u00bb) l\u2019information sur l\u2019usage que r\u00e9alisera FABRICACI\u00d3N Y MANTENIMIENTO, S.A.U (ci-apr\u00e8s, \u00ab\u00a0FAYMASA\u00a0\u00bb) des donn\u00e9es personnelles obtenues \u00e0 travers celui-ci ainsi que des droits qui lui sont conf\u00e9r\u00e9s en vertu du R\u00e8glement [&hellip;]\" \/>\n<meta property=\"og:url\" content=\"https:\/\/www.faymasa.com\/fr\/politique-de-confidentialite\/\" \/>\n<meta property=\"og:site_name\" content=\"Faymasa - Ingenier\u00eda y mecanizados de precisi\u00f3n\" \/>\n<meta property=\"article:publisher\" content=\"https:\/\/www.facebook.com\/faymasa\/\" \/>\n<meta name=\"twitter:card\" content=\"summary_large_image\" \/>\n<meta name=\"twitter:site\" content=\"@FAYMASA1\" \/>\n<meta name=\"twitter:label1\" content=\"Dur\u00e9e de lecture estim\u00e9e\" \/>\n\t<meta name=\"twitter:data1\" content=\"9 minutes\" \/>\n<script type=\"application\/ld+json\" class=\"yoast-schema-graph\">{\"@context\":\"https:\/\/schema.org\",\"@graph\":[{\"@type\":\"WebPage\",\"@id\":\"https:\/\/www.faymasa.com\/fr\/politique-de-confidentialite\/\",\"url\":\"https:\/\/www.faymasa.com\/fr\/politique-de-confidentialite\/\",\"name\":\"Politique de confidentialit\u00e9 - Faymasa - Ingenier\u00eda y mecanizados de precisi\u00f3n\",\"isPartOf\":{\"@id\":\"https:\/\/www.faymasa.com\/fr\/#website\"},\"datePublished\":\"2019-09-25T08:21:35+00:00\",\"breadcrumb\":{\"@id\":\"https:\/\/www.faymasa.com\/fr\/politique-de-confidentialite\/#breadcrumb\"},\"inLanguage\":\"fr-FR\",\"potentialAction\":[{\"@type\":\"ReadAction\",\"target\":[\"https:\/\/www.faymasa.com\/fr\/politique-de-confidentialite\/\"]}]},{\"@type\":\"BreadcrumbList\",\"@id\":\"https:\/\/www.faymasa.com\/fr\/politique-de-confidentialite\/#breadcrumb\",\"itemListElement\":[{\"@type\":\"ListItem\",\"position\":1,\"name\":\"Home\",\"item\":\"https:\/\/www.faymasa.com\/fr\/\"},{\"@type\":\"ListItem\",\"position\":2,\"name\":\"Politique de confidentialit\u00e9\"}]},{\"@type\":\"WebSite\",\"@id\":\"https:\/\/www.faymasa.com\/fr\/#website\",\"url\":\"https:\/\/www.faymasa.com\/fr\/\",\"name\":\"Faymasa - Ingenier\u00eda y mecanizados de precisi\u00f3n\",\"description\":\"Empresa ubicada en Palencia que ofrece servicios profesionales de ingenier\u00eda y mecanizados de precisi\u00f3n\",\"publisher\":{\"@id\":\"https:\/\/www.faymasa.com\/fr\/#organization\"},\"potentialAction\":[{\"@type\":\"SearchAction\",\"target\":{\"@type\":\"EntryPoint\",\"urlTemplate\":\"https:\/\/www.faymasa.com\/fr\/?s={search_term_string}\"},\"query-input\":{\"@type\":\"PropertyValueSpecification\",\"valueRequired\":true,\"valueName\":\"search_term_string\"}}],\"inLanguage\":\"fr-FR\"},{\"@type\":\"Organization\",\"@id\":\"https:\/\/www.faymasa.com\/fr\/#organization\",\"name\":\"Faymasa - Ingenier\u00eda y mecanizados de precisi\u00f3n\",\"url\":\"https:\/\/www.faymasa.com\/fr\/\",\"logo\":{\"@type\":\"ImageObject\",\"inLanguage\":\"fr-FR\",\"@id\":\"https:\/\/www.faymasa.com\/fr\/#\/schema\/logo\/image\/\",\"url\":\"https:\/\/www.faymasa.com\/wp-content\/uploads\/2019\/03\/faymasa-logo-130-1.png\",\"contentUrl\":\"https:\/\/www.faymasa.com\/wp-content\/uploads\/2019\/03\/faymasa-logo-130-1.png\",\"width\":389,\"height\":130,\"caption\":\"Faymasa - Ingenier\u00eda y mecanizados de precisi\u00f3n\"},\"image\":{\"@id\":\"https:\/\/www.faymasa.com\/fr\/#\/schema\/logo\/image\/\"},\"sameAs\":[\"https:\/\/www.facebook.com\/faymasa\/\",\"https:\/\/x.com\/FAYMASA1\",\"https:\/\/www.instagram.com\/faymasa_palencia\/\",\"https:\/\/www.youtube.com\/user\/FAYMASAPAL\/feed\"]}]}<\/script>\n<!-- \/ Yoast SEO plugin. -->","yoast_head_json":{"title":"Politique de confidentialit\u00e9 - Faymasa - Ingenier\u00eda y mecanizados de precisi\u00f3n","robots":{"index":"noindex","follow":"follow"},"og_locale":"fr_FR","og_type":"article","og_title":"Politique de confidentialit\u00e9 - Faymasa - Ingenier\u00eda y mecanizados de precisi\u00f3n","og_description":"Objet. La pr\u00e9sente politique de confidentialit\u00e9 a pour objet de faciliter \u00e0 l\u2019utilisateur du site internet www.faymasa.com (le \u00ab\u00a0Site Internet\u00a0\u00bb) l\u2019information sur l\u2019usage que r\u00e9alisera FABRICACI\u00d3N Y MANTENIMIENTO, S.A.U (ci-apr\u00e8s, \u00ab\u00a0FAYMASA\u00a0\u00bb) des donn\u00e9es personnelles obtenues \u00e0 travers celui-ci ainsi que des droits qui lui sont conf\u00e9r\u00e9s en vertu du R\u00e8glement [&hellip;]","og_url":"https:\/\/www.faymasa.com\/fr\/politique-de-confidentialite\/","og_site_name":"Faymasa - Ingenier\u00eda y mecanizados de precisi\u00f3n","article_publisher":"https:\/\/www.facebook.com\/faymasa\/","twitter_card":"summary_large_image","twitter_site":"@FAYMASA1","twitter_misc":{"Dur\u00e9e de lecture estim\u00e9e":"9 minutes"},"schema":{"@context":"https:\/\/schema.org","@graph":[{"@type":"WebPage","@id":"https:\/\/www.faymasa.com\/fr\/politique-de-confidentialite\/","url":"https:\/\/www.faymasa.com\/fr\/politique-de-confidentialite\/","name":"Politique de confidentialit\u00e9 - Faymasa - Ingenier\u00eda y mecanizados de precisi\u00f3n","isPartOf":{"@id":"https:\/\/www.faymasa.com\/fr\/#website"},"datePublished":"2019-09-25T08:21:35+00:00","breadcrumb":{"@id":"https:\/\/www.faymasa.com\/fr\/politique-de-confidentialite\/#breadcrumb"},"inLanguage":"fr-FR","potentialAction":[{"@type":"ReadAction","target":["https:\/\/www.faymasa.com\/fr\/politique-de-confidentialite\/"]}]},{"@type":"BreadcrumbList","@id":"https:\/\/www.faymasa.com\/fr\/politique-de-confidentialite\/#breadcrumb","itemListElement":[{"@type":"ListItem","position":1,"name":"Home","item":"https:\/\/www.faymasa.com\/fr\/"},{"@type":"ListItem","position":2,"name":"Politique de confidentialit\u00e9"}]},{"@type":"WebSite","@id":"https:\/\/www.faymasa.com\/fr\/#website","url":"https:\/\/www.faymasa.com\/fr\/","name":"Faymasa - Ingenier\u00eda y mecanizados de precisi\u00f3n","description":"Empresa ubicada en Palencia que ofrece servicios profesionales de ingenier\u00eda y mecanizados de precisi\u00f3n","publisher":{"@id":"https:\/\/www.faymasa.com\/fr\/#organization"},"potentialAction":[{"@type":"SearchAction","target":{"@type":"EntryPoint","urlTemplate":"https:\/\/www.faymasa.com\/fr\/?s={search_term_string}"},"query-input":{"@type":"PropertyValueSpecification","valueRequired":true,"valueName":"search_term_string"}}],"inLanguage":"fr-FR"},{"@type":"Organization","@id":"https:\/\/www.faymasa.com\/fr\/#organization","name":"Faymasa - Ingenier\u00eda y mecanizados de precisi\u00f3n","url":"https:\/\/www.faymasa.com\/fr\/","logo":{"@type":"ImageObject","inLanguage":"fr-FR","@id":"https:\/\/www.faymasa.com\/fr\/#\/schema\/logo\/image\/","url":"https:\/\/www.faymasa.com\/wp-content\/uploads\/2019\/03\/faymasa-logo-130-1.png","contentUrl":"https:\/\/www.faymasa.com\/wp-content\/uploads\/2019\/03\/faymasa-logo-130-1.png","width":389,"height":130,"caption":"Faymasa - Ingenier\u00eda y mecanizados de precisi\u00f3n"},"image":{"@id":"https:\/\/www.faymasa.com\/fr\/#\/schema\/logo\/image\/"},"sameAs":["https:\/\/www.facebook.com\/faymasa\/","https:\/\/x.com\/FAYMASA1","https:\/\/www.instagram.com\/faymasa_palencia\/","https:\/\/www.youtube.com\/user\/FAYMASAPAL\/feed"]}]}},"_links":{"self":[{"href":"https:\/\/www.faymasa.com\/fr\/wp-json\/wp\/v2\/pages\/2434","targetHints":{"allow":["GET"]}}],"collection":[{"href":"https:\/\/www.faymasa.com\/fr\/wp-json\/wp\/v2\/pages"}],"about":[{"href":"https:\/\/www.faymasa.com\/fr\/wp-json\/wp\/v2\/types\/page"}],"author":[{"embeddable":true,"href":"https:\/\/www.faymasa.com\/fr\/wp-json\/wp\/v2\/users\/1"}],"replies":[{"embeddable":true,"href":"https:\/\/www.faymasa.com\/fr\/wp-json\/wp\/v2\/comments?post=2434"}],"version-history":[{"count":0,"href":"https:\/\/www.faymasa.com\/fr\/wp-json\/wp\/v2\/pages\/2434\/revisions"}],"wp:attachment":[{"href":"https:\/\/www.faymasa.com\/fr\/wp-json\/wp\/v2\/media?parent=2434"}],"curies":[{"name":"wp","href":"https:\/\/api.w.org\/{rel}","templated":true}]}}