{"id":2399,"date":"2019-09-24T10:30:25","date_gmt":"2019-09-24T08:30:25","guid":{"rendered":"https:\/\/www.faymasa.com\/equipe-humaine\/"},"modified":"2019-09-25T11:25:48","modified_gmt":"2019-09-25T09:25:48","slug":"equipe-humaine","status":"publish","type":"page","link":"https:\/\/www.faymasa.com\/fr\/equipe-humaine\/","title":{"rendered":"\u00c9quipe humaine"},"content":{"rendered":"<p><div class=\"fusion-fullwidth fullwidth-box fusion-builder-row-1 nonhundred-percent-fullwidth non-hundred-percent-height-scrolling\" style=\"--awb-border-radius-top-left:0px;--awb-border-radius-top-right:0px;--awb-border-radius-bottom-right:0px;--awb-border-radius-bottom-left:0px;--awb-flex-wrap:wrap;\" ><div class=\"fusion-builder-row fusion-row\"><div class=\"fusion-layout-column fusion_builder_column fusion-builder-column-0 fusion_builder_column_1_1 1_1 fusion-one-full fusion-column-first fusion-column-last\" style=\"--awb-bg-size:cover;\"><div class=\"fusion-column-wrapper fusion-flex-column-wrapper-legacy\"><div class=\"fusion-text fusion-text-1\"><p style=\"text-align: center;\">Chez Faymasa, nous sommes conscients que ce qui rend les entreprises grandes sont les personnes. C\u2019est pour cela que nous misons sur des professionnels hautement qualifi\u00e9s et en constante formation. Travailleurs cr\u00e9atifs et r\u00e9solu capables de travailler en \u00e9quipe et de trouver des solutions. <\/p>\n<\/div><div class=\"fusion-clearfix\"><\/div><\/div><\/div><\/div><\/div><div class=\"fusion-fullwidth fullwidth-box fusion-builder-row-2 nonhundred-percent-fullwidth non-hundred-percent-height-scrolling\" style=\"--awb-border-radius-top-left:0px;--awb-border-radius-top-right:0px;--awb-border-radius-bottom-right:0px;--awb-border-radius-bottom-left:0px;--awb-flex-wrap:wrap;\" ><div class=\"fusion-builder-row fusion-row\"><div class=\"fusion-layout-column fusion_builder_column fusion-builder-column-1 fusion_builder_column_1_5 1_5 fusion-one-fifth fusion-column-first\" style=\"--awb-bg-size:cover;width:20%;width:calc(20% - ( ( 4% ) * 0.2 ) );margin-right: 4%;\"><div class=\"fusion-column-wrapper fusion-flex-column-wrapper-legacy\"><div class=\"fusion-clearfix\"><\/div><\/div><\/div><div class=\"fusion-layout-column fusion_builder_column fusion-builder-column-2 fusion_builder_column_3_5 3_5 fusion-three-fifth fusion-column-last\" style=\"--awb-bg-size:cover;width:60%;width:calc(60% - ( ( 4% ) * 0.6 ) );\"><div class=\"fusion-column-wrapper fusion-flex-column-wrapper-legacy\"><div class=\"fusion-image-carousel fusion-image-carousel-auto fusion-image-carousel-1 carrusel-imagenes-margen\"><div class=\"awb-carousel awb-swiper awb-swiper-carousel\" data-autoplay=\"yes\" data-columns=\"1\" data-itemmargin=\"0\" data-itemwidth=\"180\" data-touchscroll=\"no\" data-imagesize=\"auto\" style=\"--awb-columns:1;--awb-column-spacing:0px;\"><div class=\"swiper-wrapper awb-image-carousel-wrapper fusion-flex-align-items-center\"><div class=\"swiper-slide\"><div class=\"fusion-carousel-item-wrapper\"><div class=\"fusion-image-wrapper hover-type-none\"><img decoding=\"async\" width=\"800\" height=\"600\" src=\"https:\/\/www.faymasa.com\/wp-content\/uploads\/2019\/03\/equipo-humano-8.jpg\" class=\"attachment-full size-full\" alt=\"\" srcset=\"https:\/\/www.faymasa.com\/wp-content\/uploads\/2019\/03\/equipo-humano-8-200x150.jpg 200w, https:\/\/www.faymasa.com\/wp-content\/uploads\/2019\/03\/equipo-humano-8-300x225.jpg 300w, https:\/\/www.faymasa.com\/wp-content\/uploads\/2019\/03\/equipo-humano-8-400x300.jpg 400w, https:\/\/www.faymasa.com\/wp-content\/uploads\/2019\/03\/equipo-humano-8-600x450.jpg 600w, https:\/\/www.faymasa.com\/wp-content\/uploads\/2019\/03\/equipo-humano-8-768x576.jpg 768w, https:\/\/www.faymasa.com\/wp-content\/uploads\/2019\/03\/equipo-humano-8.jpg 800w\" sizes=\"(max-width: 800px) 100vw, 800px\" \/><\/div><\/div><\/div><div class=\"swiper-slide\"><div class=\"fusion-carousel-item-wrapper\"><div class=\"fusion-image-wrapper hover-type-none\"><img decoding=\"async\" width=\"800\" height=\"600\" src=\"https:\/\/www.faymasa.com\/wp-content\/uploads\/2019\/03\/equipo-humano-2.jpg\" class=\"attachment-full size-full\" alt=\"\" srcset=\"https:\/\/www.faymasa.com\/wp-content\/uploads\/2019\/03\/equipo-humano-2-200x150.jpg 200w, https:\/\/www.faymasa.com\/wp-content\/uploads\/2019\/03\/equipo-humano-2-300x225.jpg 300w, https:\/\/www.faymasa.com\/wp-content\/uploads\/2019\/03\/equipo-humano-2-400x300.jpg 400w, https:\/\/www.faymasa.com\/wp-content\/uploads\/2019\/03\/equipo-humano-2-600x450.jpg 600w, https:\/\/www.faymasa.com\/wp-content\/uploads\/2019\/03\/equipo-humano-2-768x576.jpg 768w, https:\/\/www.faymasa.com\/wp-content\/uploads\/2019\/03\/equipo-humano-2.jpg 800w\" sizes=\"(max-width: 800px) 100vw, 800px\" \/><\/div><\/div><\/div><div class=\"swiper-slide\"><div class=\"fusion-carousel-item-wrapper\"><div class=\"fusion-image-wrapper hover-type-none\"><img decoding=\"async\" width=\"800\" height=\"600\" src=\"https:\/\/www.faymasa.com\/wp-content\/uploads\/2019\/03\/equipo-humano-7.jpg\" class=\"attachment-full size-full\" alt=\"\" srcset=\"https:\/\/www.faymasa.com\/wp-content\/uploads\/2019\/03\/equipo-humano-7-200x150.jpg 200w, https:\/\/www.faymasa.com\/wp-content\/uploads\/2019\/03\/equipo-humano-7-300x225.jpg 300w, https:\/\/www.faymasa.com\/wp-content\/uploads\/2019\/03\/equipo-humano-7-400x300.jpg 400w, https:\/\/www.faymasa.com\/wp-content\/uploads\/2019\/03\/equipo-humano-7-600x450.jpg 600w, https:\/\/www.faymasa.com\/wp-content\/uploads\/2019\/03\/equipo-humano-7-768x576.jpg 768w, https:\/\/www.faymasa.com\/wp-content\/uploads\/2019\/03\/equipo-humano-7.jpg 800w\" sizes=\"(max-width: 800px) 100vw, 800px\" \/><\/div><\/div><\/div><div class=\"swiper-slide\"><div class=\"fusion-carousel-item-wrapper\"><div class=\"fusion-image-wrapper hover-type-none\"><img decoding=\"async\" width=\"800\" height=\"600\" src=\"https:\/\/www.faymasa.com\/wp-content\/uploads\/2019\/03\/equipo-humano-1.jpg\" class=\"attachment-full size-full\" alt=\"\" srcset=\"https:\/\/www.faymasa.com\/wp-content\/uploads\/2019\/03\/equipo-humano-1-200x150.jpg 200w, https:\/\/www.faymasa.com\/wp-content\/uploads\/2019\/03\/equipo-humano-1-300x225.jpg 300w, https:\/\/www.faymasa.com\/wp-content\/uploads\/2019\/03\/equipo-humano-1-400x300.jpg 400w, https:\/\/www.faymasa.com\/wp-content\/uploads\/2019\/03\/equipo-humano-1-600x450.jpg 600w, https:\/\/www.faymasa.com\/wp-content\/uploads\/2019\/03\/equipo-humano-1-768x576.jpg 768w, https:\/\/www.faymasa.com\/wp-content\/uploads\/2019\/03\/equipo-humano-1.jpg 800w\" sizes=\"(max-width: 800px) 100vw, 800px\" \/><\/div><\/div><\/div><div class=\"swiper-slide\"><div class=\"fusion-carousel-item-wrapper\"><div class=\"fusion-image-wrapper hover-type-none\"><img decoding=\"async\" width=\"800\" height=\"600\" src=\"https:\/\/www.faymasa.com\/wp-content\/uploads\/2019\/03\/equipo-humano-6.jpg\" class=\"attachment-full size-full\" alt=\"\" srcset=\"https:\/\/www.faymasa.com\/wp-content\/uploads\/2019\/03\/equipo-humano-6-200x150.jpg 200w, https:\/\/www.faymasa.com\/wp-content\/uploads\/2019\/03\/equipo-humano-6-300x225.jpg 300w, https:\/\/www.faymasa.com\/wp-content\/uploads\/2019\/03\/equipo-humano-6-400x300.jpg 400w, https:\/\/www.faymasa.com\/wp-content\/uploads\/2019\/03\/equipo-humano-6-600x450.jpg 600w, https:\/\/www.faymasa.com\/wp-content\/uploads\/2019\/03\/equipo-humano-6-768x576.jpg 768w, https:\/\/www.faymasa.com\/wp-content\/uploads\/2019\/03\/equipo-humano-6.jpg 800w\" sizes=\"(max-width: 800px) 100vw, 800px\" \/><\/div><\/div><\/div><div class=\"swiper-slide\"><div class=\"fusion-carousel-item-wrapper\"><div class=\"fusion-image-wrapper hover-type-none\"><img decoding=\"async\" width=\"800\" height=\"600\" src=\"https:\/\/www.faymasa.com\/wp-content\/uploads\/2019\/03\/equipo-humano-5.jpg\" class=\"attachment-full size-full\" alt=\"\" srcset=\"https:\/\/www.faymasa.com\/wp-content\/uploads\/2019\/03\/equipo-humano-5-200x150.jpg 200w, https:\/\/www.faymasa.com\/wp-content\/uploads\/2019\/03\/equipo-humano-5-300x225.jpg 300w, https:\/\/www.faymasa.com\/wp-content\/uploads\/2019\/03\/equipo-humano-5-400x300.jpg 400w, https:\/\/www.faymasa.com\/wp-content\/uploads\/2019\/03\/equipo-humano-5-600x450.jpg 600w, https:\/\/www.faymasa.com\/wp-content\/uploads\/2019\/03\/equipo-humano-5-768x576.jpg 768w, https:\/\/www.faymasa.com\/wp-content\/uploads\/2019\/03\/equipo-humano-5.jpg 800w\" sizes=\"(max-width: 800px) 100vw, 800px\" \/><\/div><\/div><\/div><\/div><div class=\"awb-swiper-button awb-swiper-button-prev\"><i class=\"awb-icon-angle-left\" aria-hidden=\"true\"><\/i><\/div><div class=\"awb-swiper-button awb-swiper-button-next\"><i class=\"awb-icon-angle-right\" aria-hidden=\"true\"><\/i><\/div><\/div><\/div><div class=\"fusion-clearfix\"><\/div><\/div><\/div><\/div><\/div><div class=\"fusion-fullwidth fullwidth-box fusion-builder-row-3 nonhundred-percent-fullwidth non-hundred-percent-height-scrolling\" style=\"--awb-border-radius-top-left:0px;--awb-border-radius-top-right:0px;--awb-border-radius-bottom-right:0px;--awb-border-radius-bottom-left:0px;--awb-background-color:#e8e8e8;--awb-flex-wrap:wrap;\" ><div class=\"fusion-builder-row fusion-row\"><div class=\"fusion-layout-column fusion_builder_column fusion-builder-column-3 fusion_builder_column_1_1 1_1 fusion-one-full fusion-column-first fusion-column-last\" style=\"--awb-padding-top:50px;--awb-padding-bottom:50px;--awb-bg-size:cover;--awb-margin-bottom:0px;\"><div class=\"fusion-column-wrapper fusion-flex-column-wrapper-legacy\"><div class=\"fusion-aligncenter\"><a class=\"fusion-button button-flat button-xlarge button-custom fusion-button-default button-1 fusion-button-default-span \" style=\"--button_accent_color:#11235b;--button_accent_hover_color:#ffffff;--button_border_hover_color:#ffffff;--button_border_width-top:1px;--button_border_width-right:1px;--button_border_width-bottom:1px;--button_border_width-left:1px;--button-border-radius-top-left:25px;--button-border-radius-top-right:25px;--button-border-radius-bottom-right:25px;--button-border-radius-bottom-left:25px;--button_gradient_top_color:rgba(255,255,255,0);--button_gradient_bottom_color:rgba(255,255,255,0);--button_gradient_top_color_hover:#11235b;--button_gradient_bottom_color_hover:#11235b;--button_text_transform:uppercase;\" target=\"_self\" href=\"http:\/\/www.faymasa.com\/fr\/trabaja-con-nosotros\/\"><span class=\"fusion-button-text\">OFFRES D\u2019EMPLOI<\/span><\/a><\/div><div class=\"fusion-clearfix\"><\/div><\/div><\/div><\/div><\/div><div class=\"fusion-fullwidth fullwidth-box fusion-builder-row-4 fusion-parallax-fixed nonhundred-percent-fullwidth non-hundred-percent-height-scrolling\" style=\"--awb-border-radius-top-left:0px;--awb-border-radius-top-right:0px;--awb-border-radius-bottom-right:0px;--awb-border-radius-bottom-left:0px;--awb-padding-top:100px;--awb-padding-bottom:100px;--awb-margin-bottom:0px;--awb-background-image:url(&quot;http:\/\/www.faymasa.com\/wp-content\/uploads\/2019\/03\/fondo-humano-2.jpg&quot;);--awb-background-size:cover;--awb-flex-wrap:wrap;background-attachment:fixed;\" ><div class=\"fusion-builder-row fusion-row\"><div class=\"fusion-layout-column fusion_builder_column fusion-builder-column-4 fusion_builder_column_1_1 1_1 fusion-one-full fusion-column-first fusion-column-last\" style=\"--awb-bg-size:cover;--awb-margin-top:30px;--awb-margin-bottom:30px;\"><div class=\"fusion-column-wrapper fusion-flex-column-wrapper-legacy\"><div class=\"fusion-text fusion-text-2\"><h2 style=\"font-weight: 400; text-align: center; font-size: 2em;\"><span style=\"color: #ffffff;\"><strong>L\u2019\u00c9QUIPE HUMAINE LA PLUS QUALIFI\u00c9E<\/strong><\/span><\/h2>\n<\/div><div class=\"fusion-clearfix\"><\/div><\/div><\/div><div class=\"fusion-layout-column fusion_builder_column fusion-builder-column-5 fusion_builder_column_1_1 1_1 fusion-one-full fusion-column-first fusion-column-last\" style=\"--awb-bg-size:cover;\"><div class=\"fusion-column-wrapper fusion-flex-column-wrapper-legacy\"><div class=\"fusion-text fusion-text-3\"><p style=\"text-align: center;\"><span style=\"color: #ffffff;\">Le talent de Faymasa est form\u00e9 par une \u00e9quipe pluridisciplinaire qui base son exp\u00e9rience sur plus de 30 ans dans le secteur.<\/span><\/p>\n<p style=\"text-align: center;\"><span style=\"color: #ffffff;\">Actuellement, nous offrons nos services \u00e0 l\u2019international.<\/span><\/p>\n<\/div><div class=\"fusion-clearfix\"><\/div><\/div><\/div><\/div><\/div><div class=\"fusion-fullwidth fullwidth-box fusion-builder-row-5 nonhundred-percent-fullwidth non-hundred-percent-height-scrolling\" style=\"--awb-border-radius-top-left:0px;--awb-border-radius-top-right:0px;--awb-border-radius-bottom-right:0px;--awb-border-radius-bottom-left:0px;--awb-background-color:#ff9800;--awb-flex-wrap:wrap;\" ><div class=\"fusion-builder-row fusion-row\"><div class=\"fusion-layout-column fusion_builder_column fusion-builder-column-6 fusion_builder_column_1_1 1_1 fusion-one-full fusion-column-first fusion-column-last\" style=\"--awb-padding-top:50px;--awb-padding-bottom:50px;--awb-bg-size:cover;--awb-margin-bottom:0px;\"><div class=\"fusion-column-wrapper fusion-flex-column-wrapper-legacy\"><div class=\"fusion-text fusion-text-4\"><p style=\"text-align: center; font-size: 26px;\"><span style=\"color: #ffffff;\"><strong>NOTRE EXP\u00c9RIENCE NOUS PERMET D\u2019OFFRIR DES PRIX HAUTEMENT COMP\u00c9TITIFS<\/strong><\/span><\/p>\n<\/div><div class=\"fusion-sep-clear\"><\/div><div class=\"fusion-separator fusion-full-width-sep\" style=\"margin-left: auto;margin-right: auto;margin-top:20px;width:100%;\"><\/div><div class=\"fusion-sep-clear\"><\/div><div class=\"fusion-aligncenter\"><a class=\"fusion-button button-flat button-xlarge button-custom fusion-button-default button-2 fusion-button-default-span \" style=\"--button_accent_color:#ffffff;--button_accent_hover_color:#ff9800;--button_border_hover_color:#ff9800;--button_border_width-top:1px;--button_border_width-right:1px;--button_border_width-bottom:1px;--button_border_width-left:1px;--button-border-radius-top-left:25px;--button-border-radius-top-right:25px;--button-border-radius-bottom-right:25px;--button-border-radius-bottom-left:25px;--button_gradient_top_color:rgba(255,255,255,0);--button_gradient_bottom_color:rgba(255,255,255,0);--button_gradient_top_color_hover:#ffffff;--button_gradient_bottom_color_hover:#ffffff;--button_text_transform:uppercase;\" target=\"_self\" href=\"https:\/\/www.faymasa.com\/fr\/contact\/\"><span class=\"fusion-button-text\">CONTACTEZ-NOUS<\/span><\/a><\/div><div class=\"fusion-clearfix\"><\/div><\/div><\/div><\/div><\/div><\/p>\n","protected":false},"excerpt":{"rendered":"","protected":false},"author":1,"featured_media":0,"parent":0,"menu_order":0,"comment_status":"closed","ping_status":"closed","template":"100-width.php","meta":{"_monsterinsights_skip_tracking":false,"_monsterinsights_sitenote_active":false,"_monsterinsights_sitenote_note":"","_monsterinsights_sitenote_category":0,"footnotes":""},"class_list":["post-2399","page","type-page","status-publish","hentry"],"yoast_head":"<!-- This site is optimized with the Yoast SEO plugin v25.5 - https:\/\/yoast.com\/wordpress\/plugins\/seo\/ -->\n<title>\u00c9quipe humaine - Faymasa - Ingenier\u00eda y mecanizados de precisi\u00f3n<\/title>\n<meta name=\"description\" content=\"En Faymasa somos conscientes de que las empresas las hacen grandes las personas. Apostamos por profesionales creativos, resolutivos en constante formaci\u00f3n.\" \/>\n<meta name=\"robots\" content=\"index, follow, max-snippet:-1, max-image-preview:large, max-video-preview:-1\" \/>\n<link rel=\"canonical\" href=\"https:\/\/www.faymasa.com\/fr\/equipe-humaine\/\" \/>\n<meta property=\"og:locale\" content=\"fr_FR\" \/>\n<meta property=\"og:type\" content=\"article\" \/>\n<meta property=\"og:title\" content=\"\u00c9quipe humaine - Faymasa - Ingenier\u00eda y mecanizados de precisi\u00f3n\" \/>\n<meta property=\"og:description\" content=\"En Faymasa somos conscientes de que las empresas las hacen grandes las personas. Apostamos por profesionales creativos, resolutivos en constante formaci\u00f3n.\" \/>\n<meta property=\"og:url\" content=\"https:\/\/www.faymasa.com\/fr\/equipe-humaine\/\" \/>\n<meta property=\"og:site_name\" content=\"Faymasa - Ingenier\u00eda y mecanizados de precisi\u00f3n\" \/>\n<meta property=\"article:publisher\" content=\"https:\/\/www.facebook.com\/faymasa\/\" \/>\n<meta property=\"article:modified_time\" content=\"2019-09-25T09:25:48+00:00\" \/>\n<meta name=\"twitter:card\" content=\"summary_large_image\" \/>\n<meta name=\"twitter:site\" content=\"@FAYMASA1\" \/>\n<meta name=\"twitter:label1\" content=\"Dur\u00e9e de lecture estim\u00e9e\" \/>\n\t<meta name=\"twitter:data1\" content=\"8 minutes\" \/>\n<script type=\"application\/ld+json\" class=\"yoast-schema-graph\">{\"@context\":\"https:\/\/schema.org\",\"@graph\":[{\"@type\":\"WebPage\",\"@id\":\"https:\/\/www.faymasa.com\/fr\/equipe-humaine\/\",\"url\":\"https:\/\/www.faymasa.com\/fr\/equipe-humaine\/\",\"name\":\"\u00c9quipe humaine - Faymasa - Ingenier\u00eda y mecanizados de precisi\u00f3n\",\"isPartOf\":{\"@id\":\"https:\/\/www.faymasa.com\/fr\/#website\"},\"datePublished\":\"2019-09-24T08:30:25+00:00\",\"dateModified\":\"2019-09-25T09:25:48+00:00\",\"description\":\"En Faymasa somos conscientes de que las empresas las hacen grandes las personas. Apostamos por profesionales creativos, resolutivos en constante formaci\u00f3n.\",\"breadcrumb\":{\"@id\":\"https:\/\/www.faymasa.com\/fr\/equipe-humaine\/#breadcrumb\"},\"inLanguage\":\"fr-FR\",\"potentialAction\":[{\"@type\":\"ReadAction\",\"target\":[\"https:\/\/www.faymasa.com\/fr\/equipe-humaine\/\"]}]},{\"@type\":\"BreadcrumbList\",\"@id\":\"https:\/\/www.faymasa.com\/fr\/equipe-humaine\/#breadcrumb\",\"itemListElement\":[{\"@type\":\"ListItem\",\"position\":1,\"name\":\"Home\",\"item\":\"https:\/\/www.faymasa.com\/fr\/\"},{\"@type\":\"ListItem\",\"position\":2,\"name\":\"\u00c9quipe humaine\"}]},{\"@type\":\"WebSite\",\"@id\":\"https:\/\/www.faymasa.com\/fr\/#website\",\"url\":\"https:\/\/www.faymasa.com\/fr\/\",\"name\":\"Faymasa - Ingenier\u00eda y mecanizados de precisi\u00f3n\",\"description\":\"Empresa ubicada en Palencia que ofrece servicios profesionales de ingenier\u00eda y mecanizados de precisi\u00f3n\",\"publisher\":{\"@id\":\"https:\/\/www.faymasa.com\/fr\/#organization\"},\"potentialAction\":[{\"@type\":\"SearchAction\",\"target\":{\"@type\":\"EntryPoint\",\"urlTemplate\":\"https:\/\/www.faymasa.com\/fr\/?s={search_term_string}\"},\"query-input\":{\"@type\":\"PropertyValueSpecification\",\"valueRequired\":true,\"valueName\":\"search_term_string\"}}],\"inLanguage\":\"fr-FR\"},{\"@type\":\"Organization\",\"@id\":\"https:\/\/www.faymasa.com\/fr\/#organization\",\"name\":\"Faymasa - Ingenier\u00eda y mecanizados de precisi\u00f3n\",\"url\":\"https:\/\/www.faymasa.com\/fr\/\",\"logo\":{\"@type\":\"ImageObject\",\"inLanguage\":\"fr-FR\",\"@id\":\"https:\/\/www.faymasa.com\/fr\/#\/schema\/logo\/image\/\",\"url\":\"https:\/\/www.faymasa.com\/wp-content\/uploads\/2019\/03\/faymasa-logo-130-1.png\",\"contentUrl\":\"https:\/\/www.faymasa.com\/wp-content\/uploads\/2019\/03\/faymasa-logo-130-1.png\",\"width\":389,\"height\":130,\"caption\":\"Faymasa - Ingenier\u00eda y mecanizados de precisi\u00f3n\"},\"image\":{\"@id\":\"https:\/\/www.faymasa.com\/fr\/#\/schema\/logo\/image\/\"},\"sameAs\":[\"https:\/\/www.facebook.com\/faymasa\/\",\"https:\/\/x.com\/FAYMASA1\",\"https:\/\/www.instagram.com\/faymasa_palencia\/\",\"https:\/\/www.youtube.com\/user\/FAYMASAPAL\/feed\"]}]}<\/script>\n<!-- \/ Yoast SEO plugin. -->","yoast_head_json":{"title":"\u00c9quipe humaine - Faymasa - Ingenier\u00eda y mecanizados de precisi\u00f3n","description":"En Faymasa somos conscientes de que las empresas las hacen grandes las personas. Apostamos por profesionales creativos, resolutivos en constante formaci\u00f3n.","robots":{"index":"index","follow":"follow","max-snippet":"max-snippet:-1","max-image-preview":"max-image-preview:large","max-video-preview":"max-video-preview:-1"},"canonical":"https:\/\/www.faymasa.com\/fr\/equipe-humaine\/","og_locale":"fr_FR","og_type":"article","og_title":"\u00c9quipe humaine - Faymasa - Ingenier\u00eda y mecanizados de precisi\u00f3n","og_description":"En Faymasa somos conscientes de que las empresas las hacen grandes las personas. Apostamos por profesionales creativos, resolutivos en constante formaci\u00f3n.","og_url":"https:\/\/www.faymasa.com\/fr\/equipe-humaine\/","og_site_name":"Faymasa - Ingenier\u00eda y mecanizados de precisi\u00f3n","article_publisher":"https:\/\/www.facebook.com\/faymasa\/","article_modified_time":"2019-09-25T09:25:48+00:00","twitter_card":"summary_large_image","twitter_site":"@FAYMASA1","twitter_misc":{"Dur\u00e9e de lecture estim\u00e9e":"8 minutes"},"schema":{"@context":"https:\/\/schema.org","@graph":[{"@type":"WebPage","@id":"https:\/\/www.faymasa.com\/fr\/equipe-humaine\/","url":"https:\/\/www.faymasa.com\/fr\/equipe-humaine\/","name":"\u00c9quipe humaine - Faymasa - Ingenier\u00eda y mecanizados de precisi\u00f3n","isPartOf":{"@id":"https:\/\/www.faymasa.com\/fr\/#website"},"datePublished":"2019-09-24T08:30:25+00:00","dateModified":"2019-09-25T09:25:48+00:00","description":"En Faymasa somos conscientes de que las empresas las hacen grandes las personas. Apostamos por profesionales creativos, resolutivos en constante formaci\u00f3n.","breadcrumb":{"@id":"https:\/\/www.faymasa.com\/fr\/equipe-humaine\/#breadcrumb"},"inLanguage":"fr-FR","potentialAction":[{"@type":"ReadAction","target":["https:\/\/www.faymasa.com\/fr\/equipe-humaine\/"]}]},{"@type":"BreadcrumbList","@id":"https:\/\/www.faymasa.com\/fr\/equipe-humaine\/#breadcrumb","itemListElement":[{"@type":"ListItem","position":1,"name":"Home","item":"https:\/\/www.faymasa.com\/fr\/"},{"@type":"ListItem","position":2,"name":"\u00c9quipe humaine"}]},{"@type":"WebSite","@id":"https:\/\/www.faymasa.com\/fr\/#website","url":"https:\/\/www.faymasa.com\/fr\/","name":"Faymasa - Ingenier\u00eda y mecanizados de precisi\u00f3n","description":"Empresa ubicada en Palencia que ofrece servicios profesionales de ingenier\u00eda y mecanizados de precisi\u00f3n","publisher":{"@id":"https:\/\/www.faymasa.com\/fr\/#organization"},"potentialAction":[{"@type":"SearchAction","target":{"@type":"EntryPoint","urlTemplate":"https:\/\/www.faymasa.com\/fr\/?s={search_term_string}"},"query-input":{"@type":"PropertyValueSpecification","valueRequired":true,"valueName":"search_term_string"}}],"inLanguage":"fr-FR"},{"@type":"Organization","@id":"https:\/\/www.faymasa.com\/fr\/#organization","name":"Faymasa - Ingenier\u00eda y mecanizados de precisi\u00f3n","url":"https:\/\/www.faymasa.com\/fr\/","logo":{"@type":"ImageObject","inLanguage":"fr-FR","@id":"https:\/\/www.faymasa.com\/fr\/#\/schema\/logo\/image\/","url":"https:\/\/www.faymasa.com\/wp-content\/uploads\/2019\/03\/faymasa-logo-130-1.png","contentUrl":"https:\/\/www.faymasa.com\/wp-content\/uploads\/2019\/03\/faymasa-logo-130-1.png","width":389,"height":130,"caption":"Faymasa - Ingenier\u00eda y mecanizados de precisi\u00f3n"},"image":{"@id":"https:\/\/www.faymasa.com\/fr\/#\/schema\/logo\/image\/"},"sameAs":["https:\/\/www.facebook.com\/faymasa\/","https:\/\/x.com\/FAYMASA1","https:\/\/www.instagram.com\/faymasa_palencia\/","https:\/\/www.youtube.com\/user\/FAYMASAPAL\/feed"]}]}},"_links":{"self":[{"href":"https:\/\/www.faymasa.com\/fr\/wp-json\/wp\/v2\/pages\/2399","targetHints":{"allow":["GET"]}}],"collection":[{"href":"https:\/\/www.faymasa.com\/fr\/wp-json\/wp\/v2\/pages"}],"about":[{"href":"https:\/\/www.faymasa.com\/fr\/wp-json\/wp\/v2\/types\/page"}],"author":[{"embeddable":true,"href":"https:\/\/www.faymasa.com\/fr\/wp-json\/wp\/v2\/users\/1"}],"replies":[{"embeddable":true,"href":"https:\/\/www.faymasa.com\/fr\/wp-json\/wp\/v2\/comments?post=2399"}],"version-history":[{"count":3,"href":"https:\/\/www.faymasa.com\/fr\/wp-json\/wp\/v2\/pages\/2399\/revisions"}],"predecessor-version":[{"id":2458,"href":"https:\/\/www.faymasa.com\/fr\/wp-json\/wp\/v2\/pages\/2399\/revisions\/2458"}],"wp:attachment":[{"href":"https:\/\/www.faymasa.com\/fr\/wp-json\/wp\/v2\/media?parent=2399"}],"curies":[{"name":"wp","href":"https:\/\/api.w.org\/{rel}","templated":true}]}}