{"id":2378,"date":"2019-09-24T10:02:17","date_gmt":"2019-09-24T08:02:17","guid":{"rendered":"https:\/\/www.faymasa.com\/machines\/fraisage\/"},"modified":"2019-09-24T10:02:18","modified_gmt":"2019-09-24T08:02:18","slug":"fraisage","status":"publish","type":"page","link":"https:\/\/www.faymasa.com\/fr\/machines\/fraisage\/","title":{"rendered":"Fraisage"},"content":{"rendered":"<p><div class=\"fusion-fullwidth fullwidth-box fusion-builder-row-1 nonhundred-percent-fullwidth non-hundred-percent-height-scrolling\" style=\"--awb-border-radius-top-left:0px;--awb-border-radius-top-right:0px;--awb-border-radius-bottom-right:0px;--awb-border-radius-bottom-left:0px;--awb-flex-wrap:wrap;\" ><div class=\"fusion-builder-row fusion-row\"><div class=\"fusion-layout-column fusion_builder_column fusion-builder-column-0 fusion_builder_column_1_2 1_2 fusion-one-half fusion-column-first\" style=\"--awb-bg-size:cover;width:50%;width:calc(50% - ( ( 4% ) * 0.5 ) );margin-right: 4%;\"><div class=\"fusion-column-wrapper fusion-flex-column-wrapper-legacy\"><div class=\"fusion-image-element in-legacy-container\" style=\"--awb-caption-title-font-family:var(--h2_typography-font-family);--awb-caption-title-font-weight:var(--h2_typography-font-weight);--awb-caption-title-font-style:var(--h2_typography-font-style);--awb-caption-title-size:var(--h2_typography-font-size);--awb-caption-title-transform:var(--h2_typography-text-transform);--awb-caption-title-line-height:var(--h2_typography-line-height);--awb-caption-title-letter-spacing:var(--h2_typography-letter-spacing);\"><span class=\" fusion-imageframe imageframe-none imageframe-1 hover-type-none\"><a href=\"https:\/\/www.faymasa.com\/wp-content\/uploads\/2019\/03\/Fresadora-de-puente-de-mesa-m\u00f3vil-ZAYER-KPCU-4000.jpg\" class=\"fusion-lightbox\" data-rel=\"iLightbox[8595ded5ce97e284d56]\" data-title=\"Fresadora de puente de mesa m\u00f3vil ZAYER KPCU-4000\" title=\"Fresadora de puente de mesa m\u00f3vil ZAYER KPCU-4000\"><img decoding=\"async\" width=\"800\" height=\"600\" alt=\"Fresadora de puente de mesa m\u00f3vil ZAYER KPCU-4000\" src=\"https:\/\/www.faymasa.com\/wp-content\/uploads\/2019\/03\/Fresadora-de-puente-de-mesa-m\u00f3vil-ZAYER-KPCU-4000.jpg\" class=\"img-responsive wp-image-2109\" srcset=\"https:\/\/www.faymasa.com\/wp-content\/uploads\/2019\/03\/Fresadora-de-puente-de-mesa-m\u00f3vil-ZAYER-KPCU-4000-200x150.jpg 200w, https:\/\/www.faymasa.com\/wp-content\/uploads\/2019\/03\/Fresadora-de-puente-de-mesa-m\u00f3vil-ZAYER-KPCU-4000-400x300.jpg 400w, https:\/\/www.faymasa.com\/wp-content\/uploads\/2019\/03\/Fresadora-de-puente-de-mesa-m\u00f3vil-ZAYER-KPCU-4000-600x450.jpg 600w, https:\/\/www.faymasa.com\/wp-content\/uploads\/2019\/03\/Fresadora-de-puente-de-mesa-m\u00f3vil-ZAYER-KPCU-4000.jpg 800w\" sizes=\"(max-width: 1025px) 100vw, 600px\" \/><\/a><\/span><\/div><div class=\"fusion-clearfix\"><\/div><\/div><\/div><div class=\"fusion-layout-column fusion_builder_column fusion-builder-column-1 fusion_builder_column_1_2 1_2 fusion-one-half fusion-column-last\" style=\"--awb-bg-size:cover;width:50%;width:calc(50% - ( ( 4% ) * 0.5 ) );\"><div class=\"fusion-column-wrapper fusion-flex-column-wrapper-legacy\"><div class=\"fusion-text fusion-text-1\"><h3><span style=\"color: #11235b; font-size: 24px;\"><strong>FRAISEUSE PONT AVEC TABLE MOBILE ZAYER KPCU-4000<\/strong><\/span><\/h3>\n<\/div><div class=\"fusion-sep-clear\"><\/div><div class=\"fusion-separator fusion-full-width-sep\" style=\"margin-left: auto;margin-right: auto;margin-top:0px;margin-bottom:10px;width:100%;\"><div class=\"fusion-separator-border sep-single sep-solid\" style=\"--awb-height:20px;--awb-amount:20px;--awb-sep-color:#11235b;border-color:#11235b;border-top-width:1px;\"><\/div><\/div><div class=\"fusion-sep-clear\"><\/div><div class=\"fusion-text fusion-text-2\"><ul>\n<li>Contr\u00f4le num\u00e9rique HEIDENHAIN<\/li>\n<li>Table de 4.000 x 2.000 mm.<\/li>\n<li>Course longitudinale 4.000 mm.<\/li>\n<li>Passage entre montants 2.800 mm.\u00a0\u200b.<\/li>\n<li>Course verticale 1.100 mm.<\/li>\n<li>Tour automatique \u00e0 2 t\u00eates<\/li>\n<\/ul>\n<\/div><div class=\"fusion-clearfix\"><\/div><\/div><\/div><div class=\"fusion-layout-column fusion_builder_column fusion-builder-column-2 fusion_builder_column_1_1 1_1 fusion-one-full fusion-column-first fusion-column-last\" style=\"--awb-bg-size:cover;\"><div class=\"fusion-column-wrapper fusion-flex-column-wrapper-legacy\"><div class=\"fusion-sep-clear\"><\/div><div class=\"fusion-separator fusion-full-width-sep\" style=\"margin-left: auto;margin-right: auto;margin-top:10px;margin-bottom:10px;width:100%;\"><div class=\"fusion-separator-border sep-single sep-solid\" style=\"--awb-height:20px;--awb-amount:20px;--awb-sep-color:#e8e8e8;border-color:#e8e8e8;border-top-width:1px;\"><\/div><\/div><div class=\"fusion-sep-clear\"><\/div><div class=\"fusion-clearfix\"><\/div><\/div><\/div><\/div><\/div><div class=\"fusion-fullwidth fullwidth-box fusion-builder-row-2 nonhundred-percent-fullwidth non-hundred-percent-height-scrolling\" style=\"--awb-border-radius-top-left:0px;--awb-border-radius-top-right:0px;--awb-border-radius-bottom-right:0px;--awb-border-radius-bottom-left:0px;--awb-flex-wrap:wrap;\" ><div class=\"fusion-builder-row fusion-row\"><div class=\"fusion-layout-column fusion_builder_column fusion-builder-column-3 fusion_builder_column_1_2 1_2 fusion-one-half fusion-column-first\" style=\"--awb-bg-size:cover;width:50%;width:calc(50% - ( ( 4% ) * 0.5 ) );margin-right: 4%;\"><div class=\"fusion-column-wrapper fusion-flex-column-wrapper-legacy\"><div class=\"fusion-image-element in-legacy-container\" style=\"--awb-caption-title-font-family:var(--h2_typography-font-family);--awb-caption-title-font-weight:var(--h2_typography-font-weight);--awb-caption-title-font-style:var(--h2_typography-font-style);--awb-caption-title-size:var(--h2_typography-font-size);--awb-caption-title-transform:var(--h2_typography-text-transform);--awb-caption-title-line-height:var(--h2_typography-line-height);--awb-caption-title-letter-spacing:var(--h2_typography-letter-spacing);\"><span class=\" fusion-imageframe imageframe-none imageframe-2 hover-type-none\"><a href=\"https:\/\/www.faymasa.com\/wp-content\/uploads\/2019\/05\/FRESADORA-BANCADA-FIJA-COLUMNA-M\u00d3VIL-CORREA-L-30-58.jpg\" class=\"fusion-lightbox\" data-rel=\"iLightbox[9a360b168a2014c48bc]\" data-title=\"FRESADORA BANCADA FIJA COLUMNA M\u00d3VIL CORREA L-30-58\" title=\"FRESADORA BANCADA FIJA COLUMNA M\u00d3VIL CORREA L-30-58\"><img decoding=\"async\" width=\"1000\" height=\"990\" src=\"https:\/\/www.faymasa.com\/wp-content\/uploads\/2019\/05\/FRESADORA-BANCADA-FIJA-COLUMNA-M\u00d3VIL-CORREA-L-30-58.jpg\" alt class=\"img-responsive wp-image-1621\" srcset=\"https:\/\/www.faymasa.com\/wp-content\/uploads\/2019\/05\/FRESADORA-BANCADA-FIJA-COLUMNA-M\u00d3VIL-CORREA-L-30-58-200x198.jpg 200w, https:\/\/www.faymasa.com\/wp-content\/uploads\/2019\/05\/FRESADORA-BANCADA-FIJA-COLUMNA-M\u00d3VIL-CORREA-L-30-58-400x396.jpg 400w, https:\/\/www.faymasa.com\/wp-content\/uploads\/2019\/05\/FRESADORA-BANCADA-FIJA-COLUMNA-M\u00d3VIL-CORREA-L-30-58-600x594.jpg 600w, https:\/\/www.faymasa.com\/wp-content\/uploads\/2019\/05\/FRESADORA-BANCADA-FIJA-COLUMNA-M\u00d3VIL-CORREA-L-30-58-800x792.jpg 800w, https:\/\/www.faymasa.com\/wp-content\/uploads\/2019\/05\/FRESADORA-BANCADA-FIJA-COLUMNA-M\u00d3VIL-CORREA-L-30-58.jpg 1000w\" sizes=\"(max-width: 1025px) 100vw, 600px\" \/><\/a><\/span><\/div><div class=\"fusion-clearfix\"><\/div><\/div><\/div><div class=\"fusion-layout-column fusion_builder_column fusion-builder-column-4 fusion_builder_column_1_2 1_2 fusion-one-half fusion-column-last\" style=\"--awb-bg-size:cover;width:50%;width:calc(50% - ( ( 4% ) * 0.5 ) );\"><div class=\"fusion-column-wrapper fusion-flex-column-wrapper-legacy\"><div class=\"fusion-text fusion-text-3\"><h3><span style=\"color: #11235b; font-size: 24px;\"><strong>FRAISEUSE \u00c0 BANC FIXE COLONNE MOBILE CORREA L-30\/58<\/strong><\/span><\/h3>\n<\/div><div class=\"fusion-sep-clear\"><\/div><div class=\"fusion-separator fusion-full-width-sep\" style=\"margin-left: auto;margin-right: auto;margin-top:0px;margin-bottom:10px;width:100%;\"><div class=\"fusion-separator-border sep-single sep-solid\" style=\"--awb-height:20px;--awb-amount:20px;--awb-sep-color:#11235b;border-color:#11235b;border-top-width:1px;\"><\/div><\/div><div class=\"fusion-sep-clear\"><\/div><div class=\"fusion-text fusion-text-4\"><ul>\n<li>Contr\u00f4le num\u00e9rique HEIDENHAIN<\/li>\n<li>Table de 7.650 x 1.000 mm.<\/li>\n<li>Course longitudinale 5.850 mm.<\/li>\n<li>Course Transversale 1.200 mm<\/li>\n<li>Course verticale 1.500 mm.<\/li>\n<li>Charge sur table : 25 t.<\/li>\n<li>Tour automatique \u00e0 t\u00eate. UDG<\/li>\n<\/ul>\n<\/div><div class=\"fusion-clearfix\"><\/div><\/div><\/div><div class=\"fusion-layout-column fusion_builder_column fusion-builder-column-5 fusion_builder_column_1_1 1_1 fusion-one-full fusion-column-first fusion-column-last\" style=\"--awb-bg-size:cover;\"><div class=\"fusion-column-wrapper fusion-flex-column-wrapper-legacy\"><div class=\"fusion-sep-clear\"><\/div><div class=\"fusion-separator fusion-full-width-sep\" style=\"margin-left: auto;margin-right: auto;margin-top:10px;margin-bottom:10px;width:100%;\"><div class=\"fusion-separator-border sep-single sep-solid\" style=\"--awb-height:20px;--awb-amount:20px;--awb-sep-color:#e8e8e8;border-color:#e8e8e8;border-top-width:1px;\"><\/div><\/div><div class=\"fusion-sep-clear\"><\/div><div class=\"fusion-clearfix\"><\/div><\/div><\/div><\/div><\/div><div class=\"fusion-fullwidth fullwidth-box fusion-builder-row-3 nonhundred-percent-fullwidth non-hundred-percent-height-scrolling\" style=\"--awb-border-radius-top-left:0px;--awb-border-radius-top-right:0px;--awb-border-radius-bottom-right:0px;--awb-border-radius-bottom-left:0px;--awb-flex-wrap:wrap;\" ><div class=\"fusion-builder-row fusion-row\"><div class=\"fusion-layout-column fusion_builder_column fusion-builder-column-6 fusion_builder_column_1_1 1_1 fusion-one-full fusion-column-first fusion-column-last\" style=\"--awb-bg-size:cover;\"><div class=\"fusion-column-wrapper fusion-flex-column-wrapper-legacy\"><div class=\"fusion-text fusion-text-5\"><h3><span style=\"color: #11235b; font-size: 24px;\"><strong>AUTRES MACHINES<\/strong><\/span><\/h3>\n<\/div><div class=\"accordian fusion-accordian\" style=\"--awb-border-size:1px;--awb-icon-size:13px;--awb-content-font-size:1em;--awb-icon-alignment:left;--awb-hover-color:#f9f9f9;--awb-border-color:#cccccc;--awb-background-color:#ffffff;--awb-divider-color:#e0dede;--awb-divider-hover-color:#e0dede;--awb-icon-color:#ffffff;--awb-title-color:#333333;--awb-content-color:#595959;--awb-icon-box-color:#333333;--awb-toggle-hover-accent-color:#11235b;--awb-title-font-family:&quot;Bai Jamjuree&quot;;--awb-title-font-weight:700;--awb-title-font-style:normal;--awb-content-font-family:&quot;Bai Jamjuree&quot;;--awb-content-font-style:normal;--awb-content-font-weight:400;\"><div class=\"panel-group fusion-toggle-icon-boxed\" id=\"accordion-2378-1\"><div class=\"fusion-panel panel-default panel-a9d74855934c9b381 fusion-toggle-has-divider\"><div class=\"panel-heading\"><h4 class=\"panel-title toggle\" id=\"toggle_a9d74855934c9b381\"><a aria-expanded=\"false\" aria-controls=\"a9d74855934c9b381\" role=\"button\" data-toggle=\"collapse\" data-parent=\"#accordion-2378-1\" data-target=\"#a9d74855934c9b381\" href=\"#a9d74855934c9b381\"><span class=\"fusion-toggle-icon-wrapper\" aria-hidden=\"true\"><i class=\"fa-fusion-box active-icon awb-icon-minus\" aria-hidden=\"true\"><\/i><i class=\"fa-fusion-box inactive-icon awb-icon-plus\" aria-hidden=\"true\"><\/i><\/span><span class=\"fusion-toggle-heading\"> FRAISEUSE \u00c0 TABLE MOBILE CORREA A-30\/30<\/span><\/a><\/h4><\/div><div id=\"a9d74855934c9b381\" class=\"panel-collapse collapse \" aria-labelledby=\"toggle_a9d74855934c9b381\"><div class=\"panel-body toggle-content fusion-clearfix\">\n<ul>\n<li>Contr\u00f4le num\u00e9rique HEIDENHAIN<\/li>\n<li>Table de 3.500 x 1.100 mm.<\/li>\n<li>Course longitudinale 3.000 mm.<\/li>\n<li>Course Transversale 1.200 mm<\/li>\n<li>Course verticale 1.500 mm.<\/li>\n<li>Charge sur table : 8 t.<\/li>\n<li>Tour automatique \u00e0 t\u00eate. UDG<\/li>\n<\/ul>\n<\/div><\/div><\/div><div class=\"fusion-panel panel-default panel-a2187de3587b54bcd fusion-toggle-has-divider\"><div class=\"panel-heading\"><h4 class=\"panel-title toggle\" id=\"toggle_a2187de3587b54bcd\"><a aria-expanded=\"false\" aria-controls=\"a2187de3587b54bcd\" role=\"button\" data-toggle=\"collapse\" data-parent=\"#accordion-2378-1\" data-target=\"#a2187de3587b54bcd\" href=\"#a2187de3587b54bcd\"><span class=\"fusion-toggle-icon-wrapper\" aria-hidden=\"true\"><i class=\"fa-fusion-box active-icon awb-icon-minus\" aria-hidden=\"true\"><\/i><i class=\"fa-fusion-box inactive-icon awb-icon-plus\" aria-hidden=\"true\"><\/i><\/span><span class=\"fusion-toggle-heading\">FRAISEUSE CORREA A 25-40<\/span><\/a><\/h4><\/div><div id=\"a2187de3587b54bcd\" class=\"panel-collapse collapse \" aria-labelledby=\"toggle_a2187de3587b54bcd\"><div class=\"panel-body toggle-content fusion-clearfix\">\n<ul>\n<li>Contr\u00f4le num\u00e9rique HEIDENHAIN<\/li>\n<li>Table de 4.500 x 1.000 mm.<\/li>\n<li>Course longitudinale 4.000 mm.<\/li>\n<li>Course Transversale 1.200 mm<\/li>\n<li>Course verticale 1.000 mm.<\/li>\n<li>Connexions au syst\u00e8me CAD-CAM<\/li>\n<\/ul>\n<\/div><\/div><\/div><div class=\"fusion-panel panel-default panel-975beafabdd4196fd fusion-toggle-has-divider\"><div class=\"panel-heading\"><h4 class=\"panel-title toggle\" id=\"toggle_975beafabdd4196fd\"><a aria-expanded=\"false\" aria-controls=\"975beafabdd4196fd\" role=\"button\" data-toggle=\"collapse\" data-parent=\"#accordion-2378-1\" data-target=\"#975beafabdd4196fd\" href=\"#975beafabdd4196fd\"><span class=\"fusion-toggle-icon-wrapper\" aria-hidden=\"true\"><i class=\"fa-fusion-box active-icon awb-icon-minus\" aria-hidden=\"true\"><\/i><i class=\"fa-fusion-box inactive-icon awb-icon-plus\" aria-hidden=\"true\"><\/i><\/span><span class=\"fusion-toggle-heading\">FRAISEUSE CORREA A 16<\/span><\/a><\/h4><\/div><div id=\"975beafabdd4196fd\" class=\"panel-collapse collapse \" aria-labelledby=\"toggle_975beafabdd4196fd\"><div class=\"panel-body toggle-content fusion-clearfix\">\n<ul>\n<li>Contr\u00f4le num\u00e9rique HEIDENHAIN<\/li>\n<li>Table de 2.000 x 630 mm.<\/li>\n<li>Course longitudinale 1.800 mm.<\/li>\n<li>Course Transversale 800 mm<\/li>\n<li>Course verticale 800 mm.<\/li>\n<li>Connexions au syst\u00e8me CAD-CAM<\/li>\n<\/ul>\n<\/div><\/div><\/div><div class=\"fusion-panel panel-default panel-a322125e426badb87 fusion-toggle-has-divider\"><div class=\"panel-heading\"><h4 class=\"panel-title toggle\" id=\"toggle_a322125e426badb87\"><a aria-expanded=\"false\" aria-controls=\"a322125e426badb87\" role=\"button\" data-toggle=\"collapse\" data-parent=\"#accordion-2378-1\" data-target=\"#a322125e426badb87\" href=\"#a322125e426badb87\"><span class=\"fusion-toggle-icon-wrapper\" aria-hidden=\"true\"><i class=\"fa-fusion-box active-icon awb-icon-minus\" aria-hidden=\"true\"><\/i><i class=\"fa-fusion-box inactive-icon awb-icon-plus\" aria-hidden=\"true\"><\/i><\/span><span class=\"fusion-toggle-heading\">FRAISEUSE CORREA A 10<\/span><\/a><\/h4><\/div><div id=\"a322125e426badb87\" class=\"panel-collapse collapse \" aria-labelledby=\"toggle_a322125e426badb87\"><div class=\"panel-body toggle-content fusion-clearfix\">\n<ul>\n<li>Contr\u00f4le num\u00e9rique HEIDENHAIN<\/li>\n<li>Table de 1.700 x 630 mm.<\/li>\n<li>Course longitudinale 1.300 mm.<\/li>\n<li>Course Transversale 630 mm<\/li>\n<li>Course verticale 630 mm.<\/li>\n<\/ul>\n<\/div><\/div><\/div><div class=\"fusion-panel panel-default panel-1b6ad5542994a7297 fusion-toggle-has-divider\"><div class=\"panel-heading\"><h4 class=\"panel-title toggle\" id=\"toggle_1b6ad5542994a7297\"><a aria-expanded=\"false\" aria-controls=\"1b6ad5542994a7297\" role=\"button\" data-toggle=\"collapse\" data-parent=\"#accordion-2378-1\" data-target=\"#1b6ad5542994a7297\" href=\"#1b6ad5542994a7297\"><span class=\"fusion-toggle-icon-wrapper\" aria-hidden=\"true\"><i class=\"fa-fusion-box active-icon awb-icon-minus\" aria-hidden=\"true\"><\/i><i class=\"fa-fusion-box inactive-icon awb-icon-plus\" aria-hidden=\"true\"><\/i><\/span><span class=\"fusion-toggle-heading\">FRAISEUSE CORREA A 20<\/span><\/a><\/h4><\/div><div id=\"1b6ad5542994a7297\" class=\"panel-collapse collapse \" aria-labelledby=\"toggle_1b6ad5542994a7297\"><div class=\"panel-body toggle-content fusion-clearfix\">\n<ul>\n<li>Contr\u00f4le num\u00e9rique HEIDENHAIN<\/li>\n<li>Table de 2.500 x 800 mm.<\/li>\n<li>Course longitudinale 2.500 mm.<\/li>\n<li>Course Transversale 1.000 mm<\/li>\n<li>Course verticale 1.000 mm.<\/li>\n<li>Connexions au syst\u00e8me CAD-CAM<\/li>\n<\/ul>\n<\/div><\/div><\/div><\/div><\/div><div class=\"fusion-clearfix\"><\/div><\/div><\/div><\/div><\/div><\/p>\n","protected":false},"excerpt":{"rendered":"","protected":false},"author":1,"featured_media":0,"parent":2372,"menu_order":0,"comment_status":"closed","ping_status":"closed","template":"100-width.php","meta":{"_monsterinsights_skip_tracking":false,"_monsterinsights_sitenote_active":false,"_monsterinsights_sitenote_note":"","_monsterinsights_sitenote_category":0,"footnotes":""},"class_list":["post-2378","page","type-page","status-publish","hentry"],"yoast_head":"<!-- This site is optimized with the Yoast SEO plugin v25.5 - https:\/\/yoast.com\/wordpress\/plugins\/seo\/ -->\n<title>Fraisage - Faymasa - Ingenier\u00eda y mecanizados de precisi\u00f3n<\/title>\n<meta name=\"description\" content=\"Nous disposons de machines sp\u00e9cialis\u00e9es en fraisage de hautes prestations. Faymasa offre des services de fraisage autant \u00e0 l\u2019\u00e9chelle nationale qu\u2019internationale.\" \/>\n<meta name=\"robots\" content=\"index, follow, max-snippet:-1, max-image-preview:large, max-video-preview:-1\" \/>\n<link rel=\"canonical\" href=\"https:\/\/www.faymasa.com\/fr\/machines\/fraisage\/\" \/>\n<meta property=\"og:locale\" content=\"fr_FR\" \/>\n<meta property=\"og:type\" content=\"article\" \/>\n<meta property=\"og:title\" content=\"Fraisage - Faymasa - Ingenier\u00eda y mecanizados de precisi\u00f3n\" \/>\n<meta property=\"og:description\" content=\"Nous disposons de machines sp\u00e9cialis\u00e9es en fraisage de hautes prestations. Faymasa offre des services de fraisage autant \u00e0 l\u2019\u00e9chelle nationale qu\u2019internationale.\" \/>\n<meta property=\"og:url\" content=\"https:\/\/www.faymasa.com\/fr\/machines\/fraisage\/\" \/>\n<meta property=\"og:site_name\" content=\"Faymasa - Ingenier\u00eda y mecanizados de precisi\u00f3n\" \/>\n<meta property=\"article:publisher\" content=\"https:\/\/www.facebook.com\/faymasa\/\" \/>\n<meta property=\"article:modified_time\" content=\"2019-09-24T08:02:18+00:00\" \/>\n<meta name=\"twitter:card\" content=\"summary_large_image\" \/>\n<meta name=\"twitter:site\" content=\"@FAYMASA1\" \/>\n<meta name=\"twitter:label1\" content=\"Dur\u00e9e de lecture estim\u00e9e\" \/>\n\t<meta name=\"twitter:data1\" content=\"7 minutes\" \/>\n<script type=\"application\/ld+json\" class=\"yoast-schema-graph\">{\"@context\":\"https:\/\/schema.org\",\"@graph\":[{\"@type\":\"WebPage\",\"@id\":\"https:\/\/www.faymasa.com\/fr\/machines\/fraisage\/\",\"url\":\"https:\/\/www.faymasa.com\/fr\/machines\/fraisage\/\",\"name\":\"Fraisage - Faymasa - Ingenier\u00eda y mecanizados de precisi\u00f3n\",\"isPartOf\":{\"@id\":\"https:\/\/www.faymasa.com\/fr\/#website\"},\"datePublished\":\"2019-09-24T08:02:17+00:00\",\"dateModified\":\"2019-09-24T08:02:18+00:00\",\"description\":\"Nous disposons de machines sp\u00e9cialis\u00e9es en fraisage de hautes prestations. Faymasa offre des services de fraisage autant \u00e0 l\u2019\u00e9chelle nationale qu\u2019internationale.\",\"breadcrumb\":{\"@id\":\"https:\/\/www.faymasa.com\/fr\/machines\/fraisage\/#breadcrumb\"},\"inLanguage\":\"fr-FR\",\"potentialAction\":[{\"@type\":\"ReadAction\",\"target\":[\"https:\/\/www.faymasa.com\/fr\/machines\/fraisage\/\"]}]},{\"@type\":\"BreadcrumbList\",\"@id\":\"https:\/\/www.faymasa.com\/fr\/machines\/fraisage\/#breadcrumb\",\"itemListElement\":[{\"@type\":\"ListItem\",\"position\":1,\"name\":\"Home\",\"item\":\"https:\/\/www.faymasa.com\/fr\/\"},{\"@type\":\"ListItem\",\"position\":2,\"name\":\"Machines\",\"item\":\"https:\/\/www.faymasa.com\/fr\/machines\/\"},{\"@type\":\"ListItem\",\"position\":3,\"name\":\"Fraisage\"}]},{\"@type\":\"WebSite\",\"@id\":\"https:\/\/www.faymasa.com\/fr\/#website\",\"url\":\"https:\/\/www.faymasa.com\/fr\/\",\"name\":\"Faymasa - Ingenier\u00eda y mecanizados de precisi\u00f3n\",\"description\":\"Empresa ubicada en Palencia que ofrece servicios profesionales de ingenier\u00eda y mecanizados de precisi\u00f3n\",\"publisher\":{\"@id\":\"https:\/\/www.faymasa.com\/fr\/#organization\"},\"potentialAction\":[{\"@type\":\"SearchAction\",\"target\":{\"@type\":\"EntryPoint\",\"urlTemplate\":\"https:\/\/www.faymasa.com\/fr\/?s={search_term_string}\"},\"query-input\":{\"@type\":\"PropertyValueSpecification\",\"valueRequired\":true,\"valueName\":\"search_term_string\"}}],\"inLanguage\":\"fr-FR\"},{\"@type\":\"Organization\",\"@id\":\"https:\/\/www.faymasa.com\/fr\/#organization\",\"name\":\"Faymasa - Ingenier\u00eda y mecanizados de precisi\u00f3n\",\"url\":\"https:\/\/www.faymasa.com\/fr\/\",\"logo\":{\"@type\":\"ImageObject\",\"inLanguage\":\"fr-FR\",\"@id\":\"https:\/\/www.faymasa.com\/fr\/#\/schema\/logo\/image\/\",\"url\":\"https:\/\/www.faymasa.com\/wp-content\/uploads\/2019\/03\/faymasa-logo-130-1.png\",\"contentUrl\":\"https:\/\/www.faymasa.com\/wp-content\/uploads\/2019\/03\/faymasa-logo-130-1.png\",\"width\":389,\"height\":130,\"caption\":\"Faymasa - Ingenier\u00eda y mecanizados de precisi\u00f3n\"},\"image\":{\"@id\":\"https:\/\/www.faymasa.com\/fr\/#\/schema\/logo\/image\/\"},\"sameAs\":[\"https:\/\/www.facebook.com\/faymasa\/\",\"https:\/\/x.com\/FAYMASA1\",\"https:\/\/www.instagram.com\/faymasa_palencia\/\",\"https:\/\/www.youtube.com\/user\/FAYMASAPAL\/feed\"]}]}<\/script>\n<!-- \/ Yoast SEO plugin. -->","yoast_head_json":{"title":"Fraisage - Faymasa - Ingenier\u00eda y mecanizados de precisi\u00f3n","description":"Nous disposons de machines sp\u00e9cialis\u00e9es en fraisage de hautes prestations. Faymasa offre des services de fraisage autant \u00e0 l\u2019\u00e9chelle nationale qu\u2019internationale.","robots":{"index":"index","follow":"follow","max-snippet":"max-snippet:-1","max-image-preview":"max-image-preview:large","max-video-preview":"max-video-preview:-1"},"canonical":"https:\/\/www.faymasa.com\/fr\/machines\/fraisage\/","og_locale":"fr_FR","og_type":"article","og_title":"Fraisage - Faymasa - Ingenier\u00eda y mecanizados de precisi\u00f3n","og_description":"Nous disposons de machines sp\u00e9cialis\u00e9es en fraisage de hautes prestations. Faymasa offre des services de fraisage autant \u00e0 l\u2019\u00e9chelle nationale qu\u2019internationale.","og_url":"https:\/\/www.faymasa.com\/fr\/machines\/fraisage\/","og_site_name":"Faymasa - Ingenier\u00eda y mecanizados de precisi\u00f3n","article_publisher":"https:\/\/www.facebook.com\/faymasa\/","article_modified_time":"2019-09-24T08:02:18+00:00","twitter_card":"summary_large_image","twitter_site":"@FAYMASA1","twitter_misc":{"Dur\u00e9e de lecture estim\u00e9e":"7 minutes"},"schema":{"@context":"https:\/\/schema.org","@graph":[{"@type":"WebPage","@id":"https:\/\/www.faymasa.com\/fr\/machines\/fraisage\/","url":"https:\/\/www.faymasa.com\/fr\/machines\/fraisage\/","name":"Fraisage - Faymasa - Ingenier\u00eda y mecanizados de precisi\u00f3n","isPartOf":{"@id":"https:\/\/www.faymasa.com\/fr\/#website"},"datePublished":"2019-09-24T08:02:17+00:00","dateModified":"2019-09-24T08:02:18+00:00","description":"Nous disposons de machines sp\u00e9cialis\u00e9es en fraisage de hautes prestations. Faymasa offre des services de fraisage autant \u00e0 l\u2019\u00e9chelle nationale qu\u2019internationale.","breadcrumb":{"@id":"https:\/\/www.faymasa.com\/fr\/machines\/fraisage\/#breadcrumb"},"inLanguage":"fr-FR","potentialAction":[{"@type":"ReadAction","target":["https:\/\/www.faymasa.com\/fr\/machines\/fraisage\/"]}]},{"@type":"BreadcrumbList","@id":"https:\/\/www.faymasa.com\/fr\/machines\/fraisage\/#breadcrumb","itemListElement":[{"@type":"ListItem","position":1,"name":"Home","item":"https:\/\/www.faymasa.com\/fr\/"},{"@type":"ListItem","position":2,"name":"Machines","item":"https:\/\/www.faymasa.com\/fr\/machines\/"},{"@type":"ListItem","position":3,"name":"Fraisage"}]},{"@type":"WebSite","@id":"https:\/\/www.faymasa.com\/fr\/#website","url":"https:\/\/www.faymasa.com\/fr\/","name":"Faymasa - Ingenier\u00eda y mecanizados de precisi\u00f3n","description":"Empresa ubicada en Palencia que ofrece servicios profesionales de ingenier\u00eda y mecanizados de precisi\u00f3n","publisher":{"@id":"https:\/\/www.faymasa.com\/fr\/#organization"},"potentialAction":[{"@type":"SearchAction","target":{"@type":"EntryPoint","urlTemplate":"https:\/\/www.faymasa.com\/fr\/?s={search_term_string}"},"query-input":{"@type":"PropertyValueSpecification","valueRequired":true,"valueName":"search_term_string"}}],"inLanguage":"fr-FR"},{"@type":"Organization","@id":"https:\/\/www.faymasa.com\/fr\/#organization","name":"Faymasa - Ingenier\u00eda y mecanizados de precisi\u00f3n","url":"https:\/\/www.faymasa.com\/fr\/","logo":{"@type":"ImageObject","inLanguage":"fr-FR","@id":"https:\/\/www.faymasa.com\/fr\/#\/schema\/logo\/image\/","url":"https:\/\/www.faymasa.com\/wp-content\/uploads\/2019\/03\/faymasa-logo-130-1.png","contentUrl":"https:\/\/www.faymasa.com\/wp-content\/uploads\/2019\/03\/faymasa-logo-130-1.png","width":389,"height":130,"caption":"Faymasa - Ingenier\u00eda y mecanizados de precisi\u00f3n"},"image":{"@id":"https:\/\/www.faymasa.com\/fr\/#\/schema\/logo\/image\/"},"sameAs":["https:\/\/www.facebook.com\/faymasa\/","https:\/\/x.com\/FAYMASA1","https:\/\/www.instagram.com\/faymasa_palencia\/","https:\/\/www.youtube.com\/user\/FAYMASAPAL\/feed"]}]}},"_links":{"self":[{"href":"https:\/\/www.faymasa.com\/fr\/wp-json\/wp\/v2\/pages\/2378","targetHints":{"allow":["GET"]}}],"collection":[{"href":"https:\/\/www.faymasa.com\/fr\/wp-json\/wp\/v2\/pages"}],"about":[{"href":"https:\/\/www.faymasa.com\/fr\/wp-json\/wp\/v2\/types\/page"}],"author":[{"embeddable":true,"href":"https:\/\/www.faymasa.com\/fr\/wp-json\/wp\/v2\/users\/1"}],"replies":[{"embeddable":true,"href":"https:\/\/www.faymasa.com\/fr\/wp-json\/wp\/v2\/comments?post=2378"}],"version-history":[{"count":2,"href":"https:\/\/www.faymasa.com\/fr\/wp-json\/wp\/v2\/pages\/2378\/revisions"}],"predecessor-version":[{"id":2380,"href":"https:\/\/www.faymasa.com\/fr\/wp-json\/wp\/v2\/pages\/2378\/revisions\/2380"}],"up":[{"embeddable":true,"href":"https:\/\/www.faymasa.com\/fr\/wp-json\/wp\/v2\/pages\/2372"}],"wp:attachment":[{"href":"https:\/\/www.faymasa.com\/fr\/wp-json\/wp\/v2\/media?parent=2378"}],"curies":[{"name":"wp","href":"https:\/\/api.w.org\/{rel}","templated":true}]}}