{"id":2375,"date":"2019-09-24T09:56:17","date_gmt":"2019-09-24T07:56:17","guid":{"rendered":"https:\/\/www.faymasa.com\/machines\/soudage\/"},"modified":"2019-10-03T10:11:15","modified_gmt":"2019-10-03T08:11:15","slug":"soudage","status":"publish","type":"page","link":"https:\/\/www.faymasa.com\/fr\/machines\/soudage\/","title":{"rendered":"Soudage"},"content":{"rendered":"<p><div class=\"fusion-fullwidth fullwidth-box fusion-builder-row-1 nonhundred-percent-fullwidth non-hundred-percent-height-scrolling\" style=\"--awb-border-radius-top-left:0px;--awb-border-radius-top-right:0px;--awb-border-radius-bottom-right:0px;--awb-border-radius-bottom-left:0px;--awb-flex-wrap:wrap;\" ><div class=\"fusion-builder-row fusion-row\"><div class=\"fusion-layout-column fusion_builder_column fusion-builder-column-0 fusion_builder_column_1_2 1_2 fusion-one-half fusion-column-first\" style=\"--awb-bg-size:cover;width:50%;width:calc(50% - ( ( 4% ) * 0.5 ) );margin-right: 4%;\"><div class=\"fusion-column-wrapper fusion-flex-column-wrapper-legacy\"><div class=\"fusion-image-element in-legacy-container\" style=\"--awb-caption-title-font-family:var(--h2_typography-font-family);--awb-caption-title-font-weight:var(--h2_typography-font-weight);--awb-caption-title-font-style:var(--h2_typography-font-style);--awb-caption-title-size:var(--h2_typography-font-size);--awb-caption-title-transform:var(--h2_typography-text-transform);--awb-caption-title-line-height:var(--h2_typography-line-height);--awb-caption-title-letter-spacing:var(--h2_typography-letter-spacing);\"><span class=\" fusion-imageframe imageframe-none imageframe-1 hover-type-none\"><a href=\"https:\/\/www.faymasa.com\/wp-content\/uploads\/2019\/03\/mesa-de-plasma-nitrurada-marca-siegmund.jpg\" class=\"fusion-lightbox\" data-rel=\"iLightbox[8cba331faa90710b718]\" data-title=\"Mesa de plasma nitrurada marca siegmund\" title=\"Mesa de plasma nitrurada marca siegmund\"><img decoding=\"async\" width=\"1000\" height=\"1000\" src=\"https:\/\/www.faymasa.com\/wp-content\/uploads\/2019\/03\/mesa-de-plasma-nitrurada-marca-siegmund.jpg\" alt class=\"img-responsive wp-image-1587\" srcset=\"https:\/\/www.faymasa.com\/wp-content\/uploads\/2019\/03\/mesa-de-plasma-nitrurada-marca-siegmund-200x200.jpg 200w, https:\/\/www.faymasa.com\/wp-content\/uploads\/2019\/03\/mesa-de-plasma-nitrurada-marca-siegmund-400x400.jpg 400w, https:\/\/www.faymasa.com\/wp-content\/uploads\/2019\/03\/mesa-de-plasma-nitrurada-marca-siegmund-600x600.jpg 600w, https:\/\/www.faymasa.com\/wp-content\/uploads\/2019\/03\/mesa-de-plasma-nitrurada-marca-siegmund-800x800.jpg 800w, https:\/\/www.faymasa.com\/wp-content\/uploads\/2019\/03\/mesa-de-plasma-nitrurada-marca-siegmund.jpg 1000w\" sizes=\"(max-width: 1025px) 100vw, 600px\" \/><\/a><\/span><\/div><div class=\"fusion-clearfix\"><\/div><\/div><\/div><div class=\"fusion-layout-column fusion_builder_column fusion-builder-column-1 fusion_builder_column_1_2 1_2 fusion-one-half fusion-column-last\" style=\"--awb-bg-size:cover;width:50%;width:calc(50% - ( ( 4% ) * 0.5 ) );\"><div class=\"fusion-column-wrapper fusion-flex-column-wrapper-legacy\"><div class=\"fusion-text fusion-text-1\"><h3><span style=\"color: #11235b; font-size: 24px;\"><strong>TABLE NITRUR\u00c9E PLASMA DE LA MARQUE SIEGMUND<\/strong><\/span><\/h3>\n<\/div><div class=\"fusion-sep-clear\"><\/div><div class=\"fusion-separator fusion-full-width-sep\" style=\"margin-left: auto;margin-right: auto;margin-top:0px;margin-bottom:10px;width:100%;\"><div class=\"fusion-separator-border sep-single sep-solid\" style=\"--awb-height:20px;--awb-amount:20px;--awb-sep-color:#11235b;border-color:#11235b;border-top-width:1px;\"><\/div><\/div><div class=\"fusion-sep-clear\"><\/div><div class=\"fusion-text fusion-text-2\"><ul>\n<li>Table nitrur\u00e9e plasma de la marque Siegmund aux dimensions : 2400 x 1200 mm.<\/li>\n<\/ul>\n<\/div><div class=\"fusion-clearfix\"><\/div><\/div><\/div><div class=\"fusion-layout-column fusion_builder_column fusion-builder-column-2 fusion_builder_column_1_1 1_1 fusion-one-full fusion-column-first fusion-column-last\" style=\"--awb-bg-size:cover;\"><div class=\"fusion-column-wrapper fusion-flex-column-wrapper-legacy\"><div class=\"fusion-sep-clear\"><\/div><div class=\"fusion-separator fusion-full-width-sep\" style=\"margin-left: auto;margin-right: auto;margin-top:10px;margin-bottom:10px;width:100%;\"><div class=\"fusion-separator-border sep-single sep-solid\" style=\"--awb-height:20px;--awb-amount:20px;--awb-sep-color:#e8e8e8;border-color:#e8e8e8;border-top-width:1px;\"><\/div><\/div><div class=\"fusion-sep-clear\"><\/div><div class=\"fusion-clearfix\"><\/div><\/div><\/div><\/div><\/div><div class=\"fusion-fullwidth fullwidth-box fusion-builder-row-2 nonhundred-percent-fullwidth non-hundred-percent-height-scrolling\" style=\"--awb-border-radius-top-left:0px;--awb-border-radius-top-right:0px;--awb-border-radius-bottom-right:0px;--awb-border-radius-bottom-left:0px;--awb-flex-wrap:wrap;\" ><div class=\"fusion-builder-row fusion-row\"><div class=\"fusion-layout-column fusion_builder_column fusion-builder-column-3 fusion_builder_column_1_2 1_2 fusion-one-half fusion-column-first\" style=\"--awb-bg-size:cover;width:50%;width:calc(50% - ( ( 4% ) * 0.5 ) );margin-right: 4%;\"><div class=\"fusion-column-wrapper fusion-flex-column-wrapper-legacy\"><div class=\"fusion-image-element in-legacy-container\" style=\"--awb-caption-title-font-family:var(--h2_typography-font-family);--awb-caption-title-font-weight:var(--h2_typography-font-weight);--awb-caption-title-font-style:var(--h2_typography-font-style);--awb-caption-title-size:var(--h2_typography-font-size);--awb-caption-title-transform:var(--h2_typography-text-transform);--awb-caption-title-line-height:var(--h2_typography-line-height);--awb-caption-title-letter-spacing:var(--h2_typography-letter-spacing);\"><span class=\" fusion-imageframe imageframe-none imageframe-2 hover-type-none\"><a href=\"https:\/\/www.faymasa.com\/wp-content\/uploads\/2019\/03\/soldadura-MESA-DEMMELER-PE28-01005.jpg\" class=\"fusion-lightbox\" data-rel=\"iLightbox[004f399186e4e76580c]\" data-title=\"soldadura MESA DEMMELER PE28-01005\" title=\"soldadura MESA DEMMELER PE28-01005\"><img decoding=\"async\" width=\"1000\" height=\"373\" alt=\"soldadura MESA DEMMELER PE28-01005\" src=\"https:\/\/www.faymasa.com\/wp-content\/uploads\/2019\/03\/soldadura-MESA-DEMMELER-PE28-01005.jpg\" class=\"img-responsive wp-image-1585\" srcset=\"https:\/\/www.faymasa.com\/wp-content\/uploads\/2019\/03\/soldadura-MESA-DEMMELER-PE28-01005-200x75.jpg 200w, https:\/\/www.faymasa.com\/wp-content\/uploads\/2019\/03\/soldadura-MESA-DEMMELER-PE28-01005-400x149.jpg 400w, https:\/\/www.faymasa.com\/wp-content\/uploads\/2019\/03\/soldadura-MESA-DEMMELER-PE28-01005-600x224.jpg 600w, https:\/\/www.faymasa.com\/wp-content\/uploads\/2019\/03\/soldadura-MESA-DEMMELER-PE28-01005-800x298.jpg 800w, https:\/\/www.faymasa.com\/wp-content\/uploads\/2019\/03\/soldadura-MESA-DEMMELER-PE28-01005.jpg 1000w\" sizes=\"(max-width: 1025px) 100vw, 600px\" \/><\/a><\/span><\/div><div class=\"fusion-clearfix\"><\/div><\/div><\/div><div class=\"fusion-layout-column fusion_builder_column fusion-builder-column-4 fusion_builder_column_1_2 1_2 fusion-one-half fusion-column-last\" style=\"--awb-bg-size:cover;width:50%;width:calc(50% - ( ( 4% ) * 0.5 ) );\"><div class=\"fusion-column-wrapper fusion-flex-column-wrapper-legacy\"><div class=\"fusion-text fusion-text-3\"><h3><span style=\"color: #11235b; font-size: 24px;\"><strong>TABLE DEMMELER PE28-01005<\/strong><\/span><\/h3>\n<\/div><div class=\"fusion-sep-clear\"><\/div><div class=\"fusion-separator fusion-full-width-sep\" style=\"margin-left: auto;margin-right: auto;margin-top:0px;margin-bottom:10px;width:100%;\"><div class=\"fusion-separator-border sep-single sep-solid\" style=\"--awb-height:20px;--awb-amount:20px;--awb-sep-color:#11235b;border-color:#11235b;border-top-width:1px;\"><\/div><\/div><div class=\"fusion-sep-clear\"><\/div><div class=\"fusion-text fusion-text-4\"><ul>\n<li>Table Demmeler PE28-01005 (x2). Dimensions: 4.000 x 2.000 mm.<\/li>\n<\/ul>\n<\/div><div class=\"fusion-clearfix\"><\/div><\/div><\/div><div class=\"fusion-layout-column fusion_builder_column fusion-builder-column-5 fusion_builder_column_1_1 1_1 fusion-one-full fusion-column-first fusion-column-last\" style=\"--awb-bg-size:cover;\"><div class=\"fusion-column-wrapper fusion-flex-column-wrapper-legacy\"><div class=\"fusion-sep-clear\"><\/div><div class=\"fusion-separator fusion-full-width-sep\" style=\"margin-left: auto;margin-right: auto;margin-top:10px;margin-bottom:10px;width:100%;\"><div class=\"fusion-separator-border sep-single sep-solid\" style=\"--awb-height:20px;--awb-amount:20px;--awb-sep-color:#e8e8e8;border-color:#e8e8e8;border-top-width:1px;\"><\/div><\/div><div class=\"fusion-sep-clear\"><\/div><div class=\"fusion-clearfix\"><\/div><\/div><\/div><\/div><\/div><div class=\"fusion-fullwidth fullwidth-box fusion-builder-row-3 nonhundred-percent-fullwidth non-hundred-percent-height-scrolling\" style=\"--awb-border-radius-top-left:0px;--awb-border-radius-top-right:0px;--awb-border-radius-bottom-right:0px;--awb-border-radius-bottom-left:0px;--awb-flex-wrap:wrap;\" ><div class=\"fusion-builder-row fusion-row\"><div class=\"fusion-layout-column fusion_builder_column fusion-builder-column-6 fusion_builder_column_1_1 1_1 fusion-one-full fusion-column-first fusion-column-last\" style=\"--awb-bg-size:cover;\"><div class=\"fusion-column-wrapper fusion-flex-column-wrapper-legacy\"><div class=\"fusion-text fusion-text-5\"><h3><span style=\"color: #11235b; font-size: 24px;\"><strong>AUTRES MACHINES<br \/>\nM\u00e9cano-soudure<\/strong><\/span><\/h3>\n<p>&nbsp;<\/p>\n<\/div><div class=\"accordian fusion-accordian\" style=\"--awb-border-size:1px;--awb-icon-size:13px;--awb-content-font-size:1em;--awb-icon-alignment:left;--awb-hover-color:#f9f9f9;--awb-border-color:#cccccc;--awb-background-color:#ffffff;--awb-divider-color:#e0dede;--awb-divider-hover-color:#e0dede;--awb-icon-color:#ffffff;--awb-title-color:#333333;--awb-content-color:#595959;--awb-icon-box-color:#333333;--awb-toggle-hover-accent-color:#11235b;--awb-title-font-family:&quot;Bai Jamjuree&quot;;--awb-title-font-weight:700;--awb-title-font-style:normal;--awb-content-font-family:&quot;Bai Jamjuree&quot;;--awb-content-font-style:normal;--awb-content-font-weight:400;\"><div class=\"panel-group fusion-toggle-icon-boxed\" id=\"accordion-2375-1\"><div class=\"fusion-panel panel-default panel-5404540c4838bcd17 fusion-toggle-has-divider\"><div class=\"panel-heading\"><h4 class=\"panel-title toggle\" id=\"toggle_5404540c4838bcd17\"><a aria-expanded=\"false\" aria-controls=\"5404540c4838bcd17\" role=\"button\" data-toggle=\"collapse\" data-parent=\"#accordion-2375-1\" data-target=\"#5404540c4838bcd17\" href=\"#5404540c4838bcd17\"><span class=\"fusion-toggle-icon-wrapper\" aria-hidden=\"true\"><i class=\"fa-fusion-box active-icon awb-icon-minus\" aria-hidden=\"true\"><\/i><i class=\"fa-fusion-box inactive-icon awb-icon-plus\" aria-hidden=\"true\"><\/i><\/span><span class=\"fusion-toggle-heading\">M\u00e9cano-soudure<\/span><\/a><\/h4><\/div><div id=\"5404540c4838bcd17\" class=\"panel-collapse collapse \" aria-labelledby=\"toggle_5404540c4838bcd17\"><div class=\"panel-body toggle-content fusion-clearfix\">\n<ul>\n<li>4 groupes de soudage TIG.<\/li>\n<li>5 groupes de soudage TIG autonomes.<\/li>\n<li>14 groupes de soudage MIG.<\/li>\n<li>3 groupes de soudage MIG autonomes.<\/li>\n<li>4 groupes de soudage courant continu<\/li>\n<li>2 \u00e9quipements de pinces de soudage par points<\/li>\n<\/ul>\n<\/div><\/div><\/div><div class=\"fusion-panel panel-default panel-d0d54fd1d73d1acb3 fusion-toggle-has-divider\"><div class=\"panel-heading\"><h4 class=\"panel-title toggle\" id=\"toggle_d0d54fd1d73d1acb3\"><a aria-expanded=\"false\" aria-controls=\"d0d54fd1d73d1acb3\" role=\"button\" data-toggle=\"collapse\" data-parent=\"#accordion-2375-1\" data-target=\"#d0d54fd1d73d1acb3\" href=\"#d0d54fd1d73d1acb3\"><span class=\"fusion-toggle-icon-wrapper\" aria-hidden=\"true\"><i class=\"fa-fusion-box active-icon awb-icon-minus\" aria-hidden=\"true\"><\/i><i class=\"fa-fusion-box inactive-icon awb-icon-plus\" aria-hidden=\"true\"><\/i><\/span><span class=\"fusion-toggle-heading\">Soudages sp\u00e9ciaux <\/span><\/a><\/h4><\/div><div id=\"d0d54fd1d73d1acb3\" class=\"panel-collapse collapse \" aria-labelledby=\"toggle_d0d54fd1d73d1acb3\"><div class=\"panel-body toggle-content fusion-clearfix\">\n<p>Soudage de toute classe de m\u00e9taux (fonte, cuivres, bronzes, laitons, aciers \u00e0 matrice, inoxydables, aluminium, P.V.C, etc.). Essais de pression et d\u2019\u00e9tanch\u00e9it\u00e9 sur demande.<\/p>\n<p>Proc\u00e9dures homologu\u00e9es pour les processus de soudage selon les normes EN -15614-1 y EN-15616-1.<\/p>\n<\/div><\/div><\/div><div class=\"fusion-panel panel-default panel-0aaaeceda1a222ef3 fusion-toggle-has-divider\"><div class=\"panel-heading\"><h4 class=\"panel-title toggle\" id=\"toggle_0aaaeceda1a222ef3\"><a aria-expanded=\"false\" aria-controls=\"0aaaeceda1a222ef3\" role=\"button\" data-toggle=\"collapse\" data-parent=\"#accordion-2375-1\" data-target=\"#0aaaeceda1a222ef3\" href=\"#0aaaeceda1a222ef3\"><span class=\"fusion-toggle-icon-wrapper\" aria-hidden=\"true\"><i class=\"fa-fusion-box active-icon awb-icon-minus\" aria-hidden=\"true\"><\/i><i class=\"fa-fusion-box inactive-icon awb-icon-plus\" aria-hidden=\"true\"><\/i><\/span><span class=\"fusion-toggle-heading\">Polyester<\/span><\/a><\/h4><\/div><div id=\"0aaaeceda1a222ef3\" class=\"panel-collapse collapse \" aria-labelledby=\"toggle_0aaaeceda1a222ef3\"><div class=\"panel-body toggle-content fusion-clearfix\">\n<p>Conception et fabrication de berceaux et de gabarits de montage pour positionneurs et autres outillages.<\/p>\n<\/div><\/div><\/div><\/div><\/div><div class=\"fusion-clearfix\"><\/div><\/div><\/div><\/div><\/div><\/p>\n","protected":false},"excerpt":{"rendered":"","protected":false},"author":1,"featured_media":0,"parent":2372,"menu_order":0,"comment_status":"closed","ping_status":"closed","template":"100-width.php","meta":{"_monsterinsights_skip_tracking":false,"_monsterinsights_sitenote_active":false,"_monsterinsights_sitenote_note":"","_monsterinsights_sitenote_category":0,"footnotes":""},"class_list":["post-2375","page","type-page","status-publish","hentry"],"yoast_head":"<!-- This site is optimized with the Yoast SEO plugin v25.5 - https:\/\/yoast.com\/wordpress\/plugins\/seo\/ -->\n<title>Soudage - Faymasa - Ingenier\u00eda y mecanizados de precisi\u00f3n<\/title>\n<meta name=\"description\" content=\"Nous comptons sur les \u00e9quipes de travail les plus avanc\u00e9es. Faymasa offre des services de soudage autant \u00e0 l\u2019\u00e9chelle nationale qu\u2019internationale.\" \/>\n<meta name=\"robots\" content=\"index, follow, max-snippet:-1, max-image-preview:large, max-video-preview:-1\" \/>\n<link rel=\"canonical\" href=\"https:\/\/www.faymasa.com\/fr\/machines\/soudage\/\" \/>\n<meta property=\"og:locale\" content=\"fr_FR\" \/>\n<meta property=\"og:type\" content=\"article\" \/>\n<meta property=\"og:title\" content=\"Soudage - Faymasa - Ingenier\u00eda y mecanizados de precisi\u00f3n\" \/>\n<meta property=\"og:description\" content=\"Nous comptons sur les \u00e9quipes de travail les plus avanc\u00e9es. Faymasa offre des services de soudage autant \u00e0 l\u2019\u00e9chelle nationale qu\u2019internationale.\" \/>\n<meta property=\"og:url\" content=\"https:\/\/www.faymasa.com\/fr\/machines\/soudage\/\" \/>\n<meta property=\"og:site_name\" content=\"Faymasa - Ingenier\u00eda y mecanizados de precisi\u00f3n\" \/>\n<meta property=\"article:publisher\" content=\"https:\/\/www.facebook.com\/faymasa\/\" \/>\n<meta property=\"article:modified_time\" content=\"2019-10-03T08:11:15+00:00\" \/>\n<meta name=\"twitter:card\" content=\"summary_large_image\" \/>\n<meta name=\"twitter:site\" content=\"@FAYMASA1\" \/>\n<meta name=\"twitter:label1\" content=\"Dur\u00e9e de lecture estim\u00e9e\" \/>\n\t<meta name=\"twitter:data1\" content=\"7 minutes\" \/>\n<script type=\"application\/ld+json\" class=\"yoast-schema-graph\">{\"@context\":\"https:\/\/schema.org\",\"@graph\":[{\"@type\":\"WebPage\",\"@id\":\"https:\/\/www.faymasa.com\/fr\/machines\/soudage\/\",\"url\":\"https:\/\/www.faymasa.com\/fr\/machines\/soudage\/\",\"name\":\"Soudage - Faymasa - Ingenier\u00eda y mecanizados de precisi\u00f3n\",\"isPartOf\":{\"@id\":\"https:\/\/www.faymasa.com\/fr\/#website\"},\"datePublished\":\"2019-09-24T07:56:17+00:00\",\"dateModified\":\"2019-10-03T08:11:15+00:00\",\"description\":\"Nous comptons sur les \u00e9quipes de travail les plus avanc\u00e9es. Faymasa offre des services de soudage autant \u00e0 l\u2019\u00e9chelle nationale qu\u2019internationale.\",\"breadcrumb\":{\"@id\":\"https:\/\/www.faymasa.com\/fr\/machines\/soudage\/#breadcrumb\"},\"inLanguage\":\"fr-FR\",\"potentialAction\":[{\"@type\":\"ReadAction\",\"target\":[\"https:\/\/www.faymasa.com\/fr\/machines\/soudage\/\"]}]},{\"@type\":\"BreadcrumbList\",\"@id\":\"https:\/\/www.faymasa.com\/fr\/machines\/soudage\/#breadcrumb\",\"itemListElement\":[{\"@type\":\"ListItem\",\"position\":1,\"name\":\"Home\",\"item\":\"https:\/\/www.faymasa.com\/fr\/\"},{\"@type\":\"ListItem\",\"position\":2,\"name\":\"Machines\",\"item\":\"https:\/\/www.faymasa.com\/fr\/machines\/\"},{\"@type\":\"ListItem\",\"position\":3,\"name\":\"Soudage\"}]},{\"@type\":\"WebSite\",\"@id\":\"https:\/\/www.faymasa.com\/fr\/#website\",\"url\":\"https:\/\/www.faymasa.com\/fr\/\",\"name\":\"Faymasa - Ingenier\u00eda y mecanizados de precisi\u00f3n\",\"description\":\"Empresa ubicada en Palencia que ofrece servicios profesionales de ingenier\u00eda y mecanizados de precisi\u00f3n\",\"publisher\":{\"@id\":\"https:\/\/www.faymasa.com\/fr\/#organization\"},\"potentialAction\":[{\"@type\":\"SearchAction\",\"target\":{\"@type\":\"EntryPoint\",\"urlTemplate\":\"https:\/\/www.faymasa.com\/fr\/?s={search_term_string}\"},\"query-input\":{\"@type\":\"PropertyValueSpecification\",\"valueRequired\":true,\"valueName\":\"search_term_string\"}}],\"inLanguage\":\"fr-FR\"},{\"@type\":\"Organization\",\"@id\":\"https:\/\/www.faymasa.com\/fr\/#organization\",\"name\":\"Faymasa - Ingenier\u00eda y mecanizados de precisi\u00f3n\",\"url\":\"https:\/\/www.faymasa.com\/fr\/\",\"logo\":{\"@type\":\"ImageObject\",\"inLanguage\":\"fr-FR\",\"@id\":\"https:\/\/www.faymasa.com\/fr\/#\/schema\/logo\/image\/\",\"url\":\"https:\/\/www.faymasa.com\/wp-content\/uploads\/2019\/03\/faymasa-logo-130-1.png\",\"contentUrl\":\"https:\/\/www.faymasa.com\/wp-content\/uploads\/2019\/03\/faymasa-logo-130-1.png\",\"width\":389,\"height\":130,\"caption\":\"Faymasa - Ingenier\u00eda y mecanizados de precisi\u00f3n\"},\"image\":{\"@id\":\"https:\/\/www.faymasa.com\/fr\/#\/schema\/logo\/image\/\"},\"sameAs\":[\"https:\/\/www.facebook.com\/faymasa\/\",\"https:\/\/x.com\/FAYMASA1\",\"https:\/\/www.instagram.com\/faymasa_palencia\/\",\"https:\/\/www.youtube.com\/user\/FAYMASAPAL\/feed\"]}]}<\/script>\n<!-- \/ Yoast SEO plugin. -->","yoast_head_json":{"title":"Soudage - Faymasa - Ingenier\u00eda y mecanizados de precisi\u00f3n","description":"Nous comptons sur les \u00e9quipes de travail les plus avanc\u00e9es. Faymasa offre des services de soudage autant \u00e0 l\u2019\u00e9chelle nationale qu\u2019internationale.","robots":{"index":"index","follow":"follow","max-snippet":"max-snippet:-1","max-image-preview":"max-image-preview:large","max-video-preview":"max-video-preview:-1"},"canonical":"https:\/\/www.faymasa.com\/fr\/machines\/soudage\/","og_locale":"fr_FR","og_type":"article","og_title":"Soudage - Faymasa - Ingenier\u00eda y mecanizados de precisi\u00f3n","og_description":"Nous comptons sur les \u00e9quipes de travail les plus avanc\u00e9es. Faymasa offre des services de soudage autant \u00e0 l\u2019\u00e9chelle nationale qu\u2019internationale.","og_url":"https:\/\/www.faymasa.com\/fr\/machines\/soudage\/","og_site_name":"Faymasa - Ingenier\u00eda y mecanizados de precisi\u00f3n","article_publisher":"https:\/\/www.facebook.com\/faymasa\/","article_modified_time":"2019-10-03T08:11:15+00:00","twitter_card":"summary_large_image","twitter_site":"@FAYMASA1","twitter_misc":{"Dur\u00e9e de lecture estim\u00e9e":"7 minutes"},"schema":{"@context":"https:\/\/schema.org","@graph":[{"@type":"WebPage","@id":"https:\/\/www.faymasa.com\/fr\/machines\/soudage\/","url":"https:\/\/www.faymasa.com\/fr\/machines\/soudage\/","name":"Soudage - Faymasa - Ingenier\u00eda y mecanizados de precisi\u00f3n","isPartOf":{"@id":"https:\/\/www.faymasa.com\/fr\/#website"},"datePublished":"2019-09-24T07:56:17+00:00","dateModified":"2019-10-03T08:11:15+00:00","description":"Nous comptons sur les \u00e9quipes de travail les plus avanc\u00e9es. Faymasa offre des services de soudage autant \u00e0 l\u2019\u00e9chelle nationale qu\u2019internationale.","breadcrumb":{"@id":"https:\/\/www.faymasa.com\/fr\/machines\/soudage\/#breadcrumb"},"inLanguage":"fr-FR","potentialAction":[{"@type":"ReadAction","target":["https:\/\/www.faymasa.com\/fr\/machines\/soudage\/"]}]},{"@type":"BreadcrumbList","@id":"https:\/\/www.faymasa.com\/fr\/machines\/soudage\/#breadcrumb","itemListElement":[{"@type":"ListItem","position":1,"name":"Home","item":"https:\/\/www.faymasa.com\/fr\/"},{"@type":"ListItem","position":2,"name":"Machines","item":"https:\/\/www.faymasa.com\/fr\/machines\/"},{"@type":"ListItem","position":3,"name":"Soudage"}]},{"@type":"WebSite","@id":"https:\/\/www.faymasa.com\/fr\/#website","url":"https:\/\/www.faymasa.com\/fr\/","name":"Faymasa - Ingenier\u00eda y mecanizados de precisi\u00f3n","description":"Empresa ubicada en Palencia que ofrece servicios profesionales de ingenier\u00eda y mecanizados de precisi\u00f3n","publisher":{"@id":"https:\/\/www.faymasa.com\/fr\/#organization"},"potentialAction":[{"@type":"SearchAction","target":{"@type":"EntryPoint","urlTemplate":"https:\/\/www.faymasa.com\/fr\/?s={search_term_string}"},"query-input":{"@type":"PropertyValueSpecification","valueRequired":true,"valueName":"search_term_string"}}],"inLanguage":"fr-FR"},{"@type":"Organization","@id":"https:\/\/www.faymasa.com\/fr\/#organization","name":"Faymasa - Ingenier\u00eda y mecanizados de precisi\u00f3n","url":"https:\/\/www.faymasa.com\/fr\/","logo":{"@type":"ImageObject","inLanguage":"fr-FR","@id":"https:\/\/www.faymasa.com\/fr\/#\/schema\/logo\/image\/","url":"https:\/\/www.faymasa.com\/wp-content\/uploads\/2019\/03\/faymasa-logo-130-1.png","contentUrl":"https:\/\/www.faymasa.com\/wp-content\/uploads\/2019\/03\/faymasa-logo-130-1.png","width":389,"height":130,"caption":"Faymasa - Ingenier\u00eda y mecanizados de precisi\u00f3n"},"image":{"@id":"https:\/\/www.faymasa.com\/fr\/#\/schema\/logo\/image\/"},"sameAs":["https:\/\/www.facebook.com\/faymasa\/","https:\/\/x.com\/FAYMASA1","https:\/\/www.instagram.com\/faymasa_palencia\/","https:\/\/www.youtube.com\/user\/FAYMASAPAL\/feed"]}]}},"_links":{"self":[{"href":"https:\/\/www.faymasa.com\/fr\/wp-json\/wp\/v2\/pages\/2375","targetHints":{"allow":["GET"]}}],"collection":[{"href":"https:\/\/www.faymasa.com\/fr\/wp-json\/wp\/v2\/pages"}],"about":[{"href":"https:\/\/www.faymasa.com\/fr\/wp-json\/wp\/v2\/types\/page"}],"author":[{"embeddable":true,"href":"https:\/\/www.faymasa.com\/fr\/wp-json\/wp\/v2\/users\/1"}],"replies":[{"embeddable":true,"href":"https:\/\/www.faymasa.com\/fr\/wp-json\/wp\/v2\/comments?post=2375"}],"version-history":[{"count":5,"href":"https:\/\/www.faymasa.com\/fr\/wp-json\/wp\/v2\/pages\/2375\/revisions"}],"predecessor-version":[{"id":2470,"href":"https:\/\/www.faymasa.com\/fr\/wp-json\/wp\/v2\/pages\/2375\/revisions\/2470"}],"up":[{"embeddable":true,"href":"https:\/\/www.faymasa.com\/fr\/wp-json\/wp\/v2\/pages\/2372"}],"wp:attachment":[{"href":"https:\/\/www.faymasa.com\/fr\/wp-json\/wp\/v2\/media?parent=2375"}],"curies":[{"name":"wp","href":"https:\/\/api.w.org\/{rel}","templated":true}]}}