{"id":2364,"date":"2019-09-24T09:31:31","date_gmt":"2019-09-24T07:31:31","guid":{"rendered":"https:\/\/www.faymasa.com\/services\/"},"modified":"2019-09-24T09:31:33","modified_gmt":"2019-09-24T07:31:33","slug":"services","status":"publish","type":"page","link":"https:\/\/www.faymasa.com\/fr\/services\/","title":{"rendered":"Services"},"content":{"rendered":"<div class=\"fusion-fullwidth fullwidth-box fusion-builder-row-1 nonhundred-percent-fullwidth non-hundred-percent-height-scrolling\" style=\"--awb-border-radius-top-left:0px;--awb-border-radius-top-right:0px;--awb-border-radius-bottom-right:0px;--awb-border-radius-bottom-left:0px;--awb-flex-wrap:wrap;\" ><div class=\"fusion-builder-row fusion-row\"><div class=\"fusion-layout-column fusion_builder_column fusion-builder-column-0 fusion_builder_column_1_2 1_2 fusion-one-half fusion-column-first\" style=\"--awb-bg-size:cover;width:50%;width:calc(50% - ( ( 4% ) * 0.5 ) );margin-right: 4%;\"><div class=\"fusion-column-wrapper fusion-flex-column-wrapper-legacy\"><div class=\"fusion-image-element in-legacy-container\" style=\"--awb-caption-title-font-family:var(--h2_typography-font-family);--awb-caption-title-font-weight:var(--h2_typography-font-weight);--awb-caption-title-font-style:var(--h2_typography-font-style);--awb-caption-title-size:var(--h2_typography-font-size);--awb-caption-title-transform:var(--h2_typography-text-transform);--awb-caption-title-line-height:var(--h2_typography-line-height);--awb-caption-title-letter-spacing:var(--h2_typography-letter-spacing);\"><span class=\" fusion-imageframe imageframe-none imageframe-1 hover-type-zoomin\"><a class=\"fusion-no-lightbox\" href=\"http:\/\/www.faymasa.com\/fr\/servicios\/diseno\/\" target=\"_self\" aria-label=\"Faymasa &#8211; Servicios en dise\u00f1o\"><img decoding=\"async\" width=\"800\" height=\"400\" alt=\"Faymasa - Servicios en dise\u00f1o\" src=\"https:\/\/www.faymasa.com\/wp-content\/uploads\/2019\/03\/indice_diseno.jpg\" class=\"img-responsive wp-image-1547\" srcset=\"https:\/\/www.faymasa.com\/wp-content\/uploads\/2019\/03\/indice_diseno-200x100.jpg 200w, https:\/\/www.faymasa.com\/wp-content\/uploads\/2019\/03\/indice_diseno-400x200.jpg 400w, https:\/\/www.faymasa.com\/wp-content\/uploads\/2019\/03\/indice_diseno-600x300.jpg 600w, https:\/\/www.faymasa.com\/wp-content\/uploads\/2019\/03\/indice_diseno.jpg 800w\" sizes=\"(max-width: 1025px) 100vw, 600px\" \/><\/a><\/span><\/div><div class=\"fusion-text fusion-text-1\"><h4 style=\"font-size: 26px; color: #11235b; margin-top: 20px; margin-bottom: 15px;\"><strong>CONCEPTION<\/strong><\/h4>\n<\/div><div class=\"fusion-text fusion-text-2\"><p>Notre bureau technique est capable de comprendre les besoins de tous nos clients, de cr\u00e9er des solutions sur mesure et de les transformer en croquis pour \u00eatre fabriqu\u00e9s. Les ing\u00e9nieurs et techniciens peuvent travailler selon les sp\u00e9cifications du client ou librement pour r\u00e9soudre un besoin formul\u00e9.<\/p>\n<\/div><div class=\"fusion-align-block\"><a class=\"fusion-button button-flat button-large button-default fusion-button-default button-1 fusion-button-span-yes fusion-button-default-type\" target=\"_self\" href=\"http:\/\/www.faymasa.com\/fr\/servicios\/diseno\/\"><span class=\"fusion-button-text\">EN SAVOIR PLUS<\/span><\/a><\/div><div class=\"fusion-sep-clear\"><\/div><div class=\"fusion-separator fusion-full-width-sep\" style=\"margin-left: auto;margin-right: auto;margin-top:20px;width:100%;\"><div class=\"fusion-separator-border sep-single sep-solid\" style=\"--awb-height:20px;--awb-amount:20px;border-color:#e0dede;border-top-width:1px;\"><\/div><\/div><div class=\"fusion-sep-clear\"><\/div><div class=\"fusion-clearfix\"><\/div><\/div><\/div><div class=\"fusion-layout-column fusion_builder_column fusion-builder-column-1 fusion_builder_column_1_2 1_2 fusion-one-half fusion-column-last\" style=\"--awb-bg-size:cover;width:50%;width:calc(50% - ( ( 4% ) * 0.5 ) );\"><div class=\"fusion-column-wrapper fusion-flex-column-wrapper-legacy\"><div class=\"fusion-image-element in-legacy-container\" style=\"--awb-caption-title-font-family:var(--h2_typography-font-family);--awb-caption-title-font-weight:var(--h2_typography-font-weight);--awb-caption-title-font-style:var(--h2_typography-font-style);--awb-caption-title-size:var(--h2_typography-font-size);--awb-caption-title-transform:var(--h2_typography-text-transform);--awb-caption-title-line-height:var(--h2_typography-line-height);--awb-caption-title-letter-spacing:var(--h2_typography-letter-spacing);\"><span class=\" fusion-imageframe imageframe-none imageframe-2 hover-type-zoomin\"><a class=\"fusion-no-lightbox\" href=\"http:\/\/www.faymasa.com\/fr\/servicios\/fabricacion\/\" target=\"_self\" aria-label=\"Faymasa &#8211; Servicios en fabricaci\u00f3n\"><img decoding=\"async\" width=\"800\" height=\"400\" alt=\"Faymasa - Servicios en fabricaci\u00f3n\" src=\"https:\/\/www.faymasa.com\/wp-content\/uploads\/2019\/03\/indice_fabricacion.jpg\" class=\"img-responsive wp-image-1549\" srcset=\"https:\/\/www.faymasa.com\/wp-content\/uploads\/2019\/03\/indice_fabricacion-200x100.jpg 200w, https:\/\/www.faymasa.com\/wp-content\/uploads\/2019\/03\/indice_fabricacion-400x200.jpg 400w, https:\/\/www.faymasa.com\/wp-content\/uploads\/2019\/03\/indice_fabricacion-600x300.jpg 600w, https:\/\/www.faymasa.com\/wp-content\/uploads\/2019\/03\/indice_fabricacion.jpg 800w\" sizes=\"(max-width: 1025px) 100vw, 600px\" \/><\/a><\/span><\/div><div class=\"fusion-text fusion-text-3\"><h4 style=\"font-size: 26px; color: #11235b; margin-top: 20px; margin-bottom: 15px;\"><strong>FABRICATION<\/strong><\/h4>\n<\/div><div class=\"fusion-text fusion-text-4\"><p>Nous consid\u00e9rons indispensable de nous maintenir toujours \u00e0 l\u2019avant-garde de la technologie en ce qui concerne les machines pour assurer l\u2019excellence de tous nos travaux de fabrication. Nous sommes sp\u00e9cialistes dans la fabrication de grands lots et de projets de divers secteurs.<\/p>\n<\/div><div class=\"fusion-align-block\"><a class=\"fusion-button button-flat button-large button-default fusion-button-default button-2 fusion-button-span-yes fusion-button-default-type\" target=\"_self\" href=\"http:\/\/www.faymasa.com\/fr\/servicios\/fabricacion\/\"><span class=\"fusion-button-text\">EN SAVOIR PLUS<\/span><\/a><\/div><div class=\"fusion-sep-clear\"><\/div><div class=\"fusion-separator fusion-full-width-sep\" style=\"margin-left: auto;margin-right: auto;margin-top:20px;width:100%;\"><div class=\"fusion-separator-border sep-single sep-solid\" style=\"--awb-height:20px;--awb-amount:20px;border-color:#e0dede;border-top-width:1px;\"><\/div><\/div><div class=\"fusion-sep-clear\"><\/div><div class=\"fusion-clearfix\"><\/div><\/div><\/div><div class=\"fusion-layout-column fusion_builder_column fusion-builder-column-2 fusion_builder_column_1_2 1_2 fusion-one-half fusion-column-first\" style=\"--awb-bg-size:cover;width:50%;width:calc(50% - ( ( 4% ) * 0.5 ) );margin-right: 4%;\"><div class=\"fusion-column-wrapper fusion-flex-column-wrapper-legacy\"><div class=\"fusion-image-element in-legacy-container\" style=\"--awb-caption-title-font-family:var(--h2_typography-font-family);--awb-caption-title-font-weight:var(--h2_typography-font-weight);--awb-caption-title-font-style:var(--h2_typography-font-style);--awb-caption-title-size:var(--h2_typography-font-size);--awb-caption-title-transform:var(--h2_typography-text-transform);--awb-caption-title-line-height:var(--h2_typography-line-height);--awb-caption-title-letter-spacing:var(--h2_typography-letter-spacing);\"><span class=\" fusion-imageframe imageframe-none imageframe-3 hover-type-zoomin\"><a class=\"fusion-no-lightbox\" href=\"http:\/\/www.faymasa.com\/fr\/servicios\/metrologia-y-calidad\/\" target=\"_self\" aria-label=\"Faymasa &#8211; Servicios en metrolog\u00eda\"><img decoding=\"async\" width=\"800\" height=\"400\" alt=\"Faymasa - Servicios en metrolog\u00eda\" src=\"https:\/\/www.faymasa.com\/wp-content\/uploads\/2019\/03\/indice_metrologia.jpg\" class=\"img-responsive wp-image-1551\" srcset=\"https:\/\/www.faymasa.com\/wp-content\/uploads\/2019\/03\/indice_metrologia-200x100.jpg 200w, https:\/\/www.faymasa.com\/wp-content\/uploads\/2019\/03\/indice_metrologia-400x200.jpg 400w, https:\/\/www.faymasa.com\/wp-content\/uploads\/2019\/03\/indice_metrologia-600x300.jpg 600w, https:\/\/www.faymasa.com\/wp-content\/uploads\/2019\/03\/indice_metrologia.jpg 800w\" sizes=\"(max-width: 1025px) 100vw, 600px\" \/><\/a><\/span><\/div><div class=\"fusion-text fusion-text-5\"><h4 style=\"font-size: 26px; color: #11235b; margin-top: 20px; margin-bottom: 15px;\"><strong>METROLOGIE ET QUALIT\u00c9<\/strong><\/h4>\n<\/div><div class=\"fusion-text fusion-text-6\"><p>Nous travaillons dans un souci de perfectionnement continu nos processus de fabrication, en vue d\u2019am\u00e9liorer au jour le jour les ratios de qualit\u00e9 et de fiabilit\u00e9. Nous assurons \u00e0 nos clients le respect des sp\u00e9cificit\u00e9s conformes aux standards de qualit\u00e9 exig\u00e9s.<\/p>\n<\/div><div class=\"fusion-align-block\"><a class=\"fusion-button button-flat button-large button-default fusion-button-default button-3 fusion-button-span-yes fusion-button-default-type\" target=\"_self\" href=\"http:\/\/www.faymasa.com\/fr\/servicios\/metrologia-y-calidad\/\"><span class=\"fusion-button-text\">EN SAVOIR PLUS<\/span><\/a><\/div><div class=\"fusion-sep-clear\"><\/div><div class=\"fusion-separator fusion-full-width-sep\" style=\"margin-left: auto;margin-right: auto;margin-top:20px;width:100%;\"><div class=\"fusion-separator-border sep-single sep-solid\" style=\"--awb-height:20px;--awb-amount:20px;border-color:#e0dede;border-top-width:1px;\"><\/div><\/div><div class=\"fusion-sep-clear\"><\/div><div class=\"fusion-clearfix\"><\/div><\/div><\/div><div class=\"fusion-layout-column fusion_builder_column fusion-builder-column-3 fusion_builder_column_1_2 1_2 fusion-one-half fusion-column-last\" style=\"--awb-bg-size:cover;width:50%;width:calc(50% - ( ( 4% ) * 0.5 ) );\"><div class=\"fusion-column-wrapper fusion-flex-column-wrapper-legacy\"><div class=\"fusion-image-element in-legacy-container\" style=\"--awb-caption-title-font-family:var(--h2_typography-font-family);--awb-caption-title-font-weight:var(--h2_typography-font-weight);--awb-caption-title-font-style:var(--h2_typography-font-style);--awb-caption-title-size:var(--h2_typography-font-size);--awb-caption-title-transform:var(--h2_typography-text-transform);--awb-caption-title-line-height:var(--h2_typography-line-height);--awb-caption-title-letter-spacing:var(--h2_typography-letter-spacing);\"><span class=\" fusion-imageframe imageframe-none imageframe-4 hover-type-zoomin\"><a class=\"fusion-no-lightbox\" href=\"http:\/\/www.faymasa.com\/fr\/servicios\/montaje\/\" target=\"_self\" aria-label=\"Faymasa &#8211; Montage\"><img decoding=\"async\" width=\"800\" height=\"400\" alt=\"Faymasa - Montage\" src=\"https:\/\/www.faymasa.com\/wp-content\/uploads\/2019\/03\/indice-montaje.jpg\" class=\"img-responsive wp-image-1595\" srcset=\"https:\/\/www.faymasa.com\/wp-content\/uploads\/2019\/03\/indice-montaje-200x100.jpg 200w, https:\/\/www.faymasa.com\/wp-content\/uploads\/2019\/03\/indice-montaje-400x200.jpg 400w, https:\/\/www.faymasa.com\/wp-content\/uploads\/2019\/03\/indice-montaje-600x300.jpg 600w, https:\/\/www.faymasa.com\/wp-content\/uploads\/2019\/03\/indice-montaje.jpg 800w\" sizes=\"(max-width: 1025px) 100vw, 600px\" \/><\/a><\/span><\/div><div class=\"fusion-text fusion-text-7\"><h4 style=\"font-size: 26px; color: #11235b; margin-top: 20px; margin-bottom: 15px;\"><strong>MONTAGE<\/strong><\/h4>\n<\/div><div class=\"fusion-text fusion-text-8\"><p>L\u2019\u00e9quipe de monteurs de Faymasa se distingue par sa capacit\u00e9 et son talent, et s\u2019assure que le projet soit conforme aux crit\u00e8res \u00e9tablis et aux d\u00e9lais stipul\u00e9s. Les montages sont r\u00e9alis\u00e9s dans nos installations ou chez le client.<\/p>\n<\/div><div class=\"fusion-align-block\"><a class=\"fusion-button button-flat button-large button-default fusion-button-default button-4 fusion-button-span-yes fusion-button-default-type\" target=\"_self\" href=\"http:\/\/www.faymasa.com\/fr\/servicios\/montaje\/\"><span class=\"fusion-button-text\">EN SAVOIR PLUS<\/span><\/a><\/div><div class=\"fusion-sep-clear\"><\/div><div class=\"fusion-separator fusion-full-width-sep\" style=\"margin-left: auto;margin-right: auto;margin-top:20px;width:100%;\"><div class=\"fusion-separator-border sep-single sep-solid\" style=\"--awb-height:20px;--awb-amount:20px;border-color:#e0dede;border-top-width:1px;\"><\/div><\/div><div class=\"fusion-sep-clear\"><\/div><div class=\"fusion-clearfix\"><\/div><\/div><\/div><\/div><\/div>\n","protected":false},"excerpt":{"rendered":"","protected":false},"author":1,"featured_media":0,"parent":0,"menu_order":0,"comment_status":"closed","ping_status":"closed","template":"","meta":{"_monsterinsights_skip_tracking":false,"_monsterinsights_sitenote_active":false,"_monsterinsights_sitenote_note":"","_monsterinsights_sitenote_category":0,"footnotes":""},"class_list":["post-2364","page","type-page","status-publish","hentry"],"yoast_head":"<!-- This site is optimized with the Yoast SEO plugin v25.5 - https:\/\/yoast.com\/wordpress\/plugins\/seo\/ -->\n<title>Services - Faymasa - Ingenier\u00eda y mecanizados de precisi\u00f3n<\/title>\n<meta name=\"description\" content=\"Faymasa offre des services de conception, de fabrication, de m\u00e9trologie et de montage dans le secteur de l\u2019ing\u00e9nierie industrielle autant \u00e0 l\u2019\u00e9chelle nationale qu\u2019internationale.\" \/>\n<meta name=\"robots\" content=\"index, follow, max-snippet:-1, max-image-preview:large, max-video-preview:-1\" \/>\n<link rel=\"canonical\" href=\"https:\/\/www.faymasa.com\/fr\/services\/\" \/>\n<meta property=\"og:locale\" content=\"fr_FR\" \/>\n<meta property=\"og:type\" content=\"article\" \/>\n<meta property=\"og:title\" content=\"Services - Faymasa - Ingenier\u00eda y mecanizados de precisi\u00f3n\" \/>\n<meta property=\"og:description\" content=\"Faymasa offre des services de conception, de fabrication, de m\u00e9trologie et de montage dans le secteur de l\u2019ing\u00e9nierie industrielle autant \u00e0 l\u2019\u00e9chelle nationale qu\u2019internationale.\" \/>\n<meta property=\"og:url\" content=\"https:\/\/www.faymasa.com\/fr\/services\/\" \/>\n<meta property=\"og:site_name\" content=\"Faymasa - Ingenier\u00eda y mecanizados de precisi\u00f3n\" \/>\n<meta property=\"article:publisher\" content=\"https:\/\/www.facebook.com\/faymasa\/\" \/>\n<meta property=\"article:modified_time\" content=\"2019-09-24T07:31:33+00:00\" \/>\n<meta name=\"twitter:card\" content=\"summary_large_image\" \/>\n<meta name=\"twitter:site\" content=\"@FAYMASA1\" \/>\n<meta name=\"twitter:label1\" content=\"Dur\u00e9e de lecture estim\u00e9e\" \/>\n\t<meta name=\"twitter:data1\" content=\"8 minutes\" \/>\n<script type=\"application\/ld+json\" class=\"yoast-schema-graph\">{\"@context\":\"https:\/\/schema.org\",\"@graph\":[{\"@type\":\"WebPage\",\"@id\":\"https:\/\/www.faymasa.com\/fr\/services\/\",\"url\":\"https:\/\/www.faymasa.com\/fr\/services\/\",\"name\":\"Services - Faymasa - Ingenier\u00eda y mecanizados de precisi\u00f3n\",\"isPartOf\":{\"@id\":\"https:\/\/www.faymasa.com\/fr\/#website\"},\"datePublished\":\"2019-09-24T07:31:31+00:00\",\"dateModified\":\"2019-09-24T07:31:33+00:00\",\"description\":\"Faymasa offre des services de conception, de fabrication, de m\u00e9trologie et de montage dans le secteur de l\u2019ing\u00e9nierie industrielle autant \u00e0 l\u2019\u00e9chelle nationale qu\u2019internationale.\",\"breadcrumb\":{\"@id\":\"https:\/\/www.faymasa.com\/fr\/services\/#breadcrumb\"},\"inLanguage\":\"fr-FR\",\"potentialAction\":[{\"@type\":\"ReadAction\",\"target\":[\"https:\/\/www.faymasa.com\/fr\/services\/\"]}]},{\"@type\":\"BreadcrumbList\",\"@id\":\"https:\/\/www.faymasa.com\/fr\/services\/#breadcrumb\",\"itemListElement\":[{\"@type\":\"ListItem\",\"position\":1,\"name\":\"Home\",\"item\":\"https:\/\/www.faymasa.com\/fr\/\"},{\"@type\":\"ListItem\",\"position\":2,\"name\":\"Services\"}]},{\"@type\":\"WebSite\",\"@id\":\"https:\/\/www.faymasa.com\/fr\/#website\",\"url\":\"https:\/\/www.faymasa.com\/fr\/\",\"name\":\"Faymasa - Ingenier\u00eda y mecanizados de precisi\u00f3n\",\"description\":\"Empresa ubicada en Palencia que ofrece servicios profesionales de ingenier\u00eda y mecanizados de precisi\u00f3n\",\"publisher\":{\"@id\":\"https:\/\/www.faymasa.com\/fr\/#organization\"},\"potentialAction\":[{\"@type\":\"SearchAction\",\"target\":{\"@type\":\"EntryPoint\",\"urlTemplate\":\"https:\/\/www.faymasa.com\/fr\/?s={search_term_string}\"},\"query-input\":{\"@type\":\"PropertyValueSpecification\",\"valueRequired\":true,\"valueName\":\"search_term_string\"}}],\"inLanguage\":\"fr-FR\"},{\"@type\":\"Organization\",\"@id\":\"https:\/\/www.faymasa.com\/fr\/#organization\",\"name\":\"Faymasa - Ingenier\u00eda y mecanizados de precisi\u00f3n\",\"url\":\"https:\/\/www.faymasa.com\/fr\/\",\"logo\":{\"@type\":\"ImageObject\",\"inLanguage\":\"fr-FR\",\"@id\":\"https:\/\/www.faymasa.com\/fr\/#\/schema\/logo\/image\/\",\"url\":\"https:\/\/www.faymasa.com\/wp-content\/uploads\/2019\/03\/faymasa-logo-130-1.png\",\"contentUrl\":\"https:\/\/www.faymasa.com\/wp-content\/uploads\/2019\/03\/faymasa-logo-130-1.png\",\"width\":389,\"height\":130,\"caption\":\"Faymasa - Ingenier\u00eda y mecanizados de precisi\u00f3n\"},\"image\":{\"@id\":\"https:\/\/www.faymasa.com\/fr\/#\/schema\/logo\/image\/\"},\"sameAs\":[\"https:\/\/www.facebook.com\/faymasa\/\",\"https:\/\/x.com\/FAYMASA1\",\"https:\/\/www.instagram.com\/faymasa_palencia\/\",\"https:\/\/www.youtube.com\/user\/FAYMASAPAL\/feed\"]}]}<\/script>\n<!-- \/ Yoast SEO plugin. -->","yoast_head_json":{"title":"Services - Faymasa - Ingenier\u00eda y mecanizados de precisi\u00f3n","description":"Faymasa offre des services de conception, de fabrication, de m\u00e9trologie et de montage dans le secteur de l\u2019ing\u00e9nierie industrielle autant \u00e0 l\u2019\u00e9chelle nationale qu\u2019internationale.","robots":{"index":"index","follow":"follow","max-snippet":"max-snippet:-1","max-image-preview":"max-image-preview:large","max-video-preview":"max-video-preview:-1"},"canonical":"https:\/\/www.faymasa.com\/fr\/services\/","og_locale":"fr_FR","og_type":"article","og_title":"Services - Faymasa - Ingenier\u00eda y mecanizados de precisi\u00f3n","og_description":"Faymasa offre des services de conception, de fabrication, de m\u00e9trologie et de montage dans le secteur de l\u2019ing\u00e9nierie industrielle autant \u00e0 l\u2019\u00e9chelle nationale qu\u2019internationale.","og_url":"https:\/\/www.faymasa.com\/fr\/services\/","og_site_name":"Faymasa - Ingenier\u00eda y mecanizados de precisi\u00f3n","article_publisher":"https:\/\/www.facebook.com\/faymasa\/","article_modified_time":"2019-09-24T07:31:33+00:00","twitter_card":"summary_large_image","twitter_site":"@FAYMASA1","twitter_misc":{"Dur\u00e9e de lecture estim\u00e9e":"8 minutes"},"schema":{"@context":"https:\/\/schema.org","@graph":[{"@type":"WebPage","@id":"https:\/\/www.faymasa.com\/fr\/services\/","url":"https:\/\/www.faymasa.com\/fr\/services\/","name":"Services - Faymasa - Ingenier\u00eda y mecanizados de precisi\u00f3n","isPartOf":{"@id":"https:\/\/www.faymasa.com\/fr\/#website"},"datePublished":"2019-09-24T07:31:31+00:00","dateModified":"2019-09-24T07:31:33+00:00","description":"Faymasa offre des services de conception, de fabrication, de m\u00e9trologie et de montage dans le secteur de l\u2019ing\u00e9nierie industrielle autant \u00e0 l\u2019\u00e9chelle nationale qu\u2019internationale.","breadcrumb":{"@id":"https:\/\/www.faymasa.com\/fr\/services\/#breadcrumb"},"inLanguage":"fr-FR","potentialAction":[{"@type":"ReadAction","target":["https:\/\/www.faymasa.com\/fr\/services\/"]}]},{"@type":"BreadcrumbList","@id":"https:\/\/www.faymasa.com\/fr\/services\/#breadcrumb","itemListElement":[{"@type":"ListItem","position":1,"name":"Home","item":"https:\/\/www.faymasa.com\/fr\/"},{"@type":"ListItem","position":2,"name":"Services"}]},{"@type":"WebSite","@id":"https:\/\/www.faymasa.com\/fr\/#website","url":"https:\/\/www.faymasa.com\/fr\/","name":"Faymasa - Ingenier\u00eda y mecanizados de precisi\u00f3n","description":"Empresa ubicada en Palencia que ofrece servicios profesionales de ingenier\u00eda y mecanizados de precisi\u00f3n","publisher":{"@id":"https:\/\/www.faymasa.com\/fr\/#organization"},"potentialAction":[{"@type":"SearchAction","target":{"@type":"EntryPoint","urlTemplate":"https:\/\/www.faymasa.com\/fr\/?s={search_term_string}"},"query-input":{"@type":"PropertyValueSpecification","valueRequired":true,"valueName":"search_term_string"}}],"inLanguage":"fr-FR"},{"@type":"Organization","@id":"https:\/\/www.faymasa.com\/fr\/#organization","name":"Faymasa - Ingenier\u00eda y mecanizados de precisi\u00f3n","url":"https:\/\/www.faymasa.com\/fr\/","logo":{"@type":"ImageObject","inLanguage":"fr-FR","@id":"https:\/\/www.faymasa.com\/fr\/#\/schema\/logo\/image\/","url":"https:\/\/www.faymasa.com\/wp-content\/uploads\/2019\/03\/faymasa-logo-130-1.png","contentUrl":"https:\/\/www.faymasa.com\/wp-content\/uploads\/2019\/03\/faymasa-logo-130-1.png","width":389,"height":130,"caption":"Faymasa - Ingenier\u00eda y mecanizados de precisi\u00f3n"},"image":{"@id":"https:\/\/www.faymasa.com\/fr\/#\/schema\/logo\/image\/"},"sameAs":["https:\/\/www.facebook.com\/faymasa\/","https:\/\/x.com\/FAYMASA1","https:\/\/www.instagram.com\/faymasa_palencia\/","https:\/\/www.youtube.com\/user\/FAYMASAPAL\/feed"]}]}},"_links":{"self":[{"href":"https:\/\/www.faymasa.com\/fr\/wp-json\/wp\/v2\/pages\/2364","targetHints":{"allow":["GET"]}}],"collection":[{"href":"https:\/\/www.faymasa.com\/fr\/wp-json\/wp\/v2\/pages"}],"about":[{"href":"https:\/\/www.faymasa.com\/fr\/wp-json\/wp\/v2\/types\/page"}],"author":[{"embeddable":true,"href":"https:\/\/www.faymasa.com\/fr\/wp-json\/wp\/v2\/users\/1"}],"replies":[{"embeddable":true,"href":"https:\/\/www.faymasa.com\/fr\/wp-json\/wp\/v2\/comments?post=2364"}],"version-history":[{"count":2,"href":"https:\/\/www.faymasa.com\/fr\/wp-json\/wp\/v2\/pages\/2364\/revisions"}],"predecessor-version":[{"id":2366,"href":"https:\/\/www.faymasa.com\/fr\/wp-json\/wp\/v2\/pages\/2364\/revisions\/2366"}],"wp:attachment":[{"href":"https:\/\/www.faymasa.com\/fr\/wp-json\/wp\/v2\/media?parent=2364"}],"curies":[{"name":"wp","href":"https:\/\/api.w.org\/{rel}","templated":true}]}}