{"id":2362,"date":"2019-09-24T09:29:56","date_gmt":"2019-09-24T07:29:56","guid":{"rendered":"https:\/\/www.faymasa.com\/montage\/"},"modified":"2019-09-25T11:24:57","modified_gmt":"2019-09-25T09:24:57","slug":"montage","status":"publish","type":"page","link":"https:\/\/www.faymasa.com\/fr\/services\/montage\/","title":{"rendered":"Montage"},"content":{"rendered":"<p><div class=\"fusion-fullwidth fullwidth-box fusion-builder-row-1 nonhundred-percent-fullwidth non-hundred-percent-height-scrolling\" style=\"--awb-border-radius-top-left:0px;--awb-border-radius-top-right:0px;--awb-border-radius-bottom-right:0px;--awb-border-radius-bottom-left:0px;--awb-flex-wrap:wrap;\" ><div class=\"fusion-builder-row fusion-row\"><div class=\"fusion-layout-column fusion_builder_column fusion-builder-column-0 fusion_builder_column_1_1 1_1 fusion-one-full fusion-column-first fusion-column-last\" style=\"--awb-bg-size:cover;--awb-margin-bottom:40px;\"><div class=\"fusion-column-wrapper fusion-flex-column-wrapper-legacy\"><div class=\"fusion-text fusion-text-1\"><p style=\"text-align: center;\">L\u2019\u00e9quipe de monteurs travaille de mani\u00e8re tr\u00e8s polyvalente en s\u2019adaptant \u00e0 chaque projet et s\u2019assurant que le projet soit finalis\u00e9 dans le temps imparti avec efficacit\u00e9 et en r\u00e9pondant \u00e0 des normes \u00e9lev\u00e9es de qualit\u00e9. Les montages peuvent \u00eatre r\u00e9alis\u00e9s dans nos installations ou chez le client. <\/p>\n<\/div><div class=\"fusion-clearfix\"><\/div><\/div><\/div><\/div><\/div><div class=\"fusion-fullwidth fullwidth-box fusion-builder-row-2 nonhundred-percent-fullwidth non-hundred-percent-height-scrolling\" style=\"--awb-border-radius-top-left:0px;--awb-border-radius-top-right:0px;--awb-border-radius-bottom-right:0px;--awb-border-radius-bottom-left:0px;--awb-margin-top:0px;--awb-margin-bottom:0px;--awb-flex-wrap:wrap;\" ><div class=\"fusion-builder-row fusion-row\"><div class=\"fusion-layout-column fusion_builder_column fusion-builder-column-1 fusion_builder_column_1_1 1_1 fusion-one-full fusion-column-first fusion-column-last\" style=\"--awb-bg-size:cover;--awb-margin-bottom:0px;\"><div class=\"fusion-column-wrapper fusion-flex-column-wrapper-legacy\"><div class=\"fusion-text fusion-text-2\"><p style=\"margin: 0;\"><img decoding=\"async\" class=\"size-full wp-image-455 aligncenter\" src=\"http:\/\/www.faymasa.com\/wp-content\/uploads\/2019\/03\/montaje.jpg\" alt=\"\" width=\"800\" height=\"500\" srcset=\"https:\/\/www.faymasa.com\/wp-content\/uploads\/2019\/03\/montaje-200x125.jpg 200w, https:\/\/www.faymasa.com\/wp-content\/uploads\/2019\/03\/montaje-300x188.jpg 300w, https:\/\/www.faymasa.com\/wp-content\/uploads\/2019\/03\/montaje-400x250.jpg 400w, https:\/\/www.faymasa.com\/wp-content\/uploads\/2019\/03\/montaje-600x375.jpg 600w, https:\/\/www.faymasa.com\/wp-content\/uploads\/2019\/03\/montaje-768x480.jpg 768w, https:\/\/www.faymasa.com\/wp-content\/uploads\/2019\/03\/montaje.jpg 800w\" sizes=\"(max-width: 800px) 100vw, 800px\" \/><\/p>\n<\/div><div class=\"fusion-clearfix\"><\/div><\/div><\/div><\/div><\/div><div class=\"fusion-fullwidth fullwidth-box fusion-builder-row-3 nonhundred-percent-fullwidth non-hundred-percent-height-scrolling\" style=\"--awb-border-radius-top-left:0px;--awb-border-radius-top-right:0px;--awb-border-radius-bottom-right:0px;--awb-border-radius-bottom-left:0px;--awb-margin-top:0px;--awb-margin-bottom:0px;--awb-background-color:#ff9800;--awb-flex-wrap:wrap;\" ><div class=\"fusion-builder-row fusion-row\"><div class=\"fusion-layout-column fusion_builder_column fusion-builder-column-2 fusion_builder_column_1_1 1_1 fusion-one-full fusion-column-first fusion-column-last\" style=\"--awb-padding-top:50px;--awb-padding-bottom:50px;--awb-bg-size:cover;--awb-margin-bottom:0px;\"><div class=\"fusion-column-wrapper fusion-flex-column-wrapper-legacy\"><div class=\"fusion-text fusion-text-3\"><p style=\"text-align: center; font-size: 26px;\"><span style=\"color: #ffffff;\"><strong>NOTRE EXP\u00c9RIENCE NOUS PERMET D\u2019OFFRIR DES PRIX HAUTEMENT COMP\u00c9TITIFS<\/strong><\/span><\/p>\n<\/div><div class=\"fusion-sep-clear\"><\/div><div class=\"fusion-separator fusion-full-width-sep\" style=\"margin-left: auto;margin-right: auto;margin-top:20px;width:100%;\"><\/div><div class=\"fusion-sep-clear\"><\/div><div class=\"fusion-aligncenter\"><a class=\"fusion-button button-flat button-xlarge button-custom fusion-button-default button-1 fusion-button-default-span \" style=\"--button_accent_color:#ffffff;--button_accent_hover_color:#ff9800;--button_border_hover_color:#ff9800;--button_border_width-top:1px;--button_border_width-right:1px;--button_border_width-bottom:1px;--button_border_width-left:1px;--button-border-radius-top-left:25px;--button-border-radius-top-right:25px;--button-border-radius-bottom-right:25px;--button-border-radius-bottom-left:25px;--button_gradient_top_color:rgba(255,255,255,0);--button_gradient_bottom_color:rgba(255,255,255,0);--button_gradient_top_color_hover:#ffffff;--button_gradient_bottom_color_hover:#ffffff;--button_text_transform:uppercase;\" target=\"_self\" href=\"https:\/\/www.faymasa.com\/fr\/contact\/\"><span class=\"fusion-button-text\">CONTACTEZ-NOUS<\/span><\/a><\/div><div class=\"fusion-clearfix\"><\/div><\/div><\/div><\/div><\/div><\/p>\n","protected":false},"excerpt":{"rendered":"","protected":false},"author":1,"featured_media":0,"parent":2364,"menu_order":0,"comment_status":"closed","ping_status":"closed","template":"100-width.php","meta":{"_monsterinsights_skip_tracking":false,"_monsterinsights_sitenote_active":false,"_monsterinsights_sitenote_note":"","_monsterinsights_sitenote_category":0,"footnotes":""},"class_list":["post-2362","page","type-page","status-publish","hentry"],"yoast_head":"<!-- This site is optimized with the Yoast SEO plugin v25.5 - https:\/\/yoast.com\/wordpress\/plugins\/seo\/ -->\n<title>Montage - Faymasa - Ingenier\u00eda y mecanizados de precisi\u00f3n<\/title>\n<meta name=\"description\" content=\"Faymasa offre des services de montage dans le secteur de l\u2019ing\u00e9nierie industrielle autant \u00e0 l\u2019\u00e9chelle nationale qu\u2019internationale.\" \/>\n<meta name=\"robots\" content=\"index, follow, max-snippet:-1, max-image-preview:large, max-video-preview:-1\" \/>\n<link rel=\"canonical\" href=\"https:\/\/www.faymasa.com\/fr\/services\/montage\/\" \/>\n<meta property=\"og:locale\" content=\"fr_FR\" \/>\n<meta property=\"og:type\" content=\"article\" \/>\n<meta property=\"og:title\" content=\"Montage - Faymasa - Ingenier\u00eda y mecanizados de precisi\u00f3n\" \/>\n<meta property=\"og:description\" content=\"Faymasa offre des services de montage dans le secteur de l\u2019ing\u00e9nierie industrielle autant \u00e0 l\u2019\u00e9chelle nationale qu\u2019internationale.\" \/>\n<meta property=\"og:url\" content=\"https:\/\/www.faymasa.com\/fr\/services\/montage\/\" \/>\n<meta property=\"og:site_name\" content=\"Faymasa - Ingenier\u00eda y mecanizados de precisi\u00f3n\" \/>\n<meta property=\"article:publisher\" content=\"https:\/\/www.facebook.com\/faymasa\/\" \/>\n<meta property=\"article:modified_time\" content=\"2019-09-25T09:24:57+00:00\" \/>\n<meta property=\"og:image\" content=\"http:\/\/www.faymasa.com\/wp-content\/uploads\/2019\/03\/montaje.jpg\" \/>\n<meta name=\"twitter:card\" content=\"summary_large_image\" \/>\n<meta name=\"twitter:site\" content=\"@FAYMASA1\" \/>\n<meta name=\"twitter:label1\" content=\"Dur\u00e9e de lecture estim\u00e9e\" \/>\n\t<meta name=\"twitter:data1\" content=\"4 minutes\" \/>\n<script type=\"application\/ld+json\" class=\"yoast-schema-graph\">{\"@context\":\"https:\/\/schema.org\",\"@graph\":[{\"@type\":\"WebPage\",\"@id\":\"https:\/\/www.faymasa.com\/fr\/services\/montage\/\",\"url\":\"https:\/\/www.faymasa.com\/fr\/services\/montage\/\",\"name\":\"Montage - Faymasa - Ingenier\u00eda y mecanizados de precisi\u00f3n\",\"isPartOf\":{\"@id\":\"https:\/\/www.faymasa.com\/fr\/#website\"},\"primaryImageOfPage\":{\"@id\":\"https:\/\/www.faymasa.com\/fr\/services\/montage\/#primaryimage\"},\"image\":{\"@id\":\"https:\/\/www.faymasa.com\/fr\/services\/montage\/#primaryimage\"},\"thumbnailUrl\":\"http:\/\/www.faymasa.com\/wp-content\/uploads\/2019\/03\/montaje.jpg\",\"datePublished\":\"2019-09-24T07:29:56+00:00\",\"dateModified\":\"2019-09-25T09:24:57+00:00\",\"description\":\"Faymasa offre des services de montage dans le secteur de l\u2019ing\u00e9nierie industrielle autant \u00e0 l\u2019\u00e9chelle nationale qu\u2019internationale.\",\"breadcrumb\":{\"@id\":\"https:\/\/www.faymasa.com\/fr\/services\/montage\/#breadcrumb\"},\"inLanguage\":\"fr-FR\",\"potentialAction\":[{\"@type\":\"ReadAction\",\"target\":[\"https:\/\/www.faymasa.com\/fr\/services\/montage\/\"]}]},{\"@type\":\"ImageObject\",\"inLanguage\":\"fr-FR\",\"@id\":\"https:\/\/www.faymasa.com\/fr\/services\/montage\/#primaryimage\",\"url\":\"http:\/\/www.faymasa.com\/wp-content\/uploads\/2019\/03\/montaje.jpg\",\"contentUrl\":\"http:\/\/www.faymasa.com\/wp-content\/uploads\/2019\/03\/montaje.jpg\"},{\"@type\":\"BreadcrumbList\",\"@id\":\"https:\/\/www.faymasa.com\/fr\/services\/montage\/#breadcrumb\",\"itemListElement\":[{\"@type\":\"ListItem\",\"position\":1,\"name\":\"Home\",\"item\":\"https:\/\/www.faymasa.com\/fr\/\"},{\"@type\":\"ListItem\",\"position\":2,\"name\":\"Services\",\"item\":\"https:\/\/www.faymasa.com\/fr\/services\/\"},{\"@type\":\"ListItem\",\"position\":3,\"name\":\"Montage\"}]},{\"@type\":\"WebSite\",\"@id\":\"https:\/\/www.faymasa.com\/fr\/#website\",\"url\":\"https:\/\/www.faymasa.com\/fr\/\",\"name\":\"Faymasa - Ingenier\u00eda y mecanizados de precisi\u00f3n\",\"description\":\"Empresa ubicada en Palencia que ofrece servicios profesionales de ingenier\u00eda y mecanizados de precisi\u00f3n\",\"publisher\":{\"@id\":\"https:\/\/www.faymasa.com\/fr\/#organization\"},\"potentialAction\":[{\"@type\":\"SearchAction\",\"target\":{\"@type\":\"EntryPoint\",\"urlTemplate\":\"https:\/\/www.faymasa.com\/fr\/?s={search_term_string}\"},\"query-input\":{\"@type\":\"PropertyValueSpecification\",\"valueRequired\":true,\"valueName\":\"search_term_string\"}}],\"inLanguage\":\"fr-FR\"},{\"@type\":\"Organization\",\"@id\":\"https:\/\/www.faymasa.com\/fr\/#organization\",\"name\":\"Faymasa - Ingenier\u00eda y mecanizados de precisi\u00f3n\",\"url\":\"https:\/\/www.faymasa.com\/fr\/\",\"logo\":{\"@type\":\"ImageObject\",\"inLanguage\":\"fr-FR\",\"@id\":\"https:\/\/www.faymasa.com\/fr\/#\/schema\/logo\/image\/\",\"url\":\"https:\/\/www.faymasa.com\/wp-content\/uploads\/2019\/03\/faymasa-logo-130-1.png\",\"contentUrl\":\"https:\/\/www.faymasa.com\/wp-content\/uploads\/2019\/03\/faymasa-logo-130-1.png\",\"width\":389,\"height\":130,\"caption\":\"Faymasa - Ingenier\u00eda y mecanizados de precisi\u00f3n\"},\"image\":{\"@id\":\"https:\/\/www.faymasa.com\/fr\/#\/schema\/logo\/image\/\"},\"sameAs\":[\"https:\/\/www.facebook.com\/faymasa\/\",\"https:\/\/x.com\/FAYMASA1\",\"https:\/\/www.instagram.com\/faymasa_palencia\/\",\"https:\/\/www.youtube.com\/user\/FAYMASAPAL\/feed\"]}]}<\/script>\n<!-- \/ Yoast SEO plugin. -->","yoast_head_json":{"title":"Montage - Faymasa - Ingenier\u00eda y mecanizados de precisi\u00f3n","description":"Faymasa offre des services de montage dans le secteur de l\u2019ing\u00e9nierie industrielle autant \u00e0 l\u2019\u00e9chelle nationale qu\u2019internationale.","robots":{"index":"index","follow":"follow","max-snippet":"max-snippet:-1","max-image-preview":"max-image-preview:large","max-video-preview":"max-video-preview:-1"},"canonical":"https:\/\/www.faymasa.com\/fr\/services\/montage\/","og_locale":"fr_FR","og_type":"article","og_title":"Montage - Faymasa - Ingenier\u00eda y mecanizados de precisi\u00f3n","og_description":"Faymasa offre des services de montage dans le secteur de l\u2019ing\u00e9nierie industrielle autant \u00e0 l\u2019\u00e9chelle nationale qu\u2019internationale.","og_url":"https:\/\/www.faymasa.com\/fr\/services\/montage\/","og_site_name":"Faymasa - Ingenier\u00eda y mecanizados de precisi\u00f3n","article_publisher":"https:\/\/www.facebook.com\/faymasa\/","article_modified_time":"2019-09-25T09:24:57+00:00","og_image":[{"url":"http:\/\/www.faymasa.com\/wp-content\/uploads\/2019\/03\/montaje.jpg","type":"","width":"","height":""}],"twitter_card":"summary_large_image","twitter_site":"@FAYMASA1","twitter_misc":{"Dur\u00e9e de lecture estim\u00e9e":"4 minutes"},"schema":{"@context":"https:\/\/schema.org","@graph":[{"@type":"WebPage","@id":"https:\/\/www.faymasa.com\/fr\/services\/montage\/","url":"https:\/\/www.faymasa.com\/fr\/services\/montage\/","name":"Montage - Faymasa - Ingenier\u00eda y mecanizados de precisi\u00f3n","isPartOf":{"@id":"https:\/\/www.faymasa.com\/fr\/#website"},"primaryImageOfPage":{"@id":"https:\/\/www.faymasa.com\/fr\/services\/montage\/#primaryimage"},"image":{"@id":"https:\/\/www.faymasa.com\/fr\/services\/montage\/#primaryimage"},"thumbnailUrl":"http:\/\/www.faymasa.com\/wp-content\/uploads\/2019\/03\/montaje.jpg","datePublished":"2019-09-24T07:29:56+00:00","dateModified":"2019-09-25T09:24:57+00:00","description":"Faymasa offre des services de montage dans le secteur de l\u2019ing\u00e9nierie industrielle autant \u00e0 l\u2019\u00e9chelle nationale qu\u2019internationale.","breadcrumb":{"@id":"https:\/\/www.faymasa.com\/fr\/services\/montage\/#breadcrumb"},"inLanguage":"fr-FR","potentialAction":[{"@type":"ReadAction","target":["https:\/\/www.faymasa.com\/fr\/services\/montage\/"]}]},{"@type":"ImageObject","inLanguage":"fr-FR","@id":"https:\/\/www.faymasa.com\/fr\/services\/montage\/#primaryimage","url":"http:\/\/www.faymasa.com\/wp-content\/uploads\/2019\/03\/montaje.jpg","contentUrl":"http:\/\/www.faymasa.com\/wp-content\/uploads\/2019\/03\/montaje.jpg"},{"@type":"BreadcrumbList","@id":"https:\/\/www.faymasa.com\/fr\/services\/montage\/#breadcrumb","itemListElement":[{"@type":"ListItem","position":1,"name":"Home","item":"https:\/\/www.faymasa.com\/fr\/"},{"@type":"ListItem","position":2,"name":"Services","item":"https:\/\/www.faymasa.com\/fr\/services\/"},{"@type":"ListItem","position":3,"name":"Montage"}]},{"@type":"WebSite","@id":"https:\/\/www.faymasa.com\/fr\/#website","url":"https:\/\/www.faymasa.com\/fr\/","name":"Faymasa - Ingenier\u00eda y mecanizados de precisi\u00f3n","description":"Empresa ubicada en Palencia que ofrece servicios profesionales de ingenier\u00eda y mecanizados de precisi\u00f3n","publisher":{"@id":"https:\/\/www.faymasa.com\/fr\/#organization"},"potentialAction":[{"@type":"SearchAction","target":{"@type":"EntryPoint","urlTemplate":"https:\/\/www.faymasa.com\/fr\/?s={search_term_string}"},"query-input":{"@type":"PropertyValueSpecification","valueRequired":true,"valueName":"search_term_string"}}],"inLanguage":"fr-FR"},{"@type":"Organization","@id":"https:\/\/www.faymasa.com\/fr\/#organization","name":"Faymasa - Ingenier\u00eda y mecanizados de precisi\u00f3n","url":"https:\/\/www.faymasa.com\/fr\/","logo":{"@type":"ImageObject","inLanguage":"fr-FR","@id":"https:\/\/www.faymasa.com\/fr\/#\/schema\/logo\/image\/","url":"https:\/\/www.faymasa.com\/wp-content\/uploads\/2019\/03\/faymasa-logo-130-1.png","contentUrl":"https:\/\/www.faymasa.com\/wp-content\/uploads\/2019\/03\/faymasa-logo-130-1.png","width":389,"height":130,"caption":"Faymasa - Ingenier\u00eda y mecanizados de precisi\u00f3n"},"image":{"@id":"https:\/\/www.faymasa.com\/fr\/#\/schema\/logo\/image\/"},"sameAs":["https:\/\/www.facebook.com\/faymasa\/","https:\/\/x.com\/FAYMASA1","https:\/\/www.instagram.com\/faymasa_palencia\/","https:\/\/www.youtube.com\/user\/FAYMASAPAL\/feed"]}]}},"_links":{"self":[{"href":"https:\/\/www.faymasa.com\/fr\/wp-json\/wp\/v2\/pages\/2362","targetHints":{"allow":["GET"]}}],"collection":[{"href":"https:\/\/www.faymasa.com\/fr\/wp-json\/wp\/v2\/pages"}],"about":[{"href":"https:\/\/www.faymasa.com\/fr\/wp-json\/wp\/v2\/types\/page"}],"author":[{"embeddable":true,"href":"https:\/\/www.faymasa.com\/fr\/wp-json\/wp\/v2\/users\/1"}],"replies":[{"embeddable":true,"href":"https:\/\/www.faymasa.com\/fr\/wp-json\/wp\/v2\/comments?post=2362"}],"version-history":[{"count":2,"href":"https:\/\/www.faymasa.com\/fr\/wp-json\/wp\/v2\/pages\/2362\/revisions"}],"predecessor-version":[{"id":2457,"href":"https:\/\/www.faymasa.com\/fr\/wp-json\/wp\/v2\/pages\/2362\/revisions\/2457"}],"up":[{"embeddable":true,"href":"https:\/\/www.faymasa.com\/fr\/wp-json\/wp\/v2\/pages\/2364"}],"wp:attachment":[{"href":"https:\/\/www.faymasa.com\/fr\/wp-json\/wp\/v2\/media?parent=2362"}],"curies":[{"name":"wp","href":"https:\/\/api.w.org\/{rel}","templated":true}]}}