{"id":2356,"date":"2019-09-24T09:16:01","date_gmt":"2019-09-24T07:16:01","guid":{"rendered":"https:\/\/www.faymasa.com\/conception\/"},"modified":"2019-09-25T11:24:30","modified_gmt":"2019-09-25T09:24:30","slug":"conception","status":"publish","type":"page","link":"https:\/\/www.faymasa.com\/fr\/services\/conception\/","title":{"rendered":"Conception"},"content":{"rendered":"<p><div class=\"fusion-fullwidth fullwidth-box fusion-builder-row-1 nonhundred-percent-fullwidth non-hundred-percent-height-scrolling\" style=\"--awb-border-radius-top-left:0px;--awb-border-radius-top-right:0px;--awb-border-radius-bottom-right:0px;--awb-border-radius-bottom-left:0px;--awb-flex-wrap:wrap;\" ><div class=\"fusion-builder-row fusion-row\"><div class=\"fusion-layout-column fusion_builder_column fusion-builder-column-0 fusion_builder_column_1_1 1_1 fusion-one-full fusion-column-first fusion-column-last\" style=\"--awb-bg-size:cover;\"><div class=\"fusion-column-wrapper fusion-flex-column-wrapper-legacy\"><div class=\"fusion-text fusion-text-1\"><p style=\"text-align: center;\">Notre \u00e9quipe d\u2019ing\u00e9nieurs \u00e9tudie chaque projet et con\u00e7oit la solution la plus adapt\u00e9e pour chaque client.<\/p>\n<p style=\"text-align: center;\">Les professionnels de Faymasa travaillent avec pr\u00e9cision et qualit\u00e9 pour donner une r\u00e9ponse \u00e0 la demande exigeante du march\u00e9.<\/p>\n<\/div><div class=\"fusion-clearfix\"><\/div><\/div><\/div><\/div><\/div><div class=\"fusion-bg-parallax\" data-bg-align=\"center center\" data-direction=\"up\" data-mute=\"false\" data-opacity=\"100\" data-velocity=\"-0.3\" data-mobile-enabled=\"false\" data-break_parents=\"0\" data-bg-image=\"http:\/\/www.faymasa.com\/wp-content\/uploads\/2019\/03\/diseno.jpg\" data-bg-repeat=\"false\" ><\/div><div class=\"fusion-fullwidth fullwidth-box fusion-builder-row-2 fusion-parallax-up nonhundred-percent-fullwidth non-hundred-percent-height-scrolling\" style=\"--awb-border-radius-top-left:0px;--awb-border-radius-top-right:0px;--awb-border-radius-bottom-right:0px;--awb-border-radius-bottom-left:0px;--awb-padding-top:100px;--awb-padding-bottom:100px;--awb-background-image:url(&quot;http:\/\/www.faymasa.com\/wp-content\/uploads\/2019\/03\/diseno.jpg&quot;);--awb-background-size:cover;--awb-flex-wrap:wrap;\" ><div class=\"fusion-builder-row fusion-row\"><div class=\"fusion-layout-column fusion_builder_column fusion-builder-column-1 fusion_builder_column_1_1 1_1 fusion-one-full fusion-column-first fusion-column-last\" style=\"--awb-bg-size:cover;--awb-margin-bottom:50px;\"><div class=\"fusion-column-wrapper fusion-flex-column-wrapper-legacy\"><div class=\"fusion-text fusion-text-2\"><p style=\"text-align: center; font-size: 22px;\"><strong><span style=\"color: #ffffff;\">Pour cela, ils travaillent avec les outils de conception suivants :<\/span><\/strong><\/p>\n<\/div><div class=\"fusion-clearfix\"><\/div><\/div><\/div><div class=\"fusion-layout-column fusion_builder_column fusion-builder-column-2 fusion_builder_column_1_3 1_3 fusion-one-third fusion-column-first\" style=\"--awb-bg-size:cover;width:33.333333333333%;width:calc(33.333333333333% - ( ( 4% + 4% ) * 0.33333333333333 ) );margin-right: 4%;\"><div class=\"fusion-column-wrapper fusion-flex-column-wrapper-legacy\"><div class=\"fusion-fa-align-center\"><i class=\"fb-icon-element-1 fb-icon-element fontawesome-icon fa-bezier-curve fas circle-yes\" style=\"--awb-circlecolor:rgba(17,35,91,0);--awb-circlecolor-hover:rgba(17,35,91,0);--awb-circlebordercolor:#ffffff;--awb-circlebordercolor-hover:#ffffff;--awb-circlebordersize:1px;--awb-font-size:44px;--awb-width:88px;--awb-height:88px;--awb-line-height:86px;\"><\/i><\/div><div class=\"fusion-text fusion-text-3\"><h4 style=\"text-align: center; font-size: 28px;\"><span style=\"color: #ffffff;\"><strong>SOLID WORKS<\/strong><\/span><\/h4>\n<\/div><div class=\"fusion-clearfix\"><\/div><\/div><\/div><div class=\"fusion-layout-column fusion_builder_column fusion-builder-column-3 fusion_builder_column_1_3 1_3 fusion-one-third\" style=\"--awb-bg-size:cover;width:33.333333333333%;width:calc(33.333333333333% - ( ( 4% + 4% ) * 0.33333333333333 ) );margin-right: 4%;\"><div class=\"fusion-column-wrapper fusion-flex-column-wrapper-legacy\"><div class=\"fusion-fa-align-center\"><i class=\"fb-icon-element-2 fb-icon-element fontawesome-icon fa-cubes fas circle-yes\" style=\"--awb-circlecolor:rgba(17,35,91,0);--awb-circlecolor-hover:rgba(17,35,91,0);--awb-circlebordercolor:#ffffff;--awb-circlebordercolor-hover:#ffffff;--awb-circlebordersize:1px;--awb-font-size:44px;--awb-width:88px;--awb-height:88px;--awb-line-height:86px;\"><\/i><\/div><div class=\"fusion-text fusion-text-4\"><h4 style=\"text-align: center; font-size: 28px;\"><span style=\"color: #ffffff;\"><strong>AUTOCAD<\/strong><\/span><\/h4>\n<\/div><div class=\"fusion-clearfix\"><\/div><\/div><\/div><div class=\"fusion-layout-column fusion_builder_column fusion-builder-column-4 fusion_builder_column_1_3 1_3 fusion-one-third fusion-column-last\" style=\"--awb-bg-size:cover;width:33.333333333333%;width:calc(33.333333333333% - ( ( 4% + 4% ) * 0.33333333333333 ) );\"><div class=\"fusion-column-wrapper fusion-flex-column-wrapper-legacy\"><div class=\"fusion-fa-align-center\"><i class=\"fb-icon-element-3 fb-icon-element fontawesome-icon fa-drafting-compass fas circle-yes\" style=\"--awb-circlecolor:rgba(17,35,91,0);--awb-circlecolor-hover:rgba(17,35,91,0);--awb-circlebordercolor:#ffffff;--awb-circlebordercolor-hover:#ffffff;--awb-circlebordersize:1px;--awb-font-size:44px;--awb-width:88px;--awb-height:88px;--awb-line-height:86px;\"><\/i><\/div><div class=\"fusion-text fusion-text-5\"><h4 style=\"text-align: center; font-size: 28px;\"><span style=\"color: #ffffff;\"><strong>CATIA<\/strong><\/span><\/h4>\n<\/div><div class=\"fusion-clearfix\"><\/div><\/div><\/div><\/div><\/div><div class=\"fusion-fullwidth fullwidth-box fusion-builder-row-3 nonhundred-percent-fullwidth non-hundred-percent-height-scrolling\" style=\"--awb-border-radius-top-left:0px;--awb-border-radius-top-right:0px;--awb-border-radius-bottom-right:0px;--awb-border-radius-bottom-left:0px;--awb-background-color:#ff9800;--awb-flex-wrap:wrap;\" ><div class=\"fusion-builder-row fusion-row\"><div class=\"fusion-layout-column fusion_builder_column fusion-builder-column-5 fusion_builder_column_1_1 1_1 fusion-one-full fusion-column-first fusion-column-last\" style=\"--awb-padding-top:50px;--awb-padding-bottom:50px;--awb-bg-size:cover;--awb-margin-bottom:0px;\"><div class=\"fusion-column-wrapper fusion-flex-column-wrapper-legacy\"><div class=\"fusion-text fusion-text-6\"><p style=\"text-align: center; font-size: 26px;\"><span style=\"color: #ffffff;\"><strong>NOTRE EXP\u00c9RIENCE NOUS PERMET D\u2019OFFRIR DES PRIX HAUTEMENT COMP\u00c9TITIFS<\/strong><\/span><\/p>\n<\/div><div class=\"fusion-sep-clear\"><\/div><div class=\"fusion-separator fusion-full-width-sep\" style=\"margin-left: auto;margin-right: auto;margin-top:20px;width:100%;\"><\/div><div class=\"fusion-sep-clear\"><\/div><div class=\"fusion-aligncenter\"><a class=\"fusion-button button-flat button-xlarge button-custom fusion-button-default button-1 fusion-button-default-span \" style=\"--button_accent_color:#ffffff;--button_accent_hover_color:#ff9800;--button_border_hover_color:#ff9800;--button_border_width-top:1px;--button_border_width-right:1px;--button_border_width-bottom:1px;--button_border_width-left:1px;--button-border-radius-top-left:25px;--button-border-radius-top-right:25px;--button-border-radius-bottom-right:25px;--button-border-radius-bottom-left:25px;--button_gradient_top_color:rgba(255,255,255,0);--button_gradient_bottom_color:rgba(255,255,255,0);--button_gradient_top_color_hover:#ffffff;--button_gradient_bottom_color_hover:#ffffff;--button_text_transform:uppercase;\" target=\"_self\" href=\"https:\/\/www.faymasa.com\/fr\/contact\/\"><span class=\"fusion-button-text\">CONTACTEZ-NOUS<\/span><\/a><\/div><div class=\"fusion-clearfix\"><\/div><\/div><\/div><\/div><\/div><\/p>\n","protected":false},"excerpt":{"rendered":"","protected":false},"author":1,"featured_media":0,"parent":2364,"menu_order":0,"comment_status":"closed","ping_status":"closed","template":"100-width.php","meta":{"_monsterinsights_skip_tracking":false,"_monsterinsights_sitenote_active":false,"_monsterinsights_sitenote_note":"","_monsterinsights_sitenote_category":0,"footnotes":""},"class_list":["post-2356","page","type-page","status-publish","hentry"],"yoast_head":"<!-- This site is optimized with the Yoast SEO plugin v25.5 - https:\/\/yoast.com\/wordpress\/plugins\/seo\/ -->\n<title>Conception - Faymasa - Ingenier\u00eda y mecanizados de precisi\u00f3n<\/title>\n<meta name=\"description\" content=\"Faymasa offre des services de conception dans le secteur de l\u2019ing\u00e9nierie industrielle autant \u00e0 l\u2019\u00e9chelle nationale qu\u2019internationale.\" \/>\n<meta name=\"robots\" content=\"index, follow, max-snippet:-1, max-image-preview:large, max-video-preview:-1\" \/>\n<link rel=\"canonical\" href=\"https:\/\/www.faymasa.com\/fr\/services\/conception\/\" \/>\n<meta property=\"og:locale\" content=\"fr_FR\" \/>\n<meta property=\"og:type\" content=\"article\" \/>\n<meta property=\"og:title\" content=\"Conception - Faymasa - Ingenier\u00eda y mecanizados de precisi\u00f3n\" \/>\n<meta property=\"og:description\" content=\"Faymasa offre des services de conception dans le secteur de l\u2019ing\u00e9nierie industrielle autant \u00e0 l\u2019\u00e9chelle nationale qu\u2019internationale.\" \/>\n<meta property=\"og:url\" content=\"https:\/\/www.faymasa.com\/fr\/services\/conception\/\" \/>\n<meta property=\"og:site_name\" content=\"Faymasa - Ingenier\u00eda y mecanizados de precisi\u00f3n\" \/>\n<meta property=\"article:publisher\" content=\"https:\/\/www.facebook.com\/faymasa\/\" \/>\n<meta property=\"article:modified_time\" content=\"2019-09-25T09:24:30+00:00\" \/>\n<meta name=\"twitter:card\" content=\"summary_large_image\" \/>\n<meta name=\"twitter:site\" content=\"@FAYMASA1\" \/>\n<meta name=\"twitter:label1\" content=\"Dur\u00e9e de lecture estim\u00e9e\" \/>\n\t<meta name=\"twitter:data1\" content=\"6 minutes\" \/>\n<script type=\"application\/ld+json\" class=\"yoast-schema-graph\">{\"@context\":\"https:\/\/schema.org\",\"@graph\":[{\"@type\":\"WebPage\",\"@id\":\"https:\/\/www.faymasa.com\/fr\/services\/conception\/\",\"url\":\"https:\/\/www.faymasa.com\/fr\/services\/conception\/\",\"name\":\"Conception - Faymasa - Ingenier\u00eda y mecanizados de precisi\u00f3n\",\"isPartOf\":{\"@id\":\"https:\/\/www.faymasa.com\/fr\/#website\"},\"datePublished\":\"2019-09-24T07:16:01+00:00\",\"dateModified\":\"2019-09-25T09:24:30+00:00\",\"description\":\"Faymasa offre des services de conception dans le secteur de l\u2019ing\u00e9nierie industrielle autant \u00e0 l\u2019\u00e9chelle nationale qu\u2019internationale.\",\"breadcrumb\":{\"@id\":\"https:\/\/www.faymasa.com\/fr\/services\/conception\/#breadcrumb\"},\"inLanguage\":\"fr-FR\",\"potentialAction\":[{\"@type\":\"ReadAction\",\"target\":[\"https:\/\/www.faymasa.com\/fr\/services\/conception\/\"]}]},{\"@type\":\"BreadcrumbList\",\"@id\":\"https:\/\/www.faymasa.com\/fr\/services\/conception\/#breadcrumb\",\"itemListElement\":[{\"@type\":\"ListItem\",\"position\":1,\"name\":\"Home\",\"item\":\"https:\/\/www.faymasa.com\/fr\/\"},{\"@type\":\"ListItem\",\"position\":2,\"name\":\"Services\",\"item\":\"https:\/\/www.faymasa.com\/fr\/services\/\"},{\"@type\":\"ListItem\",\"position\":3,\"name\":\"Conception\"}]},{\"@type\":\"WebSite\",\"@id\":\"https:\/\/www.faymasa.com\/fr\/#website\",\"url\":\"https:\/\/www.faymasa.com\/fr\/\",\"name\":\"Faymasa - Ingenier\u00eda y mecanizados de precisi\u00f3n\",\"description\":\"Empresa ubicada en Palencia que ofrece servicios profesionales de ingenier\u00eda y mecanizados de precisi\u00f3n\",\"publisher\":{\"@id\":\"https:\/\/www.faymasa.com\/fr\/#organization\"},\"potentialAction\":[{\"@type\":\"SearchAction\",\"target\":{\"@type\":\"EntryPoint\",\"urlTemplate\":\"https:\/\/www.faymasa.com\/fr\/?s={search_term_string}\"},\"query-input\":{\"@type\":\"PropertyValueSpecification\",\"valueRequired\":true,\"valueName\":\"search_term_string\"}}],\"inLanguage\":\"fr-FR\"},{\"@type\":\"Organization\",\"@id\":\"https:\/\/www.faymasa.com\/fr\/#organization\",\"name\":\"Faymasa - Ingenier\u00eda y mecanizados de precisi\u00f3n\",\"url\":\"https:\/\/www.faymasa.com\/fr\/\",\"logo\":{\"@type\":\"ImageObject\",\"inLanguage\":\"fr-FR\",\"@id\":\"https:\/\/www.faymasa.com\/fr\/#\/schema\/logo\/image\/\",\"url\":\"https:\/\/www.faymasa.com\/wp-content\/uploads\/2019\/03\/faymasa-logo-130-1.png\",\"contentUrl\":\"https:\/\/www.faymasa.com\/wp-content\/uploads\/2019\/03\/faymasa-logo-130-1.png\",\"width\":389,\"height\":130,\"caption\":\"Faymasa - Ingenier\u00eda y mecanizados de precisi\u00f3n\"},\"image\":{\"@id\":\"https:\/\/www.faymasa.com\/fr\/#\/schema\/logo\/image\/\"},\"sameAs\":[\"https:\/\/www.facebook.com\/faymasa\/\",\"https:\/\/x.com\/FAYMASA1\",\"https:\/\/www.instagram.com\/faymasa_palencia\/\",\"https:\/\/www.youtube.com\/user\/FAYMASAPAL\/feed\"]}]}<\/script>\n<!-- \/ Yoast SEO plugin. -->","yoast_head_json":{"title":"Conception - Faymasa - Ingenier\u00eda y mecanizados de precisi\u00f3n","description":"Faymasa offre des services de conception dans le secteur de l\u2019ing\u00e9nierie industrielle autant \u00e0 l\u2019\u00e9chelle nationale qu\u2019internationale.","robots":{"index":"index","follow":"follow","max-snippet":"max-snippet:-1","max-image-preview":"max-image-preview:large","max-video-preview":"max-video-preview:-1"},"canonical":"https:\/\/www.faymasa.com\/fr\/services\/conception\/","og_locale":"fr_FR","og_type":"article","og_title":"Conception - Faymasa - Ingenier\u00eda y mecanizados de precisi\u00f3n","og_description":"Faymasa offre des services de conception dans le secteur de l\u2019ing\u00e9nierie industrielle autant \u00e0 l\u2019\u00e9chelle nationale qu\u2019internationale.","og_url":"https:\/\/www.faymasa.com\/fr\/services\/conception\/","og_site_name":"Faymasa - Ingenier\u00eda y mecanizados de precisi\u00f3n","article_publisher":"https:\/\/www.facebook.com\/faymasa\/","article_modified_time":"2019-09-25T09:24:30+00:00","twitter_card":"summary_large_image","twitter_site":"@FAYMASA1","twitter_misc":{"Dur\u00e9e de lecture estim\u00e9e":"6 minutes"},"schema":{"@context":"https:\/\/schema.org","@graph":[{"@type":"WebPage","@id":"https:\/\/www.faymasa.com\/fr\/services\/conception\/","url":"https:\/\/www.faymasa.com\/fr\/services\/conception\/","name":"Conception - Faymasa - Ingenier\u00eda y mecanizados de precisi\u00f3n","isPartOf":{"@id":"https:\/\/www.faymasa.com\/fr\/#website"},"datePublished":"2019-09-24T07:16:01+00:00","dateModified":"2019-09-25T09:24:30+00:00","description":"Faymasa offre des services de conception dans le secteur de l\u2019ing\u00e9nierie industrielle autant \u00e0 l\u2019\u00e9chelle nationale qu\u2019internationale.","breadcrumb":{"@id":"https:\/\/www.faymasa.com\/fr\/services\/conception\/#breadcrumb"},"inLanguage":"fr-FR","potentialAction":[{"@type":"ReadAction","target":["https:\/\/www.faymasa.com\/fr\/services\/conception\/"]}]},{"@type":"BreadcrumbList","@id":"https:\/\/www.faymasa.com\/fr\/services\/conception\/#breadcrumb","itemListElement":[{"@type":"ListItem","position":1,"name":"Home","item":"https:\/\/www.faymasa.com\/fr\/"},{"@type":"ListItem","position":2,"name":"Services","item":"https:\/\/www.faymasa.com\/fr\/services\/"},{"@type":"ListItem","position":3,"name":"Conception"}]},{"@type":"WebSite","@id":"https:\/\/www.faymasa.com\/fr\/#website","url":"https:\/\/www.faymasa.com\/fr\/","name":"Faymasa - Ingenier\u00eda y mecanizados de precisi\u00f3n","description":"Empresa ubicada en Palencia que ofrece servicios profesionales de ingenier\u00eda y mecanizados de precisi\u00f3n","publisher":{"@id":"https:\/\/www.faymasa.com\/fr\/#organization"},"potentialAction":[{"@type":"SearchAction","target":{"@type":"EntryPoint","urlTemplate":"https:\/\/www.faymasa.com\/fr\/?s={search_term_string}"},"query-input":{"@type":"PropertyValueSpecification","valueRequired":true,"valueName":"search_term_string"}}],"inLanguage":"fr-FR"},{"@type":"Organization","@id":"https:\/\/www.faymasa.com\/fr\/#organization","name":"Faymasa - Ingenier\u00eda y mecanizados de precisi\u00f3n","url":"https:\/\/www.faymasa.com\/fr\/","logo":{"@type":"ImageObject","inLanguage":"fr-FR","@id":"https:\/\/www.faymasa.com\/fr\/#\/schema\/logo\/image\/","url":"https:\/\/www.faymasa.com\/wp-content\/uploads\/2019\/03\/faymasa-logo-130-1.png","contentUrl":"https:\/\/www.faymasa.com\/wp-content\/uploads\/2019\/03\/faymasa-logo-130-1.png","width":389,"height":130,"caption":"Faymasa - Ingenier\u00eda y mecanizados de precisi\u00f3n"},"image":{"@id":"https:\/\/www.faymasa.com\/fr\/#\/schema\/logo\/image\/"},"sameAs":["https:\/\/www.facebook.com\/faymasa\/","https:\/\/x.com\/FAYMASA1","https:\/\/www.instagram.com\/faymasa_palencia\/","https:\/\/www.youtube.com\/user\/FAYMASAPAL\/feed"]}]}},"_links":{"self":[{"href":"https:\/\/www.faymasa.com\/fr\/wp-json\/wp\/v2\/pages\/2356","targetHints":{"allow":["GET"]}}],"collection":[{"href":"https:\/\/www.faymasa.com\/fr\/wp-json\/wp\/v2\/pages"}],"about":[{"href":"https:\/\/www.faymasa.com\/fr\/wp-json\/wp\/v2\/types\/page"}],"author":[{"embeddable":true,"href":"https:\/\/www.faymasa.com\/fr\/wp-json\/wp\/v2\/users\/1"}],"replies":[{"embeddable":true,"href":"https:\/\/www.faymasa.com\/fr\/wp-json\/wp\/v2\/comments?post=2356"}],"version-history":[{"count":2,"href":"https:\/\/www.faymasa.com\/fr\/wp-json\/wp\/v2\/pages\/2356\/revisions"}],"predecessor-version":[{"id":2455,"href":"https:\/\/www.faymasa.com\/fr\/wp-json\/wp\/v2\/pages\/2356\/revisions\/2455"}],"up":[{"embeddable":true,"href":"https:\/\/www.faymasa.com\/fr\/wp-json\/wp\/v2\/pages\/2364"}],"wp:attachment":[{"href":"https:\/\/www.faymasa.com\/fr\/wp-json\/wp\/v2\/media?parent=2356"}],"curies":[{"name":"wp","href":"https:\/\/api.w.org\/{rel}","templated":true}]}}