{"id":2313,"date":"2019-09-23T12:52:51","date_gmt":"2019-09-23T10:52:51","guid":{"rendered":"https:\/\/www.faymasa.com\/histoire\/"},"modified":"2019-09-25T11:22:53","modified_gmt":"2019-09-25T09:22:53","slug":"histoire","status":"publish","type":"page","link":"https:\/\/www.faymasa.com\/fr\/histoire\/","title":{"rendered":"Histoire"},"content":{"rendered":"<p><div class=\"fusion-fullwidth fullwidth-box fusion-builder-row-1 hundred-percent-fullwidth non-hundred-percent-height-scrolling\" style=\"--awb-border-radius-top-left:0px;--awb-border-radius-top-right:0px;--awb-border-radius-bottom-right:0px;--awb-border-radius-bottom-left:0px;--awb-flex-wrap:wrap;\" ><div class=\"fusion-builder-row fusion-row\"><div class=\"fusion-layout-column fusion_builder_column fusion-builder-column-0 fusion_builder_column_1_1 1_1 fusion-one-full fusion-column-first fusion-column-last\" style=\"--awb-bg-size:cover;\"><div class=\"fusion-column-wrapper fusion-flex-column-wrapper-legacy\"><div class=\"fusion-text fusion-text-1\"><h2 style=\"font-weight: 400; text-align: center; font-size: 2em;\"><strong>PLUS DE 30 ANS D\u2019EXP\u00c9RIENCE GARANTIS POUR CONTINUER \u00c0 GRANDIR<\/strong><\/h2>\n<\/div><div class=\"fusion-clearfix\"><\/div><\/div><\/div><\/div><\/div><div class=\"fusion-fullwidth fullwidth-box fusion-builder-row-2 nonhundred-percent-fullwidth non-hundred-percent-height-scrolling\" style=\"--awb-border-radius-top-left:0px;--awb-border-radius-top-right:0px;--awb-border-radius-bottom-right:0px;--awb-border-radius-bottom-left:0px;--awb-flex-wrap:wrap;\" ><div class=\"fusion-builder-row fusion-row\"><div class=\"fusion-layout-column fusion_builder_column fusion-builder-column-1 fusion_builder_column_1_1 1_1 fusion-one-full fusion-column-first fusion-column-last\" style=\"--awb-bg-size:cover;\"><div class=\"fusion-column-wrapper fusion-flex-column-wrapper-legacy\"><div class=\"fusion-text fusion-text-2\"><p style=\"text-align: center;\">Cela fait plus de 30 ans que nous innovons dans le secteur de l\u2019ing\u00e9nierie industrielle et de l\u2019usinage, avec des centaines clients satisfaits. L\u2019entreprise n\u2019a pas arr\u00eat\u00e9 de grandir depuis sa cr\u00e9ation, en se positionnant actuellement comme un r\u00e9f\u00e9rent industriel en Castilla y Le\u00f3n.<\/p>\n<\/div><div class=\"fusion-clearfix\"><\/div><\/div><\/div><\/div><\/div><div class=\"fusion-fullwidth fullwidth-box fusion-builder-row-3 nonhundred-percent-fullwidth non-hundred-percent-height-scrolling\" style=\"--awb-border-radius-top-left:0px;--awb-border-radius-top-right:0px;--awb-border-radius-bottom-right:0px;--awb-border-radius-bottom-left:0px;--awb-flex-wrap:wrap;\" ><div class=\"fusion-builder-row fusion-row\"><div class=\"fusion-layout-column fusion_builder_column fusion-builder-column-2 fusion_builder_column_1_1 1_1 fusion-one-full fusion-column-first fusion-column-last\" style=\"--awb-bg-size:cover;--awb-margin-bottom:0px;\"><div class=\"fusion-column-wrapper fusion-flex-column-wrapper-legacy\"><div class=\"fusion-text fusion-text-3\">\t\t\t<section id=\"cd-timeline\" class=\"cd-container timeline-express\">\r\n\r\n\t\t\t\r\n<div class=\"cd-timeline-block septembre 23 2019 announcement-2317\">\r\n\r\n\t\r\n\t\t<div class=\"cd-timeline-img cd-picture icon-no-readmore\" style=\"background:#11235b;\">\r\n\r\n\t\t\t<!-- Custom Action Hook -->\r\n\t\t\t\r\n\t\t\t\t<!-- Standard Font Awesome Icon -->\r\n\t\t\t\t<span class=\"fa fa-star\" title=\"1972\"><\/span>\r\n\r\n\t\t\t\r\n\t\t<\/div> <!-- cd-timeline-img -->\r\n\r\n\t\r\n\t<!-- Timeline Content -->\r\n\t<div class=\"cd-timeline-content\">\r\n\r\n\t\t\r\n\t\t<!-- Announcement Title -->\r\n\t\t<div class=\"cd-timeline-title-container\">\r\n\r\n\t\t\t\r\n\t\t\t<h2 class=\"cd-timeline-item-title\">\r\n\t\t\t\t1972\t\t\t<\/h2>\r\n\r\n\t\t\t\t\t<\/div>\r\n\t\t<!-- End Announcement Title -->\r\n\r\n\t\t<img decoding=\"async\" width=\"350\" height=\"120\" src=\"https:\/\/www.faymasa.com\/wp-content\/uploads\/2019\/03\/historia-1972-350x120.jpg\" class=\"announcement-banner-image\" alt=\"1972\" \/>\r\n\t\t<!-- Announcement Excerpt -->\r\n\t\t<div class=\"the-excerpt\">\r\n\t\t\t<p>D\u00e9but de l\u2019activit\u00e9 \u00e0 Monz\u00f3n de Campos (Palencia) avec un atelier de r\u00e9paration.<\/p>\n\t\t<\/div>\r\n\t\t<!-- End Announcement Excerpt -->\r\n\r\n\t\t\r\n\t<\/div>\r\n\t<!-- End Timeline Content -->\r\n\r\n<\/div>\r\n<!-- End Timeline Block -->\r\n\r\n<div class=\"cd-timeline-block septembre 23 2019 announcement-2319\">\r\n\r\n\t\r\n\t\t<div class=\"cd-timeline-img cd-picture icon-no-readmore\" style=\"background:#11235b;\">\r\n\r\n\t\t\t<!-- Custom Action Hook -->\r\n\t\t\t\r\n\t\t\t\t<!-- Standard Font Awesome Icon -->\r\n\t\t\t\t<span class=\"fa fa-star\" title=\"1979\"><\/span>\r\n\r\n\t\t\t\r\n\t\t<\/div> <!-- cd-timeline-img -->\r\n\r\n\t\r\n\t<!-- Timeline Content -->\r\n\t<div class=\"cd-timeline-content\">\r\n\r\n\t\t\r\n\t\t<!-- Announcement Title -->\r\n\t\t<div class=\"cd-timeline-title-container\">\r\n\r\n\t\t\t\r\n\t\t\t<h2 class=\"cd-timeline-item-title\">\r\n\t\t\t\t1979\t\t\t<\/h2>\r\n\r\n\t\t\t\t\t<\/div>\r\n\t\t<!-- End Announcement Title -->\r\n\r\n\t\t<img decoding=\"async\" width=\"350\" height=\"120\" src=\"https:\/\/www.faymasa.com\/wp-content\/uploads\/2019\/03\/historia-1979-1-350x120.jpg\" class=\"announcement-banner-image\" alt=\"1979\" \/>\r\n\t\t<!-- Announcement Excerpt -->\r\n\t\t<div class=\"the-excerpt\">\r\n\t\t\t<p>Les fr\u00e8res Marcelino et Juan Jos\u00e9 Rafael Gonz\u00e1lez fondent RECTIFICADOS TAMARRAF. Une entreprise d\u00e9di\u00e9e \u00e0 la reconstruction de moteurs, m\u00e9canisation, services d\u2019entretien, de r\u00e9paration et d\u2019assistance technique aux ateliers de r\u00e9paration et \u00e0 l\u2019industrie en g\u00e9n\u00e9ral.<\/p>\n<p><img decoding=\"async\" class=\"alignnone size-full wp-image-249\" style=\"margin-top: 20px\" src=\"http:\/\/www.faymasa.com\/wp-content\/uploads\/2019\/03\/historia-1979-2.jpg\" alt=\"Historia de Faymasa\" width=\"491\" height=\"277\" srcset=\"https:\/\/www.faymasa.com\/wp-content\/uploads\/2019\/03\/historia-1979-2-200x113.jpg 200w, https:\/\/www.faymasa.com\/wp-content\/uploads\/2019\/03\/historia-1979-2-300x169.jpg 300w, https:\/\/www.faymasa.com\/wp-content\/uploads\/2019\/03\/historia-1979-2-400x226.jpg 400w, https:\/\/www.faymasa.com\/wp-content\/uploads\/2019\/03\/historia-1979-2.jpg 491w\" sizes=\"(max-width: 491px) 100vw, 491px\" \/><\/p>\n\t\t<\/div>\r\n\t\t<!-- End Announcement Excerpt -->\r\n\r\n\t\t\r\n\t<\/div>\r\n\t<!-- End Timeline Content -->\r\n\r\n<\/div>\r\n<!-- End Timeline Block -->\r\n\r\n<div class=\"cd-timeline-block septembre 23 2019 announcement-2321\">\r\n\r\n\t\r\n\t\t<div class=\"cd-timeline-img cd-picture icon-no-readmore\" style=\"background:#11235b;\">\r\n\r\n\t\t\t<!-- Custom Action Hook -->\r\n\t\t\t\r\n\t\t\t\t<!-- Standard Font Awesome Icon -->\r\n\t\t\t\t<span class=\"fa fa-star\" title=\"1989\"><\/span>\r\n\r\n\t\t\t\r\n\t\t<\/div> <!-- cd-timeline-img -->\r\n\r\n\t\r\n\t<!-- Timeline Content -->\r\n\t<div class=\"cd-timeline-content\">\r\n\r\n\t\t\r\n\t\t<!-- Announcement Title -->\r\n\t\t<div class=\"cd-timeline-title-container\">\r\n\r\n\t\t\t\r\n\t\t\t<h2 class=\"cd-timeline-item-title\">\r\n\t\t\t\t1989\t\t\t<\/h2>\r\n\r\n\t\t\t\t\t<\/div>\r\n\t\t<!-- End Announcement Title -->\r\n\r\n\t\t<img decoding=\"async\" width=\"350\" height=\"120\" src=\"https:\/\/www.faymasa.com\/wp-content\/uploads\/2019\/03\/historia-1989-350x120.jpg\" class=\"announcement-banner-image\" alt=\"1989\" \/>\r\n\t\t<!-- Announcement Excerpt -->\r\n\t\t<div class=\"the-excerpt\">\r\n\t\t\t<p>L\u2019effort et le talent de la famille Rafael a rendu possible l\u2019ouverture d\u2019une nouvelle entreprise, FAYMASA, dont l\u2019objectif \u00e9tait de r\u00e9pondre \u00e0 la demande croissante de services d\u2019ing\u00e9nierie et de m\u00e9canisation d\u00e9tect\u00e9s dans le secteur m\u00e9tal m\u00e9canique.<\/p>\n\t\t<\/div>\r\n\t\t<!-- End Announcement Excerpt -->\r\n\r\n\t\t\r\n\t<\/div>\r\n\t<!-- End Timeline Content -->\r\n\r\n<\/div>\r\n<!-- End Timeline Block -->\r\n\r\n<div class=\"cd-timeline-block septembre 23 2019 announcement-2322\">\r\n\r\n\t\r\n\t\t<div class=\"cd-timeline-img cd-picture icon-no-readmore\" style=\"background:#11235b;\">\r\n\r\n\t\t\t<!-- Custom Action Hook -->\r\n\t\t\t\r\n\t\t\t\t<!-- Standard Font Awesome Icon -->\r\n\t\t\t\t<span class=\"fa fa-star\" title=\"2007\"><\/span>\r\n\r\n\t\t\t\r\n\t\t<\/div> <!-- cd-timeline-img -->\r\n\r\n\t\r\n\t<!-- Timeline Content -->\r\n\t<div class=\"cd-timeline-content\">\r\n\r\n\t\t\r\n\t\t<!-- Announcement Title -->\r\n\t\t<div class=\"cd-timeline-title-container\">\r\n\r\n\t\t\t\r\n\t\t\t<h2 class=\"cd-timeline-item-title\">\r\n\t\t\t\t2007\t\t\t<\/h2>\r\n\r\n\t\t\t\t\t<\/div>\r\n\t\t<!-- End Announcement Title -->\r\n\r\n\t\t<img decoding=\"async\" width=\"283\" height=\"120\" src=\"https:\/\/www.faymasa.com\/wp-content\/uploads\/2019\/03\/historia-2007-283x120.jpg\" class=\"announcement-banner-image\" alt=\"2007\" \/>\r\n\t\t<!-- Announcement Excerpt -->\r\n\t\t<div class=\"the-excerpt\">\r\n\t\t\t<p>Agrandissement de FAYMASA pour arriver \u00e0 des installations de 7.800 m2.<\/p>\n\t\t<\/div>\r\n\t\t<!-- End Announcement Excerpt -->\r\n\r\n\t\t\r\n\t<\/div>\r\n\t<!-- End Timeline Content -->\r\n\r\n<\/div>\r\n<!-- End Timeline Block -->\r\n\r\n<div class=\"cd-timeline-block septembre 23 2019 announcement-2323\">\r\n\r\n\t\r\n\t\t<div class=\"cd-timeline-img cd-picture icon-no-readmore\" style=\"background:#11235b;\">\r\n\r\n\t\t\t<!-- Custom Action Hook -->\r\n\t\t\t\r\n\t\t\t\t<!-- Standard Font Awesome Icon -->\r\n\t\t\t\t<span class=\"fa fa-star\" title=\"2009\"><\/span>\r\n\r\n\t\t\t\r\n\t\t<\/div> <!-- cd-timeline-img -->\r\n\r\n\t\r\n\t<!-- Timeline Content -->\r\n\t<div class=\"cd-timeline-content\">\r\n\r\n\t\t\r\n\t\t<!-- Announcement Title -->\r\n\t\t<div class=\"cd-timeline-title-container\">\r\n\r\n\t\t\t\r\n\t\t\t<h2 class=\"cd-timeline-item-title\">\r\n\t\t\t\t2009\t\t\t<\/h2>\r\n\r\n\t\t\t\t\t<\/div>\r\n\t\t<!-- End Announcement Title -->\r\n\r\n\t\t<img decoding=\"async\" width=\"288\" height=\"120\" src=\"https:\/\/www.faymasa.com\/wp-content\/uploads\/2019\/03\/historia-2018-1-288x120.jpg\" class=\"announcement-banner-image\" alt=\"2009\" \/>\r\n\t\t<!-- Announcement Excerpt -->\r\n\t\t<div class=\"the-excerpt\">\r\n\t\t\t<p>Internationalisation avec l\u2019ouverture de l\u2019entreprise \u00e0 d\u2019autres pays.<\/p>\n\t\t<\/div>\r\n\t\t<!-- End Announcement Excerpt -->\r\n\r\n\t\t\r\n\t<\/div>\r\n\t<!-- End Timeline Content -->\r\n\r\n<\/div>\r\n<!-- End Timeline Block -->\r\n\r\n<div class=\"cd-timeline-block septembre 23 2019 announcement-2324\">\r\n\r\n\t\r\n\t\t<div class=\"cd-timeline-img cd-picture icon-no-readmore\" style=\"background:#11235b;\">\r\n\r\n\t\t\t<!-- Custom Action Hook -->\r\n\t\t\t\r\n\t\t\t\t<!-- Standard Font Awesome Icon -->\r\n\t\t\t\t<span class=\"fa fa-star\" title=\"2018\"><\/span>\r\n\r\n\t\t\t\r\n\t\t<\/div> <!-- cd-timeline-img -->\r\n\r\n\t\r\n\t<!-- Timeline Content -->\r\n\t<div class=\"cd-timeline-content\">\r\n\r\n\t\t\r\n\t\t<!-- Announcement Title -->\r\n\t\t<div class=\"cd-timeline-title-container\">\r\n\r\n\t\t\t\r\n\t\t\t<h2 class=\"cd-timeline-item-title\">\r\n\t\t\t\t2018\t\t\t<\/h2>\r\n\r\n\t\t\t\t\t<\/div>\r\n\t\t<!-- End Announcement Title -->\r\n\r\n\t\t<img decoding=\"async\" width=\"288\" height=\"120\" src=\"https:\/\/www.faymasa.com\/wp-content\/uploads\/2019\/03\/historia-2018-1-1-288x120.jpg\" class=\"announcement-banner-image\" alt=\"2018\" \/>\r\n\t\t<!-- Announcement Excerpt -->\r\n\t\t<div class=\"the-excerpt\">\r\n\t\t\t<p>Ouverture d\u2019un nouveau centre de travail \u00e0 Fuentes de Valdepero (Palencia).<\/p>\n<p><img decoding=\"async\" class=\"alignnone size-full wp-image-406\" style=\"margin-top: 10px\" src=\"http:\/\/www.faymasa.com\/wp-content\/uploads\/2019\/03\/historia-2018-4.jpg\" alt=\"Historia de Faymasa\" width=\"1600\" height=\"937\" srcset=\"https:\/\/www.faymasa.com\/wp-content\/uploads\/2019\/03\/historia-2018-4-200x117.jpg 200w, https:\/\/www.faymasa.com\/wp-content\/uploads\/2019\/03\/historia-2018-4-300x176.jpg 300w, https:\/\/www.faymasa.com\/wp-content\/uploads\/2019\/03\/historia-2018-4-400x234.jpg 400w, https:\/\/www.faymasa.com\/wp-content\/uploads\/2019\/03\/historia-2018-4-600x351.jpg 600w, https:\/\/www.faymasa.com\/wp-content\/uploads\/2019\/03\/historia-2018-4-768x450.jpg 768w, https:\/\/www.faymasa.com\/wp-content\/uploads\/2019\/03\/historia-2018-4-800x469.jpg 800w, https:\/\/www.faymasa.com\/wp-content\/uploads\/2019\/03\/historia-2018-4-1024x600.jpg 1024w, https:\/\/www.faymasa.com\/wp-content\/uploads\/2019\/03\/historia-2018-4-1200x703.jpg 1200w, https:\/\/www.faymasa.com\/wp-content\/uploads\/2019\/03\/historia-2018-4-1536x900.jpg 1536w, https:\/\/www.faymasa.com\/wp-content\/uploads\/2019\/03\/historia-2018-4.jpg 1600w\" sizes=\"(max-width: 1600px) 100vw, 1600px\" \/><\/p>\n\t\t<\/div>\r\n\t\t<!-- End Announcement Excerpt -->\r\n\r\n\t\t\r\n\t<\/div>\r\n\t<!-- End Timeline Content -->\r\n\r\n<\/div>\r\n<!-- End Timeline Block -->\r\n\r\n<div class=\"cd-timeline-block septembre 23 2019 announcement-2328\">\r\n\r\n\t\r\n\t\t<div class=\"cd-timeline-img cd-picture icon-no-readmore\" style=\"background:#11235b;\">\r\n\r\n\t\t\t<!-- Custom Action Hook -->\r\n\t\t\t\r\n\t\t\t\t<!-- Standard Font Awesome Icon -->\r\n\t\t\t\t<span class=\"fa fa-star\" title=\"2019\"><\/span>\r\n\r\n\t\t\t\r\n\t\t<\/div> <!-- cd-timeline-img -->\r\n\r\n\t\r\n\t<!-- Timeline Content -->\r\n\t<div class=\"cd-timeline-content\">\r\n\r\n\t\t\r\n\t\t<!-- Announcement Title -->\r\n\t\t<div class=\"cd-timeline-title-container\">\r\n\r\n\t\t\t\r\n\t\t\t<h2 class=\"cd-timeline-item-title\">\r\n\t\t\t\t2019\t\t\t<\/h2>\r\n\r\n\t\t\t\t\t<\/div>\r\n\t\t<!-- End Announcement Title -->\r\n\r\n\t\t<img decoding=\"async\" width=\"350\" height=\"120\" src=\"https:\/\/www.faymasa.com\/wp-content\/uploads\/2019\/03\/historia-2019-350x120.jpg\" class=\"announcement-banner-image\" alt=\"2019\" \/>\r\n\t\t<!-- Announcement Excerpt -->\r\n\t\t<div class=\"the-excerpt\">\r\n\t\t\t<p>Notre engagement avec notre entourage, nos clients et fournisseurs nous incitent \u00e0 continuer \u00e0 grandir. C\u2019est pourquoi FAYMASA a acquis 5 hectares de terrain \u00e0 Monz\u00f3n de Campos (Palencia) o\u00f9 une nouvelle usine va \u00eatre construite.<\/p>\n\t\t<\/div>\r\n\t\t<!-- End Announcement Excerpt -->\r\n\r\n\t\t\r\n\t<\/div>\r\n\t<!-- End Timeline Content -->\r\n\r\n<\/div>\r\n<!-- End Timeline Block -->\r\n\r\n\t\t\t<\/section>\r\n\r\n\t\t\t<!-- Timeline Express Free v1.8.1 | Site: https:\/\/www.wp-timelineexpress.com | Author: CodeParrots - http:\/\/www.codeparrots.com -->\n<\/div><div class=\"fusion-clearfix\"><\/div><\/div><\/div><\/div><\/div><div class=\"fusion-fullwidth fullwidth-box fusion-builder-row-4 nonhundred-percent-fullwidth non-hundred-percent-height-scrolling\" style=\"--awb-border-radius-top-left:0px;--awb-border-radius-top-right:0px;--awb-border-radius-bottom-right:0px;--awb-border-radius-bottom-left:0px;--awb-background-color:#ff9800;--awb-flex-wrap:wrap;\" ><div class=\"fusion-builder-row fusion-row\"><div class=\"fusion-layout-column fusion_builder_column fusion-builder-column-3 fusion_builder_column_1_1 1_1 fusion-one-full fusion-column-first fusion-column-last\" style=\"--awb-padding-top:50px;--awb-padding-bottom:50px;--awb-bg-size:cover;--awb-margin-bottom:0px;\"><div class=\"fusion-column-wrapper fusion-flex-column-wrapper-legacy\"><div class=\"fusion-text fusion-text-4\"><p style=\"text-align: center; font-size: 26px;\"><span style=\"color: #ffffff;\"><strong>NOTRE EXP\u00c9RIENCE NOUS PERMET D\u2019OFFRIR DES PRIX HAUTEMENT COMP\u00c9TITIFS<\/strong><\/span><\/p>\n<\/div><div class=\"fusion-sep-clear\"><\/div><div class=\"fusion-separator fusion-full-width-sep\" style=\"margin-left: auto;margin-right: auto;margin-top:20px;width:100%;\"><\/div><div class=\"fusion-sep-clear\"><\/div><div class=\"fusion-aligncenter\"><a class=\"fusion-button button-flat button-xlarge button-custom fusion-button-default button-1 fusion-button-default-span \" style=\"--button_accent_color:#ffffff;--button_accent_hover_color:#ff9800;--button_border_hover_color:#ff9800;--button_border_width-top:1px;--button_border_width-right:1px;--button_border_width-bottom:1px;--button_border_width-left:1px;--button-border-radius-top-left:25px;--button-border-radius-top-right:25px;--button-border-radius-bottom-right:25px;--button-border-radius-bottom-left:25px;--button_gradient_top_color:rgba(255,255,255,0);--button_gradient_bottom_color:rgba(255,255,255,0);--button_gradient_top_color_hover:#ffffff;--button_gradient_bottom_color_hover:#ffffff;--button_text_transform:uppercase;\" target=\"_self\" href=\"https:\/\/www.faymasa.com\/fr\/contact\/\"><span class=\"fusion-button-text\">CONTACTEZ-NOUS<\/span><\/a><\/div><div class=\"fusion-clearfix\"><\/div><\/div><\/div><\/div><\/div><\/p>\n","protected":false},"excerpt":{"rendered":"","protected":false},"author":1,"featured_media":0,"parent":0,"menu_order":0,"comment_status":"closed","ping_status":"closed","template":"100-width.php","meta":{"_monsterinsights_skip_tracking":false,"_monsterinsights_sitenote_active":false,"_monsterinsights_sitenote_note":"","_monsterinsights_sitenote_category":0,"footnotes":""},"class_list":["post-2313","page","type-page","status-publish","hentry"],"yoast_head":"<!-- This site is optimized with the Yoast SEO plugin v25.5 - https:\/\/yoast.com\/wordpress\/plugins\/seo\/ -->\n<title>Histoire - Faymasa - Ingenier\u00eda y mecanizados de precisi\u00f3n<\/title>\n<meta name=\"description\" content=\"Cela fait plus de 30 ans que nous innovons dans le secteur de l\u2019ing\u00e9nierie industrielle et de l\u2019usinage. L\u2019entreprise n\u2019a pas arr\u00eat\u00e9 de grandir depuis sa cr\u00e9ation, en se positionnant actuellement comme un r\u00e9f\u00e9rent industriel en Castilla y Le\u00f3n.\" \/>\n<meta name=\"robots\" content=\"index, follow, max-snippet:-1, max-image-preview:large, max-video-preview:-1\" \/>\n<link rel=\"canonical\" href=\"https:\/\/www.faymasa.com\/fr\/histoire\/\" \/>\n<meta property=\"og:locale\" content=\"fr_FR\" \/>\n<meta property=\"og:type\" content=\"article\" \/>\n<meta property=\"og:title\" content=\"Histoire - Faymasa - Ingenier\u00eda y mecanizados de precisi\u00f3n\" \/>\n<meta property=\"og:description\" content=\"Cela fait plus de 30 ans que nous innovons dans le secteur de l\u2019ing\u00e9nierie industrielle et de l\u2019usinage. L\u2019entreprise n\u2019a pas arr\u00eat\u00e9 de grandir depuis sa cr\u00e9ation, en se positionnant actuellement comme un r\u00e9f\u00e9rent industriel en Castilla y Le\u00f3n.\" \/>\n<meta property=\"og:url\" content=\"https:\/\/www.faymasa.com\/fr\/histoire\/\" \/>\n<meta property=\"og:site_name\" content=\"Faymasa - Ingenier\u00eda y mecanizados de precisi\u00f3n\" \/>\n<meta property=\"article:publisher\" content=\"https:\/\/www.facebook.com\/faymasa\/\" \/>\n<meta property=\"article:modified_time\" content=\"2019-09-25T09:22:53+00:00\" \/>\n<meta name=\"twitter:card\" content=\"summary_large_image\" \/>\n<meta name=\"twitter:site\" content=\"@FAYMASA1\" \/>\n<meta name=\"twitter:label1\" content=\"Dur\u00e9e de lecture estim\u00e9e\" \/>\n\t<meta name=\"twitter:data1\" content=\"5 minutes\" \/>\n<script type=\"application\/ld+json\" class=\"yoast-schema-graph\">{\"@context\":\"https:\/\/schema.org\",\"@graph\":[{\"@type\":\"WebPage\",\"@id\":\"https:\/\/www.faymasa.com\/fr\/histoire\/\",\"url\":\"https:\/\/www.faymasa.com\/fr\/histoire\/\",\"name\":\"Histoire - Faymasa - Ingenier\u00eda y mecanizados de precisi\u00f3n\",\"isPartOf\":{\"@id\":\"https:\/\/www.faymasa.com\/fr\/#website\"},\"datePublished\":\"2019-09-23T10:52:51+00:00\",\"dateModified\":\"2019-09-25T09:22:53+00:00\",\"description\":\"Cela fait plus de 30 ans que nous innovons dans le secteur de l\u2019ing\u00e9nierie industrielle et de l\u2019usinage. L\u2019entreprise n\u2019a pas arr\u00eat\u00e9 de grandir depuis sa cr\u00e9ation, en se positionnant actuellement comme un r\u00e9f\u00e9rent industriel en Castilla y Le\u00f3n.\",\"breadcrumb\":{\"@id\":\"https:\/\/www.faymasa.com\/fr\/histoire\/#breadcrumb\"},\"inLanguage\":\"fr-FR\",\"potentialAction\":[{\"@type\":\"ReadAction\",\"target\":[\"https:\/\/www.faymasa.com\/fr\/histoire\/\"]}]},{\"@type\":\"BreadcrumbList\",\"@id\":\"https:\/\/www.faymasa.com\/fr\/histoire\/#breadcrumb\",\"itemListElement\":[{\"@type\":\"ListItem\",\"position\":1,\"name\":\"Home\",\"item\":\"https:\/\/www.faymasa.com\/fr\/\"},{\"@type\":\"ListItem\",\"position\":2,\"name\":\"Histoire\"}]},{\"@type\":\"WebSite\",\"@id\":\"https:\/\/www.faymasa.com\/fr\/#website\",\"url\":\"https:\/\/www.faymasa.com\/fr\/\",\"name\":\"Faymasa - Ingenier\u00eda y mecanizados de precisi\u00f3n\",\"description\":\"Empresa ubicada en Palencia que ofrece servicios profesionales de ingenier\u00eda y mecanizados de precisi\u00f3n\",\"publisher\":{\"@id\":\"https:\/\/www.faymasa.com\/fr\/#organization\"},\"potentialAction\":[{\"@type\":\"SearchAction\",\"target\":{\"@type\":\"EntryPoint\",\"urlTemplate\":\"https:\/\/www.faymasa.com\/fr\/?s={search_term_string}\"},\"query-input\":{\"@type\":\"PropertyValueSpecification\",\"valueRequired\":true,\"valueName\":\"search_term_string\"}}],\"inLanguage\":\"fr-FR\"},{\"@type\":\"Organization\",\"@id\":\"https:\/\/www.faymasa.com\/fr\/#organization\",\"name\":\"Faymasa - Ingenier\u00eda y mecanizados de precisi\u00f3n\",\"url\":\"https:\/\/www.faymasa.com\/fr\/\",\"logo\":{\"@type\":\"ImageObject\",\"inLanguage\":\"fr-FR\",\"@id\":\"https:\/\/www.faymasa.com\/fr\/#\/schema\/logo\/image\/\",\"url\":\"https:\/\/www.faymasa.com\/wp-content\/uploads\/2019\/03\/faymasa-logo-130-1.png\",\"contentUrl\":\"https:\/\/www.faymasa.com\/wp-content\/uploads\/2019\/03\/faymasa-logo-130-1.png\",\"width\":389,\"height\":130,\"caption\":\"Faymasa - Ingenier\u00eda y mecanizados de precisi\u00f3n\"},\"image\":{\"@id\":\"https:\/\/www.faymasa.com\/fr\/#\/schema\/logo\/image\/\"},\"sameAs\":[\"https:\/\/www.facebook.com\/faymasa\/\",\"https:\/\/x.com\/FAYMASA1\",\"https:\/\/www.instagram.com\/faymasa_palencia\/\",\"https:\/\/www.youtube.com\/user\/FAYMASAPAL\/feed\"]}]}<\/script>\n<!-- \/ Yoast SEO plugin. -->","yoast_head_json":{"title":"Histoire - Faymasa - Ingenier\u00eda y mecanizados de precisi\u00f3n","description":"Cela fait plus de 30 ans que nous innovons dans le secteur de l\u2019ing\u00e9nierie industrielle et de l\u2019usinage. L\u2019entreprise n\u2019a pas arr\u00eat\u00e9 de grandir depuis sa cr\u00e9ation, en se positionnant actuellement comme un r\u00e9f\u00e9rent industriel en Castilla y Le\u00f3n.","robots":{"index":"index","follow":"follow","max-snippet":"max-snippet:-1","max-image-preview":"max-image-preview:large","max-video-preview":"max-video-preview:-1"},"canonical":"https:\/\/www.faymasa.com\/fr\/histoire\/","og_locale":"fr_FR","og_type":"article","og_title":"Histoire - Faymasa - Ingenier\u00eda y mecanizados de precisi\u00f3n","og_description":"Cela fait plus de 30 ans que nous innovons dans le secteur de l\u2019ing\u00e9nierie industrielle et de l\u2019usinage. L\u2019entreprise n\u2019a pas arr\u00eat\u00e9 de grandir depuis sa cr\u00e9ation, en se positionnant actuellement comme un r\u00e9f\u00e9rent industriel en Castilla y Le\u00f3n.","og_url":"https:\/\/www.faymasa.com\/fr\/histoire\/","og_site_name":"Faymasa - Ingenier\u00eda y mecanizados de precisi\u00f3n","article_publisher":"https:\/\/www.facebook.com\/faymasa\/","article_modified_time":"2019-09-25T09:22:53+00:00","twitter_card":"summary_large_image","twitter_site":"@FAYMASA1","twitter_misc":{"Dur\u00e9e de lecture estim\u00e9e":"5 minutes"},"schema":{"@context":"https:\/\/schema.org","@graph":[{"@type":"WebPage","@id":"https:\/\/www.faymasa.com\/fr\/histoire\/","url":"https:\/\/www.faymasa.com\/fr\/histoire\/","name":"Histoire - Faymasa - Ingenier\u00eda y mecanizados de precisi\u00f3n","isPartOf":{"@id":"https:\/\/www.faymasa.com\/fr\/#website"},"datePublished":"2019-09-23T10:52:51+00:00","dateModified":"2019-09-25T09:22:53+00:00","description":"Cela fait plus de 30 ans que nous innovons dans le secteur de l\u2019ing\u00e9nierie industrielle et de l\u2019usinage. L\u2019entreprise n\u2019a pas arr\u00eat\u00e9 de grandir depuis sa cr\u00e9ation, en se positionnant actuellement comme un r\u00e9f\u00e9rent industriel en Castilla y Le\u00f3n.","breadcrumb":{"@id":"https:\/\/www.faymasa.com\/fr\/histoire\/#breadcrumb"},"inLanguage":"fr-FR","potentialAction":[{"@type":"ReadAction","target":["https:\/\/www.faymasa.com\/fr\/histoire\/"]}]},{"@type":"BreadcrumbList","@id":"https:\/\/www.faymasa.com\/fr\/histoire\/#breadcrumb","itemListElement":[{"@type":"ListItem","position":1,"name":"Home","item":"https:\/\/www.faymasa.com\/fr\/"},{"@type":"ListItem","position":2,"name":"Histoire"}]},{"@type":"WebSite","@id":"https:\/\/www.faymasa.com\/fr\/#website","url":"https:\/\/www.faymasa.com\/fr\/","name":"Faymasa - Ingenier\u00eda y mecanizados de precisi\u00f3n","description":"Empresa ubicada en Palencia que ofrece servicios profesionales de ingenier\u00eda y mecanizados de precisi\u00f3n","publisher":{"@id":"https:\/\/www.faymasa.com\/fr\/#organization"},"potentialAction":[{"@type":"SearchAction","target":{"@type":"EntryPoint","urlTemplate":"https:\/\/www.faymasa.com\/fr\/?s={search_term_string}"},"query-input":{"@type":"PropertyValueSpecification","valueRequired":true,"valueName":"search_term_string"}}],"inLanguage":"fr-FR"},{"@type":"Organization","@id":"https:\/\/www.faymasa.com\/fr\/#organization","name":"Faymasa - Ingenier\u00eda y mecanizados de precisi\u00f3n","url":"https:\/\/www.faymasa.com\/fr\/","logo":{"@type":"ImageObject","inLanguage":"fr-FR","@id":"https:\/\/www.faymasa.com\/fr\/#\/schema\/logo\/image\/","url":"https:\/\/www.faymasa.com\/wp-content\/uploads\/2019\/03\/faymasa-logo-130-1.png","contentUrl":"https:\/\/www.faymasa.com\/wp-content\/uploads\/2019\/03\/faymasa-logo-130-1.png","width":389,"height":130,"caption":"Faymasa - Ingenier\u00eda y mecanizados de precisi\u00f3n"},"image":{"@id":"https:\/\/www.faymasa.com\/fr\/#\/schema\/logo\/image\/"},"sameAs":["https:\/\/www.facebook.com\/faymasa\/","https:\/\/x.com\/FAYMASA1","https:\/\/www.instagram.com\/faymasa_palencia\/","https:\/\/www.youtube.com\/user\/FAYMASAPAL\/feed"]}]}},"_links":{"self":[{"href":"https:\/\/www.faymasa.com\/fr\/wp-json\/wp\/v2\/pages\/2313","targetHints":{"allow":["GET"]}}],"collection":[{"href":"https:\/\/www.faymasa.com\/fr\/wp-json\/wp\/v2\/pages"}],"about":[{"href":"https:\/\/www.faymasa.com\/fr\/wp-json\/wp\/v2\/types\/page"}],"author":[{"embeddable":true,"href":"https:\/\/www.faymasa.com\/fr\/wp-json\/wp\/v2\/users\/1"}],"replies":[{"embeddable":true,"href":"https:\/\/www.faymasa.com\/fr\/wp-json\/wp\/v2\/comments?post=2313"}],"version-history":[{"count":2,"href":"https:\/\/www.faymasa.com\/fr\/wp-json\/wp\/v2\/pages\/2313\/revisions"}],"predecessor-version":[{"id":2453,"href":"https:\/\/www.faymasa.com\/fr\/wp-json\/wp\/v2\/pages\/2313\/revisions\/2453"}],"wp:attachment":[{"href":"https:\/\/www.faymasa.com\/fr\/wp-json\/wp\/v2\/media?parent=2313"}],"curies":[{"name":"wp","href":"https:\/\/api.w.org\/{rel}","templated":true}]}}