{"id":1842,"date":"2019-09-10T14:21:42","date_gmt":"2019-09-10T12:21:42","guid":{"rendered":"https:\/\/www.faymasa.com\/faymasa-video-surveillance-additional-information\/"},"modified":"2019-09-10T14:21:42","modified_gmt":"2019-09-10T12:21:42","slug":"faymasa-video-surveillance-additional-information","status":"publish","type":"page","link":"https:\/\/www.faymasa.com\/en\/faymasa-video-surveillance-additional-information\/","title":{"rendered":"Faymasa video-surveillance additional information"},"content":{"rendered":"<p style=\"text-align: center;\"><strong><u>Additional information on data protection &#8211; Video-surveillance system <\/u><\/strong><\/p>\n<p><strong>FABRICACI\u00d3N Y MANTENIMIENTO, S.A.U.<\/strong> (<strong>&#8220;FAYMASA&#8221;)<\/strong> will process images of people accessing its facilities, captured by video-surveillance systems, in the following terms:<\/p>\n<ol style=\"text-align: justify;\">\n<li><strong>Identification and contact details of the Data Controller<\/strong><\/li>\n<\/ol>\n<p>The Data Controller for such data is:<\/p>\n<p><strong><em>Name<\/em><\/strong><em>:<\/em> <em>FABRICACI\u00d3N Y MANTENIMIENTO, S.A.U. <\/em><\/p>\n<p><strong><em>TIN<\/em><\/strong><em>: <\/em><em>A34101212<\/em><\/p>\n<p>Postal Address<strong><em>:<\/em><\/strong>\u00a0 <em>C\/ Francia, n\u00ba 2, P 68\/69, P.I. Villalob\u00f3n \u2013 34004 Palencia<\/em><\/p>\n<p><em><strong>Telephone<\/strong><\/em><strong><em>:<\/em><\/strong> <em>(+34) 979 711 714<\/em><\/p>\n<p><strong><em>General e-mail<\/em><\/strong><em>:<\/em> <a href=\"mailto:info@faymasa.com\"><em>info@faymasa.com<\/em><\/a><\/p>\n<p><em><strong>Data Protection Delegate<\/strong><\/em><em>: <\/em><a href=\"mailto:datos@faymasa.com\"><em>datos@faymasa.com<\/em><\/a><\/p>\n<ol style=\"text-align: justify;\" start=\"2\">\n<li><strong>Purpose of the processing.<\/strong><\/li>\n<\/ol>\n<p>At FAYMASA we will process the images captured by the video-surveillance systems in order to guarantee the security of our facilities and of all people and equipment in them.<\/p>\n<ol style=\"text-align: justify;\" start=\"3\">\n<li><strong>Legitimation of processing.<\/strong><\/li>\n<\/ol>\n<p>FAYMASA&#8217;s <u>legitimate interest<\/u> provides the legal basis to process the images for the purpose of guaranteeing access to our facilities and the safety of all people and equipment found there.<\/p>\n<ol style=\"text-align: justify;\" start=\"4\">\n<li><strong>Retention period.<\/strong><\/li>\n<\/ol>\n<p>The images will be retained for one (1) month from the time of access to FAYMASA&#8217;s facilities, save for the occurrence during this period of any act that may constitute an administrative, civil or criminal breach that requires the images to be retained for the purpose of evidence.<\/p>\n<ol style=\"text-align: justify;\" start=\"5\">\n<li><strong>Recipients<\/strong><strong>. <\/strong><\/li>\n<\/ol>\n<p>Whenever there is a legal obligation or such communication is necessary in order to defend the rights and interests of FAYMASA or companies in MECAMEPAL Group that have staff or equipment at FAYMASA&#8217;s facilities, these data may be communicated to the aforementioned companies, to Courts and Tribunals, to the Public Administrations and to Law Enforcement Agencies.<\/p>\n<p>Although we have hired security and video-surveillance companies to ensure security at our facilities, and these companies will be able to access the images found on our video-surveillance system, we have signed a contractual agreement with them which covers all GDPR requirements. Data subjects may request further details about recipients by sending an e-mail to <a href=\"mailto:datos@verescence.com\">datos@faymasa.com<\/a><u>.<\/u><\/p>\n<ol style=\"text-align: justify;\" start=\"6\">\n<li><strong>Rights<\/strong><strong>.<\/strong><\/li>\n<\/ol>\n<p>All persons in the images are entitled to obtain confirmation as to whether or not we are processing their personal data.<\/p>\n<p>They are entitled to access their personal data and to request the rectification of any inaccurate data or, where appropriate, to ask for them to be deleted whenever, among other reasons, the data are no longer necessary for the purposes they were originally collected for. They will also be entitled, where appropriate and under certain circumstances, to oppose processing or to request its limitation, as well as the right to portability. These rights can only be exercised by sending a written communication to the postal or e-mail address of the Data Protection Delegate (DPD) indicated in section (1) above.<\/p>\n<p>In any case, they are entitled to file a complaint with the Spanish Data Protection Agency (<a href=\"http:\/\/www.aepd.es\/\">www.aepd.es<\/a>).<\/p>\n","protected":false},"excerpt":{"rendered":"<p>Additional information on data protection &#8211; Video-surveillance system FABRICACI\u00d3N Y MANTENIMIENTO, S.A.U. (&#8220;FAYMASA&#8221;) will process images of people accessing its facilities, captured by video-surveillance systems, in the following terms: Identification and contact details of the Data Controller The Data Controller for such data is: Name: FABRICACI\u00d3N Y MANTENIMIENTO, S.A.U. TIN: [&hellip;]<\/p>\n","protected":false},"author":1,"featured_media":0,"parent":0,"menu_order":0,"comment_status":"closed","ping_status":"closed","template":"","meta":{"_monsterinsights_skip_tracking":false,"_monsterinsights_sitenote_active":false,"_monsterinsights_sitenote_note":"","_monsterinsights_sitenote_category":0,"footnotes":""},"class_list":["post-1842","page","type-page","status-publish","hentry"],"yoast_head":"<!-- This site is optimized with the Yoast SEO plugin v25.5 - https:\/\/yoast.com\/wordpress\/plugins\/seo\/ -->\n<title>Faymasa video-surveillance additional information - Faymasa - Ingenier\u00eda y mecanizados de precisi\u00f3n<\/title>\n<meta name=\"robots\" content=\"noindex, follow\" \/>\n<meta property=\"og:locale\" content=\"en_US\" \/>\n<meta property=\"og:type\" content=\"article\" \/>\n<meta property=\"og:title\" content=\"Faymasa video-surveillance additional information - Faymasa - Ingenier\u00eda y mecanizados de precisi\u00f3n\" \/>\n<meta property=\"og:description\" content=\"Additional information on data protection &#8211; Video-surveillance system FABRICACI\u00d3N Y MANTENIMIENTO, S.A.U. (&#8220;FAYMASA&#8221;) will process images of people accessing its facilities, captured by video-surveillance systems, in the following terms: Identification and contact details of the Data Controller The Data Controller for such data is: Name: FABRICACI\u00d3N Y MANTENIMIENTO, S.A.U. TIN: [&hellip;]\" \/>\n<meta property=\"og:url\" content=\"https:\/\/www.faymasa.com\/en\/faymasa-video-surveillance-additional-information\/\" \/>\n<meta property=\"og:site_name\" content=\"Faymasa - Ingenier\u00eda y mecanizados de precisi\u00f3n\" \/>\n<meta property=\"article:publisher\" content=\"https:\/\/www.facebook.com\/faymasa\/\" \/>\n<meta name=\"twitter:card\" content=\"summary_large_image\" \/>\n<meta name=\"twitter:site\" content=\"@FAYMASA1\" \/>\n<meta name=\"twitter:label1\" content=\"Est. reading time\" \/>\n\t<meta name=\"twitter:data1\" content=\"2 minutes\" \/>\n<script type=\"application\/ld+json\" class=\"yoast-schema-graph\">{\"@context\":\"https:\/\/schema.org\",\"@graph\":[{\"@type\":\"WebPage\",\"@id\":\"https:\/\/www.faymasa.com\/en\/faymasa-video-surveillance-additional-information\/\",\"url\":\"https:\/\/www.faymasa.com\/en\/faymasa-video-surveillance-additional-information\/\",\"name\":\"Faymasa video-surveillance additional information - Faymasa - Ingenier\u00eda y mecanizados de precisi\u00f3n\",\"isPartOf\":{\"@id\":\"https:\/\/www.faymasa.com\/en\/#website\"},\"datePublished\":\"2019-09-10T12:21:42+00:00\",\"breadcrumb\":{\"@id\":\"https:\/\/www.faymasa.com\/en\/faymasa-video-surveillance-additional-information\/#breadcrumb\"},\"inLanguage\":\"en-US\",\"potentialAction\":[{\"@type\":\"ReadAction\",\"target\":[\"https:\/\/www.faymasa.com\/en\/faymasa-video-surveillance-additional-information\/\"]}]},{\"@type\":\"BreadcrumbList\",\"@id\":\"https:\/\/www.faymasa.com\/en\/faymasa-video-surveillance-additional-information\/#breadcrumb\",\"itemListElement\":[{\"@type\":\"ListItem\",\"position\":1,\"name\":\"Home\",\"item\":\"https:\/\/www.faymasa.com\/en\/\"},{\"@type\":\"ListItem\",\"position\":2,\"name\":\"Faymasa video-surveillance additional information\"}]},{\"@type\":\"WebSite\",\"@id\":\"https:\/\/www.faymasa.com\/en\/#website\",\"url\":\"https:\/\/www.faymasa.com\/en\/\",\"name\":\"Faymasa - Ingenier\u00eda y mecanizados de precisi\u00f3n\",\"description\":\"Empresa ubicada en Palencia que ofrece servicios profesionales de ingenier\u00eda y mecanizados de precisi\u00f3n\",\"publisher\":{\"@id\":\"https:\/\/www.faymasa.com\/en\/#organization\"},\"potentialAction\":[{\"@type\":\"SearchAction\",\"target\":{\"@type\":\"EntryPoint\",\"urlTemplate\":\"https:\/\/www.faymasa.com\/en\/?s={search_term_string}\"},\"query-input\":{\"@type\":\"PropertyValueSpecification\",\"valueRequired\":true,\"valueName\":\"search_term_string\"}}],\"inLanguage\":\"en-US\"},{\"@type\":\"Organization\",\"@id\":\"https:\/\/www.faymasa.com\/en\/#organization\",\"name\":\"Faymasa - Ingenier\u00eda y mecanizados de precisi\u00f3n\",\"url\":\"https:\/\/www.faymasa.com\/en\/\",\"logo\":{\"@type\":\"ImageObject\",\"inLanguage\":\"en-US\",\"@id\":\"https:\/\/www.faymasa.com\/en\/#\/schema\/logo\/image\/\",\"url\":\"https:\/\/www.faymasa.com\/wp-content\/uploads\/2019\/03\/faymasa-logo-130-1.png\",\"contentUrl\":\"https:\/\/www.faymasa.com\/wp-content\/uploads\/2019\/03\/faymasa-logo-130-1.png\",\"width\":389,\"height\":130,\"caption\":\"Faymasa - Ingenier\u00eda y mecanizados de precisi\u00f3n\"},\"image\":{\"@id\":\"https:\/\/www.faymasa.com\/en\/#\/schema\/logo\/image\/\"},\"sameAs\":[\"https:\/\/www.facebook.com\/faymasa\/\",\"https:\/\/x.com\/FAYMASA1\",\"https:\/\/www.instagram.com\/faymasa_palencia\/\",\"https:\/\/www.youtube.com\/user\/FAYMASAPAL\/feed\"]}]}<\/script>\n<!-- \/ Yoast SEO plugin. -->","yoast_head_json":{"title":"Faymasa video-surveillance additional information - Faymasa - Ingenier\u00eda y mecanizados de precisi\u00f3n","robots":{"index":"noindex","follow":"follow"},"og_locale":"en_US","og_type":"article","og_title":"Faymasa video-surveillance additional information - Faymasa - Ingenier\u00eda y mecanizados de precisi\u00f3n","og_description":"Additional information on data protection &#8211; Video-surveillance system FABRICACI\u00d3N Y MANTENIMIENTO, S.A.U. (&#8220;FAYMASA&#8221;) will process images of people accessing its facilities, captured by video-surveillance systems, in the following terms: Identification and contact details of the Data Controller The Data Controller for such data is: Name: FABRICACI\u00d3N Y MANTENIMIENTO, S.A.U. TIN: [&hellip;]","og_url":"https:\/\/www.faymasa.com\/en\/faymasa-video-surveillance-additional-information\/","og_site_name":"Faymasa - Ingenier\u00eda y mecanizados de precisi\u00f3n","article_publisher":"https:\/\/www.facebook.com\/faymasa\/","twitter_card":"summary_large_image","twitter_site":"@FAYMASA1","twitter_misc":{"Est. reading time":"2 minutes"},"schema":{"@context":"https:\/\/schema.org","@graph":[{"@type":"WebPage","@id":"https:\/\/www.faymasa.com\/en\/faymasa-video-surveillance-additional-information\/","url":"https:\/\/www.faymasa.com\/en\/faymasa-video-surveillance-additional-information\/","name":"Faymasa video-surveillance additional information - Faymasa - Ingenier\u00eda y mecanizados de precisi\u00f3n","isPartOf":{"@id":"https:\/\/www.faymasa.com\/en\/#website"},"datePublished":"2019-09-10T12:21:42+00:00","breadcrumb":{"@id":"https:\/\/www.faymasa.com\/en\/faymasa-video-surveillance-additional-information\/#breadcrumb"},"inLanguage":"en-US","potentialAction":[{"@type":"ReadAction","target":["https:\/\/www.faymasa.com\/en\/faymasa-video-surveillance-additional-information\/"]}]},{"@type":"BreadcrumbList","@id":"https:\/\/www.faymasa.com\/en\/faymasa-video-surveillance-additional-information\/#breadcrumb","itemListElement":[{"@type":"ListItem","position":1,"name":"Home","item":"https:\/\/www.faymasa.com\/en\/"},{"@type":"ListItem","position":2,"name":"Faymasa video-surveillance additional information"}]},{"@type":"WebSite","@id":"https:\/\/www.faymasa.com\/en\/#website","url":"https:\/\/www.faymasa.com\/en\/","name":"Faymasa - Ingenier\u00eda y mecanizados de precisi\u00f3n","description":"Empresa ubicada en Palencia que ofrece servicios profesionales de ingenier\u00eda y mecanizados de precisi\u00f3n","publisher":{"@id":"https:\/\/www.faymasa.com\/en\/#organization"},"potentialAction":[{"@type":"SearchAction","target":{"@type":"EntryPoint","urlTemplate":"https:\/\/www.faymasa.com\/en\/?s={search_term_string}"},"query-input":{"@type":"PropertyValueSpecification","valueRequired":true,"valueName":"search_term_string"}}],"inLanguage":"en-US"},{"@type":"Organization","@id":"https:\/\/www.faymasa.com\/en\/#organization","name":"Faymasa - Ingenier\u00eda y mecanizados de precisi\u00f3n","url":"https:\/\/www.faymasa.com\/en\/","logo":{"@type":"ImageObject","inLanguage":"en-US","@id":"https:\/\/www.faymasa.com\/en\/#\/schema\/logo\/image\/","url":"https:\/\/www.faymasa.com\/wp-content\/uploads\/2019\/03\/faymasa-logo-130-1.png","contentUrl":"https:\/\/www.faymasa.com\/wp-content\/uploads\/2019\/03\/faymasa-logo-130-1.png","width":389,"height":130,"caption":"Faymasa - Ingenier\u00eda y mecanizados de precisi\u00f3n"},"image":{"@id":"https:\/\/www.faymasa.com\/en\/#\/schema\/logo\/image\/"},"sameAs":["https:\/\/www.facebook.com\/faymasa\/","https:\/\/x.com\/FAYMASA1","https:\/\/www.instagram.com\/faymasa_palencia\/","https:\/\/www.youtube.com\/user\/FAYMASAPAL\/feed"]}]}},"_links":{"self":[{"href":"https:\/\/www.faymasa.com\/en\/wp-json\/wp\/v2\/pages\/1842","targetHints":{"allow":["GET"]}}],"collection":[{"href":"https:\/\/www.faymasa.com\/en\/wp-json\/wp\/v2\/pages"}],"about":[{"href":"https:\/\/www.faymasa.com\/en\/wp-json\/wp\/v2\/types\/page"}],"author":[{"embeddable":true,"href":"https:\/\/www.faymasa.com\/en\/wp-json\/wp\/v2\/users\/1"}],"replies":[{"embeddable":true,"href":"https:\/\/www.faymasa.com\/en\/wp-json\/wp\/v2\/comments?post=1842"}],"version-history":[{"count":0,"href":"https:\/\/www.faymasa.com\/en\/wp-json\/wp\/v2\/pages\/1842\/revisions"}],"wp:attachment":[{"href":"https:\/\/www.faymasa.com\/en\/wp-json\/wp\/v2\/media?parent=1842"}],"curies":[{"name":"wp","href":"https:\/\/api.w.org\/{rel}","templated":true}]}}