{"id":1776,"date":"2019-09-10T13:33:39","date_gmt":"2019-09-10T11:33:39","guid":{"rendered":"https:\/\/www.faymasa.com\/contact\/"},"modified":"2025-07-21T14:15:58","modified_gmt":"2025-07-21T12:15:58","slug":"contact","status":"publish","type":"page","link":"https:\/\/www.faymasa.com\/en\/contact\/","title":{"rendered":"Contact"},"content":{"rendered":"<p><div class=\"fusion-fullwidth fullwidth-box fusion-builder-row-1 nonhundred-percent-fullwidth non-hundred-percent-height-scrolling\" style=\"--awb-border-radius-top-left:0px;--awb-border-radius-top-right:0px;--awb-border-radius-bottom-right:0px;--awb-border-radius-bottom-left:0px;--awb-margin-top:50px;--awb-margin-bottom:50px;--awb-flex-wrap:wrap;\" ><div class=\"fusion-builder-row fusion-row\"><div class=\"fusion-layout-column fusion_builder_column fusion-builder-column-0 fusion_builder_column_1_1 1_1 fusion-one-full fusion-column-first fusion-column-last\" style=\"--awb-bg-size:cover;\"><div class=\"fusion-column-wrapper fusion-flex-column-wrapper-legacy\"><div class=\"fusion-text fusion-text-1\"><h3 style=\"font-size: 30px; color: #11235b; margin-bottom: 0;\">CONTACT INFORMATION<\/h3>\n<\/div><div class=\"fusion-sep-clear\"><\/div><div class=\"fusion-separator fusion-full-width-sep\" style=\"margin-left: auto;margin-right: auto;margin-top:20px;margin-bottom:20px;width:100%;\"><div class=\"fusion-separator-border sep-single sep-solid\" style=\"--awb-height:20px;--awb-amount:20px;border-color:#e0dede;border-top-width:1px;\"><\/div><\/div><div class=\"fusion-sep-clear\"><\/div><div class=\"fusion-clearfix\"><\/div><\/div><\/div><div class=\"fusion-layout-column fusion_builder_column fusion-builder-column-1 fusion_builder_column_2_3 2_3 fusion-two-third fusion-column-first\" style=\"--awb-bg-size:cover;width:66.666666666667%;width:calc(66.666666666667% - ( ( 4% ) * 0.66666666666667 ) );margin-right: 4%;\"><div class=\"fusion-column-wrapper fusion-flex-column-wrapper-legacy\"><div class=\"fusion-image-element in-legacy-container\" style=\"--awb-caption-title-font-family:var(--h2_typography-font-family);--awb-caption-title-font-weight:var(--h2_typography-font-weight);--awb-caption-title-font-style:var(--h2_typography-font-style);--awb-caption-title-size:var(--h2_typography-font-size);--awb-caption-title-transform:var(--h2_typography-text-transform);--awb-caption-title-line-height:var(--h2_typography-line-height);--awb-caption-title-letter-spacing:var(--h2_typography-letter-spacing);\"><span class=\" fusion-imageframe imageframe-none imageframe-1 hover-type-none\"><img decoding=\"async\" width=\"800\" height=\"438\" alt=\"Faymasa\" title=\"Faymasa\" src=\"http:\/\/www.faymasa.com\/wp-content\/uploads\/2019\/03\/fayamasa-contacto.jpg\" class=\"img-responsive wp-image-1173\" srcset=\"https:\/\/www.faymasa.com\/wp-content\/uploads\/2019\/03\/fayamasa-contacto-200x110.jpg 200w, https:\/\/www.faymasa.com\/wp-content\/uploads\/2019\/03\/fayamasa-contacto-400x219.jpg 400w, https:\/\/www.faymasa.com\/wp-content\/uploads\/2019\/03\/fayamasa-contacto-600x329.jpg 600w, https:\/\/www.faymasa.com\/wp-content\/uploads\/2019\/03\/fayamasa-contacto.jpg 800w\" sizes=\"(max-width: 1025px) 100vw, 800px\" \/><\/span><\/div><div class=\"fusion-builder-row fusion-builder-row-inner fusion-row\"><div class=\"fusion-layout-column fusion_builder_column_inner fusion-builder-nested-column-0 fusion_builder_column_inner_1_2 1_2 fusion-one-half fusion-column-first\" style=\"--awb-bg-size:cover;--awb-margin-top:20px;width:50%;width:calc(50% - ( ( 4% ) * 0.5 ) );margin-right: 4%;\"><div class=\"fusion-column-wrapper fusion-flex-column-wrapper-legacy\"><div class=\"fusion-text fusion-text-2\"><h3>Address:<\/h3>\n<p>Francia, 2 P-68\/69 (P. I. Villalob\u00f3n)<br \/>\n34004 \u2013 Palencia<br \/>\nEspa\u00f1a<\/p>\n<\/div><div class=\"fusion-clearfix\"><\/div><\/div><\/div><div class=\"fusion-layout-column fusion_builder_column_inner fusion-builder-nested-column-1 fusion_builder_column_inner_1_2 1_2 fusion-one-half fusion-column-last\" style=\"--awb-bg-size:cover;--awb-margin-top:20px;width:50%;width:calc(50% - ( ( 4% ) * 0.5 ) );\"><div class=\"fusion-column-wrapper fusion-flex-column-wrapper-legacy\"><div class=\"fusion-text fusion-text-3\"><h3>Telephone:<\/h3>\n<p><a href=\"tel:+34979711714\">+34 979 711 714<\/a><\/p>\n<h3>Email:<\/h3>\n<p><a href=\"mailto:info@faymasa.com\">info@faymasa.com<\/a><\/p>\n<\/div><div class=\"fusion-clearfix\"><\/div><\/div><\/div><\/div><div class=\"fusion-clearfix\"><\/div><\/div><\/div><div class=\"fusion-layout-column fusion_builder_column fusion-builder-column-2 fusion_builder_column_1_3 1_3 fusion-one-third fusion-column-last\" style=\"--awb-bg-size:cover;width:33.333333333333%;width:calc(33.333333333333% - ( ( 4% ) * 0.33333333333333 ) );\"><div class=\"fusion-column-wrapper fusion-flex-column-wrapper-legacy\"><div class=\"fusion-text fusion-text-4\"><h3 style=\"text-align: center;\">Follow us on social media!<\/h3>\n<\/div><div class=\"fusion-sep-clear\"><\/div><div class=\"fusion-separator fusion-full-width-sep\" style=\"margin-left: auto;margin-right: auto;margin-top:20px;width:100%;\"><\/div><div class=\"fusion-sep-clear\"><\/div><div class=\"fusion-builder-row fusion-builder-row-inner fusion-row\"><div class=\"fusion-layout-column fusion_builder_column_inner fusion-builder-nested-column-2 fusion_builder_column_inner_1_4 1_4 fusion-one-fourth fusion-column-first\" style=\"--awb-bg-size:cover;width:25%;width:calc(25% - ( ( 4% + 4% + 4% ) * 0.25 ) );margin-right: 4%;\"><div class=\"fusion-column-wrapper fusion-flex-column-wrapper-legacy\"><div class=\"fusion-image-element fusion-image-align-center in-legacy-container\" style=\"text-align:center;--awb-max-width:70px;--awb-caption-title-font-family:var(--h2_typography-font-family);--awb-caption-title-font-weight:var(--h2_typography-font-weight);--awb-caption-title-font-style:var(--h2_typography-font-style);--awb-caption-title-size:var(--h2_typography-font-size);--awb-caption-title-transform:var(--h2_typography-text-transform);--awb-caption-title-line-height:var(--h2_typography-line-height);--awb-caption-title-letter-spacing:var(--h2_typography-letter-spacing);\"><div class=\"imageframe-align-center\"><span class=\" fusion-imageframe imageframe-none imageframe-2 hover-type-none\"><a class=\"fusion-no-lightbox\" href=\"https:\/\/www.facebook.com\/faymasa\/\" target=\"_blank\" aria-label=\"facebook\" rel=\"noopener noreferrer\"><img decoding=\"async\" width=\"200\" height=\"200\" alt=\"Facebook de Faymasa\" src=\"http:\/\/www.faymasa.com\/wp-content\/uploads\/2019\/03\/facebook.png\" class=\"img-responsive wp-image-1166\" srcset=\"https:\/\/www.faymasa.com\/wp-content\/uploads\/2019\/03\/facebook-66x66.png 66w, https:\/\/www.faymasa.com\/wp-content\/uploads\/2019\/03\/facebook-150x150.png 150w, https:\/\/www.faymasa.com\/wp-content\/uploads\/2019\/03\/facebook.png 200w\" sizes=\"(max-width: 200px) 100vw, 200px\" \/><\/a><\/span><\/div><\/div><div class=\"fusion-clearfix\"><\/div><\/div><\/div><div class=\"fusion-layout-column fusion_builder_column_inner fusion-builder-nested-column-3 fusion_builder_column_inner_1_4 1_4 fusion-one-fourth\" style=\"--awb-bg-size:cover;width:25%;width:calc(25% - ( ( 4% + 4% + 4% ) * 0.25 ) );margin-right: 4%;\"><div class=\"fusion-column-wrapper fusion-flex-column-wrapper-legacy\"><div class=\"fusion-image-element fusion-image-align-center in-legacy-container\" style=\"text-align:center;--awb-max-width:70px;--awb-caption-title-font-family:var(--h2_typography-font-family);--awb-caption-title-font-weight:var(--h2_typography-font-weight);--awb-caption-title-font-style:var(--h2_typography-font-style);--awb-caption-title-size:var(--h2_typography-font-size);--awb-caption-title-transform:var(--h2_typography-text-transform);--awb-caption-title-line-height:var(--h2_typography-line-height);--awb-caption-title-letter-spacing:var(--h2_typography-letter-spacing);\"><div class=\"imageframe-align-center\"><span class=\" fusion-imageframe imageframe-none imageframe-3 hover-type-none\"><a class=\"fusion-no-lightbox\" href=\"https:\/\/twitter.com\/FAYMASA1\" target=\"_blank\" aria-label=\"twitter\" rel=\"noopener noreferrer\"><img decoding=\"async\" width=\"200\" height=\"200\" alt=\"Twitter de Faymasa\" src=\"http:\/\/www.faymasa.com\/wp-content\/uploads\/2019\/03\/twitter.png\" class=\"img-responsive wp-image-1168\" srcset=\"https:\/\/www.faymasa.com\/wp-content\/uploads\/2019\/03\/twitter-66x66.png 66w, https:\/\/www.faymasa.com\/wp-content\/uploads\/2019\/03\/twitter-150x150.png 150w, https:\/\/www.faymasa.com\/wp-content\/uploads\/2019\/03\/twitter.png 200w\" sizes=\"(max-width: 200px) 100vw, 200px\" \/><\/a><\/span><\/div><\/div><div class=\"fusion-clearfix\"><\/div><\/div><\/div><div class=\"fusion-layout-column fusion_builder_column_inner fusion-builder-nested-column-4 fusion_builder_column_inner_1_4 1_4 fusion-one-fourth\" style=\"--awb-bg-size:cover;width:25%;width:calc(25% - ( ( 4% + 4% + 4% ) * 0.25 ) );margin-right: 4%;\"><div class=\"fusion-column-wrapper fusion-flex-column-wrapper-legacy\"><div class=\"fusion-image-element fusion-image-align-center in-legacy-container\" style=\"text-align:center;--awb-max-width:70px;--awb-caption-title-font-family:var(--h2_typography-font-family);--awb-caption-title-font-weight:var(--h2_typography-font-weight);--awb-caption-title-font-style:var(--h2_typography-font-style);--awb-caption-title-size:var(--h2_typography-font-size);--awb-caption-title-transform:var(--h2_typography-text-transform);--awb-caption-title-line-height:var(--h2_typography-line-height);--awb-caption-title-letter-spacing:var(--h2_typography-letter-spacing);\"><div class=\"imageframe-align-center\"><span class=\" fusion-imageframe imageframe-none imageframe-4 hover-type-none\"><a class=\"fusion-no-lightbox\" href=\"https:\/\/www.youtube.com\/user\/FAYMASAPAL\/feed\" target=\"_blank\" aria-label=\"youtube\" rel=\"noopener noreferrer\"><img decoding=\"async\" width=\"200\" height=\"200\" alt=\"YouTube de Faymasa\" src=\"http:\/\/www.faymasa.com\/wp-content\/uploads\/2019\/03\/youtube.png\" class=\"img-responsive wp-image-1169\" srcset=\"https:\/\/www.faymasa.com\/wp-content\/uploads\/2019\/03\/youtube-66x66.png 66w, https:\/\/www.faymasa.com\/wp-content\/uploads\/2019\/03\/youtube-150x150.png 150w, https:\/\/www.faymasa.com\/wp-content\/uploads\/2019\/03\/youtube.png 200w\" sizes=\"(max-width: 200px) 100vw, 200px\" \/><\/a><\/span><\/div><\/div><div class=\"fusion-clearfix\"><\/div><\/div><\/div><div class=\"fusion-layout-column fusion_builder_column_inner fusion-builder-nested-column-5 fusion_builder_column_inner_1_4 1_4 fusion-one-fourth fusion-column-last\" style=\"--awb-bg-size:cover;width:25%;width:calc(25% - ( ( 4% + 4% + 4% ) * 0.25 ) );\"><div class=\"fusion-column-wrapper fusion-flex-column-wrapper-legacy\"><div class=\"fusion-image-element fusion-image-align-center in-legacy-container\" style=\"text-align:center;--awb-max-width:70px;--awb-caption-title-font-family:var(--h2_typography-font-family);--awb-caption-title-font-weight:var(--h2_typography-font-weight);--awb-caption-title-font-style:var(--h2_typography-font-style);--awb-caption-title-size:var(--h2_typography-font-size);--awb-caption-title-transform:var(--h2_typography-text-transform);--awb-caption-title-line-height:var(--h2_typography-line-height);--awb-caption-title-letter-spacing:var(--h2_typography-letter-spacing);\"><div class=\"imageframe-align-center\"><span class=\" fusion-imageframe imageframe-none imageframe-5 hover-type-none\"><a class=\"fusion-no-lightbox\" href=\"https:\/\/www.instagram.com\/faymasa_palencia\/\" target=\"_blank\" aria-label=\"instagram\" rel=\"noopener noreferrer\"><img decoding=\"async\" width=\"200\" height=\"200\" alt=\"Instagram de Faymasa\" src=\"http:\/\/www.faymasa.com\/wp-content\/uploads\/2019\/03\/instagram.png\" class=\"img-responsive wp-image-1167\" srcset=\"https:\/\/www.faymasa.com\/wp-content\/uploads\/2019\/03\/instagram-66x66.png 66w, https:\/\/www.faymasa.com\/wp-content\/uploads\/2019\/03\/instagram-150x150.png 150w, https:\/\/www.faymasa.com\/wp-content\/uploads\/2019\/03\/instagram.png 200w\" sizes=\"(max-width: 200px) 100vw, 200px\" \/><\/a><\/span><\/div><\/div><div class=\"fusion-clearfix\"><\/div><\/div><\/div><\/div><div class=\"fusion-clearfix\"><\/div><\/div><\/div><\/div><\/div><div class=\"fusion-fullwidth fullwidth-box fusion-builder-row-2 hundred-percent-fullwidth non-hundred-percent-height-scrolling\" style=\"--awb-border-radius-top-left:0px;--awb-border-radius-top-right:0px;--awb-border-radius-bottom-right:0px;--awb-border-radius-bottom-left:0px;--awb-padding-top:0px;--awb-padding-right:0px;--awb-padding-bottom:0px;--awb-padding-left:0px;--awb-margin-top:0px;--awb-margin-bottom:0px;--awb-flex-wrap:wrap;\" ><div class=\"fusion-builder-row fusion-row\"><div class=\"fusion-layout-column fusion_builder_column fusion-builder-column-3 fusion_builder_column_1_1 1_1 fusion-one-full fusion-column-first fusion-column-last\" style=\"--awb-padding-top:0px;--awb-padding-right:0px;--awb-padding-bottom:0px;--awb-padding-left:0px;--awb-bg-size:cover;--awb-margin-bottom:0px;\"><div class=\"fusion-column-wrapper fusion-flex-column-wrapper-legacy\"><iframe src=\"https:\/\/www.google.com\/maps\/embed?pb=!1m18!1m12!1m3!1d2964.643311820712!2d-4.516195683712686!3d42.007929979212065!2m3!1f0!2f0!3f0!3m2!1i1024!2i768!4f13.1!3m3!1m2!1s0xd47b1c8ad4e8bed%3A0x730f4782b5e4f793!2sFaymasa!5e0!3m2!1ses!2ses!4v1552497063081\" width=\"100%\" height=\"400\" frameborder=\"0\" style=\"border:0\" allowfullscreen><\/iframe><div class=\"fusion-clearfix\"><\/div><\/div><\/div><\/div><\/div><\/p>\n","protected":false},"excerpt":{"rendered":"","protected":false},"author":1,"featured_media":0,"parent":0,"menu_order":0,"comment_status":"closed","ping_status":"closed","template":"100-width.php","meta":{"_monsterinsights_skip_tracking":false,"_monsterinsights_sitenote_active":false,"_monsterinsights_sitenote_note":"","_monsterinsights_sitenote_category":0,"footnotes":""},"class_list":["post-1776","page","type-page","status-publish","hentry"],"yoast_head":"<!-- This site is optimized with the Yoast SEO plugin v25.5 - https:\/\/yoast.com\/wordpress\/plugins\/seo\/ -->\n<title>Contact - Faymasa - Ingenier\u00eda y mecanizados de precisi\u00f3n<\/title>\n<meta name=\"description\" content=\"If you are interested in our services, contact us and we will attend you with the utmost professionalism.\" \/>\n<meta name=\"robots\" content=\"index, follow, max-snippet:-1, max-image-preview:large, max-video-preview:-1\" \/>\n<link rel=\"canonical\" href=\"https:\/\/www.faymasa.com\/en\/contact\/\" \/>\n<meta property=\"og:locale\" content=\"en_US\" \/>\n<meta property=\"og:type\" content=\"article\" \/>\n<meta property=\"og:title\" content=\"Contact - Faymasa - Ingenier\u00eda y mecanizados de precisi\u00f3n\" \/>\n<meta property=\"og:description\" content=\"If you are interested in our services, contact us and we will attend you with the utmost professionalism.\" \/>\n<meta property=\"og:url\" content=\"https:\/\/www.faymasa.com\/en\/contact\/\" \/>\n<meta property=\"og:site_name\" content=\"Faymasa - Ingenier\u00eda y mecanizados de precisi\u00f3n\" \/>\n<meta property=\"article:publisher\" content=\"https:\/\/www.facebook.com\/faymasa\/\" \/>\n<meta property=\"article:modified_time\" content=\"2025-07-21T12:15:58+00:00\" \/>\n<meta name=\"twitter:card\" content=\"summary_large_image\" \/>\n<meta name=\"twitter:site\" content=\"@FAYMASA1\" \/>\n<meta name=\"twitter:label1\" content=\"Est. reading time\" \/>\n\t<meta name=\"twitter:data1\" content=\"2 minutes\" \/>\n<script type=\"application\/ld+json\" class=\"yoast-schema-graph\">{\"@context\":\"https:\/\/schema.org\",\"@graph\":[{\"@type\":\"WebPage\",\"@id\":\"https:\/\/www.faymasa.com\/en\/contact\/\",\"url\":\"https:\/\/www.faymasa.com\/en\/contact\/\",\"name\":\"Contact - Faymasa - Ingenier\u00eda y mecanizados de precisi\u00f3n\",\"isPartOf\":{\"@id\":\"https:\/\/www.faymasa.com\/en\/#website\"},\"datePublished\":\"2019-09-10T11:33:39+00:00\",\"dateModified\":\"2025-07-21T12:15:58+00:00\",\"description\":\"If you are interested in our services, contact us and we will attend you with the utmost professionalism.\",\"breadcrumb\":{\"@id\":\"https:\/\/www.faymasa.com\/en\/contact\/#breadcrumb\"},\"inLanguage\":\"en-US\",\"potentialAction\":[{\"@type\":\"ReadAction\",\"target\":[\"https:\/\/www.faymasa.com\/en\/contact\/\"]}]},{\"@type\":\"BreadcrumbList\",\"@id\":\"https:\/\/www.faymasa.com\/en\/contact\/#breadcrumb\",\"itemListElement\":[{\"@type\":\"ListItem\",\"position\":1,\"name\":\"Home\",\"item\":\"https:\/\/www.faymasa.com\/en\/\"},{\"@type\":\"ListItem\",\"position\":2,\"name\":\"Contact\"}]},{\"@type\":\"WebSite\",\"@id\":\"https:\/\/www.faymasa.com\/en\/#website\",\"url\":\"https:\/\/www.faymasa.com\/en\/\",\"name\":\"Faymasa - Ingenier\u00eda y mecanizados de precisi\u00f3n\",\"description\":\"Empresa ubicada en Palencia que ofrece servicios profesionales de ingenier\u00eda y mecanizados de precisi\u00f3n\",\"publisher\":{\"@id\":\"https:\/\/www.faymasa.com\/en\/#organization\"},\"potentialAction\":[{\"@type\":\"SearchAction\",\"target\":{\"@type\":\"EntryPoint\",\"urlTemplate\":\"https:\/\/www.faymasa.com\/en\/?s={search_term_string}\"},\"query-input\":{\"@type\":\"PropertyValueSpecification\",\"valueRequired\":true,\"valueName\":\"search_term_string\"}}],\"inLanguage\":\"en-US\"},{\"@type\":\"Organization\",\"@id\":\"https:\/\/www.faymasa.com\/en\/#organization\",\"name\":\"Faymasa - Ingenier\u00eda y mecanizados de precisi\u00f3n\",\"url\":\"https:\/\/www.faymasa.com\/en\/\",\"logo\":{\"@type\":\"ImageObject\",\"inLanguage\":\"en-US\",\"@id\":\"https:\/\/www.faymasa.com\/en\/#\/schema\/logo\/image\/\",\"url\":\"https:\/\/www.faymasa.com\/wp-content\/uploads\/2019\/03\/faymasa-logo-130-1.png\",\"contentUrl\":\"https:\/\/www.faymasa.com\/wp-content\/uploads\/2019\/03\/faymasa-logo-130-1.png\",\"width\":389,\"height\":130,\"caption\":\"Faymasa - Ingenier\u00eda y mecanizados de precisi\u00f3n\"},\"image\":{\"@id\":\"https:\/\/www.faymasa.com\/en\/#\/schema\/logo\/image\/\"},\"sameAs\":[\"https:\/\/www.facebook.com\/faymasa\/\",\"https:\/\/x.com\/FAYMASA1\",\"https:\/\/www.instagram.com\/faymasa_palencia\/\",\"https:\/\/www.youtube.com\/user\/FAYMASAPAL\/feed\"]}]}<\/script>\n<!-- \/ Yoast SEO plugin. -->","yoast_head_json":{"title":"Contact - Faymasa - Ingenier\u00eda y mecanizados de precisi\u00f3n","description":"If you are interested in our services, contact us and we will attend you with the utmost professionalism.","robots":{"index":"index","follow":"follow","max-snippet":"max-snippet:-1","max-image-preview":"max-image-preview:large","max-video-preview":"max-video-preview:-1"},"canonical":"https:\/\/www.faymasa.com\/en\/contact\/","og_locale":"en_US","og_type":"article","og_title":"Contact - Faymasa - Ingenier\u00eda y mecanizados de precisi\u00f3n","og_description":"If you are interested in our services, contact us and we will attend you with the utmost professionalism.","og_url":"https:\/\/www.faymasa.com\/en\/contact\/","og_site_name":"Faymasa - Ingenier\u00eda y mecanizados de precisi\u00f3n","article_publisher":"https:\/\/www.facebook.com\/faymasa\/","article_modified_time":"2025-07-21T12:15:58+00:00","twitter_card":"summary_large_image","twitter_site":"@FAYMASA1","twitter_misc":{"Est. reading time":"2 minutes"},"schema":{"@context":"https:\/\/schema.org","@graph":[{"@type":"WebPage","@id":"https:\/\/www.faymasa.com\/en\/contact\/","url":"https:\/\/www.faymasa.com\/en\/contact\/","name":"Contact - Faymasa - Ingenier\u00eda y mecanizados de precisi\u00f3n","isPartOf":{"@id":"https:\/\/www.faymasa.com\/en\/#website"},"datePublished":"2019-09-10T11:33:39+00:00","dateModified":"2025-07-21T12:15:58+00:00","description":"If you are interested in our services, contact us and we will attend you with the utmost professionalism.","breadcrumb":{"@id":"https:\/\/www.faymasa.com\/en\/contact\/#breadcrumb"},"inLanguage":"en-US","potentialAction":[{"@type":"ReadAction","target":["https:\/\/www.faymasa.com\/en\/contact\/"]}]},{"@type":"BreadcrumbList","@id":"https:\/\/www.faymasa.com\/en\/contact\/#breadcrumb","itemListElement":[{"@type":"ListItem","position":1,"name":"Home","item":"https:\/\/www.faymasa.com\/en\/"},{"@type":"ListItem","position":2,"name":"Contact"}]},{"@type":"WebSite","@id":"https:\/\/www.faymasa.com\/en\/#website","url":"https:\/\/www.faymasa.com\/en\/","name":"Faymasa - Ingenier\u00eda y mecanizados de precisi\u00f3n","description":"Empresa ubicada en Palencia que ofrece servicios profesionales de ingenier\u00eda y mecanizados de precisi\u00f3n","publisher":{"@id":"https:\/\/www.faymasa.com\/en\/#organization"},"potentialAction":[{"@type":"SearchAction","target":{"@type":"EntryPoint","urlTemplate":"https:\/\/www.faymasa.com\/en\/?s={search_term_string}"},"query-input":{"@type":"PropertyValueSpecification","valueRequired":true,"valueName":"search_term_string"}}],"inLanguage":"en-US"},{"@type":"Organization","@id":"https:\/\/www.faymasa.com\/en\/#organization","name":"Faymasa - Ingenier\u00eda y mecanizados de precisi\u00f3n","url":"https:\/\/www.faymasa.com\/en\/","logo":{"@type":"ImageObject","inLanguage":"en-US","@id":"https:\/\/www.faymasa.com\/en\/#\/schema\/logo\/image\/","url":"https:\/\/www.faymasa.com\/wp-content\/uploads\/2019\/03\/faymasa-logo-130-1.png","contentUrl":"https:\/\/www.faymasa.com\/wp-content\/uploads\/2019\/03\/faymasa-logo-130-1.png","width":389,"height":130,"caption":"Faymasa - Ingenier\u00eda y mecanizados de precisi\u00f3n"},"image":{"@id":"https:\/\/www.faymasa.com\/en\/#\/schema\/logo\/image\/"},"sameAs":["https:\/\/www.facebook.com\/faymasa\/","https:\/\/x.com\/FAYMASA1","https:\/\/www.instagram.com\/faymasa_palencia\/","https:\/\/www.youtube.com\/user\/FAYMASAPAL\/feed"]}]}},"_links":{"self":[{"href":"https:\/\/www.faymasa.com\/en\/wp-json\/wp\/v2\/pages\/1776","targetHints":{"allow":["GET"]}}],"collection":[{"href":"https:\/\/www.faymasa.com\/en\/wp-json\/wp\/v2\/pages"}],"about":[{"href":"https:\/\/www.faymasa.com\/en\/wp-json\/wp\/v2\/types\/page"}],"author":[{"embeddable":true,"href":"https:\/\/www.faymasa.com\/en\/wp-json\/wp\/v2\/users\/1"}],"replies":[{"embeddable":true,"href":"https:\/\/www.faymasa.com\/en\/wp-json\/wp\/v2\/comments?post=1776"}],"version-history":[{"count":18,"href":"https:\/\/www.faymasa.com\/en\/wp-json\/wp\/v2\/pages\/1776\/revisions"}],"predecessor-version":[{"id":3197,"href":"https:\/\/www.faymasa.com\/en\/wp-json\/wp\/v2\/pages\/1776\/revisions\/3197"}],"wp:attachment":[{"href":"https:\/\/www.faymasa.com\/en\/wp-json\/wp\/v2\/media?parent=1776"}],"curies":[{"name":"wp","href":"https:\/\/api.w.org\/{rel}","templated":true}]}}