{"id":1648,"date":"2019-09-10T10:53:41","date_gmt":"2019-09-10T08:53:41","guid":{"rendered":"https:\/\/www.faymasa.com\/machinery\/other-machinery\/"},"modified":"2019-09-18T13:23:20","modified_gmt":"2019-09-18T11:23:20","slug":"other-machinery","status":"publish","type":"page","link":"https:\/\/www.faymasa.com\/en\/machinery\/other-machinery\/","title":{"rendered":"Other machinery"},"content":{"rendered":"<p><div class=\"fusion-fullwidth fullwidth-box fusion-builder-row-1 nonhundred-percent-fullwidth non-hundred-percent-height-scrolling\" style=\"--awb-border-radius-top-left:0px;--awb-border-radius-top-right:0px;--awb-border-radius-bottom-right:0px;--awb-border-radius-bottom-left:0px;--awb-flex-wrap:wrap;\" ><div class=\"fusion-builder-row fusion-row\"><div class=\"fusion-layout-column fusion_builder_column fusion-builder-column-0 fusion_builder_column_1_2 1_2 fusion-one-half fusion-column-first\" style=\"--awb-bg-size:cover;width:50%;width:calc(50% - ( ( 4% ) * 0.5 ) );margin-right: 4%;\"><div class=\"fusion-column-wrapper fusion-flex-column-wrapper-legacy\"><div class=\"fusion-image-element in-legacy-container\" style=\"--awb-caption-title-font-family:var(--h2_typography-font-family);--awb-caption-title-font-weight:var(--h2_typography-font-weight);--awb-caption-title-font-style:var(--h2_typography-font-style);--awb-caption-title-size:var(--h2_typography-font-size);--awb-caption-title-transform:var(--h2_typography-text-transform);--awb-caption-title-line-height:var(--h2_typography-line-height);--awb-caption-title-letter-spacing:var(--h2_typography-letter-spacing);\"><span class=\" fusion-imageframe imageframe-none imageframe-1 hover-type-none\"><a href=\"https:\/\/www.faymasa.com\/wp-content\/uploads\/2019\/07\/PRENSA-235x300.jpg\" class=\"fusion-lightbox\" data-rel=\"iLightbox[8487265a4cb80fe39fa]\" data-title=\"PRENSA\" title=\"PRENSA\"><img decoding=\"async\" width=\"235\" height=\"300\" src=\"https:\/\/www.faymasa.com\/wp-content\/uploads\/2019\/07\/PRENSA-235x300.jpg\" alt class=\"img-responsive wp-image-1325\" srcset=\"https:\/\/www.faymasa.com\/wp-content\/uploads\/2019\/07\/PRENSA-200x255.jpg 200w, https:\/\/www.faymasa.com\/wp-content\/uploads\/2019\/07\/PRENSA.jpg 244w\" sizes=\"(max-width: 1025px) 100vw, 235px\" \/><\/a><\/span><\/div><div class=\"fusion-clearfix\"><\/div><\/div><\/div><div class=\"fusion-layout-column fusion_builder_column fusion-builder-column-1 fusion_builder_column_1_2 1_2 fusion-one-half fusion-column-last\" style=\"--awb-bg-size:cover;width:50%;width:calc(50% - ( ( 4% ) * 0.5 ) );\"><div class=\"fusion-column-wrapper fusion-flex-column-wrapper-legacy\"><div class=\"fusion-text fusion-text-1\"><h3><span style=\"color: #11235b; font-size: 24px;\"><strong>AMOB MOULD TESTING HYDRAULIC PRESS MODEL: PH4C 300TN<\/strong><\/span><\/h3>\n<\/div><div class=\"fusion-sep-clear\"><\/div><div class=\"fusion-separator fusion-full-width-sep\" style=\"margin-left: auto;margin-right: auto;margin-top:0px;margin-bottom:10px;width:100%;\"><div class=\"fusion-separator-border sep-single sep-solid\" style=\"--awb-height:20px;--awb-amount:20px;--awb-sep-color:#11235b;border-color:#11235b;border-top-width:1px;\"><\/div><\/div><div class=\"fusion-sep-clear\"><\/div><div class=\"fusion-text fusion-text-2\"><ul>\n<li>Table: 2600 x 900 mm.<\/li>\n<li>Work height: 700 mm (up to 900 mm).<\/li>\n<\/ul>\n<\/div><div class=\"fusion-clearfix\"><\/div><\/div><\/div><div class=\"fusion-layout-column fusion_builder_column fusion-builder-column-2 fusion_builder_column_1_1 1_1 fusion-one-full fusion-column-first fusion-column-last\" style=\"--awb-bg-size:cover;\"><div class=\"fusion-column-wrapper fusion-flex-column-wrapper-legacy\"><div class=\"fusion-sep-clear\"><\/div><div class=\"fusion-separator fusion-full-width-sep\" style=\"margin-left: auto;margin-right: auto;margin-top:10px;margin-bottom:10px;width:100%;\"><div class=\"fusion-separator-border sep-single sep-solid\" style=\"--awb-height:20px;--awb-amount:20px;--awb-sep-color:#e8e8e8;border-color:#e8e8e8;border-top-width:1px;\"><\/div><\/div><div class=\"fusion-sep-clear\"><\/div><div class=\"fusion-clearfix\"><\/div><\/div><\/div><\/div><\/div><div class=\"fusion-fullwidth fullwidth-box fusion-builder-row-2 nonhundred-percent-fullwidth non-hundred-percent-height-scrolling\" style=\"--awb-border-radius-top-left:0px;--awb-border-radius-top-right:0px;--awb-border-radius-bottom-right:0px;--awb-border-radius-bottom-left:0px;--awb-flex-wrap:wrap;\" ><div class=\"fusion-builder-row fusion-row\"><div class=\"fusion-layout-column fusion_builder_column fusion-builder-column-3 fusion_builder_column_1_1 1_1 fusion-one-full fusion-column-first fusion-column-last\" style=\"--awb-bg-size:cover;\"><div class=\"fusion-column-wrapper fusion-flex-column-wrapper-legacy\"><div class=\"fusion-text fusion-text-3\"><h3><span style=\"color: #11235b; font-size: 24px;\"><strong>OTHER MACHINES<\/strong><\/span><\/h3>\n<\/div><div class=\"accordian fusion-accordian\" style=\"--awb-border-size:1px;--awb-icon-size:13px;--awb-content-font-size:1em;--awb-icon-alignment:left;--awb-hover-color:#f9f9f9;--awb-border-color:#cccccc;--awb-background-color:#ffffff;--awb-divider-color:#e0dede;--awb-divider-hover-color:#e0dede;--awb-icon-color:#ffffff;--awb-title-color:#333333;--awb-content-color:#595959;--awb-icon-box-color:#333333;--awb-toggle-hover-accent-color:#11235b;--awb-title-font-family:&quot;Bai Jamjuree&quot;;--awb-title-font-weight:700;--awb-title-font-style:normal;--awb-content-font-family:&quot;Bai Jamjuree&quot;;--awb-content-font-style:normal;--awb-content-font-weight:400;\"><div class=\"panel-group fusion-toggle-icon-boxed\" id=\"accordion-1648-1\"><div class=\"fusion-panel panel-default panel-9d8133153fe651a9a fusion-toggle-has-divider\"><div class=\"panel-heading\"><h4 class=\"panel-title toggle\" id=\"toggle_9d8133153fe651a9a\"><a aria-expanded=\"false\" aria-controls=\"9d8133153fe651a9a\" role=\"button\" data-toggle=\"collapse\" data-parent=\"#accordion-1648-1\" data-target=\"#9d8133153fe651a9a\" href=\"#9d8133153fe651a9a\"><span class=\"fusion-toggle-icon-wrapper\" aria-hidden=\"true\"><i class=\"fa-fusion-box active-icon awb-icon-minus\" aria-hidden=\"true\"><\/i><i class=\"fa-fusion-box inactive-icon awb-icon-plus\" aria-hidden=\"true\"><\/i><\/span><span class=\"fusion-toggle-heading\">GAMOR RHG-3B hydraulic threading machine <\/span><\/a><\/h4><\/div><div id=\"9d8133153fe651a9a\" class=\"panel-collapse collapse \" aria-labelledby=\"toggle_9d8133153fe651a9a\"><div class=\"panel-body toggle-content fusion-clearfix\"><\/div><\/div><\/div><div class=\"fusion-panel panel-default panel-68da7fa519639e212 fusion-toggle-has-divider\"><div class=\"panel-heading\"><h4 class=\"panel-title toggle\" id=\"toggle_68da7fa519639e212\"><a aria-expanded=\"false\" aria-controls=\"68da7fa519639e212\" role=\"button\" data-toggle=\"collapse\" data-parent=\"#accordion-1648-1\" data-target=\"#68da7fa519639e212\" href=\"#68da7fa519639e212\"><span class=\"fusion-toggle-icon-wrapper\" aria-hidden=\"true\"><i class=\"fa-fusion-box active-icon awb-icon-minus\" aria-hidden=\"true\"><\/i><i class=\"fa-fusion-box inactive-icon awb-icon-plus\" aria-hidden=\"true\"><\/i><\/span><span class=\"fusion-toggle-heading\">URPE M-300G SLOTTING MACHINE<\/span><\/a><\/h4><\/div><div id=\"68da7fa519639e212\" class=\"panel-collapse collapse \" aria-labelledby=\"toggle_68da7fa519639e212\"><div class=\"panel-body toggle-content fusion-clearfix\"><\/div><\/div><\/div><div class=\"fusion-panel panel-default panel-7ff84673586761100 fusion-toggle-has-divider\"><div class=\"panel-heading\"><h4 class=\"panel-title toggle\" id=\"toggle_7ff84673586761100\"><a aria-expanded=\"false\" aria-controls=\"7ff84673586761100\" role=\"button\" data-toggle=\"collapse\" data-parent=\"#accordion-1648-1\" data-target=\"#7ff84673586761100\" href=\"#7ff84673586761100\"><span class=\"fusion-toggle-icon-wrapper\" aria-hidden=\"true\"><i class=\"fa-fusion-box active-icon awb-icon-minus\" aria-hidden=\"true\"><\/i><i class=\"fa-fusion-box inactive-icon awb-icon-plus\" aria-hidden=\"true\"><\/i><\/span><span class=\"fusion-toggle-heading\">Upright drills and multiple drills.<\/span><\/a><\/h4><\/div><div id=\"7ff84673586761100\" class=\"panel-collapse collapse \" aria-labelledby=\"toggle_7ff84673586761100\"><div class=\"panel-body toggle-content fusion-clearfix\"><\/div><\/div><\/div><div class=\"fusion-panel panel-default panel-4775be64f3d6d3ccb fusion-toggle-has-divider\"><div class=\"panel-heading\"><h4 class=\"panel-title toggle\" id=\"toggle_4775be64f3d6d3ccb\"><a aria-expanded=\"false\" aria-controls=\"4775be64f3d6d3ccb\" role=\"button\" data-toggle=\"collapse\" data-parent=\"#accordion-1648-1\" data-target=\"#4775be64f3d6d3ccb\" href=\"#4775be64f3d6d3ccb\"><span class=\"fusion-toggle-icon-wrapper\" aria-hidden=\"true\"><i class=\"fa-fusion-box active-icon awb-icon-minus\" aria-hidden=\"true\"><\/i><i class=\"fa-fusion-box inactive-icon awb-icon-plus\" aria-hidden=\"true\"><\/i><\/span><span class=\"fusion-toggle-heading\">Horizontal press, automatic hydraulic saws.<\/span><\/a><\/h4><\/div><div id=\"4775be64f3d6d3ccb\" class=\"panel-collapse collapse \" aria-labelledby=\"toggle_4775be64f3d6d3ccb\"><div class=\"panel-body toggle-content fusion-clearfix\"><\/div><\/div><\/div><div class=\"fusion-panel panel-default panel-53ae249170037d135 fusion-toggle-has-divider\"><div class=\"panel-heading\"><h4 class=\"panel-title toggle\" id=\"toggle_53ae249170037d135\"><a aria-expanded=\"false\" aria-controls=\"53ae249170037d135\" role=\"button\" data-toggle=\"collapse\" data-parent=\"#accordion-1648-1\" data-target=\"#53ae249170037d135\" href=\"#53ae249170037d135\"><span class=\"fusion-toggle-icon-wrapper\" aria-hidden=\"true\"><i class=\"fa-fusion-box active-icon awb-icon-minus\" aria-hidden=\"true\"><\/i><i class=\"fa-fusion-box inactive-icon awb-icon-plus\" aria-hidden=\"true\"><\/i><\/span><span class=\"fusion-toggle-heading\">Threading arms, magnetic drills.<\/span><\/a><\/h4><\/div><div id=\"53ae249170037d135\" class=\"panel-collapse collapse \" aria-labelledby=\"toggle_53ae249170037d135\"><div class=\"panel-body toggle-content fusion-clearfix\"><\/div><\/div><\/div><div class=\"fusion-panel panel-default panel-3bba43f0bc1558d79 fusion-toggle-has-divider\"><div class=\"panel-heading\"><h4 class=\"panel-title toggle\" id=\"toggle_3bba43f0bc1558d79\"><a aria-expanded=\"false\" aria-controls=\"3bba43f0bc1558d79\" role=\"button\" data-toggle=\"collapse\" data-parent=\"#accordion-1648-1\" data-target=\"#3bba43f0bc1558d79\" href=\"#3bba43f0bc1558d79\"><span class=\"fusion-toggle-icon-wrapper\" aria-hidden=\"true\"><i class=\"fa-fusion-box active-icon awb-icon-minus\" aria-hidden=\"true\"><\/i><i class=\"fa-fusion-box inactive-icon awb-icon-plus\" aria-hidden=\"true\"><\/i><\/span><span class=\"fusion-toggle-heading\">Bending presses, industrial washer, polishers.<\/span><\/a><\/h4><\/div><div id=\"3bba43f0bc1558d79\" class=\"panel-collapse collapse \" aria-labelledby=\"toggle_3bba43f0bc1558d79\"><div class=\"panel-body toggle-content fusion-clearfix\"><\/div><\/div><\/div><div class=\"fusion-panel panel-default panel-b8f0bfe0f025bd517 fusion-toggle-has-divider\"><div class=\"panel-heading\"><h4 class=\"panel-title toggle\" id=\"toggle_b8f0bfe0f025bd517\"><a aria-expanded=\"false\" aria-controls=\"b8f0bfe0f025bd517\" role=\"button\" data-toggle=\"collapse\" data-parent=\"#accordion-1648-1\" data-target=\"#b8f0bfe0f025bd517\" href=\"#b8f0bfe0f025bd517\"><span class=\"fusion-toggle-icon-wrapper\" aria-hidden=\"true\"><i class=\"fa-fusion-box active-icon awb-icon-minus\" aria-hidden=\"true\"><\/i><i class=\"fa-fusion-box inactive-icon awb-icon-plus\" aria-hidden=\"true\"><\/i><\/span><span class=\"fusion-toggle-heading\">90 TN NOROS press.<\/span><\/a><\/h4><\/div><div id=\"b8f0bfe0f025bd517\" class=\"panel-collapse collapse \" aria-labelledby=\"toggle_b8f0bfe0f025bd517\"><div class=\"panel-body toggle-content fusion-clearfix\"><\/div><\/div><\/div><div class=\"fusion-panel panel-default panel-6b8a855f265e672b8 fusion-toggle-has-divider\"><div class=\"panel-heading\"><h4 class=\"panel-title toggle\" id=\"toggle_6b8a855f265e672b8\"><a aria-expanded=\"false\" aria-controls=\"6b8a855f265e672b8\" role=\"button\" data-toggle=\"collapse\" data-parent=\"#accordion-1648-1\" data-target=\"#6b8a855f265e672b8\" href=\"#6b8a855f265e672b8\"><span class=\"fusion-toggle-icon-wrapper\" aria-hidden=\"true\"><i class=\"fa-fusion-box active-icon awb-icon-minus\" aria-hidden=\"true\"><\/i><i class=\"fa-fusion-box inactive-icon awb-icon-plus\" aria-hidden=\"true\"><\/i><\/span><span class=\"fusion-toggle-heading\">Smart Balancer<\/span><\/a><\/h4><\/div><div id=\"6b8a855f265e672b8\" class=\"panel-collapse collapse \" aria-labelledby=\"toggle_6b8a855f265e672b8\"><div class=\"panel-body toggle-content fusion-clearfix\">\n<p>Portable measuring system for on-site balancing, as well as preventive maintenance diagnostics, vibration analysis, crack and leak detection, etc.<\/p>\n<\/div><\/div><\/div><div class=\"fusion-panel panel-default panel-66a0b1c74973a74c8 fusion-toggle-has-divider\"><div class=\"panel-heading\"><h4 class=\"panel-title toggle\" id=\"toggle_66a0b1c74973a74c8\"><a aria-expanded=\"false\" aria-controls=\"66a0b1c74973a74c8\" role=\"button\" data-toggle=\"collapse\" data-parent=\"#accordion-1648-1\" data-target=\"#66a0b1c74973a74c8\" href=\"#66a0b1c74973a74c8\"><span class=\"fusion-toggle-icon-wrapper\" aria-hidden=\"true\"><i class=\"fa-fusion-box active-icon awb-icon-minus\" aria-hidden=\"true\"><\/i><i class=\"fa-fusion-box inactive-icon awb-icon-plus\" aria-hidden=\"true\"><\/i><\/span><span class=\"fusion-toggle-heading\">BL CENIO MODEL 458 shaft and turbine balancing machine <\/span><\/a><\/h4><\/div><div id=\"66a0b1c74973a74c8\" class=\"panel-collapse collapse \" aria-labelledby=\"toggle_66a0b1c74973a74c8\"><div class=\"panel-body toggle-content fusion-clearfix\">\n<ul>\n<li>Length 4 metres.<\/li>\n<li>Swing diameter 1800 mm<\/li>\n<\/ul>\n<\/div><\/div><\/div><div class=\"fusion-panel panel-default panel-31733ce097ae9b7f0 fusion-toggle-has-divider\"><div class=\"panel-heading\"><h4 class=\"panel-title toggle\" id=\"toggle_31733ce097ae9b7f0\"><a aria-expanded=\"false\" aria-controls=\"31733ce097ae9b7f0\" role=\"button\" data-toggle=\"collapse\" data-parent=\"#accordion-1648-1\" data-target=\"#31733ce097ae9b7f0\" href=\"#31733ce097ae9b7f0\"><span class=\"fusion-toggle-icon-wrapper\" aria-hidden=\"true\"><i class=\"fa-fusion-box active-icon awb-icon-minus\" aria-hidden=\"true\"><\/i><i class=\"fa-fusion-box inactive-icon awb-icon-plus\" aria-hidden=\"true\"><\/i><\/span><span class=\"fusion-toggle-heading\">Vertical and horizontal boring machines<\/span><\/a><\/h4><\/div><div id=\"31733ce097ae9b7f0\" class=\"panel-collapse collapse \" aria-labelledby=\"toggle_31733ce097ae9b7f0\"><div class=\"panel-body toggle-content fusion-clearfix\">\n<p>Up to 2 metres in X axis and 1.5 metres high.<\/p>\n<\/div><\/div><\/div><\/div><\/div><div class=\"fusion-clearfix\"><\/div><\/div><\/div><\/div><\/div><\/p>\n","protected":false},"excerpt":{"rendered":"","protected":false},"author":1,"featured_media":0,"parent":1594,"menu_order":0,"comment_status":"closed","ping_status":"closed","template":"100-width.php","meta":{"_monsterinsights_skip_tracking":false,"_monsterinsights_sitenote_active":false,"_monsterinsights_sitenote_note":"","_monsterinsights_sitenote_category":0,"footnotes":""},"class_list":["post-1648","page","type-page","status-publish","hentry"],"yoast_head":"<!-- This site is optimized with the Yoast SEO plugin v25.5 - https:\/\/yoast.com\/wordpress\/plugins\/seo\/ -->\n<title>Other machinery - Faymasa - Ingenier\u00eda y mecanizados de precisi\u00f3n<\/title>\n<meta name=\"description\" content=\"We have all king of machinery: hydraulic press, hydraulic threading machin, slotting machin and much more. Faymasa offers all kind of services at industrial engineering both nationally and internationally.\" \/>\n<meta name=\"robots\" content=\"index, follow, max-snippet:-1, max-image-preview:large, max-video-preview:-1\" \/>\n<link rel=\"canonical\" href=\"https:\/\/www.faymasa.com\/en\/machinery\/other-machinery\/\" \/>\n<meta property=\"og:locale\" content=\"en_US\" \/>\n<meta property=\"og:type\" content=\"article\" \/>\n<meta property=\"og:title\" content=\"Other machinery - Faymasa - Ingenier\u00eda y mecanizados de precisi\u00f3n\" \/>\n<meta property=\"og:description\" content=\"We have all king of machinery: hydraulic press, hydraulic threading machin, slotting machin and much more. Faymasa offers all kind of services at industrial engineering both nationally and internationally.\" \/>\n<meta property=\"og:url\" content=\"https:\/\/www.faymasa.com\/en\/machinery\/other-machinery\/\" \/>\n<meta property=\"og:site_name\" content=\"Faymasa - Ingenier\u00eda y mecanizados de precisi\u00f3n\" \/>\n<meta property=\"article:publisher\" content=\"https:\/\/www.facebook.com\/faymasa\/\" \/>\n<meta property=\"article:modified_time\" content=\"2019-09-18T11:23:20+00:00\" \/>\n<meta name=\"twitter:card\" content=\"summary_large_image\" \/>\n<meta name=\"twitter:site\" content=\"@FAYMASA1\" \/>\n<meta name=\"twitter:label1\" content=\"Est. reading time\" \/>\n\t<meta name=\"twitter:data1\" content=\"5 minutes\" \/>\n<script type=\"application\/ld+json\" class=\"yoast-schema-graph\">{\"@context\":\"https:\/\/schema.org\",\"@graph\":[{\"@type\":\"WebPage\",\"@id\":\"https:\/\/www.faymasa.com\/en\/machinery\/other-machinery\/\",\"url\":\"https:\/\/www.faymasa.com\/en\/machinery\/other-machinery\/\",\"name\":\"Other machinery - Faymasa - Ingenier\u00eda y mecanizados de precisi\u00f3n\",\"isPartOf\":{\"@id\":\"https:\/\/www.faymasa.com\/en\/#website\"},\"datePublished\":\"2019-09-10T08:53:41+00:00\",\"dateModified\":\"2019-09-18T11:23:20+00:00\",\"description\":\"We have all king of machinery: hydraulic press, hydraulic threading machin, slotting machin and much more. Faymasa offers all kind of services at industrial engineering both nationally and internationally.\",\"breadcrumb\":{\"@id\":\"https:\/\/www.faymasa.com\/en\/machinery\/other-machinery\/#breadcrumb\"},\"inLanguage\":\"en-US\",\"potentialAction\":[{\"@type\":\"ReadAction\",\"target\":[\"https:\/\/www.faymasa.com\/en\/machinery\/other-machinery\/\"]}]},{\"@type\":\"BreadcrumbList\",\"@id\":\"https:\/\/www.faymasa.com\/en\/machinery\/other-machinery\/#breadcrumb\",\"itemListElement\":[{\"@type\":\"ListItem\",\"position\":1,\"name\":\"Home\",\"item\":\"https:\/\/www.faymasa.com\/en\/\"},{\"@type\":\"ListItem\",\"position\":2,\"name\":\"Machinery\",\"item\":\"https:\/\/www.faymasa.com\/en\/machinery\/\"},{\"@type\":\"ListItem\",\"position\":3,\"name\":\"Other machinery\"}]},{\"@type\":\"WebSite\",\"@id\":\"https:\/\/www.faymasa.com\/en\/#website\",\"url\":\"https:\/\/www.faymasa.com\/en\/\",\"name\":\"Faymasa - Ingenier\u00eda y mecanizados de precisi\u00f3n\",\"description\":\"Empresa ubicada en Palencia que ofrece servicios profesionales de ingenier\u00eda y mecanizados de precisi\u00f3n\",\"publisher\":{\"@id\":\"https:\/\/www.faymasa.com\/en\/#organization\"},\"potentialAction\":[{\"@type\":\"SearchAction\",\"target\":{\"@type\":\"EntryPoint\",\"urlTemplate\":\"https:\/\/www.faymasa.com\/en\/?s={search_term_string}\"},\"query-input\":{\"@type\":\"PropertyValueSpecification\",\"valueRequired\":true,\"valueName\":\"search_term_string\"}}],\"inLanguage\":\"en-US\"},{\"@type\":\"Organization\",\"@id\":\"https:\/\/www.faymasa.com\/en\/#organization\",\"name\":\"Faymasa - Ingenier\u00eda y mecanizados de precisi\u00f3n\",\"url\":\"https:\/\/www.faymasa.com\/en\/\",\"logo\":{\"@type\":\"ImageObject\",\"inLanguage\":\"en-US\",\"@id\":\"https:\/\/www.faymasa.com\/en\/#\/schema\/logo\/image\/\",\"url\":\"https:\/\/www.faymasa.com\/wp-content\/uploads\/2019\/03\/faymasa-logo-130-1.png\",\"contentUrl\":\"https:\/\/www.faymasa.com\/wp-content\/uploads\/2019\/03\/faymasa-logo-130-1.png\",\"width\":389,\"height\":130,\"caption\":\"Faymasa - Ingenier\u00eda y mecanizados de precisi\u00f3n\"},\"image\":{\"@id\":\"https:\/\/www.faymasa.com\/en\/#\/schema\/logo\/image\/\"},\"sameAs\":[\"https:\/\/www.facebook.com\/faymasa\/\",\"https:\/\/x.com\/FAYMASA1\",\"https:\/\/www.instagram.com\/faymasa_palencia\/\",\"https:\/\/www.youtube.com\/user\/FAYMASAPAL\/feed\"]}]}<\/script>\n<!-- \/ Yoast SEO plugin. -->","yoast_head_json":{"title":"Other machinery - Faymasa - Ingenier\u00eda y mecanizados de precisi\u00f3n","description":"We have all king of machinery: hydraulic press, hydraulic threading machin, slotting machin and much more. Faymasa offers all kind of services at industrial engineering both nationally and internationally.","robots":{"index":"index","follow":"follow","max-snippet":"max-snippet:-1","max-image-preview":"max-image-preview:large","max-video-preview":"max-video-preview:-1"},"canonical":"https:\/\/www.faymasa.com\/en\/machinery\/other-machinery\/","og_locale":"en_US","og_type":"article","og_title":"Other machinery - Faymasa - Ingenier\u00eda y mecanizados de precisi\u00f3n","og_description":"We have all king of machinery: hydraulic press, hydraulic threading machin, slotting machin and much more. Faymasa offers all kind of services at industrial engineering both nationally and internationally.","og_url":"https:\/\/www.faymasa.com\/en\/machinery\/other-machinery\/","og_site_name":"Faymasa - Ingenier\u00eda y mecanizados de precisi\u00f3n","article_publisher":"https:\/\/www.facebook.com\/faymasa\/","article_modified_time":"2019-09-18T11:23:20+00:00","twitter_card":"summary_large_image","twitter_site":"@FAYMASA1","twitter_misc":{"Est. reading time":"5 minutes"},"schema":{"@context":"https:\/\/schema.org","@graph":[{"@type":"WebPage","@id":"https:\/\/www.faymasa.com\/en\/machinery\/other-machinery\/","url":"https:\/\/www.faymasa.com\/en\/machinery\/other-machinery\/","name":"Other machinery - Faymasa - Ingenier\u00eda y mecanizados de precisi\u00f3n","isPartOf":{"@id":"https:\/\/www.faymasa.com\/en\/#website"},"datePublished":"2019-09-10T08:53:41+00:00","dateModified":"2019-09-18T11:23:20+00:00","description":"We have all king of machinery: hydraulic press, hydraulic threading machin, slotting machin and much more. Faymasa offers all kind of services at industrial engineering both nationally and internationally.","breadcrumb":{"@id":"https:\/\/www.faymasa.com\/en\/machinery\/other-machinery\/#breadcrumb"},"inLanguage":"en-US","potentialAction":[{"@type":"ReadAction","target":["https:\/\/www.faymasa.com\/en\/machinery\/other-machinery\/"]}]},{"@type":"BreadcrumbList","@id":"https:\/\/www.faymasa.com\/en\/machinery\/other-machinery\/#breadcrumb","itemListElement":[{"@type":"ListItem","position":1,"name":"Home","item":"https:\/\/www.faymasa.com\/en\/"},{"@type":"ListItem","position":2,"name":"Machinery","item":"https:\/\/www.faymasa.com\/en\/machinery\/"},{"@type":"ListItem","position":3,"name":"Other machinery"}]},{"@type":"WebSite","@id":"https:\/\/www.faymasa.com\/en\/#website","url":"https:\/\/www.faymasa.com\/en\/","name":"Faymasa - Ingenier\u00eda y mecanizados de precisi\u00f3n","description":"Empresa ubicada en Palencia que ofrece servicios profesionales de ingenier\u00eda y mecanizados de precisi\u00f3n","publisher":{"@id":"https:\/\/www.faymasa.com\/en\/#organization"},"potentialAction":[{"@type":"SearchAction","target":{"@type":"EntryPoint","urlTemplate":"https:\/\/www.faymasa.com\/en\/?s={search_term_string}"},"query-input":{"@type":"PropertyValueSpecification","valueRequired":true,"valueName":"search_term_string"}}],"inLanguage":"en-US"},{"@type":"Organization","@id":"https:\/\/www.faymasa.com\/en\/#organization","name":"Faymasa - Ingenier\u00eda y mecanizados de precisi\u00f3n","url":"https:\/\/www.faymasa.com\/en\/","logo":{"@type":"ImageObject","inLanguage":"en-US","@id":"https:\/\/www.faymasa.com\/en\/#\/schema\/logo\/image\/","url":"https:\/\/www.faymasa.com\/wp-content\/uploads\/2019\/03\/faymasa-logo-130-1.png","contentUrl":"https:\/\/www.faymasa.com\/wp-content\/uploads\/2019\/03\/faymasa-logo-130-1.png","width":389,"height":130,"caption":"Faymasa - Ingenier\u00eda y mecanizados de precisi\u00f3n"},"image":{"@id":"https:\/\/www.faymasa.com\/en\/#\/schema\/logo\/image\/"},"sameAs":["https:\/\/www.facebook.com\/faymasa\/","https:\/\/x.com\/FAYMASA1","https:\/\/www.instagram.com\/faymasa_palencia\/","https:\/\/www.youtube.com\/user\/FAYMASAPAL\/feed"]}]}},"_links":{"self":[{"href":"https:\/\/www.faymasa.com\/en\/wp-json\/wp\/v2\/pages\/1648","targetHints":{"allow":["GET"]}}],"collection":[{"href":"https:\/\/www.faymasa.com\/en\/wp-json\/wp\/v2\/pages"}],"about":[{"href":"https:\/\/www.faymasa.com\/en\/wp-json\/wp\/v2\/types\/page"}],"author":[{"embeddable":true,"href":"https:\/\/www.faymasa.com\/en\/wp-json\/wp\/v2\/users\/1"}],"replies":[{"embeddable":true,"href":"https:\/\/www.faymasa.com\/en\/wp-json\/wp\/v2\/comments?post=1648"}],"version-history":[{"count":12,"href":"https:\/\/www.faymasa.com\/en\/wp-json\/wp\/v2\/pages\/1648\/revisions"}],"predecessor-version":[{"id":2270,"href":"https:\/\/www.faymasa.com\/en\/wp-json\/wp\/v2\/pages\/1648\/revisions\/2270"}],"up":[{"embeddable":true,"href":"https:\/\/www.faymasa.com\/en\/wp-json\/wp\/v2\/pages\/1594"}],"wp:attachment":[{"href":"https:\/\/www.faymasa.com\/en\/wp-json\/wp\/v2\/media?parent=1648"}],"curies":[{"name":"wp","href":"https:\/\/api.w.org\/{rel}","templated":true}]}}