{"id":1642,"date":"2019-09-10T10:44:51","date_gmt":"2019-09-10T08:44:51","guid":{"rendered":"https:\/\/www.faymasa.com\/machinery\/grinding\/"},"modified":"2019-09-18T13:23:19","modified_gmt":"2019-09-18T11:23:19","slug":"grinding","status":"publish","type":"page","link":"https:\/\/www.faymasa.com\/en\/machinery\/grinding\/","title":{"rendered":"Grinding"},"content":{"rendered":"<p><div class=\"fusion-fullwidth fullwidth-box fusion-builder-row-1 nonhundred-percent-fullwidth non-hundred-percent-height-scrolling\" style=\"--awb-border-radius-top-left:0px;--awb-border-radius-top-right:0px;--awb-border-radius-bottom-right:0px;--awb-border-radius-bottom-left:0px;--awb-flex-wrap:wrap;\" ><div class=\"fusion-builder-row fusion-row\"><div class=\"fusion-layout-column fusion_builder_column fusion-builder-column-0 fusion_builder_column_1_2 1_2 fusion-one-half fusion-column-first\" style=\"--awb-bg-size:cover;width:50%;width:calc(50% - ( ( 4% ) * 0.5 ) );margin-right: 4%;\"><div class=\"fusion-column-wrapper fusion-flex-column-wrapper-legacy\"><div class=\"fusion-image-element in-legacy-container\" style=\"--awb-caption-title-font-family:var(--h2_typography-font-family);--awb-caption-title-font-weight:var(--h2_typography-font-weight);--awb-caption-title-font-style:var(--h2_typography-font-style);--awb-caption-title-size:var(--h2_typography-font-size);--awb-caption-title-transform:var(--h2_typography-text-transform);--awb-caption-title-line-height:var(--h2_typography-line-height);--awb-caption-title-letter-spacing:var(--h2_typography-letter-spacing);\"><span class=\" fusion-imageframe imageframe-none imageframe-1 hover-type-none\"><a href=\"https:\/\/www.faymasa.com\/wp-content\/uploads\/2019\/03\/RECTIFICADORA-TANGENCIAL-KENT-KGS-510.jpg\" class=\"fusion-lightbox\" data-rel=\"iLightbox[7596b8de6e8b6b7167c]\" data-title=\"RECTIFICADORA TANGENCIAL KENT KGS -510\" title=\"RECTIFICADORA TANGENCIAL KENT KGS -510\"><img decoding=\"async\" width=\"800\" height=\"600\" alt=\"RECTIFICADORA TANGENCIAL KENT KGS -510\" src=\"https:\/\/www.faymasa.com\/wp-content\/uploads\/2019\/03\/RECTIFICADORA-TANGENCIAL-KENT-KGS-510.jpg\" class=\"img-responsive wp-image-1146\" srcset=\"https:\/\/www.faymasa.com\/wp-content\/uploads\/2019\/03\/RECTIFICADORA-TANGENCIAL-KENT-KGS-510-200x150.jpg 200w, https:\/\/www.faymasa.com\/wp-content\/uploads\/2019\/03\/RECTIFICADORA-TANGENCIAL-KENT-KGS-510-400x300.jpg 400w, https:\/\/www.faymasa.com\/wp-content\/uploads\/2019\/03\/RECTIFICADORA-TANGENCIAL-KENT-KGS-510-600x450.jpg 600w, https:\/\/www.faymasa.com\/wp-content\/uploads\/2019\/03\/RECTIFICADORA-TANGENCIAL-KENT-KGS-510.jpg 800w\" sizes=\"(max-width: 1025px) 100vw, 600px\" \/><\/a><\/span><\/div><div class=\"fusion-clearfix\"><\/div><\/div><\/div><div class=\"fusion-layout-column fusion_builder_column fusion-builder-column-1 fusion_builder_column_1_2 1_2 fusion-one-half fusion-column-last\" style=\"--awb-bg-size:cover;width:50%;width:calc(50% - ( ( 4% ) * 0.5 ) );\"><div class=\"fusion-column-wrapper fusion-flex-column-wrapper-legacy\"><div class=\"fusion-text fusion-text-1\"><h3><span style=\"color: #11235b; font-size: 24px;\"><strong>KENT KGS-510 TANGENTIAL GRINDER<\/strong><\/span><\/h3>\n<\/div><div class=\"fusion-sep-clear\"><\/div><div class=\"fusion-separator fusion-full-width-sep\" style=\"margin-left: auto;margin-right: auto;margin-top:0px;margin-bottom:10px;width:100%;\"><div class=\"fusion-separator-border sep-single sep-solid\" style=\"--awb-height:20px;--awb-amount:20px;--awb-sep-color:#11235b;border-color:#11235b;border-top-width:1px;\"><\/div><\/div><div class=\"fusion-sep-clear\"><\/div><div class=\"fusion-text fusion-text-2\"><ul>\n<li>Table 1000 x 500 mm.<\/li>\n<\/ul>\n<\/div><div class=\"fusion-clearfix\"><\/div><\/div><\/div><div class=\"fusion-layout-column fusion_builder_column fusion-builder-column-2 fusion_builder_column_1_1 1_1 fusion-one-full fusion-column-first fusion-column-last\" style=\"--awb-bg-size:cover;\"><div class=\"fusion-column-wrapper fusion-flex-column-wrapper-legacy\"><div class=\"fusion-sep-clear\"><\/div><div class=\"fusion-separator fusion-full-width-sep\" style=\"margin-left: auto;margin-right: auto;margin-top:10px;margin-bottom:10px;width:100%;\"><div class=\"fusion-separator-border sep-single sep-solid\" style=\"--awb-height:20px;--awb-amount:20px;--awb-sep-color:#e8e8e8;border-color:#e8e8e8;border-top-width:1px;\"><\/div><\/div><div class=\"fusion-sep-clear\"><\/div><div class=\"fusion-clearfix\"><\/div><\/div><\/div><\/div><\/div><div class=\"fusion-fullwidth fullwidth-box fusion-builder-row-2 nonhundred-percent-fullwidth non-hundred-percent-height-scrolling\" style=\"--awb-border-radius-top-left:0px;--awb-border-radius-top-right:0px;--awb-border-radius-bottom-right:0px;--awb-border-radius-bottom-left:0px;--awb-flex-wrap:wrap;\" ><div class=\"fusion-builder-row fusion-row\"><div class=\"fusion-layout-column fusion_builder_column fusion-builder-column-3 fusion_builder_column_1_1 1_1 fusion-one-full fusion-column-first fusion-column-last\" style=\"--awb-bg-size:cover;\"><div class=\"fusion-column-wrapper fusion-flex-column-wrapper-legacy\"><div class=\"fusion-text fusion-text-3\"><h3><span style=\"color: #11235b; font-size: 24px;\"><strong>OTHER MACHINES<\/strong><\/span><\/h3>\n<\/div><div class=\"accordian fusion-accordian\" style=\"--awb-border-size:1px;--awb-icon-size:13px;--awb-content-font-size:1em;--awb-icon-alignment:left;--awb-hover-color:#f9f9f9;--awb-border-color:#cccccc;--awb-background-color:#ffffff;--awb-divider-color:#e0dede;--awb-divider-hover-color:#e0dede;--awb-icon-color:#ffffff;--awb-title-color:#333333;--awb-content-color:#595959;--awb-icon-box-color:#333333;--awb-toggle-hover-accent-color:#11235b;--awb-title-font-family:&quot;Bai Jamjuree&quot;;--awb-title-font-weight:700;--awb-title-font-style:normal;--awb-content-font-family:&quot;Bai Jamjuree&quot;;--awb-content-font-style:normal;--awb-content-font-weight:400;\"><div class=\"panel-group fusion-toggle-icon-boxed\" id=\"accordion-1642-1\"><div class=\"fusion-panel panel-default panel-92e32e385dd49c356 fusion-toggle-has-divider\"><div class=\"panel-heading\"><h4 class=\"panel-title toggle\" id=\"toggle_92e32e385dd49c356\"><a aria-expanded=\"false\" aria-controls=\"92e32e385dd49c356\" role=\"button\" data-toggle=\"collapse\" data-parent=\"#accordion-1642-1\" data-target=\"#92e32e385dd49c356\" href=\"#92e32e385dd49c356\"><span class=\"fusion-toggle-icon-wrapper\" aria-hidden=\"true\"><i class=\"fa-fusion-box active-icon awb-icon-minus\" aria-hidden=\"true\"><\/i><i class=\"fa-fusion-box inactive-icon awb-icon-plus\" aria-hidden=\"true\"><\/i><\/span><span class=\"fusion-toggle-heading\">GER RHC 1000 Universal indoor and outdoor cylindrical grinder<\/span><\/a><\/h4><\/div><div id=\"92e32e385dd49c356\" class=\"panel-collapse collapse \" aria-labelledby=\"toggle_92e32e385dd49c356\"><div class=\"panel-body toggle-content fusion-clearfix\">\n<ul>\n<li>Length: 1000 mm.<\/li>\n<li>Diameter: 300 mm.<\/li>\n<\/ul>\n<\/div><\/div><\/div><div class=\"fusion-panel panel-default panel-6070da9347c81bc34 fusion-toggle-has-divider\"><div class=\"panel-heading\"><h4 class=\"panel-title toggle\" id=\"toggle_6070da9347c81bc34\"><a aria-expanded=\"false\" aria-controls=\"6070da9347c81bc34\" role=\"button\" data-toggle=\"collapse\" data-parent=\"#accordion-1642-1\" data-target=\"#6070da9347c81bc34\" href=\"#6070da9347c81bc34\"><span class=\"fusion-toggle-icon-wrapper\" aria-hidden=\"true\"><i class=\"fa-fusion-box active-icon awb-icon-minus\" aria-hidden=\"true\"><\/i><i class=\"fa-fusion-box inactive-icon awb-icon-plus\" aria-hidden=\"true\"><\/i><\/span><span class=\"fusion-toggle-heading\">GER RS 500 tangential grinder<\/span><\/a><\/h4><\/div><div id=\"6070da9347c81bc34\" class=\"panel-collapse collapse \" aria-labelledby=\"toggle_6070da9347c81bc34\"><div class=\"panel-body toggle-content fusion-clearfix\">\n<ul>\n<li>Table 500 x 200 mm.<\/li>\n<\/ul>\n<\/div><\/div><\/div><div class=\"fusion-panel panel-default panel-6709cee49ec940970 fusion-toggle-has-divider\"><div class=\"panel-heading\"><h4 class=\"panel-title toggle\" id=\"toggle_6709cee49ec940970\"><a aria-expanded=\"false\" aria-controls=\"6709cee49ec940970\" role=\"button\" data-toggle=\"collapse\" data-parent=\"#accordion-1642-1\" data-target=\"#6709cee49ec940970\" href=\"#6709cee49ec940970\"><span class=\"fusion-toggle-icon-wrapper\" aria-hidden=\"true\"><i class=\"fa-fusion-box active-icon awb-icon-minus\" aria-hidden=\"true\"><\/i><i class=\"fa-fusion-box inactive-icon awb-icon-plus\" aria-hidden=\"true\"><\/i><\/span><span class=\"fusion-toggle-heading\">SUNNEN 1800 GRINDER-BURNISHER<\/span><\/a><\/h4><\/div><div id=\"6709cee49ec940970\" class=\"panel-collapse collapse \" aria-labelledby=\"toggle_6709cee49ec940970\"><div class=\"panel-body toggle-content fusion-clearfix\"><\/div><\/div><\/div><div class=\"fusion-panel panel-default panel-89588d1ea6398721d fusion-toggle-has-divider\"><div class=\"panel-heading\"><h4 class=\"panel-title toggle\" id=\"toggle_89588d1ea6398721d\"><a aria-expanded=\"false\" aria-controls=\"89588d1ea6398721d\" role=\"button\" data-toggle=\"collapse\" data-parent=\"#accordion-1642-1\" data-target=\"#89588d1ea6398721d\" href=\"#89588d1ea6398721d\"><span class=\"fusion-toggle-icon-wrapper\" aria-hidden=\"true\"><i class=\"fa-fusion-box active-icon awb-icon-minus\" aria-hidden=\"true\"><\/i><i class=\"fa-fusion-box inactive-icon awb-icon-plus\" aria-hidden=\"true\"><\/i><\/span><span class=\"fusion-toggle-heading\">AMC K-2000-U SHAFT GRINDER<\/span><\/a><\/h4><\/div><div id=\"89588d1ea6398721d\" class=\"panel-collapse collapse \" aria-labelledby=\"toggle_89588d1ea6398721d\"><div class=\"panel-body toggle-content fusion-clearfix\">\n<ul>\n<li>Swing \u00d8 690 mm.<\/li>\n<li>Grinding length: 2000 mm.<\/li>\n<\/ul>\n<\/div><\/div><\/div><div class=\"fusion-panel panel-default panel-d91450e3af6470c75 fusion-toggle-has-divider\"><div class=\"panel-heading\"><h4 class=\"panel-title toggle\" id=\"toggle_d91450e3af6470c75\"><a aria-expanded=\"false\" aria-controls=\"d91450e3af6470c75\" role=\"button\" data-toggle=\"collapse\" data-parent=\"#accordion-1642-1\" data-target=\"#d91450e3af6470c75\" href=\"#d91450e3af6470c75\"><span class=\"fusion-toggle-icon-wrapper\" aria-hidden=\"true\"><i class=\"fa-fusion-box active-icon awb-icon-minus\" aria-hidden=\"true\"><\/i><i class=\"fa-fusion-box inactive-icon awb-icon-plus\" aria-hidden=\"true\"><\/i><\/span><span class=\"fusion-toggle-heading\">ROBBI REX 1200 Shaft grinder<\/span><\/a><\/h4><\/div><div id=\"d91450e3af6470c75\" class=\"panel-collapse collapse \" aria-labelledby=\"toggle_d91450e3af6470c75\"><div class=\"panel-body toggle-content fusion-clearfix\">\n<ul>\n<li>Swing \u00d8 400 mm.<\/li>\n<li>Grinding length: 1200 mm.<\/li>\n<\/ul>\n<\/div><\/div><\/div><div class=\"fusion-panel panel-default panel-f1a186dcfe2c9e536 fusion-toggle-has-divider\"><div class=\"panel-heading\"><h4 class=\"panel-title toggle\" id=\"toggle_f1a186dcfe2c9e536\"><a aria-expanded=\"false\" aria-controls=\"f1a186dcfe2c9e536\" role=\"button\" data-toggle=\"collapse\" data-parent=\"#accordion-1642-1\" data-target=\"#f1a186dcfe2c9e536\" href=\"#f1a186dcfe2c9e536\"><span class=\"fusion-toggle-icon-wrapper\" aria-hidden=\"true\"><i class=\"fa-fusion-box active-icon awb-icon-minus\" aria-hidden=\"true\"><\/i><i class=\"fa-fusion-box inactive-icon awb-icon-plus\" aria-hidden=\"true\"><\/i><\/span><span class=\"fusion-toggle-heading\">SUNEN interior burnishing and lapping machines<\/span><\/a><\/h4><\/div><div id=\"f1a186dcfe2c9e536\" class=\"panel-collapse collapse \" aria-labelledby=\"toggle_f1a186dcfe2c9e536\"><div class=\"panel-body toggle-content fusion-clearfix\">\n<ul>\n<li>From \u00d820 to \u00d8180 by 1200 mm transverse ratio.<\/li>\n<\/ul>\n<\/div><\/div><\/div><div class=\"fusion-panel panel-default panel-32920535886420c24 fusion-toggle-has-divider\"><div class=\"panel-heading\"><h4 class=\"panel-title toggle\" id=\"toggle_32920535886420c24\"><a aria-expanded=\"false\" aria-controls=\"32920535886420c24\" role=\"button\" data-toggle=\"collapse\" data-parent=\"#accordion-1642-1\" data-target=\"#32920535886420c24\" href=\"#32920535886420c24\"><span class=\"fusion-toggle-icon-wrapper\" aria-hidden=\"true\"><i class=\"fa-fusion-box active-icon awb-icon-minus\" aria-hidden=\"true\"><\/i><i class=\"fa-fusion-box inactive-icon awb-icon-plus\" aria-hidden=\"true\"><\/i><\/span><span class=\"fusion-toggle-heading\">K-nut machine tool sharpener. <\/span><\/a><\/h4><\/div><div id=\"32920535886420c24\" class=\"panel-collapse collapse \" aria-labelledby=\"toggle_32920535886420c24\"><div class=\"panel-body toggle-content fusion-clearfix\"><\/div><\/div><\/div><\/div><\/div><div class=\"fusion-clearfix\"><\/div><\/div><\/div><\/div><\/div><\/p>\n","protected":false},"excerpt":{"rendered":"","protected":false},"author":1,"featured_media":0,"parent":1594,"menu_order":0,"comment_status":"closed","ping_status":"closed","template":"100-width.php","meta":{"_monsterinsights_skip_tracking":false,"_monsterinsights_sitenote_active":false,"_monsterinsights_sitenote_note":"","_monsterinsights_sitenote_category":0,"footnotes":""},"class_list":["post-1642","page","type-page","status-publish","hentry"],"yoast_head":"<!-- This site is optimized with the Yoast SEO plugin v25.5 - https:\/\/yoast.com\/wordpress\/plugins\/seo\/ -->\n<title>Grinding - Faymasa - Ingenier\u00eda y mecanizados de precisi\u00f3n<\/title>\n<meta name=\"description\" content=\"We have specialized high quality grinding means. Faymasa offers high quality grinding services at industrial engineering both nationally and internationally.\" \/>\n<meta name=\"robots\" content=\"index, follow, max-snippet:-1, max-image-preview:large, max-video-preview:-1\" \/>\n<link rel=\"canonical\" href=\"https:\/\/www.faymasa.com\/en\/machinery\/grinding\/\" \/>\n<meta property=\"og:locale\" content=\"en_US\" \/>\n<meta property=\"og:type\" content=\"article\" \/>\n<meta property=\"og:title\" content=\"Grinding - Faymasa - Ingenier\u00eda y mecanizados de precisi\u00f3n\" \/>\n<meta property=\"og:description\" content=\"We have specialized high quality grinding means. Faymasa offers high quality grinding services at industrial engineering both nationally and internationally.\" \/>\n<meta property=\"og:url\" content=\"https:\/\/www.faymasa.com\/en\/machinery\/grinding\/\" \/>\n<meta property=\"og:site_name\" content=\"Faymasa - Ingenier\u00eda y mecanizados de precisi\u00f3n\" \/>\n<meta property=\"article:publisher\" content=\"https:\/\/www.facebook.com\/faymasa\/\" \/>\n<meta property=\"article:modified_time\" content=\"2019-09-18T11:23:19+00:00\" \/>\n<meta name=\"twitter:card\" content=\"summary_large_image\" \/>\n<meta name=\"twitter:site\" content=\"@FAYMASA1\" \/>\n<meta name=\"twitter:label1\" content=\"Est. reading time\" \/>\n\t<meta name=\"twitter:data1\" content=\"4 minutes\" \/>\n<script type=\"application\/ld+json\" class=\"yoast-schema-graph\">{\"@context\":\"https:\/\/schema.org\",\"@graph\":[{\"@type\":\"WebPage\",\"@id\":\"https:\/\/www.faymasa.com\/en\/machinery\/grinding\/\",\"url\":\"https:\/\/www.faymasa.com\/en\/machinery\/grinding\/\",\"name\":\"Grinding - Faymasa - Ingenier\u00eda y mecanizados de precisi\u00f3n\",\"isPartOf\":{\"@id\":\"https:\/\/www.faymasa.com\/en\/#website\"},\"datePublished\":\"2019-09-10T08:44:51+00:00\",\"dateModified\":\"2019-09-18T11:23:19+00:00\",\"description\":\"We have specialized high quality grinding means. Faymasa offers high quality grinding services at industrial engineering both nationally and internationally.\",\"breadcrumb\":{\"@id\":\"https:\/\/www.faymasa.com\/en\/machinery\/grinding\/#breadcrumb\"},\"inLanguage\":\"en-US\",\"potentialAction\":[{\"@type\":\"ReadAction\",\"target\":[\"https:\/\/www.faymasa.com\/en\/machinery\/grinding\/\"]}]},{\"@type\":\"BreadcrumbList\",\"@id\":\"https:\/\/www.faymasa.com\/en\/machinery\/grinding\/#breadcrumb\",\"itemListElement\":[{\"@type\":\"ListItem\",\"position\":1,\"name\":\"Home\",\"item\":\"https:\/\/www.faymasa.com\/en\/\"},{\"@type\":\"ListItem\",\"position\":2,\"name\":\"Machinery\",\"item\":\"https:\/\/www.faymasa.com\/en\/machinery\/\"},{\"@type\":\"ListItem\",\"position\":3,\"name\":\"Grinding\"}]},{\"@type\":\"WebSite\",\"@id\":\"https:\/\/www.faymasa.com\/en\/#website\",\"url\":\"https:\/\/www.faymasa.com\/en\/\",\"name\":\"Faymasa - Ingenier\u00eda y mecanizados de precisi\u00f3n\",\"description\":\"Empresa ubicada en Palencia que ofrece servicios profesionales de ingenier\u00eda y mecanizados de precisi\u00f3n\",\"publisher\":{\"@id\":\"https:\/\/www.faymasa.com\/en\/#organization\"},\"potentialAction\":[{\"@type\":\"SearchAction\",\"target\":{\"@type\":\"EntryPoint\",\"urlTemplate\":\"https:\/\/www.faymasa.com\/en\/?s={search_term_string}\"},\"query-input\":{\"@type\":\"PropertyValueSpecification\",\"valueRequired\":true,\"valueName\":\"search_term_string\"}}],\"inLanguage\":\"en-US\"},{\"@type\":\"Organization\",\"@id\":\"https:\/\/www.faymasa.com\/en\/#organization\",\"name\":\"Faymasa - Ingenier\u00eda y mecanizados de precisi\u00f3n\",\"url\":\"https:\/\/www.faymasa.com\/en\/\",\"logo\":{\"@type\":\"ImageObject\",\"inLanguage\":\"en-US\",\"@id\":\"https:\/\/www.faymasa.com\/en\/#\/schema\/logo\/image\/\",\"url\":\"https:\/\/www.faymasa.com\/wp-content\/uploads\/2019\/03\/faymasa-logo-130-1.png\",\"contentUrl\":\"https:\/\/www.faymasa.com\/wp-content\/uploads\/2019\/03\/faymasa-logo-130-1.png\",\"width\":389,\"height\":130,\"caption\":\"Faymasa - Ingenier\u00eda y mecanizados de precisi\u00f3n\"},\"image\":{\"@id\":\"https:\/\/www.faymasa.com\/en\/#\/schema\/logo\/image\/\"},\"sameAs\":[\"https:\/\/www.facebook.com\/faymasa\/\",\"https:\/\/x.com\/FAYMASA1\",\"https:\/\/www.instagram.com\/faymasa_palencia\/\",\"https:\/\/www.youtube.com\/user\/FAYMASAPAL\/feed\"]}]}<\/script>\n<!-- \/ Yoast SEO plugin. -->","yoast_head_json":{"title":"Grinding - Faymasa - Ingenier\u00eda y mecanizados de precisi\u00f3n","description":"We have specialized high quality grinding means. Faymasa offers high quality grinding services at industrial engineering both nationally and internationally.","robots":{"index":"index","follow":"follow","max-snippet":"max-snippet:-1","max-image-preview":"max-image-preview:large","max-video-preview":"max-video-preview:-1"},"canonical":"https:\/\/www.faymasa.com\/en\/machinery\/grinding\/","og_locale":"en_US","og_type":"article","og_title":"Grinding - Faymasa - Ingenier\u00eda y mecanizados de precisi\u00f3n","og_description":"We have specialized high quality grinding means. Faymasa offers high quality grinding services at industrial engineering both nationally and internationally.","og_url":"https:\/\/www.faymasa.com\/en\/machinery\/grinding\/","og_site_name":"Faymasa - Ingenier\u00eda y mecanizados de precisi\u00f3n","article_publisher":"https:\/\/www.facebook.com\/faymasa\/","article_modified_time":"2019-09-18T11:23:19+00:00","twitter_card":"summary_large_image","twitter_site":"@FAYMASA1","twitter_misc":{"Est. reading time":"4 minutes"},"schema":{"@context":"https:\/\/schema.org","@graph":[{"@type":"WebPage","@id":"https:\/\/www.faymasa.com\/en\/machinery\/grinding\/","url":"https:\/\/www.faymasa.com\/en\/machinery\/grinding\/","name":"Grinding - Faymasa - Ingenier\u00eda y mecanizados de precisi\u00f3n","isPartOf":{"@id":"https:\/\/www.faymasa.com\/en\/#website"},"datePublished":"2019-09-10T08:44:51+00:00","dateModified":"2019-09-18T11:23:19+00:00","description":"We have specialized high quality grinding means. Faymasa offers high quality grinding services at industrial engineering both nationally and internationally.","breadcrumb":{"@id":"https:\/\/www.faymasa.com\/en\/machinery\/grinding\/#breadcrumb"},"inLanguage":"en-US","potentialAction":[{"@type":"ReadAction","target":["https:\/\/www.faymasa.com\/en\/machinery\/grinding\/"]}]},{"@type":"BreadcrumbList","@id":"https:\/\/www.faymasa.com\/en\/machinery\/grinding\/#breadcrumb","itemListElement":[{"@type":"ListItem","position":1,"name":"Home","item":"https:\/\/www.faymasa.com\/en\/"},{"@type":"ListItem","position":2,"name":"Machinery","item":"https:\/\/www.faymasa.com\/en\/machinery\/"},{"@type":"ListItem","position":3,"name":"Grinding"}]},{"@type":"WebSite","@id":"https:\/\/www.faymasa.com\/en\/#website","url":"https:\/\/www.faymasa.com\/en\/","name":"Faymasa - Ingenier\u00eda y mecanizados de precisi\u00f3n","description":"Empresa ubicada en Palencia que ofrece servicios profesionales de ingenier\u00eda y mecanizados de precisi\u00f3n","publisher":{"@id":"https:\/\/www.faymasa.com\/en\/#organization"},"potentialAction":[{"@type":"SearchAction","target":{"@type":"EntryPoint","urlTemplate":"https:\/\/www.faymasa.com\/en\/?s={search_term_string}"},"query-input":{"@type":"PropertyValueSpecification","valueRequired":true,"valueName":"search_term_string"}}],"inLanguage":"en-US"},{"@type":"Organization","@id":"https:\/\/www.faymasa.com\/en\/#organization","name":"Faymasa - Ingenier\u00eda y mecanizados de precisi\u00f3n","url":"https:\/\/www.faymasa.com\/en\/","logo":{"@type":"ImageObject","inLanguage":"en-US","@id":"https:\/\/www.faymasa.com\/en\/#\/schema\/logo\/image\/","url":"https:\/\/www.faymasa.com\/wp-content\/uploads\/2019\/03\/faymasa-logo-130-1.png","contentUrl":"https:\/\/www.faymasa.com\/wp-content\/uploads\/2019\/03\/faymasa-logo-130-1.png","width":389,"height":130,"caption":"Faymasa - Ingenier\u00eda y mecanizados de precisi\u00f3n"},"image":{"@id":"https:\/\/www.faymasa.com\/en\/#\/schema\/logo\/image\/"},"sameAs":["https:\/\/www.facebook.com\/faymasa\/","https:\/\/x.com\/FAYMASA1","https:\/\/www.instagram.com\/faymasa_palencia\/","https:\/\/www.youtube.com\/user\/FAYMASAPAL\/feed"]}]}},"_links":{"self":[{"href":"https:\/\/www.faymasa.com\/en\/wp-json\/wp\/v2\/pages\/1642","targetHints":{"allow":["GET"]}}],"collection":[{"href":"https:\/\/www.faymasa.com\/en\/wp-json\/wp\/v2\/pages"}],"about":[{"href":"https:\/\/www.faymasa.com\/en\/wp-json\/wp\/v2\/types\/page"}],"author":[{"embeddable":true,"href":"https:\/\/www.faymasa.com\/en\/wp-json\/wp\/v2\/users\/1"}],"replies":[{"embeddable":true,"href":"https:\/\/www.faymasa.com\/en\/wp-json\/wp\/v2\/comments?post=1642"}],"version-history":[{"count":12,"href":"https:\/\/www.faymasa.com\/en\/wp-json\/wp\/v2\/pages\/1642\/revisions"}],"predecessor-version":[{"id":2269,"href":"https:\/\/www.faymasa.com\/en\/wp-json\/wp\/v2\/pages\/1642\/revisions\/2269"}],"up":[{"embeddable":true,"href":"https:\/\/www.faymasa.com\/en\/wp-json\/wp\/v2\/pages\/1594"}],"wp:attachment":[{"href":"https:\/\/www.faymasa.com\/en\/wp-json\/wp\/v2\/media?parent=1642"}],"curies":[{"name":"wp","href":"https:\/\/api.w.org\/{rel}","templated":true}]}}