{"id":1636,"date":"2019-09-10T10:38:03","date_gmt":"2019-09-10T08:38:03","guid":{"rendered":"https:\/\/www.faymasa.com\/machinery\/special-machine\/"},"modified":"2019-09-18T13:23:19","modified_gmt":"2019-09-18T11:23:19","slug":"special-machine","status":"publish","type":"page","link":"https:\/\/www.faymasa.com\/en\/machinery\/special-machine\/","title":{"rendered":"Special machine"},"content":{"rendered":"<p><div class=\"fusion-fullwidth fullwidth-box fusion-builder-row-1 nonhundred-percent-fullwidth non-hundred-percent-height-scrolling\" style=\"--awb-border-radius-top-left:0px;--awb-border-radius-top-right:0px;--awb-border-radius-bottom-right:0px;--awb-border-radius-bottom-left:0px;--awb-flex-wrap:wrap;\" ><div class=\"fusion-builder-row fusion-row\"><div class=\"fusion-layout-column fusion_builder_column fusion-builder-column-0 fusion_builder_column_1_2 1_2 fusion-one-half fusion-column-first\" style=\"--awb-bg-size:cover;width:50%;width:calc(50% - ( ( 4% ) * 0.5 ) );margin-right: 4%;\"><div class=\"fusion-column-wrapper fusion-flex-column-wrapper-legacy\"><div class=\"fusion-image-element in-legacy-container\" style=\"--awb-caption-title-font-family:var(--h2_typography-font-family);--awb-caption-title-font-weight:var(--h2_typography-font-weight);--awb-caption-title-font-style:var(--h2_typography-font-style);--awb-caption-title-size:var(--h2_typography-font-size);--awb-caption-title-transform:var(--h2_typography-text-transform);--awb-caption-title-line-height:var(--h2_typography-line-height);--awb-caption-title-letter-spacing:var(--h2_typography-letter-spacing);\"><span class=\" fusion-imageframe imageframe-none imageframe-1 hover-type-none\"><a href=\"https:\/\/www.faymasa.com\/wp-content\/uploads\/2019\/03\/MAZAK-VTC-800-30-SR.jpg\" class=\"fusion-lightbox\" data-rel=\"iLightbox[68f02e3d423f7d6e040]\" data-title=\"MAZAK VTC-800 30 SR\" title=\"MAZAK VTC-800 30 SR\"><img decoding=\"async\" width=\"800\" height=\"600\" alt=\"MAZAK VTC-800 30 SR\" src=\"https:\/\/www.faymasa.com\/wp-content\/uploads\/2019\/03\/MAZAK-VTC-800-30-SR.jpg\" class=\"img-responsive wp-image-1143\" srcset=\"https:\/\/www.faymasa.com\/wp-content\/uploads\/2019\/03\/MAZAK-VTC-800-30-SR-200x150.jpg 200w, https:\/\/www.faymasa.com\/wp-content\/uploads\/2019\/03\/MAZAK-VTC-800-30-SR-400x300.jpg 400w, https:\/\/www.faymasa.com\/wp-content\/uploads\/2019\/03\/MAZAK-VTC-800-30-SR-600x450.jpg 600w, https:\/\/www.faymasa.com\/wp-content\/uploads\/2019\/03\/MAZAK-VTC-800-30-SR.jpg 800w\" sizes=\"(max-width: 1025px) 100vw, 600px\" \/><\/a><\/span><\/div><div class=\"fusion-clearfix\"><\/div><\/div><\/div><div class=\"fusion-layout-column fusion_builder_column fusion-builder-column-1 fusion_builder_column_1_2 1_2 fusion-one-half fusion-column-last\" style=\"--awb-bg-size:cover;width:50%;width:calc(50% - ( ( 4% ) * 0.5 ) );\"><div class=\"fusion-column-wrapper fusion-flex-column-wrapper-legacy\"><div class=\"fusion-text fusion-text-1\"><h3><span style=\"color: #11235b; font-size: 24px;\"><strong>MAZAK VTC-800\/30SR (X2) MACHINING CENTRES<\/strong><\/span><\/h3>\n<\/div><div class=\"fusion-sep-clear\"><\/div><div class=\"fusion-separator fusion-full-width-sep\" style=\"margin-left: auto;margin-right: auto;margin-top:0px;margin-bottom:10px;width:100%;\"><div class=\"fusion-separator-border sep-single sep-solid\" style=\"--awb-height:20px;--awb-amount:20px;--awb-sep-color:#11235b;border-color:#11235b;border-top-width:1px;\"><\/div><\/div><div class=\"fusion-sep-clear\"><\/div><div class=\"fusion-text fusion-text-2\"><ul>\n<li>Longitudinal stroke 3000 mm.<\/li>\n<li>Vertical stroke 720 mm.<\/li>\n<li>Transverse stroke 800 mm.<\/li>\n<li>B axis \u00b1110\u00b0<\/li>\n<li>C axis 360\u00b0<\/li>\n<li>30-tool magazine automatic loader<\/li>\n<li>Connection to CAD-CAM system.<\/li>\n<li>Table 3500 x 820 mm.<\/li>\n<li>Number of axes: 5.<\/li>\n<\/ul>\n<\/div><div class=\"fusion-clearfix\"><\/div><\/div><\/div><div class=\"fusion-layout-column fusion_builder_column fusion-builder-column-2 fusion_builder_column_1_1 1_1 fusion-one-full fusion-column-first fusion-column-last\" style=\"--awb-bg-size:cover;\"><div class=\"fusion-column-wrapper fusion-flex-column-wrapper-legacy\"><div class=\"fusion-sep-clear\"><\/div><div class=\"fusion-separator fusion-full-width-sep\" style=\"margin-left: auto;margin-right: auto;margin-top:10px;margin-bottom:10px;width:100%;\"><div class=\"fusion-separator-border sep-single sep-solid\" style=\"--awb-height:20px;--awb-amount:20px;--awb-sep-color:#e8e8e8;border-color:#e8e8e8;border-top-width:1px;\"><\/div><\/div><div class=\"fusion-sep-clear\"><\/div><div class=\"fusion-clearfix\"><\/div><\/div><\/div><\/div><\/div><div class=\"fusion-fullwidth fullwidth-box fusion-builder-row-2 nonhundred-percent-fullwidth non-hundred-percent-height-scrolling\" style=\"--awb-border-radius-top-left:0px;--awb-border-radius-top-right:0px;--awb-border-radius-bottom-right:0px;--awb-border-radius-bottom-left:0px;--awb-flex-wrap:wrap;\" ><div class=\"fusion-builder-row fusion-row\"><div class=\"fusion-layout-column fusion_builder_column fusion-builder-column-3 fusion_builder_column_1_2 1_2 fusion-one-half fusion-column-first\" style=\"--awb-bg-size:cover;width:50%;width:calc(50% - ( ( 4% ) * 0.5 ) );margin-right: 4%;\"><div class=\"fusion-column-wrapper fusion-flex-column-wrapper-legacy\"><div class=\"fusion-image-element in-legacy-container\" style=\"--awb-caption-title-font-family:var(--h2_typography-font-family);--awb-caption-title-font-weight:var(--h2_typography-font-weight);--awb-caption-title-font-style:var(--h2_typography-font-style);--awb-caption-title-size:var(--h2_typography-font-size);--awb-caption-title-transform:var(--h2_typography-text-transform);--awb-caption-title-line-height:var(--h2_typography-line-height);--awb-caption-title-letter-spacing:var(--h2_typography-letter-spacing);\"><span class=\" fusion-imageframe imageframe-none imageframe-2 hover-type-none\"><a href=\"https:\/\/www.faymasa.com\/wp-content\/uploads\/2019\/03\/MAZAK-VARIAXIS-J-600-5x.jpg\" class=\"fusion-lightbox\" data-rel=\"iLightbox[e76876cfab9c3f181a6]\" data-title=\"MAZAK VARIAXIS J-600-5x\" title=\"MAZAK VARIAXIS J-600-5x\"><img decoding=\"async\" width=\"800\" height=\"600\" alt=\"MAZAK VARIAXIS J-600-5x\" src=\"https:\/\/www.faymasa.com\/wp-content\/uploads\/2019\/03\/MAZAK-VARIAXIS-J-600-5x.jpg\" class=\"img-responsive wp-image-1142\" srcset=\"https:\/\/www.faymasa.com\/wp-content\/uploads\/2019\/03\/MAZAK-VARIAXIS-J-600-5x-200x150.jpg 200w, https:\/\/www.faymasa.com\/wp-content\/uploads\/2019\/03\/MAZAK-VARIAXIS-J-600-5x-400x300.jpg 400w, https:\/\/www.faymasa.com\/wp-content\/uploads\/2019\/03\/MAZAK-VARIAXIS-J-600-5x-600x450.jpg 600w, https:\/\/www.faymasa.com\/wp-content\/uploads\/2019\/03\/MAZAK-VARIAXIS-J-600-5x.jpg 800w\" sizes=\"(max-width: 1025px) 100vw, 600px\" \/><\/a><\/span><\/div><div class=\"fusion-clearfix\"><\/div><\/div><\/div><div class=\"fusion-layout-column fusion_builder_column fusion-builder-column-4 fusion_builder_column_1_2 1_2 fusion-one-half fusion-column-last\" style=\"--awb-bg-size:cover;width:50%;width:calc(50% - ( ( 4% ) * 0.5 ) );\"><div class=\"fusion-column-wrapper fusion-flex-column-wrapper-legacy\"><div class=\"fusion-text fusion-text-3\"><h3><span style=\"color: #11235b; font-size: 24px;\"><strong>MAZAK VARIAXIS J-600-5X VERTICAL MACHINING CENTRE <\/strong><\/span><\/h3>\n<\/div><div class=\"fusion-sep-clear\"><\/div><div class=\"fusion-separator fusion-full-width-sep\" style=\"margin-left: auto;margin-right: auto;margin-top:0px;margin-bottom:10px;width:100%;\"><div class=\"fusion-separator-border sep-single sep-solid\" style=\"--awb-height:20px;--awb-amount:20px;--awb-sep-color:#11235b;border-color:#11235b;border-top-width:1px;\"><\/div><\/div><div class=\"fusion-sep-clear\"><\/div><div class=\"fusion-text fusion-text-4\"><ul>\n<li>Longitudinal stroke 850 mm.<\/li>\n<li>Vertical stroke 550 mm.<\/li>\n<li>Transverse stroke 510 mm.<\/li>\n<li>30-tool magazine automatic loader<\/li>\n<li>Connection to CAD-CAM system.<\/li>\n<li>Number of axes: 5.<\/li>\n<\/ul>\n<\/div><div class=\"fusion-clearfix\"><\/div><\/div><\/div><div class=\"fusion-layout-column fusion_builder_column fusion-builder-column-5 fusion_builder_column_1_1 1_1 fusion-one-full fusion-column-first fusion-column-last\" style=\"--awb-bg-size:cover;\"><div class=\"fusion-column-wrapper fusion-flex-column-wrapper-legacy\"><div class=\"fusion-sep-clear\"><\/div><div class=\"fusion-separator fusion-full-width-sep\" style=\"margin-left: auto;margin-right: auto;margin-top:10px;margin-bottom:10px;width:100%;\"><div class=\"fusion-separator-border sep-single sep-solid\" style=\"--awb-height:20px;--awb-amount:20px;--awb-sep-color:#e8e8e8;border-color:#e8e8e8;border-top-width:1px;\"><\/div><\/div><div class=\"fusion-sep-clear\"><\/div><div class=\"fusion-clearfix\"><\/div><\/div><\/div><\/div><\/div><div class=\"fusion-fullwidth fullwidth-box fusion-builder-row-3 nonhundred-percent-fullwidth non-hundred-percent-height-scrolling\" style=\"--awb-border-radius-top-left:0px;--awb-border-radius-top-right:0px;--awb-border-radius-bottom-right:0px;--awb-border-radius-bottom-left:0px;--awb-flex-wrap:wrap;\" ><div class=\"fusion-builder-row fusion-row\"><div class=\"fusion-layout-column fusion_builder_column fusion-builder-column-6 fusion_builder_column_1_1 1_1 fusion-one-full fusion-column-first fusion-column-last\" style=\"--awb-bg-size:cover;\"><div class=\"fusion-column-wrapper fusion-flex-column-wrapper-legacy\"><div class=\"fusion-text fusion-text-5\"><h3><span style=\"color: #11235b; font-size: 24px;\"><strong>OTHER MACHINES<\/strong><\/span><\/h3>\n<\/div><div class=\"accordian fusion-accordian\" style=\"--awb-border-size:1px;--awb-icon-size:13px;--awb-content-font-size:1em;--awb-icon-alignment:left;--awb-hover-color:#f9f9f9;--awb-border-color:#cccccc;--awb-background-color:#ffffff;--awb-divider-color:#e0dede;--awb-divider-hover-color:#e0dede;--awb-icon-color:#ffffff;--awb-title-color:#333333;--awb-content-color:#595959;--awb-icon-box-color:#333333;--awb-toggle-hover-accent-color:#11235b;--awb-title-font-family:&quot;Bai Jamjuree&quot;;--awb-title-font-weight:700;--awb-title-font-style:normal;--awb-content-font-family:&quot;Bai Jamjuree&quot;;--awb-content-font-style:normal;--awb-content-font-weight:400;\"><div class=\"panel-group fusion-toggle-icon-boxed\" id=\"accordion-1636-1\"><div class=\"fusion-panel panel-default panel-ec40909d1c57b3c75 fusion-toggle-has-divider\"><div class=\"panel-heading\"><h4 class=\"panel-title toggle\" id=\"toggle_ec40909d1c57b3c75\"><a aria-expanded=\"false\" aria-controls=\"ec40909d1c57b3c75\" role=\"button\" data-toggle=\"collapse\" data-parent=\"#accordion-1636-1\" data-target=\"#ec40909d1c57b3c75\" href=\"#ec40909d1c57b3c75\"><span class=\"fusion-toggle-icon-wrapper\" aria-hidden=\"true\"><i class=\"fa-fusion-box active-icon awb-icon-minus\" aria-hidden=\"true\"><\/i><i class=\"fa-fusion-box inactive-icon awb-icon-plus\" aria-hidden=\"true\"><\/i><\/span><span class=\"fusion-toggle-heading\">MAZAK VTC 300C - II MACHINING CENTRE <\/span><\/a><\/h4><\/div><div id=\"ec40909d1c57b3c75\" class=\"panel-collapse collapse \" aria-labelledby=\"toggle_ec40909d1c57b3c75\"><div class=\"panel-body toggle-content fusion-clearfix\">\n<ul>\n<li>MAZATROL Numerical Control.<\/li>\n<li>Longitudinal stroke 1740 mm.<\/li>\n<li>Vertical stroke 660 mm.<\/li>\n<li>Transverse stroke 760 mm.<\/li>\n<li>30-tool magazine automatic loader<\/li>\n<li>Connection to CAD-CAM system.<\/li>\n<li>Table 2000 x 760 mm.<\/li>\n<\/ul>\n<\/div><\/div><\/div><div class=\"fusion-panel panel-default panel-5779abcfa312afed9 fusion-toggle-has-divider\"><div class=\"panel-heading\"><h4 class=\"panel-title toggle\" id=\"toggle_5779abcfa312afed9\"><a aria-expanded=\"false\" aria-controls=\"5779abcfa312afed9\" role=\"button\" data-toggle=\"collapse\" data-parent=\"#accordion-1636-1\" data-target=\"#5779abcfa312afed9\" href=\"#5779abcfa312afed9\"><span class=\"fusion-toggle-icon-wrapper\" aria-hidden=\"true\"><i class=\"fa-fusion-box active-icon awb-icon-minus\" aria-hidden=\"true\"><\/i><i class=\"fa-fusion-box inactive-icon awb-icon-plus\" aria-hidden=\"true\"><\/i><\/span><span class=\"fusion-toggle-heading\">MAZAK Center Smart 530C machining centre<\/span><\/a><\/h4><\/div><div id=\"5779abcfa312afed9\" class=\"panel-collapse collapse \" aria-labelledby=\"toggle_5779abcfa312afed9\"><div class=\"panel-body toggle-content fusion-clearfix\">\n<ul>\n<li>Longitudinal stroke 1050 mm.<\/li>\n<li>Vertical stroke 510 mm.<\/li>\n<li>Transverse stroke 530 mm.<\/li>\n<li>Table 1300 x 550 mm.<\/li>\n<li>30-tool magazine automatic loader<\/li>\n<li>Connection to CAD-CAM system.<\/li>\n<li>Number of axes: 3.<\/li>\n<\/ul>\n<\/div><\/div><\/div><div class=\"fusion-panel panel-default panel-b7553e3c7cc3ce586 fusion-toggle-has-divider\"><div class=\"panel-heading\"><h4 class=\"panel-title toggle\" id=\"toggle_b7553e3c7cc3ce586\"><a aria-expanded=\"false\" aria-controls=\"b7553e3c7cc3ce586\" role=\"button\" data-toggle=\"collapse\" data-parent=\"#accordion-1636-1\" data-target=\"#b7553e3c7cc3ce586\" href=\"#b7553e3c7cc3ce586\"><span class=\"fusion-toggle-icon-wrapper\" aria-hidden=\"true\"><i class=\"fa-fusion-box active-icon awb-icon-minus\" aria-hidden=\"true\"><\/i><i class=\"fa-fusion-box inactive-icon awb-icon-plus\" aria-hidden=\"true\"><\/i><\/span><span class=\"fusion-toggle-heading\">DMG CMX 1100 V machining centre<\/span><\/a><\/h4><\/div><div id=\"b7553e3c7cc3ce586\" class=\"panel-collapse collapse \" aria-labelledby=\"toggle_b7553e3c7cc3ce586\"><div class=\"panel-body toggle-content fusion-clearfix\">\n<ul>\n<li>Longitudinal stroke 1100 mm.<\/li>\n<li>Vertical stroke 510 mm.<\/li>\n<li>Transverse stroke 560 mm.<\/li>\n<li>Table 1400 x 560 mm.<\/li>\n<li>30-tool magazine automatic loader<\/li>\n<li>Connection to CAD-CAM system.<\/li>\n<li>Number of axes: 4.<\/li>\n<\/ul>\n<\/div><\/div><\/div><div class=\"fusion-panel panel-default panel-4385d034aaaeb8f73 fusion-toggle-has-divider\"><div class=\"panel-heading\"><h4 class=\"panel-title toggle\" id=\"toggle_4385d034aaaeb8f73\"><a aria-expanded=\"false\" aria-controls=\"4385d034aaaeb8f73\" role=\"button\" data-toggle=\"collapse\" data-parent=\"#accordion-1636-1\" data-target=\"#4385d034aaaeb8f73\" href=\"#4385d034aaaeb8f73\"><span class=\"fusion-toggle-icon-wrapper\" aria-hidden=\"true\"><i class=\"fa-fusion-box active-icon awb-icon-minus\" aria-hidden=\"true\"><\/i><i class=\"fa-fusion-box inactive-icon awb-icon-plus\" aria-hidden=\"true\"><\/i><\/span><span class=\"fusion-toggle-heading\">KONDIA L13 machining centre<\/span><\/a><\/h4><\/div><div id=\"4385d034aaaeb8f73\" class=\"panel-collapse collapse \" aria-labelledby=\"toggle_4385d034aaaeb8f73\"><div class=\"panel-body toggle-content fusion-clearfix\">\n<ul>\n<li>FANUC CNC Numerical Control.<\/li>\n<li>Longitudinal stroke 1300 mm.<\/li>\n<li>Vertical stroke 610 mm.<\/li>\n<li>Transverse stroke 650 mm.<\/li>\n<li>Automatic Loader: 24-tool magazine RANDOM<\/li>\n<li>Connection to CAD-CAM system.<\/li>\n<li>Table 1300 x 600 mm.<\/li>\n<li>Number of axes: 3.<\/li>\n<\/ul>\n<\/div><\/div><\/div><div class=\"fusion-panel panel-default panel-dda705951d468b12a fusion-toggle-has-divider\"><div class=\"panel-heading\"><h4 class=\"panel-title toggle\" id=\"toggle_dda705951d468b12a\"><a aria-expanded=\"false\" aria-controls=\"dda705951d468b12a\" role=\"button\" data-toggle=\"collapse\" data-parent=\"#accordion-1636-1\" data-target=\"#dda705951d468b12a\" href=\"#dda705951d468b12a\"><span class=\"fusion-toggle-icon-wrapper\" aria-hidden=\"true\"><i class=\"fa-fusion-box active-icon awb-icon-minus\" aria-hidden=\"true\"><\/i><i class=\"fa-fusion-box inactive-icon awb-icon-plus\" aria-hidden=\"true\"><\/i><\/span><span class=\"fusion-toggle-heading\">ONA AE400 electro-erosion wire <\/span><\/a><\/h4><\/div><div id=\"dda705951d468b12a\" class=\"panel-collapse collapse \" aria-labelledby=\"toggle_dda705951d468b12a\"><div class=\"panel-body toggle-content fusion-clearfix\">\n<ul>\n<li>X axis stroke: 600 mm.<\/li>\n<li>Y axis stroke: 400 mm.<\/li>\n<li>Z axis stroke: 400 mm.<\/li>\n<\/ul>\n<\/div><\/div><\/div><\/div><\/div><div class=\"fusion-clearfix\"><\/div><\/div><\/div><\/div><\/div><\/p>\n","protected":false},"excerpt":{"rendered":"","protected":false},"author":1,"featured_media":0,"parent":1594,"menu_order":0,"comment_status":"closed","ping_status":"closed","template":"100-width.php","meta":{"_monsterinsights_skip_tracking":false,"_monsterinsights_sitenote_active":false,"_monsterinsights_sitenote_note":"","_monsterinsights_sitenote_category":0,"footnotes":""},"class_list":["post-1636","page","type-page","status-publish","hentry"],"yoast_head":"<!-- This site is optimized with the Yoast SEO plugin v25.5 - https:\/\/yoast.com\/wordpress\/plugins\/seo\/ -->\n<title>Special machine - Faymasa - Ingenier\u00eda y mecanizados de precisi\u00f3n<\/title>\n<meta name=\"description\" content=\"We have specialized high quality special machinery. Faymasa offers high quality special machine services at industrial engineering both nationally and internationally.\" \/>\n<meta name=\"robots\" content=\"index, follow, max-snippet:-1, max-image-preview:large, max-video-preview:-1\" \/>\n<link rel=\"canonical\" href=\"https:\/\/www.faymasa.com\/en\/machinery\/special-machine\/\" \/>\n<meta property=\"og:locale\" content=\"en_US\" \/>\n<meta property=\"og:type\" content=\"article\" \/>\n<meta property=\"og:title\" content=\"Special machine - Faymasa - Ingenier\u00eda y mecanizados de precisi\u00f3n\" \/>\n<meta property=\"og:description\" content=\"We have specialized high quality special machinery. Faymasa offers high quality special machine services at industrial engineering both nationally and internationally.\" \/>\n<meta property=\"og:url\" content=\"https:\/\/www.faymasa.com\/en\/machinery\/special-machine\/\" \/>\n<meta property=\"og:site_name\" content=\"Faymasa - Ingenier\u00eda y mecanizados de precisi\u00f3n\" \/>\n<meta property=\"article:publisher\" content=\"https:\/\/www.facebook.com\/faymasa\/\" \/>\n<meta property=\"article:modified_time\" content=\"2019-09-18T11:23:19+00:00\" \/>\n<meta name=\"twitter:card\" content=\"summary_large_image\" \/>\n<meta name=\"twitter:site\" content=\"@FAYMASA1\" \/>\n<meta name=\"twitter:label1\" content=\"Est. reading time\" \/>\n\t<meta name=\"twitter:data1\" content=\"7 minutes\" \/>\n<script type=\"application\/ld+json\" class=\"yoast-schema-graph\">{\"@context\":\"https:\/\/schema.org\",\"@graph\":[{\"@type\":\"WebPage\",\"@id\":\"https:\/\/www.faymasa.com\/en\/machinery\/special-machine\/\",\"url\":\"https:\/\/www.faymasa.com\/en\/machinery\/special-machine\/\",\"name\":\"Special machine - Faymasa - Ingenier\u00eda y mecanizados de precisi\u00f3n\",\"isPartOf\":{\"@id\":\"https:\/\/www.faymasa.com\/en\/#website\"},\"datePublished\":\"2019-09-10T08:38:03+00:00\",\"dateModified\":\"2019-09-18T11:23:19+00:00\",\"description\":\"We have specialized high quality special machinery. Faymasa offers high quality special machine services at industrial engineering both nationally and internationally.\",\"breadcrumb\":{\"@id\":\"https:\/\/www.faymasa.com\/en\/machinery\/special-machine\/#breadcrumb\"},\"inLanguage\":\"en-US\",\"potentialAction\":[{\"@type\":\"ReadAction\",\"target\":[\"https:\/\/www.faymasa.com\/en\/machinery\/special-machine\/\"]}]},{\"@type\":\"BreadcrumbList\",\"@id\":\"https:\/\/www.faymasa.com\/en\/machinery\/special-machine\/#breadcrumb\",\"itemListElement\":[{\"@type\":\"ListItem\",\"position\":1,\"name\":\"Home\",\"item\":\"https:\/\/www.faymasa.com\/en\/\"},{\"@type\":\"ListItem\",\"position\":2,\"name\":\"Machinery\",\"item\":\"https:\/\/www.faymasa.com\/en\/machinery\/\"},{\"@type\":\"ListItem\",\"position\":3,\"name\":\"Special machine\"}]},{\"@type\":\"WebSite\",\"@id\":\"https:\/\/www.faymasa.com\/en\/#website\",\"url\":\"https:\/\/www.faymasa.com\/en\/\",\"name\":\"Faymasa - Ingenier\u00eda y mecanizados de precisi\u00f3n\",\"description\":\"Empresa ubicada en Palencia que ofrece servicios profesionales de ingenier\u00eda y mecanizados de precisi\u00f3n\",\"publisher\":{\"@id\":\"https:\/\/www.faymasa.com\/en\/#organization\"},\"potentialAction\":[{\"@type\":\"SearchAction\",\"target\":{\"@type\":\"EntryPoint\",\"urlTemplate\":\"https:\/\/www.faymasa.com\/en\/?s={search_term_string}\"},\"query-input\":{\"@type\":\"PropertyValueSpecification\",\"valueRequired\":true,\"valueName\":\"search_term_string\"}}],\"inLanguage\":\"en-US\"},{\"@type\":\"Organization\",\"@id\":\"https:\/\/www.faymasa.com\/en\/#organization\",\"name\":\"Faymasa - Ingenier\u00eda y mecanizados de precisi\u00f3n\",\"url\":\"https:\/\/www.faymasa.com\/en\/\",\"logo\":{\"@type\":\"ImageObject\",\"inLanguage\":\"en-US\",\"@id\":\"https:\/\/www.faymasa.com\/en\/#\/schema\/logo\/image\/\",\"url\":\"https:\/\/www.faymasa.com\/wp-content\/uploads\/2019\/03\/faymasa-logo-130-1.png\",\"contentUrl\":\"https:\/\/www.faymasa.com\/wp-content\/uploads\/2019\/03\/faymasa-logo-130-1.png\",\"width\":389,\"height\":130,\"caption\":\"Faymasa - Ingenier\u00eda y mecanizados de precisi\u00f3n\"},\"image\":{\"@id\":\"https:\/\/www.faymasa.com\/en\/#\/schema\/logo\/image\/\"},\"sameAs\":[\"https:\/\/www.facebook.com\/faymasa\/\",\"https:\/\/x.com\/FAYMASA1\",\"https:\/\/www.instagram.com\/faymasa_palencia\/\",\"https:\/\/www.youtube.com\/user\/FAYMASAPAL\/feed\"]}]}<\/script>\n<!-- \/ Yoast SEO plugin. -->","yoast_head_json":{"title":"Special machine - Faymasa - Ingenier\u00eda y mecanizados de precisi\u00f3n","description":"We have specialized high quality special machinery. Faymasa offers high quality special machine services at industrial engineering both nationally and internationally.","robots":{"index":"index","follow":"follow","max-snippet":"max-snippet:-1","max-image-preview":"max-image-preview:large","max-video-preview":"max-video-preview:-1"},"canonical":"https:\/\/www.faymasa.com\/en\/machinery\/special-machine\/","og_locale":"en_US","og_type":"article","og_title":"Special machine - Faymasa - Ingenier\u00eda y mecanizados de precisi\u00f3n","og_description":"We have specialized high quality special machinery. Faymasa offers high quality special machine services at industrial engineering both nationally and internationally.","og_url":"https:\/\/www.faymasa.com\/en\/machinery\/special-machine\/","og_site_name":"Faymasa - Ingenier\u00eda y mecanizados de precisi\u00f3n","article_publisher":"https:\/\/www.facebook.com\/faymasa\/","article_modified_time":"2019-09-18T11:23:19+00:00","twitter_card":"summary_large_image","twitter_site":"@FAYMASA1","twitter_misc":{"Est. reading time":"7 minutes"},"schema":{"@context":"https:\/\/schema.org","@graph":[{"@type":"WebPage","@id":"https:\/\/www.faymasa.com\/en\/machinery\/special-machine\/","url":"https:\/\/www.faymasa.com\/en\/machinery\/special-machine\/","name":"Special machine - Faymasa - Ingenier\u00eda y mecanizados de precisi\u00f3n","isPartOf":{"@id":"https:\/\/www.faymasa.com\/en\/#website"},"datePublished":"2019-09-10T08:38:03+00:00","dateModified":"2019-09-18T11:23:19+00:00","description":"We have specialized high quality special machinery. Faymasa offers high quality special machine services at industrial engineering both nationally and internationally.","breadcrumb":{"@id":"https:\/\/www.faymasa.com\/en\/machinery\/special-machine\/#breadcrumb"},"inLanguage":"en-US","potentialAction":[{"@type":"ReadAction","target":["https:\/\/www.faymasa.com\/en\/machinery\/special-machine\/"]}]},{"@type":"BreadcrumbList","@id":"https:\/\/www.faymasa.com\/en\/machinery\/special-machine\/#breadcrumb","itemListElement":[{"@type":"ListItem","position":1,"name":"Home","item":"https:\/\/www.faymasa.com\/en\/"},{"@type":"ListItem","position":2,"name":"Machinery","item":"https:\/\/www.faymasa.com\/en\/machinery\/"},{"@type":"ListItem","position":3,"name":"Special machine"}]},{"@type":"WebSite","@id":"https:\/\/www.faymasa.com\/en\/#website","url":"https:\/\/www.faymasa.com\/en\/","name":"Faymasa - Ingenier\u00eda y mecanizados de precisi\u00f3n","description":"Empresa ubicada en Palencia que ofrece servicios profesionales de ingenier\u00eda y mecanizados de precisi\u00f3n","publisher":{"@id":"https:\/\/www.faymasa.com\/en\/#organization"},"potentialAction":[{"@type":"SearchAction","target":{"@type":"EntryPoint","urlTemplate":"https:\/\/www.faymasa.com\/en\/?s={search_term_string}"},"query-input":{"@type":"PropertyValueSpecification","valueRequired":true,"valueName":"search_term_string"}}],"inLanguage":"en-US"},{"@type":"Organization","@id":"https:\/\/www.faymasa.com\/en\/#organization","name":"Faymasa - Ingenier\u00eda y mecanizados de precisi\u00f3n","url":"https:\/\/www.faymasa.com\/en\/","logo":{"@type":"ImageObject","inLanguage":"en-US","@id":"https:\/\/www.faymasa.com\/en\/#\/schema\/logo\/image\/","url":"https:\/\/www.faymasa.com\/wp-content\/uploads\/2019\/03\/faymasa-logo-130-1.png","contentUrl":"https:\/\/www.faymasa.com\/wp-content\/uploads\/2019\/03\/faymasa-logo-130-1.png","width":389,"height":130,"caption":"Faymasa - Ingenier\u00eda y mecanizados de precisi\u00f3n"},"image":{"@id":"https:\/\/www.faymasa.com\/en\/#\/schema\/logo\/image\/"},"sameAs":["https:\/\/www.facebook.com\/faymasa\/","https:\/\/x.com\/FAYMASA1","https:\/\/www.instagram.com\/faymasa_palencia\/","https:\/\/www.youtube.com\/user\/FAYMASAPAL\/feed"]}]}},"_links":{"self":[{"href":"https:\/\/www.faymasa.com\/en\/wp-json\/wp\/v2\/pages\/1636","targetHints":{"allow":["GET"]}}],"collection":[{"href":"https:\/\/www.faymasa.com\/en\/wp-json\/wp\/v2\/pages"}],"about":[{"href":"https:\/\/www.faymasa.com\/en\/wp-json\/wp\/v2\/types\/page"}],"author":[{"embeddable":true,"href":"https:\/\/www.faymasa.com\/en\/wp-json\/wp\/v2\/users\/1"}],"replies":[{"embeddable":true,"href":"https:\/\/www.faymasa.com\/en\/wp-json\/wp\/v2\/comments?post=1636"}],"version-history":[{"count":12,"href":"https:\/\/www.faymasa.com\/en\/wp-json\/wp\/v2\/pages\/1636\/revisions"}],"predecessor-version":[{"id":2268,"href":"https:\/\/www.faymasa.com\/en\/wp-json\/wp\/v2\/pages\/1636\/revisions\/2268"}],"up":[{"embeddable":true,"href":"https:\/\/www.faymasa.com\/en\/wp-json\/wp\/v2\/pages\/1594"}],"wp:attachment":[{"href":"https:\/\/www.faymasa.com\/en\/wp-json\/wp\/v2\/media?parent=1636"}],"curies":[{"name":"wp","href":"https:\/\/api.w.org\/{rel}","templated":true}]}}