{"id":1546,"date":"2019-09-10T09:33:40","date_gmt":"2019-09-10T07:33:40","guid":{"rendered":"https:\/\/www.faymasa.com\/services\/"},"modified":"2019-09-18T13:23:34","modified_gmt":"2019-09-18T11:23:34","slug":"services","status":"publish","type":"page","link":"https:\/\/www.faymasa.com\/en\/services\/","title":{"rendered":"Services"},"content":{"rendered":"<div class=\"fusion-fullwidth fullwidth-box fusion-builder-row-1 nonhundred-percent-fullwidth non-hundred-percent-height-scrolling\" style=\"--awb-border-radius-top-left:0px;--awb-border-radius-top-right:0px;--awb-border-radius-bottom-right:0px;--awb-border-radius-bottom-left:0px;--awb-flex-wrap:wrap;\" ><div class=\"fusion-builder-row fusion-row\"><div class=\"fusion-layout-column fusion_builder_column fusion-builder-column-0 fusion_builder_column_1_2 1_2 fusion-one-half fusion-column-first\" style=\"--awb-bg-size:cover;width:50%;width:calc(50% - ( ( 4% ) * 0.5 ) );margin-right: 4%;\"><div class=\"fusion-column-wrapper fusion-flex-column-wrapper-legacy\"><div class=\"fusion-image-element in-legacy-container\" style=\"--awb-caption-title-font-family:var(--h2_typography-font-family);--awb-caption-title-font-weight:var(--h2_typography-font-weight);--awb-caption-title-font-style:var(--h2_typography-font-style);--awb-caption-title-size:var(--h2_typography-font-size);--awb-caption-title-transform:var(--h2_typography-text-transform);--awb-caption-title-line-height:var(--h2_typography-line-height);--awb-caption-title-letter-spacing:var(--h2_typography-letter-spacing);\"><span class=\" fusion-imageframe imageframe-none imageframe-1 hover-type-zoomin\"><a class=\"fusion-no-lightbox\" href=\"http:\/\/www.faymasa.com\/en\/servicios\/diseno\/\" target=\"_self\" aria-label=\"Faymasa &#8211; Design\"><img decoding=\"async\" width=\"800\" height=\"400\" alt=\"Faymasa - Design\" src=\"https:\/\/www.faymasa.com\/wp-content\/uploads\/2019\/03\/indice_diseno.jpg\" class=\"img-responsive wp-image-1170\" srcset=\"https:\/\/www.faymasa.com\/wp-content\/uploads\/2019\/03\/indice_diseno-200x100.jpg 200w, https:\/\/www.faymasa.com\/wp-content\/uploads\/2019\/03\/indice_diseno-400x200.jpg 400w, https:\/\/www.faymasa.com\/wp-content\/uploads\/2019\/03\/indice_diseno-600x300.jpg 600w, https:\/\/www.faymasa.com\/wp-content\/uploads\/2019\/03\/indice_diseno.jpg 800w\" sizes=\"(max-width: 1025px) 100vw, 600px\" \/><\/a><\/span><\/div><div class=\"fusion-text fusion-text-1\"><h4 style=\"font-size: 26px; color: #11235b; margin-top: 20px; margin-bottom: 15px;\"><strong>DESIGN<\/strong><\/h4>\n<\/div><div class=\"fusion-text fusion-text-2\"><p>Our technical office is able to understand all our customers&#8217; needs, create bespoke solutions, and transform them into designs to be manufactured. Engineers and technicians can either work in accordance with customer specifications or at liberty to find a solution in the way they see fit.<\/p>\n<\/div><div class=\"fusion-align-block\"><a class=\"fusion-button button-flat button-large button-default fusion-button-default button-1 fusion-button-span-yes fusion-button-default-type\" target=\"_self\" href=\"http:\/\/www.faymasa.com\/en\/servicios\/diseno\/\"><span class=\"fusion-button-text\">KNOW MORE<\/span><\/a><\/div><div class=\"fusion-sep-clear\"><\/div><div class=\"fusion-separator fusion-full-width-sep\" style=\"margin-left: auto;margin-right: auto;margin-top:20px;width:100%;\"><div class=\"fusion-separator-border sep-single sep-solid\" style=\"--awb-height:20px;--awb-amount:20px;border-color:#e0dede;border-top-width:1px;\"><\/div><\/div><div class=\"fusion-sep-clear\"><\/div><div class=\"fusion-clearfix\"><\/div><\/div><\/div><div class=\"fusion-layout-column fusion_builder_column fusion-builder-column-1 fusion_builder_column_1_2 1_2 fusion-one-half fusion-column-last\" style=\"--awb-bg-size:cover;width:50%;width:calc(50% - ( ( 4% ) * 0.5 ) );\"><div class=\"fusion-column-wrapper fusion-flex-column-wrapper-legacy\"><div class=\"fusion-image-element in-legacy-container\" style=\"--awb-caption-title-font-family:var(--h2_typography-font-family);--awb-caption-title-font-weight:var(--h2_typography-font-weight);--awb-caption-title-font-style:var(--h2_typography-font-style);--awb-caption-title-size:var(--h2_typography-font-size);--awb-caption-title-transform:var(--h2_typography-text-transform);--awb-caption-title-line-height:var(--h2_typography-line-height);--awb-caption-title-letter-spacing:var(--h2_typography-letter-spacing);\"><span class=\" fusion-imageframe imageframe-none imageframe-2 hover-type-zoomin\"><a class=\"fusion-no-lightbox\" href=\"http:\/\/www.faymasa.com\/en\/servicios\/fabricacion\/\" target=\"_self\" aria-label=\"Faymasa &#8211; Manufacture\"><img decoding=\"async\" width=\"800\" height=\"400\" alt=\"Faymasa - Manufacture\" src=\"https:\/\/www.faymasa.com\/wp-content\/uploads\/2019\/03\/indice_fabricacion.jpg\" class=\"img-responsive wp-image-1171\" srcset=\"https:\/\/www.faymasa.com\/wp-content\/uploads\/2019\/03\/indice_fabricacion-200x100.jpg 200w, https:\/\/www.faymasa.com\/wp-content\/uploads\/2019\/03\/indice_fabricacion-400x200.jpg 400w, https:\/\/www.faymasa.com\/wp-content\/uploads\/2019\/03\/indice_fabricacion-600x300.jpg 600w, https:\/\/www.faymasa.com\/wp-content\/uploads\/2019\/03\/indice_fabricacion.jpg 800w\" sizes=\"(max-width: 1025px) 100vw, 600px\" \/><\/a><\/span><\/div><div class=\"fusion-text fusion-text-3\"><h4 style=\"font-size: 26px; color: #11235b; margin-top: 20px; margin-bottom: 15px;\"><strong>MANUFACTURE<\/strong><\/h4>\n<\/div><div class=\"fusion-text fusion-text-4\"><p>We believe that being at the cutting-edge of technology is essential in order to ensure excellence in all work manufactured. We specialise in manufacturing large batches and projects for a range of sectors.<\/p>\n<\/div><div class=\"fusion-align-block\"><a class=\"fusion-button button-flat button-large button-default fusion-button-default button-2 fusion-button-span-yes fusion-button-default-type\" target=\"_self\" href=\"http:\/\/www.faymasa.com\/en\/servicios\/fabricacion\/\"><span class=\"fusion-button-text\">KNOW MORE<\/span><\/a><\/div><div class=\"fusion-sep-clear\"><\/div><div class=\"fusion-separator fusion-full-width-sep\" style=\"margin-left: auto;margin-right: auto;margin-top:20px;width:100%;\"><div class=\"fusion-separator-border sep-single sep-solid\" style=\"--awb-height:20px;--awb-amount:20px;border-color:#e0dede;border-top-width:1px;\"><\/div><\/div><div class=\"fusion-sep-clear\"><\/div><div class=\"fusion-clearfix\"><\/div><\/div><\/div><div class=\"fusion-layout-column fusion_builder_column fusion-builder-column-2 fusion_builder_column_1_2 1_2 fusion-one-half fusion-column-first\" style=\"--awb-bg-size:cover;width:50%;width:calc(50% - ( ( 4% ) * 0.5 ) );margin-right: 4%;\"><div class=\"fusion-column-wrapper fusion-flex-column-wrapper-legacy\"><div class=\"fusion-image-element in-legacy-container\" style=\"--awb-caption-title-font-family:var(--h2_typography-font-family);--awb-caption-title-font-weight:var(--h2_typography-font-weight);--awb-caption-title-font-style:var(--h2_typography-font-style);--awb-caption-title-size:var(--h2_typography-font-size);--awb-caption-title-transform:var(--h2_typography-text-transform);--awb-caption-title-line-height:var(--h2_typography-line-height);--awb-caption-title-letter-spacing:var(--h2_typography-letter-spacing);\"><span class=\" fusion-imageframe imageframe-none imageframe-3 hover-type-zoomin\"><a class=\"fusion-no-lightbox\" href=\"http:\/\/www.faymasa.com\/en\/servicios\/metrologia-y-calidad\/\" target=\"_self\" aria-label=\"Faymasa &#8211; Metrology\"><img decoding=\"async\" width=\"800\" height=\"400\" alt=\"Faymasa - Metrology \" src=\"https:\/\/www.faymasa.com\/wp-content\/uploads\/2019\/03\/indice_metrologia.jpg\" class=\"img-responsive wp-image-1172\" srcset=\"https:\/\/www.faymasa.com\/wp-content\/uploads\/2019\/03\/indice_metrologia-200x100.jpg 200w, https:\/\/www.faymasa.com\/wp-content\/uploads\/2019\/03\/indice_metrologia-400x200.jpg 400w, https:\/\/www.faymasa.com\/wp-content\/uploads\/2019\/03\/indice_metrologia-600x300.jpg 600w, https:\/\/www.faymasa.com\/wp-content\/uploads\/2019\/03\/indice_metrologia.jpg 800w\" sizes=\"(max-width: 1025px) 100vw, 600px\" \/><\/a><\/span><\/div><div class=\"fusion-text fusion-text-5\"><h4 style=\"font-size: 26px; color: #11235b; margin-top: 20px; margin-bottom: 15px;\"><strong>METROLOGY AND QUALITY<\/strong><\/h4>\n<\/div><div class=\"fusion-text fusion-text-6\"><p>We strive to continuously improve our manufacturing processes and develop in terms of quality and reliability. We undertake to meet our customers&#8217; specifications with the quality standards required.<\/p>\n<\/div><div class=\"fusion-align-block\"><a class=\"fusion-button button-flat button-large button-default fusion-button-default button-3 fusion-button-span-yes fusion-button-default-type\" target=\"_self\" href=\"http:\/\/www.faymasa.com\/en\/servicios\/metrologia-y-calidad\/\"><span class=\"fusion-button-text\">KNOW MORE<\/span><\/a><\/div><div class=\"fusion-sep-clear\"><\/div><div class=\"fusion-separator fusion-full-width-sep\" style=\"margin-left: auto;margin-right: auto;margin-top:20px;width:100%;\"><div class=\"fusion-separator-border sep-single sep-solid\" style=\"--awb-height:20px;--awb-amount:20px;border-color:#e0dede;border-top-width:1px;\"><\/div><\/div><div class=\"fusion-sep-clear\"><\/div><div class=\"fusion-clearfix\"><\/div><\/div><\/div><div class=\"fusion-layout-column fusion_builder_column fusion-builder-column-3 fusion_builder_column_1_2 1_2 fusion-one-half fusion-column-last\" style=\"--awb-bg-size:cover;width:50%;width:calc(50% - ( ( 4% ) * 0.5 ) );\"><div class=\"fusion-column-wrapper fusion-flex-column-wrapper-legacy\"><div class=\"fusion-image-element in-legacy-container\" style=\"--awb-caption-title-font-family:var(--h2_typography-font-family);--awb-caption-title-font-weight:var(--h2_typography-font-weight);--awb-caption-title-font-style:var(--h2_typography-font-style);--awb-caption-title-size:var(--h2_typography-font-size);--awb-caption-title-transform:var(--h2_typography-text-transform);--awb-caption-title-line-height:var(--h2_typography-line-height);--awb-caption-title-letter-spacing:var(--h2_typography-letter-spacing);\"><span class=\" fusion-imageframe imageframe-none imageframe-4 hover-type-zoomin\"><a class=\"fusion-no-lightbox\" href=\"http:\/\/www.faymasa.com\/en\/servicios\/montaje\/\" target=\"_self\" aria-label=\"Faymasa &#8211; Assembly\"><img decoding=\"async\" width=\"800\" height=\"400\" alt=\"Faymasa - Assembly\" src=\"https:\/\/www.faymasa.com\/wp-content\/uploads\/2019\/03\/indice-montaje.jpg\" class=\"img-responsive wp-image-1158\" srcset=\"https:\/\/www.faymasa.com\/wp-content\/uploads\/2019\/03\/indice-montaje-200x100.jpg 200w, https:\/\/www.faymasa.com\/wp-content\/uploads\/2019\/03\/indice-montaje-400x200.jpg 400w, https:\/\/www.faymasa.com\/wp-content\/uploads\/2019\/03\/indice-montaje-600x300.jpg 600w, https:\/\/www.faymasa.com\/wp-content\/uploads\/2019\/03\/indice-montaje.jpg 800w\" sizes=\"(max-width: 1025px) 100vw, 600px\" \/><\/a><\/span><\/div><div class=\"fusion-text fusion-text-7\"><h4 style=\"font-size: 26px; color: #11235b; margin-top: 20px; margin-bottom: 15px;\"><strong>ASSEMBLY<\/strong><\/h4>\n<\/div><div class=\"fusion-text fusion-text-8\"><p>Faymasa&#8217;s team of assemblers stand out for their ability and talent, ensuring the project meets all requirements and is delivered on time. Assembly can be carried out at our facilities or at the customer&#8217;s premises.<\/p>\n<\/div><div class=\"fusion-align-block\"><a class=\"fusion-button button-flat button-large button-default fusion-button-default button-4 fusion-button-span-yes fusion-button-default-type\" target=\"_self\" href=\"http:\/\/www.faymasa.com\/en\/servicios\/montaje\/\"><span class=\"fusion-button-text\">KNOW MORE<\/span><\/a><\/div><div class=\"fusion-sep-clear\"><\/div><div class=\"fusion-separator fusion-full-width-sep\" style=\"margin-left: auto;margin-right: auto;margin-top:20px;width:100%;\"><div class=\"fusion-separator-border sep-single sep-solid\" style=\"--awb-height:20px;--awb-amount:20px;border-color:#e0dede;border-top-width:1px;\"><\/div><\/div><div class=\"fusion-sep-clear\"><\/div><div class=\"fusion-clearfix\"><\/div><\/div><\/div><\/div><\/div>\n","protected":false},"excerpt":{"rendered":"","protected":false},"author":1,"featured_media":0,"parent":0,"menu_order":0,"comment_status":"closed","ping_status":"closed","template":"","meta":{"_monsterinsights_skip_tracking":false,"_monsterinsights_sitenote_active":false,"_monsterinsights_sitenote_note":"","_monsterinsights_sitenote_category":0,"footnotes":""},"class_list":["post-1546","page","type-page","status-publish","hentry"],"yoast_head":"<!-- This site is optimized with the Yoast SEO plugin v25.5 - https:\/\/yoast.com\/wordpress\/plugins\/seo\/ -->\n<title>Services - Faymasa - Ingenier\u00eda y mecanizados de precisi\u00f3n<\/title>\n<meta name=\"description\" content=\"Faymasa offers design, manufacturing, metrology and assembly services at industrial engineering both nationally and internationally.\" \/>\n<meta name=\"robots\" content=\"index, follow, max-snippet:-1, max-image-preview:large, max-video-preview:-1\" \/>\n<link rel=\"canonical\" href=\"https:\/\/www.faymasa.com\/en\/services\/\" \/>\n<meta property=\"og:locale\" content=\"en_US\" \/>\n<meta property=\"og:type\" content=\"article\" \/>\n<meta property=\"og:title\" content=\"Services - Faymasa - Ingenier\u00eda y mecanizados de precisi\u00f3n\" \/>\n<meta property=\"og:description\" content=\"Faymasa offers design, manufacturing, metrology and assembly services at industrial engineering both nationally and internationally.\" \/>\n<meta property=\"og:url\" content=\"https:\/\/www.faymasa.com\/en\/services\/\" \/>\n<meta property=\"og:site_name\" content=\"Faymasa - Ingenier\u00eda y mecanizados de precisi\u00f3n\" \/>\n<meta property=\"article:publisher\" content=\"https:\/\/www.facebook.com\/faymasa\/\" \/>\n<meta property=\"article:modified_time\" content=\"2019-09-18T11:23:34+00:00\" \/>\n<meta name=\"twitter:card\" content=\"summary_large_image\" \/>\n<meta name=\"twitter:site\" content=\"@FAYMASA1\" \/>\n<meta name=\"twitter:label1\" content=\"Est. reading time\" \/>\n\t<meta name=\"twitter:data1\" content=\"7 minutes\" \/>\n<script type=\"application\/ld+json\" class=\"yoast-schema-graph\">{\"@context\":\"https:\/\/schema.org\",\"@graph\":[{\"@type\":\"WebPage\",\"@id\":\"https:\/\/www.faymasa.com\/en\/services\/\",\"url\":\"https:\/\/www.faymasa.com\/en\/services\/\",\"name\":\"Services - Faymasa - Ingenier\u00eda y mecanizados de precisi\u00f3n\",\"isPartOf\":{\"@id\":\"https:\/\/www.faymasa.com\/en\/#website\"},\"datePublished\":\"2019-09-10T07:33:40+00:00\",\"dateModified\":\"2019-09-18T11:23:34+00:00\",\"description\":\"Faymasa offers design, manufacturing, metrology and assembly services at industrial engineering both nationally and internationally.\",\"breadcrumb\":{\"@id\":\"https:\/\/www.faymasa.com\/en\/services\/#breadcrumb\"},\"inLanguage\":\"en-US\",\"potentialAction\":[{\"@type\":\"ReadAction\",\"target\":[\"https:\/\/www.faymasa.com\/en\/services\/\"]}]},{\"@type\":\"BreadcrumbList\",\"@id\":\"https:\/\/www.faymasa.com\/en\/services\/#breadcrumb\",\"itemListElement\":[{\"@type\":\"ListItem\",\"position\":1,\"name\":\"Home\",\"item\":\"https:\/\/www.faymasa.com\/en\/\"},{\"@type\":\"ListItem\",\"position\":2,\"name\":\"Services\"}]},{\"@type\":\"WebSite\",\"@id\":\"https:\/\/www.faymasa.com\/en\/#website\",\"url\":\"https:\/\/www.faymasa.com\/en\/\",\"name\":\"Faymasa - Ingenier\u00eda y mecanizados de precisi\u00f3n\",\"description\":\"Empresa ubicada en Palencia que ofrece servicios profesionales de ingenier\u00eda y mecanizados de precisi\u00f3n\",\"publisher\":{\"@id\":\"https:\/\/www.faymasa.com\/en\/#organization\"},\"potentialAction\":[{\"@type\":\"SearchAction\",\"target\":{\"@type\":\"EntryPoint\",\"urlTemplate\":\"https:\/\/www.faymasa.com\/en\/?s={search_term_string}\"},\"query-input\":{\"@type\":\"PropertyValueSpecification\",\"valueRequired\":true,\"valueName\":\"search_term_string\"}}],\"inLanguage\":\"en-US\"},{\"@type\":\"Organization\",\"@id\":\"https:\/\/www.faymasa.com\/en\/#organization\",\"name\":\"Faymasa - Ingenier\u00eda y mecanizados de precisi\u00f3n\",\"url\":\"https:\/\/www.faymasa.com\/en\/\",\"logo\":{\"@type\":\"ImageObject\",\"inLanguage\":\"en-US\",\"@id\":\"https:\/\/www.faymasa.com\/en\/#\/schema\/logo\/image\/\",\"url\":\"https:\/\/www.faymasa.com\/wp-content\/uploads\/2019\/03\/faymasa-logo-130-1.png\",\"contentUrl\":\"https:\/\/www.faymasa.com\/wp-content\/uploads\/2019\/03\/faymasa-logo-130-1.png\",\"width\":389,\"height\":130,\"caption\":\"Faymasa - Ingenier\u00eda y mecanizados de precisi\u00f3n\"},\"image\":{\"@id\":\"https:\/\/www.faymasa.com\/en\/#\/schema\/logo\/image\/\"},\"sameAs\":[\"https:\/\/www.facebook.com\/faymasa\/\",\"https:\/\/x.com\/FAYMASA1\",\"https:\/\/www.instagram.com\/faymasa_palencia\/\",\"https:\/\/www.youtube.com\/user\/FAYMASAPAL\/feed\"]}]}<\/script>\n<!-- \/ Yoast SEO plugin. -->","yoast_head_json":{"title":"Services - Faymasa - Ingenier\u00eda y mecanizados de precisi\u00f3n","description":"Faymasa offers design, manufacturing, metrology and assembly services at industrial engineering both nationally and internationally.","robots":{"index":"index","follow":"follow","max-snippet":"max-snippet:-1","max-image-preview":"max-image-preview:large","max-video-preview":"max-video-preview:-1"},"canonical":"https:\/\/www.faymasa.com\/en\/services\/","og_locale":"en_US","og_type":"article","og_title":"Services - Faymasa - Ingenier\u00eda y mecanizados de precisi\u00f3n","og_description":"Faymasa offers design, manufacturing, metrology and assembly services at industrial engineering both nationally and internationally.","og_url":"https:\/\/www.faymasa.com\/en\/services\/","og_site_name":"Faymasa - Ingenier\u00eda y mecanizados de precisi\u00f3n","article_publisher":"https:\/\/www.facebook.com\/faymasa\/","article_modified_time":"2019-09-18T11:23:34+00:00","twitter_card":"summary_large_image","twitter_site":"@FAYMASA1","twitter_misc":{"Est. reading time":"7 minutes"},"schema":{"@context":"https:\/\/schema.org","@graph":[{"@type":"WebPage","@id":"https:\/\/www.faymasa.com\/en\/services\/","url":"https:\/\/www.faymasa.com\/en\/services\/","name":"Services - Faymasa - Ingenier\u00eda y mecanizados de precisi\u00f3n","isPartOf":{"@id":"https:\/\/www.faymasa.com\/en\/#website"},"datePublished":"2019-09-10T07:33:40+00:00","dateModified":"2019-09-18T11:23:34+00:00","description":"Faymasa offers design, manufacturing, metrology and assembly services at industrial engineering both nationally and internationally.","breadcrumb":{"@id":"https:\/\/www.faymasa.com\/en\/services\/#breadcrumb"},"inLanguage":"en-US","potentialAction":[{"@type":"ReadAction","target":["https:\/\/www.faymasa.com\/en\/services\/"]}]},{"@type":"BreadcrumbList","@id":"https:\/\/www.faymasa.com\/en\/services\/#breadcrumb","itemListElement":[{"@type":"ListItem","position":1,"name":"Home","item":"https:\/\/www.faymasa.com\/en\/"},{"@type":"ListItem","position":2,"name":"Services"}]},{"@type":"WebSite","@id":"https:\/\/www.faymasa.com\/en\/#website","url":"https:\/\/www.faymasa.com\/en\/","name":"Faymasa - Ingenier\u00eda y mecanizados de precisi\u00f3n","description":"Empresa ubicada en Palencia que ofrece servicios profesionales de ingenier\u00eda y mecanizados de precisi\u00f3n","publisher":{"@id":"https:\/\/www.faymasa.com\/en\/#organization"},"potentialAction":[{"@type":"SearchAction","target":{"@type":"EntryPoint","urlTemplate":"https:\/\/www.faymasa.com\/en\/?s={search_term_string}"},"query-input":{"@type":"PropertyValueSpecification","valueRequired":true,"valueName":"search_term_string"}}],"inLanguage":"en-US"},{"@type":"Organization","@id":"https:\/\/www.faymasa.com\/en\/#organization","name":"Faymasa - Ingenier\u00eda y mecanizados de precisi\u00f3n","url":"https:\/\/www.faymasa.com\/en\/","logo":{"@type":"ImageObject","inLanguage":"en-US","@id":"https:\/\/www.faymasa.com\/en\/#\/schema\/logo\/image\/","url":"https:\/\/www.faymasa.com\/wp-content\/uploads\/2019\/03\/faymasa-logo-130-1.png","contentUrl":"https:\/\/www.faymasa.com\/wp-content\/uploads\/2019\/03\/faymasa-logo-130-1.png","width":389,"height":130,"caption":"Faymasa - Ingenier\u00eda y mecanizados de precisi\u00f3n"},"image":{"@id":"https:\/\/www.faymasa.com\/en\/#\/schema\/logo\/image\/"},"sameAs":["https:\/\/www.facebook.com\/faymasa\/","https:\/\/x.com\/FAYMASA1","https:\/\/www.instagram.com\/faymasa_palencia\/","https:\/\/www.youtube.com\/user\/FAYMASAPAL\/feed"]}]}},"_links":{"self":[{"href":"https:\/\/www.faymasa.com\/en\/wp-json\/wp\/v2\/pages\/1546","targetHints":{"allow":["GET"]}}],"collection":[{"href":"https:\/\/www.faymasa.com\/en\/wp-json\/wp\/v2\/pages"}],"about":[{"href":"https:\/\/www.faymasa.com\/en\/wp-json\/wp\/v2\/types\/page"}],"author":[{"embeddable":true,"href":"https:\/\/www.faymasa.com\/en\/wp-json\/wp\/v2\/users\/1"}],"replies":[{"embeddable":true,"href":"https:\/\/www.faymasa.com\/en\/wp-json\/wp\/v2\/comments?post=1546"}],"version-history":[{"count":24,"href":"https:\/\/www.faymasa.com\/en\/wp-json\/wp\/v2\/pages\/1546\/revisions"}],"predecessor-version":[{"id":2280,"href":"https:\/\/www.faymasa.com\/en\/wp-json\/wp\/v2\/pages\/1546\/revisions\/2280"}],"wp:attachment":[{"href":"https:\/\/www.faymasa.com\/en\/wp-json\/wp\/v2\/media?parent=1546"}],"curies":[{"name":"wp","href":"https:\/\/api.w.org\/{rel}","templated":true}]}}